{"id":69,"date":"2017-10-13T17:22:34","date_gmt":"2017-10-13T20:22:34","guid":{"rendered":"https:\/\/wp.ufpel.edu.br\/transporte\/?page_id=69"},"modified":"2025-02-10T14:37:08","modified_gmt":"2025-02-10T17:37:08","slug":"equipe","status":"publish","type":"page","link":"https:\/\/wp.ufpel.edu.br\/transporte\/equipe\/","title":{"rendered":"Equipe de Trabalho"},"content":{"rendered":"<h3>Motoristas Servidores UFPel<\/h3>\n<table style=\"width: 731px;height: 157px\" width=\"520\">\n<tbody>\n<tr>\n<td style=\"width: 291px;text-align: center\"><strong>Nome<\/strong><\/td>\n<td style=\"width: 152px;text-align: center\"><strong>Lota\u00e7\u00e3o<\/strong><\/td>\n<td style=\"width: 145px;text-align: center\"><strong>Fun\u00e7\u00e3o<\/strong><\/td>\n<td style=\"width: 131px;text-align: center\"><strong>Categoria CNH<\/strong><\/td>\n<\/tr>\n<tr>\n<td style=\"width: 291px\">Luis Fernando Rodrigues Ferreira<\/td>\n<td style=\"width: 152px\">Nutrans<\/td>\n<td style=\"width: 145px\">Motorista<\/td>\n<td style=\"width: 131px\">D<\/td>\n<\/tr>\n<tr>\n<td style=\"width: 291px\">Nilton Ferreira dos Reis<\/td>\n<td style=\"width: 152px\">NuTrans<\/td>\n<td style=\"width: 145px\">Motorista<\/td>\n<td style=\"width: 131px\">D<\/td>\n<\/tr>\n<\/tbody>\n<\/table>\n<h3><\/h3>\n<h3><strong>Equipe de Profissionais Terceirizados<\/strong><\/h3>\n<p>Contrato n\u00ba 35\/2022 &#8211; Empresa Sulport (Nilson Thomaz Silva Sanchotene Junior \u2013 EPP)<\/p>\n<table style=\"height: 894px;width: 731px\" width=\"606\">\n<tbody>\n<tr style=\"height: 24px\">\n<td style=\"width: 322px;height: 24px;text-align: center\"><strong>Nome<\/strong><\/td>\n<td style=\"width: 182px;height: 24px;text-align: center\"><strong>Lota\u00e7\u00e3o<\/strong><\/td>\n<td style=\"width: 88px;height: 24px;text-align: center\"><strong>Fun\u00e7\u00e3o<\/strong><\/td>\n<td style=\"width: 126px;height: 24px;text-align: center\"><strong>Categoria CNH<\/strong><\/td>\n<\/tr>\n<tr style=\"height: 24px\">\n<td style=\"width: 322px;height: 24px\">Alexandre Rodrigues Orestes<\/td>\n<td style=\"width: 182px;height: 24px\">Nutrans<\/td>\n<td style=\"width: 88px;height: 24px\">Supervisor<\/td>\n<td style=\"width: 126px;height: 24px\"><\/td>\n<\/tr>\n<tr style=\"height: 31px\">\n<td style=\"width: 322px;height: 31px\">Cl\u00e1udio Luis Paroleiro Gaut\u00e9rio<\/td>\n<td style=\"width: 182px;height: 31px\">Nutrans<\/td>\n<td style=\"width: 88px;height: 31px\">Supervisor<\/td>\n<td style=\"width: 126px;height: 31px\"><\/td>\n<\/tr>\n<tr style=\"height: 24px\">\n<td style=\"width: 322px;height: 24px\">Lizandro Aires<\/td>\n<td style=\"width: 182px;height: 24px\">Nutrans<\/td>\n<td style=\"width: 88px;height: 24px\">Mecanico<\/td>\n<td style=\"width: 126px;height: 24px\"><\/td>\n<\/tr>\n<tr style=\"height: 24px\">\n<td style=\"width: 322px;height: 24px\">Ezequias Garcia da Silva<\/td>\n<td style=\"width: 182px;height: 24px\">Amoxarifado<\/td>\n<td style=\"width: 88px;height: 24px\">Motorista<\/td>\n<td style=\"width: 126px;height: 24px\">C<\/td>\n<\/tr>\n<tr style=\"height: 24px\">\n<td style=\"width: 322px;height: 24px\">Cl\u00e1udio Giovane da Cruz de Souza<\/td>\n<td style=\"width: 182px;height: 24px\">Gabinete Reitor<\/td>\n<td style=\"width: 88px;height: 24px\">Motorista<\/td>\n<td style=\"width: 126px;height: 24px\">D<\/td>\n<\/tr>\n<tr style=\"height: 24px\">\n<td style=\"width: 322px;height: 24px\">Leandro Rodrigues da Silva<\/td>\n<td style=\"width: 182px;height: 24px\">Linha Apoio Cap\u00e3o<\/td>\n<td style=\"width: 88px;height: 24px\">Motorista<\/td>\n<td style=\"width: 126px;height: 24px\">D<\/td>\n<\/tr>\n<tr style=\"height: 24px\">\n<td style=\"width: 322px;height: 24px\">Marcelo Leivas Botelho<\/td>\n<td style=\"width: 182px;height: 24px\">Linha Apoio Cap\u00e3o<\/td>\n<td style=\"width: 88px;height: 24px\">Motorista<\/td>\n<td style=\"width: 126px;height: 24px\">D<\/td>\n<\/tr>\n<tr style=\"height: 24px\">\n<td style=\"width: 322px;height: 24px\">Cairo Borges<\/td>\n<td style=\"width: 182px;height: 24px\">Linha Apoio Cap\u00e3o<\/td>\n<td style=\"width: 88px;height: 24px\">Motorista<\/td>\n<td style=\"width: 126px;height: 24px\">D<\/td>\n<\/tr>\n<tr style=\"height: 24px\">\n<td style=\"width: 322px;height: 24px\">Rafael Vieira<\/td>\n<td style=\"width: 182px;height: 24px\">Linha Apoio Cap\u00e3o<\/td>\n<td style=\"width: 88px;height: 24px\">Motorista<\/td>\n<td style=\"width: 126px;height: 24px\">D<\/td>\n<\/tr>\n<tr style=\"height: 24px\">\n<td style=\"width: 322px;height: 24px\">Mauro Ferreira<\/td>\n<td style=\"width: 182px;height: 24px\">Linha Apoio Cap\u00e3o<\/td>\n<td style=\"width: 88px;height: 24px\">Motorista<\/td>\n<td style=\"width: 126px;height: 24px\">D<\/td>\n<\/tr>\n<tr style=\"height: 24px\">\n<td style=\"width: 322px;height: 24px\">Jos\u00e9 Ariano da Silva<\/td>\n<td style=\"width: 182px;height: 24px\">Linha Apoio Cap\u00e3o<\/td>\n<td style=\"width: 88px;height: 24px\">Motorista<\/td>\n<td style=\"width: 126px;height: 24px\">D<\/td>\n<\/tr>\n<tr style=\"height: 24px\">\n<td style=\"width: 322px;height: 24px\">Luiz Antonio da Cunha Coelho<\/td>\n<td style=\"width: 182px;height: 24px\">Linha Apoio Centro<\/td>\n<td style=\"width: 88px;height: 24px\">Motorista<\/td>\n<td style=\"width: 126px;height: 24px\">D<\/td>\n<\/tr>\n<tr style=\"height: 24px\">\n<td style=\"width: 322px;height: 24px\">Gilson Jansen Specht<\/td>\n<td style=\"width: 182px;height: 24px\">SMPel<\/td>\n<td style=\"width: 88px;height: 24px\">Motorista<\/td>\n<td style=\"width: 126px;height: 24px\">D<\/td>\n<\/tr>\n<tr style=\"height: 30px\">\n<td style=\"width: 322px;height: 30px\">Carlos E. Santiago<\/td>\n<td style=\"width: 182px;height: 30px\">SMPel<\/td>\n<td style=\"width: 88px;height: 30px\">Motorista<\/td>\n<td style=\"width: 126px;height: 30px\">C<\/td>\n<\/tr>\n<tr style=\"height: 24px\">\n<td style=\"width: 322px;height: 24px\">Leonardo Marzoque Ribeiro<\/td>\n<td style=\"width: 182px;height: 24px\">Nutrans<\/td>\n<td style=\"width: 88px;height: 24px\">Motorista<\/td>\n<td style=\"width: 126px;height: 24px\">C<\/td>\n<\/tr>\n<tr style=\"height: 24px\">\n<td style=\"width: 322px;height: 24px\">Gabriel Rosario Cardoso<\/td>\n<td style=\"width: 182px;height: 24px\">Nutrans<\/td>\n<td style=\"width: 88px;height: 24px\">Motorista<\/td>\n<td style=\"width: 126px;height: 24px\">D<\/td>\n<\/tr>\n<tr style=\"height: 24px\">\n<td style=\"width: 322px;height: 24px\">Luciano Ribeiro<\/td>\n<td style=\"width: 182px;height: 24px\">Nutrans<\/td>\n<td style=\"width: 88px;height: 24px\">Motorista<\/td>\n<td style=\"width: 126px;height: 24px\">D<\/td>\n<\/tr>\n<tr style=\"height: 24px\">\n<td style=\"width: 322px;height: 24px\">Rog\u00e9rio Ros\u00e1rio Cardoso<\/td>\n<td style=\"width: 182px;height: 24px\">Nutrans<\/td>\n<td style=\"width: 88px;height: 24px\">Motorista<\/td>\n<td style=\"width: 126px;height: 24px\">D<\/td>\n<\/tr>\n<tr style=\"height: 24px\">\n<td style=\"width: 322px;height: 24px\">Tiago Gama da Rosa<\/td>\n<td style=\"width: 182px;height: 24px\">Nutrans<\/td>\n<td style=\"width: 88px;height: 24px\">Motorista<\/td>\n<td style=\"width: 126px;height: 24px\">D<\/td>\n<\/tr>\n<tr style=\"height: 24px\">\n<td style=\"width: 322px;height: 24px\">Vagner Tavares Domingues<\/td>\n<td style=\"width: 182px;height: 24px\">Nutrans<\/td>\n<td style=\"width: 88px;height: 24px\">Motorista<\/td>\n<td style=\"width: 126px;height: 24px\">D<\/td>\n<\/tr>\n<tr style=\"height: 24px\">\n<td style=\"width: 322px;height: 24px\"><\/td>\n<td style=\"width: 182px;height: 24px\"><\/td>\n<td style=\"width: 88px;height: 24px\"><\/td>\n<td style=\"width: 126px;height: 24px\"><\/td>\n<\/tr>\n<tr style=\"height: 24px\">\n<td style=\"width: 322px;height: 24px\"><\/td>\n<td style=\"width: 182px;height: 24px\"><\/td>\n<td style=\"width: 88px;height: 24px\"><\/td>\n<td style=\"width: 126px;height: 24px\"><\/td>\n<\/tr>\n<tr style=\"height: 24px\">\n<td style=\"width: 322px;height: 24px\"><\/td>\n<td style=\"width: 182px;height: 24px\"><\/td>\n<td style=\"width: 88px;height: 24px\"><\/td>\n<td style=\"width: 126px;height: 24px\"><\/td>\n<\/tr>\n<tr style=\"height: 24px\">\n<td style=\"width: 322px;height: 24px\"><\/td>\n<td style=\"width: 182px;height: 24px\"><\/td>\n<td style=\"width: 88px;height: 24px\"><\/td>\n<td style=\"width: 126px;height: 24px\"><\/td>\n<\/tr>\n<tr style=\"height: 24px\">\n<td style=\"width: 322px;height: 24px\"><\/td>\n<td style=\"width: 182px;height: 24px\"><\/td>\n<td style=\"width: 88px;height: 24px\"><\/td>\n<td style=\"width: 126px;height: 24px\"><\/td>\n<\/tr>\n<\/tbody>\n<\/table>\n<p><\/p>\n","protected":false},"excerpt":{"rendered":"<p>Motoristas Servidores UFPel Nome Lota\u00e7\u00e3o Fun\u00e7\u00e3o Categoria CNH Luis Fernando Rodrigues Ferreira Nutrans Motorista D Nilton Ferreira dos Reis NuTrans Motorista D Equipe de Profissionais Terceirizados Contrato n\u00ba 35\/2022 &#8211; Empresa Sulport (Nilson Thomaz Silva Sanchotene Junior \u2013 EPP) Nome Lota\u00e7\u00e3o Fun\u00e7\u00e3o Categoria CNH Alexandre Rodrigues Orestes Nutrans Supervisor Cl\u00e1udio Luis Paroleiro Gaut\u00e9rio Nutrans Supervisor [&hellip;]<\/p>\n","protected":false},"author":41,"featured_media":0,"parent":0,"menu_order":0,"comment_status":"closed","ping_status":"closed","template":"","meta":{"footnotes":""},"class_list":["post-69","page","type-page","status-publish","hentry"],"_links":{"self":[{"href":"https:\/\/wp.ufpel.edu.br\/transporte\/wp-json\/wp\/v2\/pages\/69","targetHints":{"allow":["GET"]}}],"collection":[{"href":"https:\/\/wp.ufpel.edu.br\/transporte\/wp-json\/wp\/v2\/pages"}],"about":[{"href":"https:\/\/wp.ufpel.edu.br\/transporte\/wp-json\/wp\/v2\/types\/page"}],"author":[{"embeddable":true,"href":"https:\/\/wp.ufpel.edu.br\/transporte\/wp-json\/wp\/v2\/users\/41"}],"replies":[{"embeddable":true,"href":"https:\/\/wp.ufpel.edu.br\/transporte\/wp-json\/wp\/v2\/comments?post=69"}],"version-history":[{"count":22,"href":"https:\/\/wp.ufpel.edu.br\/transporte\/wp-json\/wp\/v2\/pages\/69\/revisions"}],"predecessor-version":[{"id":1564,"href":"https:\/\/wp.ufpel.edu.br\/transporte\/wp-json\/wp\/v2\/pages\/69\/revisions\/1564"}],"wp:attachment":[{"href":"https:\/\/wp.ufpel.edu.br\/transporte\/wp-json\/wp\/v2\/media?parent=69"}],"curies":[{"name":"wp","href":"https:\/\/api.w.org\/{rel}","templated":true}]}}