{"id":65,"date":"2017-10-13T17:20:04","date_gmt":"2017-10-13T20:20:04","guid":{"rendered":"https:\/\/wp.ufpel.edu.br\/transporte\/?page_id=65"},"modified":"2017-10-16T21:04:55","modified_gmt":"2017-10-16T23:04:55","slug":"mapeamento-de-processos","status":"publish","type":"page","link":"https:\/\/wp.ufpel.edu.br\/transporte\/mapeamento-de-processos\/","title":{"rendered":"Mapeamento de Processos"},"content":{"rendered":"<p>Macroprocesso &#8211; Agendamento de Viagens<\/p>\n<p><a href=\"https:\/\/wp.ufpel.edu.br\/transporte\/files\/2017\/10\/Agendamento-de-Viagem.png\"><img class=\"aligncenter wp-image-122 size-full\" src=\"https:\/\/wp.ufpel.edu.br\/transporte\/files\/2017\/10\/Agendamento-de-Viagem.png\" alt=\"\" width=\"1520\" height=\"624\" srcset=\"https:\/\/wp.ufpel.edu.br\/transporte\/files\/2017\/10\/Agendamento-de-Viagem.png 1520w, https:\/\/wp.ufpel.edu.br\/transporte\/files\/2017\/10\/Agendamento-de-Viagem-400x164.png 400w, https:\/\/wp.ufpel.edu.br\/transporte\/files\/2017\/10\/Agendamento-de-Viagem-768x315.png 768w, https:\/\/wp.ufpel.edu.br\/transporte\/files\/2017\/10\/Agendamento-de-Viagem-1024x420.png 1024w\" sizes=\"(max-width: 1520px) 100vw, 1520px\" \/><\/a><\/p>\n<p>Subprocesso &#8211;\u00a0Avalia\u00e7\u00e3o de Disponibilidade<\/p>\n<p><a href=\"https:\/\/wp.ufpel.edu.br\/transporte\/files\/2017\/10\/Avalia\u00e7\u00e3o-de-Disponibilidade.png\"><img class=\"aligncenter wp-image-125 size-full\" src=\"https:\/\/wp.ufpel.edu.br\/transporte\/files\/2017\/10\/Avalia\u00e7\u00e3o-de-Disponibilidade.png\" alt=\"\" width=\"864\" height=\"487\" srcset=\"https:\/\/wp.ufpel.edu.br\/transporte\/files\/2017\/10\/Avalia\u00e7\u00e3o-de-Disponibilidade.png 864w, https:\/\/wp.ufpel.edu.br\/transporte\/files\/2017\/10\/Avalia\u00e7\u00e3o-de-Disponibilidade-400x225.png 400w, https:\/\/wp.ufpel.edu.br\/transporte\/files\/2017\/10\/Avalia\u00e7\u00e3o-de-Disponibilidade-768x433.png 768w\" sizes=\"(max-width: 864px) 100vw, 864px\" \/><\/a><\/p>\n<p>Subprocesso &#8211;\u00a0Confirma\u00e7\u00e3o de Viagem<\/p>\n<p><a href=\"https:\/\/wp.ufpel.edu.br\/transporte\/files\/2017\/10\/Confirma\u00e7\u00e3o-de-Viagem.png\"><img class=\"aligncenter size-full wp-image-126\" src=\"https:\/\/wp.ufpel.edu.br\/transporte\/files\/2017\/10\/Confirma\u00e7\u00e3o-de-Viagem.png\" alt=\"\" width=\"740\" height=\"483\" srcset=\"https:\/\/wp.ufpel.edu.br\/transporte\/files\/2017\/10\/Confirma\u00e7\u00e3o-de-Viagem.png 740w, https:\/\/wp.ufpel.edu.br\/transporte\/files\/2017\/10\/Confirma\u00e7\u00e3o-de-Viagem-400x261.png 400w\" sizes=\"(max-width: 740px) 100vw, 740px\" \/><\/a><\/p>\n<p>Subprocesso &#8211; Aloca\u00e7\u00e3o de Ve\u00edculos \u00e0s Viagens<\/p>\n<p><a href=\"https:\/\/wp.ufpel.edu.br\/transporte\/files\/2017\/10\/Aloca\u00e7\u00e3o-de-Ve\u00edculos.png\"><img class=\"aligncenter size-full wp-image-124\" src=\"https:\/\/wp.ufpel.edu.br\/transporte\/files\/2017\/10\/Aloca\u00e7\u00e3o-de-Ve\u00edculos.png\" alt=\"\" width=\"740\" height=\"483\" srcset=\"https:\/\/wp.ufpel.edu.br\/transporte\/files\/2017\/10\/Aloca\u00e7\u00e3o-de-Ve\u00edculos.png 740w, https:\/\/wp.ufpel.edu.br\/transporte\/files\/2017\/10\/Aloca\u00e7\u00e3o-de-Ve\u00edculos-400x261.png 400w\" sizes=\"(max-width: 740px) 100vw, 740px\" \/><\/a><\/p>\n<p>Subprocesso &#8211; Aloca\u00e7\u00e3o de Motoristas \u00e0s Viagens<\/p>\n<p>&nbsp;<\/p>\n<p><a href=\"https:\/\/wp.ufpel.edu.br\/transporte\/files\/2017\/10\/Aloca\u00e7\u00e3o-de-Motoristas.png\"><img class=\"aligncenter size-full wp-image-123\" src=\"https:\/\/wp.ufpel.edu.br\/transporte\/files\/2017\/10\/Aloca\u00e7\u00e3o-de-Motoristas.png\" alt=\"\" width=\"740\" height=\"483\" srcset=\"https:\/\/wp.ufpel.edu.br\/transporte\/files\/2017\/10\/Aloca\u00e7\u00e3o-de-Motoristas.png 740w, https:\/\/wp.ufpel.edu.br\/transporte\/files\/2017\/10\/Aloca\u00e7\u00e3o-de-Motoristas-400x261.png 400w\" sizes=\"(max-width: 740px) 100vw, 740px\" \/><\/a><\/p>\n","protected":false},"excerpt":{"rendered":"<p>Macroprocesso &#8211; Agendamento de Viagens Subprocesso &#8211;\u00a0Avalia\u00e7\u00e3o de Disponibilidade Subprocesso &#8211;\u00a0Confirma\u00e7\u00e3o de Viagem Subprocesso &#8211; Aloca\u00e7\u00e3o de Ve\u00edculos \u00e0s Viagens Subprocesso &#8211; Aloca\u00e7\u00e3o de Motoristas \u00e0s Viagens &nbsp;<\/p>\n","protected":false},"author":41,"featured_media":0,"parent":0,"menu_order":0,"comment_status":"closed","ping_status":"closed","template":"","meta":{"footnotes":""},"class_list":["post-65","page","type-page","status-publish","hentry"],"_links":{"self":[{"href":"https:\/\/wp.ufpel.edu.br\/transporte\/wp-json\/wp\/v2\/pages\/65","targetHints":{"allow":["GET"]}}],"collection":[{"href":"https:\/\/wp.ufpel.edu.br\/transporte\/wp-json\/wp\/v2\/pages"}],"about":[{"href":"https:\/\/wp.ufpel.edu.br\/transporte\/wp-json\/wp\/v2\/types\/page"}],"author":[{"embeddable":true,"href":"https:\/\/wp.ufpel.edu.br\/transporte\/wp-json\/wp\/v2\/users\/41"}],"replies":[{"embeddable":true,"href":"https:\/\/wp.ufpel.edu.br\/transporte\/wp-json\/wp\/v2\/comments?post=65"}],"version-history":[{"count":3,"href":"https:\/\/wp.ufpel.edu.br\/transporte\/wp-json\/wp\/v2\/pages\/65\/revisions"}],"predecessor-version":[{"id":127,"href":"https:\/\/wp.ufpel.edu.br\/transporte\/wp-json\/wp\/v2\/pages\/65\/revisions\/127"}],"wp:attachment":[{"href":"https:\/\/wp.ufpel.edu.br\/transporte\/wp-json\/wp\/v2\/media?parent=65"}],"curies":[{"name":"wp","href":"https:\/\/api.w.org\/{rel}","templated":true}]}}