{"id":576,"date":"2020-03-11T16:19:46","date_gmt":"2020-03-11T19:19:46","guid":{"rendered":"https:\/\/wp.ufpel.edu.br\/transporte\/?page_id=576"},"modified":"2021-04-06T12:10:49","modified_gmt":"2021-04-06T15:10:49","slug":"abastecimento","status":"publish","type":"page","link":"https:\/\/wp.ufpel.edu.br\/transporte\/abastecimento\/","title":{"rendered":"Abastecimento"},"content":{"rendered":"<p><a href=\"https:\/\/docs.google.com\/forms\/d\/e\/1FAIpQLScHq9VAXJpy3hNE5gV_zIwO9jq0S43qRXq0E6afqnwEvAGaUg\/viewform\"><img class=\"alignnone wp-image-805\" src=\"https:\/\/wp.ufpel.edu.br\/transporte\/files\/2021\/04\/Abastecimento-Cota.png\" alt=\"\" width=\"318\" height=\"75\" srcset=\"https:\/\/wp.ufpel.edu.br\/transporte\/files\/2021\/04\/Abastecimento-Cota.png 424w, https:\/\/wp.ufpel.edu.br\/transporte\/files\/2021\/04\/Abastecimento-Cota-400x94.png 400w\" sizes=\"(max-width: 318px) 100vw, 318px\" \/><\/a> <a href=\"https:\/\/wp.ufpel.edu.br\/transporte\/category\/abastecimento-media-anp\/\"><img class=\"alignnone wp-image-806\" src=\"https:\/\/wp.ufpel.edu.br\/transporte\/files\/2021\/04\/Abastecimento-ANP.png\" alt=\"\" width=\"318\" height=\"75\" srcset=\"https:\/\/wp.ufpel.edu.br\/transporte\/files\/2021\/04\/Abastecimento-ANP.png 424w, https:\/\/wp.ufpel.edu.br\/transporte\/files\/2021\/04\/Abastecimento-ANP-400x94.png 400w\" sizes=\"(max-width: 318px) 100vw, 318px\" \/><\/a><\/p>\n<p>Considerando a necessidade de os ve\u00edculos e m\u00e1quinas da UFPel sejam abastecidas dentro dos valores\u00a0<u>m\u00ednimo-m\u00e1ximo<\/u>\u00a0apresentados pela ANP, conforme exposto no Memorando-Circular 09\/2019 NUTRANS\/SUINFRA (<a>0671556<\/a>);<\/p>\n<p>Considerando que os postos de combust\u00edvel da Rede Credenciada da Empresa Ticket Solu\u00e7\u00f5es HDFGT S\/A atendem ao setor P\u00fablico;<\/p>\n<p><strong>Informamos:<\/strong><\/p>\n<p style=\"padding-left: 40px\">a)\u00a0A disponibiliza\u00e7\u00e3o\u00a0mensalmente na P\u00e1gina do NuTrans &#8211; (<a href=\"https:\/\/wp.ufpel.edu.br\/transporte\/category\/abastecimento-media-anp\/\" target=\"_blank\" rel=\"noopener noreferrer\">https:\/\/wp.ufpel.edu.br\/transporte\/category\/abastecimento-media-anp\/<\/a>) o valor parametrizado no sistema web de controle de abastecimento;<\/p>\n<p style=\"padding-left: 40px\">b) A possibilidade de\u00a0serem verificados os Postos Credenciados que atendem ao setor P\u00fablico nas cidades do territ\u00f3rio nacional por meio do\u00a0aplicativo &#8220;<strong>Ticket Log Abastecimento<\/strong>&#8220;, dispon\u00edvel para baixar pela &#8220;<a href=\"https:\/\/play.google.com\/store\/apps\/details?id=com.ticketlog.rede\">Play Store<\/a>&#8221; e &#8220;<a href=\"https:\/\/apps.apple.com\/br\/app\/ticket-log-sou-parceiro-abast\/id1495852179\">App Store<\/a>&#8221; para plataformas Android e IOS respectivamente.<\/p>\n<p>&nbsp;<\/p>\n<p>&nbsp;<\/p>\n","protected":false},"excerpt":{"rendered":"<p>Considerando a necessidade de os ve\u00edculos e m\u00e1quinas da UFPel sejam abastecidas dentro dos valores\u00a0m\u00ednimo-m\u00e1ximo\u00a0apresentados pela ANP, conforme exposto no Memorando-Circular 09\/2019 NUTRANS\/SUINFRA (0671556); Considerando que os postos de combust\u00edvel da Rede Credenciada da Empresa Ticket Solu\u00e7\u00f5es HDFGT S\/A atendem ao setor P\u00fablico; Informamos: a)\u00a0A disponibiliza\u00e7\u00e3o\u00a0mensalmente na P\u00e1gina do NuTrans &#8211; (https:\/\/wp.ufpel.edu.br\/transporte\/category\/abastecimento-media-anp\/) o valor parametrizado [&hellip;]<\/p>\n","protected":false},"author":788,"featured_media":0,"parent":0,"menu_order":0,"comment_status":"closed","ping_status":"closed","template":"","meta":{"footnotes":""},"class_list":["post-576","page","type-page","status-publish","hentry"],"_links":{"self":[{"href":"https:\/\/wp.ufpel.edu.br\/transporte\/wp-json\/wp\/v2\/pages\/576","targetHints":{"allow":["GET"]}}],"collection":[{"href":"https:\/\/wp.ufpel.edu.br\/transporte\/wp-json\/wp\/v2\/pages"}],"about":[{"href":"https:\/\/wp.ufpel.edu.br\/transporte\/wp-json\/wp\/v2\/types\/page"}],"author":[{"embeddable":true,"href":"https:\/\/wp.ufpel.edu.br\/transporte\/wp-json\/wp\/v2\/users\/788"}],"replies":[{"embeddable":true,"href":"https:\/\/wp.ufpel.edu.br\/transporte\/wp-json\/wp\/v2\/comments?post=576"}],"version-history":[{"count":11,"href":"https:\/\/wp.ufpel.edu.br\/transporte\/wp-json\/wp\/v2\/pages\/576\/revisions"}],"predecessor-version":[{"id":812,"href":"https:\/\/wp.ufpel.edu.br\/transporte\/wp-json\/wp\/v2\/pages\/576\/revisions\/812"}],"wp:attachment":[{"href":"https:\/\/wp.ufpel.edu.br\/transporte\/wp-json\/wp\/v2\/media?parent=576"}],"curies":[{"name":"wp","href":"https:\/\/api.w.org\/{rel}","templated":true}]}}