{"id":42,"date":"2017-10-13T17:05:41","date_gmt":"2017-10-13T20:05:41","guid":{"rendered":"https:\/\/wp.ufpel.edu.br\/transporte\/?page_id=42"},"modified":"2022-01-12T16:38:56","modified_gmt":"2022-01-12T19:38:56","slug":"carona","status":"publish","type":"page","link":"https:\/\/wp.ufpel.edu.br\/transporte\/carona\/","title":{"rendered":"Carona Solid\u00e1ria UFPel"},"content":{"rendered":"<p>Uma forma alternativa de se locomover e diminuir o n\u00famero de ve\u00edculos na rua est\u00e1 sendo incentivada na UFPel. A Carona Solid\u00e1ria consiste em ceder os assentos que sobram no carro para algum conhecido, podendo ser feito um revezamento para diminuir o n\u00famero de viagens, al\u00e9m da polui\u00e7\u00e3o sonora e do ar.<\/p>\n<p>A iniciativa pretende apoiar a carona entre colegas de trabalho ou curso que s\u00e3o facilmente identificados, para que a seguran\u00e7a n\u00e3o seja comprometida.<\/p>\n<p>Os pontos atendidos at\u00e9 o momento s\u00e3o:<\/p>\n<ul>\n<li>Anglo;<\/li>\n<li>Alf\u00e2ndega\/Cotada;<\/li>\n<li>CCHS\/FAUrb;<\/li>\n<li>Eng. Madeireira;<\/li>\n<li>Medicina;<\/li>\n<li>ESEF;<\/li>\n<li>Campus Cap\u00e3o do Le\u00e3o;<\/li>\n<\/ul>\n<p>Posteriormente poder\u00e3o ser contemplados outros pontos.<\/p>\n\n\n<figure class=\"wp-block-image size-full\"><a href=\"https:\/\/wp.ufpel.edu.br\/transporte\/files\/2017\/10\/Carona-Solid\u00e1ria-e1641901134572.png\"><img width=\"360\" height=\"400\" src=\"https:\/\/wp.ufpel.edu.br\/transporte\/files\/2017\/10\/Carona-Solid\u00e1ria-e1641901134572.png\" alt=\"\" class=\"wp-image-45\" \/><\/a><\/figure>\n","protected":false},"excerpt":{"rendered":"<p>Uma forma alternativa de se locomover e diminuir o n\u00famero de ve\u00edculos na rua est\u00e1 sendo incentivada na UFPel. A Carona Solid\u00e1ria consiste em ceder os assentos que sobram no carro para algum conhecido, podendo ser feito um revezamento para diminuir o n\u00famero de viagens, al\u00e9m da polui\u00e7\u00e3o sonora e do ar. A iniciativa pretende [&hellip;]<\/p>\n","protected":false},"author":41,"featured_media":45,"parent":0,"menu_order":0,"comment_status":"closed","ping_status":"closed","template":"","meta":{"footnotes":""},"class_list":["post-42","page","type-page","status-publish","has-post-thumbnail","hentry"],"_links":{"self":[{"href":"https:\/\/wp.ufpel.edu.br\/transporte\/wp-json\/wp\/v2\/pages\/42","targetHints":{"allow":["GET"]}}],"collection":[{"href":"https:\/\/wp.ufpel.edu.br\/transporte\/wp-json\/wp\/v2\/pages"}],"about":[{"href":"https:\/\/wp.ufpel.edu.br\/transporte\/wp-json\/wp\/v2\/types\/page"}],"author":[{"embeddable":true,"href":"https:\/\/wp.ufpel.edu.br\/transporte\/wp-json\/wp\/v2\/users\/41"}],"replies":[{"embeddable":true,"href":"https:\/\/wp.ufpel.edu.br\/transporte\/wp-json\/wp\/v2\/comments?post=42"}],"version-history":[{"count":6,"href":"https:\/\/wp.ufpel.edu.br\/transporte\/wp-json\/wp\/v2\/pages\/42\/revisions"}],"predecessor-version":[{"id":1001,"href":"https:\/\/wp.ufpel.edu.br\/transporte\/wp-json\/wp\/v2\/pages\/42\/revisions\/1001"}],"wp:featuredmedia":[{"embeddable":true,"href":"https:\/\/wp.ufpel.edu.br\/transporte\/wp-json\/wp\/v2\/media\/45"}],"wp:attachment":[{"href":"https:\/\/wp.ufpel.edu.br\/transporte\/wp-json\/wp\/v2\/media?parent=42"}],"curies":[{"name":"wp","href":"https:\/\/api.w.org\/{rel}","templated":true}]}}