{"id":332,"date":"2018-09-13T10:41:25","date_gmt":"2018-09-13T13:41:25","guid":{"rendered":"https:\/\/wp.ufpel.edu.br\/transporte\/?page_id=332"},"modified":"2026-04-02T14:50:56","modified_gmt":"2026-04-02T17:50:56","slug":"transporte-apoio","status":"publish","type":"page","link":"https:\/\/wp.ufpel.edu.br\/transporte\/transporte-apoio\/","title":{"rendered":"Transporte de Apoio Institucional \u2013 UFPel"},"content":{"rendered":"\n<div class=\"wp-block-group is-layout-grid wp-container-core-group-is-layout-9649a0d9 wp-block-group-is-layout-grid\">\n<figure class=\"wp-block-image size-medium is-resized\"><a href=\"https:\/\/wp.ufpel.edu.br\/transporte\/transporte-apoio\/pelotas\"><img width=\"400\" height=\"94\" src=\"https:\/\/wp.ufpel.edu.br\/transporte\/files\/2021\/04\/39-400x94.png\" alt=\"\" class=\"wp-image-814\" style=\"width:300px\" srcset=\"https:\/\/wp.ufpel.edu.br\/transporte\/files\/2021\/04\/39-400x94.png 400w, https:\/\/wp.ufpel.edu.br\/transporte\/files\/2021\/04\/39.png 424w\" sizes=\"(max-width: 400px) 100vw, 400px\" \/><\/a><\/figure>\n\n\n\n<figure class=\"wp-block-image is-resized\"><a href=\"https:\/\/wp.ufpel.edu.br\/transporte\/transporte-apoio\/capao-do-leao\"><img width=\"424\" height=\"100\" src=\"https:\/\/wp.ufpel.edu.br\/transporte\/files\/2021\/04\/40.png\" alt=\"\" class=\"wp-image-815\" style=\"width:300px\" srcset=\"https:\/\/wp.ufpel.edu.br\/transporte\/files\/2021\/04\/40.png 424w, https:\/\/wp.ufpel.edu.br\/transporte\/files\/2021\/04\/40-400x94.png 400w\" sizes=\"(max-width: 424px) 100vw, 424px\" \/><\/a><\/figure>\n\n\n\n<figure class=\"wp-block-image is-resized\"><a href=\"https:\/\/wp.ufpel.edu.br\/transporte\/transporte-apoio\/palma\/\"><img width=\"424\" height=\"100\" src=\"https:\/\/wp.ufpel.edu.br\/transporte\/files\/2021\/04\/41.png\" alt=\"\" class=\"wp-image-813\" style=\"width:300px\" srcset=\"https:\/\/wp.ufpel.edu.br\/transporte\/files\/2021\/04\/41.png 424w, https:\/\/wp.ufpel.edu.br\/transporte\/files\/2021\/04\/41-400x94.png 400w\" sizes=\"(max-width: 424px) 100vw, 424px\" \/><\/a><\/figure>\n<\/div>\n\n\n\n<hr class=\"wp-block-separator has-alpha-channel-opacity\" \/>\n\n\n\n<h2 class=\"wp-block-heading\">&nbsp;<strong>Primeira vez usando o Transporte de Apoio?<\/strong><\/h2>\n\n\n\n<p>Siga estes passos para utilizar o servi\u00e7o:<\/p>\n\n\n\n<p>1\ufe0f\u20e3 Consulte as <strong>paradas dispon\u00edveis<\/strong> pr\u00f3ximas de voc\u00ea<br>2\ufe0f\u20e3 Veja <strong>qual linha atende o seu campus<\/strong><strong><br><\/strong>3\ufe0f\u20e3 Confira os <strong>hor\u00e1rios atualizados<\/strong><strong><br><\/strong>4\ufe0f\u20e3 Tenha sua <strong>carteirinha da UFPel<\/strong> (digital ou f\u00edsica) para embarque<\/p>\n\n\n\n<p>\u27a1\ufe0f Acesse rapidamente:<\/p>\n\n\n\n<ul class=\"wp-block-list\">\n<li><a href=\"https:\/\/wp.ufpel.edu.br\/transporte\/paradas\"><strong>Paradas do Transporte de Apoio<\/strong><\/a><br><\/li>\n\n\n\n<li><strong><a href=\"https:\/\/app.ufpel.edu.br\">Web App Cobalto<\/a><\/strong> (Carteirinha)<\/li>\n<\/ul>\n\n\n\n<ul class=\"wp-block-list\">\n<li><strong><a href=\"https:\/\/wp.ufpel.edu.br\/transporte\/transporte-apoio\/pelotas\">Linhas Pelotas<\/a><\/strong><\/li>\n\n\n\n<li><strong><a href=\"https:\/\/wp.ufpel.edu.br\/transporte\/transporte-apoio\/capao-do-leao\">Linha Cap\u00e3o do Le\u00e3o<\/a><\/strong><\/li>\n\n\n\n<li><strong><a href=\"https:\/\/wp.ufpel.edu.br\/transporte\/transporte-apoio\/palma\/\">Linha Palma<\/a><\/strong><\/li>\n<\/ul>\n\n\n\n<hr class=\"wp-block-separator has-alpha-channel-opacity\" \/>\n\n\n\n<h2 class=\"wp-block-heading\"><strong>O que \u00e9 o Transporte de Apoio<\/strong><\/h2>\n\n\n\n<p>O <strong>Transporte de Apoio da Universidade Federal de Pelotas (UFPel)<\/strong> \u00e9 um servi\u00e7o gratuito destinado \u00e0 comunidade acad\u00eamica, criado para facilitar o deslocamento entre os diferentes campi da Universidade.<\/p>\n\n\n\n<p>O objetivo do servi\u00e7o \u00e9 tornar o acesso \u00e0s unidades <strong>mais r\u00e1pido, seguro e acess\u00edvel<\/strong>, contribuindo para a mobilidade dos estudantes e demais membros da comunidade universit\u00e1ria.<\/p>\n\n\n\n<p>O transporte funciona <strong>de segunda a sexta-feira<\/strong>, durante os per\u00edodos letivos.<\/p>\n\n\n\n<p>O servi\u00e7o \u00e9 realizado de forma <strong>h\u00edbrida<\/strong>, com:<\/p>\n\n\n\n<ul class=\"wp-block-list\">\n<li>frota pr\u00f3pria da Universidade, composta por <strong>\u00f4nibus rodovi\u00e1rios, micro-\u00f4nibus e \u00f4nibus urbano<\/strong>;<\/li>\n\n\n\n<li>ve\u00edculos terceirizados contratados por meio de <strong>servi\u00e7o de fretamento<\/strong> para apoio \u00e0s linhas.<\/li>\n<\/ul>\n\n\n\n<p>Os ve\u00edculos realizam <strong>embarque e desembarque apenas nas paradas previamente divulgadas pela Universidade<\/strong>.<\/p>\n\n\n\n<hr class=\"wp-block-separator has-alpha-channel-opacity\" \/>\n\n\n\n<h2 class=\"wp-block-heading\"><strong>Quem pode utilizar<\/strong><\/h2>\n\n\n\n<p>O Transporte de Apoio \u00e9 destinado <strong>\u00e0 comunidade acad\u00eamica da UFPel<\/strong>.<\/p>\n\n\n\n<p>Para embarcar, \u00e9 obrigat\u00f3ria a apresenta\u00e7\u00e3o da <strong>Carteirinha da UFPel<\/strong> (digital ou f\u00edsica) que pode ser acessada pelo <strong><a href=\"https:\/\/app.ufpel.edu.br\/\"><strong>Web App Cobalto<\/strong><\/a><\/strong>.<\/p>\n\n\n\n<p>Passos gerais:<\/p>\n\n\n\n<ol class=\"wp-block-list\">\n<li>Acesse o Web App Cobalto &lt;<a href=\"https:\/\/app.ufpel.edu.br\/\">https:\/\/app.ufpel.edu.br\/<\/a>&gt; com seu login institucional;<\/li>\n\n\n\n<li>Procure pela op\u00e7\u00e3o <strong>Carteirinha ou identifica\u00e7\u00e3o institucional;<\/strong><\/li>\n\n\n\n<li>Apresente a carteirinha digital no momento do embarque no Transporte de Apoio<\/li>\n<\/ol>\n\n\n\n<p>A carteirinha digital possui a mesma validade da vers\u00e3o f\u00edsica para utiliza\u00e7\u00e3o nos servi\u00e7os institucionais.<\/p>\n\n\n\n<p>Veja no v\u00eddeo <a href=\"https:\/\/wp.ufpel.edu.br\/transporte\/files\/2026\/03\/Como-acessar-sua-carteirinha-digital-no-Web-App-Cobalto-1.mp4\">como acessar<\/a> sua carteirinha digital no <strong><a href=\"https:\/\/app.ufpel.edu.br\/\"><strong>Web App Cobalto<\/strong><\/a><\/strong>.<\/p>\n\n\n\n<hr class=\"wp-block-separator has-alpha-channel-opacity\" \/>\n\n\n\n<h2 class=\"wp-block-heading\"><strong>Linhas do Transporte de Apoio<\/strong><\/h2>\n\n\n\n<p>O sistema de Transporte de Apoio da UFPel conta atualmente com as seguintes linhas:<\/p>\n\n\n\n<p>Cada linha possui <strong>itiner\u00e1rios, paradas e hor\u00e1rios espec\u00edficos<\/strong>.<\/p>\n\n\n\n<p>Consulte as informa\u00e7\u00f5es detalhadas nos links abaixo:<\/p>\n\n\n\n<ul class=\"wp-block-list\">\n<li><strong>Linha Anglo<\/strong><\/li>\n\n\n\n<li><strong>Linha ESEF \u2013 FaMed \u2013 Engenharia Madeireira<\/strong><\/li>\n\n\n\n<li><strong>Linha Cap\u00e3o do Le\u00e3o<\/strong><\/li>\n\n\n\n<li><strong>Linha Palma<\/strong><\/li>\n<\/ul>\n\n\n\n<p><strong>\ud83d\udccc Informa\u00e7\u00f5es importantes<\/strong><\/p>\n\n\n\n<ul class=\"wp-block-list\">\n<li>Os hor\u00e1rios podem sofrer altera\u00e7\u00f5es ao longo do semestre<\/li>\n\n\n\n<li>Pode haver toler\u00e2ncia de at\u00e9 <strong>10 minutos<\/strong>, conforme as condi\u00e7\u00f5es de tr\u00e2nsito<\/li>\n\n\n\n<li>Recomenda-se chegar com anteced\u00eancia \u00e0 parada para evitar atrasos<\/li>\n<\/ul>\n\n\n\n<hr class=\"wp-block-separator has-alpha-channel-opacity\" \/>\n\n\n\n<h2 class=\"wp-block-heading\"><strong>Paradas do Transporte de Apoio<\/strong><\/h2>\n\n\n\n<p>As paradas autorizadas para embarque e desembarque est\u00e3o previamente definidas pela Universidade.<\/p>\n\n\n\n<p>Consulte a lista completa de paradas no link abaixo:<\/p>\n\n\n\n<ul class=\"wp-block-list\">\n<li><strong><a href=\"https:\/\/wp.ufpel.edu.br\/transporte\/paradas\/\" data-type=\"page\" data-id=\"1675\">Paradas do Transporte de Apoio<\/a><\/strong><\/li>\n<\/ul>\n\n\n\n<hr class=\"wp-block-separator has-alpha-channel-opacity\" \/>\n\n\n\n<h2 class=\"wp-block-heading\"><strong>Informa\u00e7\u00f5es importantes<\/strong><\/h2>\n\n\n\n<h3 class=\"wp-block-heading\"><strong>Transporte para o Campus Cap\u00e3o do Le\u00e3o<\/strong><\/h3>\n\n\n\n<p>O Transporte de Apoio <strong>n\u00e3o garante o deslocamento de 100% da comunidade acad\u00eamica<\/strong> para o Campus Cap\u00e3o do Le\u00e3o.<\/p>\n\n\n\n<p>Por esse motivo, a utiliza\u00e7\u00e3o do <strong>transporte p\u00fablico regular do trecho Pelotas \u2013 Cap\u00e3o do Le\u00e3o<\/strong> ainda pode ser necess\u00e1ria.<\/p>\n\n\n\n<p>Nesse sentido, \u00e9 fundamental que os estudantes continuem realizando o <strong>cadastro para o Passe Livre Estudantil por meio da PRAE<\/strong>.<\/p>\n\n\n\n<p>A parceria entre a UFPel e a Metroplan possibilitou melhorias no acesso aos <strong>vales-transporte para estudantes que se deslocam at\u00e9 o Campus Cap\u00e3o do Le\u00e3o<\/strong>.<\/p>\n\n\n\n<h3 class=\"wp-block-heading\">Transporte coletivo (Pelotas e Cap\u00e3o do Le\u00e3o)<\/h3>\n\n\n\n<p>Para consultar hor\u00e1rios e itiner\u00e1rios do transporte p\u00fablico regular:<\/p>\n\n\n\n<ul class=\"wp-block-list\">\n<li>CTCP<br><a href=\"https:\/\/www.portalprati.com.br\/\">https:\/\/www.portalprati.com.br<\/a><br><\/li>\n\n\n\n<li>Metroplan<br><a href=\"http:\/\/www.metroplan.rs.gov.br\/linhasitinerarios\">http:\/\/www.metroplan.rs.gov.br\/linhasitinerarios<\/a>\n<ul class=\"wp-block-list\">\n<li>Par\u00e2metros de busca:\n<ul class=\"wp-block-list\">\n<li>Modal: Rodovi\u00e1rio<\/li>\n\n\n\n<li>Regi\u00e3o: Aglomera\u00e7\u00e3o Urbana do Sul<\/li>\n\n\n\n<li>Empresa: Santa Silvana<\/li>\n\n\n\n<li>Linhas: 670A e 670<\/li>\n<\/ul>\n<\/li>\n<\/ul>\n<\/li>\n<\/ul>\n\n\n\n<hr class=\"wp-block-separator has-alpha-channel-opacity\" \/>\n\n\n\n<h2 class=\"wp-block-heading\"><strong>Situa\u00e7\u00f5es espec\u00edficas de uso<\/strong><\/h2>\n\n\n\n<h3 class=\"wp-block-heading\"><strong>Transporte de passageiros externos \u00e0 comunidade acad\u00eamica<\/strong><\/h3>\n\n\n\n<p>O transporte de <strong>filhos de estudantes da UFPel com at\u00e9 12 anos incompletos<\/strong> pode ser autorizado nos ve\u00edculos do Transporte de Apoio.<\/p>\n\n\n\n<p>Para isso, \u00e9 necess\u00e1ria <strong>autoriza\u00e7\u00e3o pr\u00e9via da PRAE<\/strong>.<\/p>\n\n\n\n<p>A solicita\u00e7\u00e3o deve ser enviada para: <strong>cpe.prae.ufpel@gmail.com<\/strong><\/p>\n\n\n\n<p>Documentos necess\u00e1rios para an\u00e1lise e emiss\u00e3o da autoriza\u00e7\u00e3o:<\/p>\n\n\n\n<ul class=\"wp-block-list\">\n<li>Nome completo e matr\u00edcula do solicitante<\/li>\n\n\n\n<li>Nome completo do passageiro<\/li>\n\n\n\n<li>C\u00f3pia do CPF<\/li>\n\n\n\n<li>Certid\u00e3o de nascimento<\/li>\n\n\n\n<li>Foto do passageiro a ser autorizado<\/li>\n<\/ul>\n\n\n\n<h3 class=\"wp-block-heading\"><strong>Transporte de PET<\/strong><\/h3>\n\n\n\n<p>O transporte de animais de estima\u00e7\u00e3o nos ve\u00edculos do Transporte de Apoio seguir\u00e1:<\/p>\n\n\n\n<ul class=\"wp-block-list\">\n<li><strong>Resolu\u00e7\u00e3o n\u00ba 4938\/98 do DAER<\/strong><\/li>\n\n\n\n<li><strong>Lei n\u00ba 6094\/2014 do Munic\u00edpio de Pelotas<\/strong><\/li>\n<\/ul>\n\n\n\n<p>Os respons\u00e1veis devem garantir que o transporte ocorra em condi\u00e7\u00f5es adequadas de <strong>seguran\u00e7a, higiene e controle do animal<\/strong>.<\/p>\n\n\n\n<h3 class=\"wp-block-heading\"><strong>Transporte de material<\/strong><\/h3>\n\n\n\n<p>O transporte de materiais nos ve\u00edculos do Transporte de Apoio poder\u00e1 ocorrer desde que:<\/p>\n\n\n\n<ul class=\"wp-block-list\">\n<li>o volume possa ser acomodado <strong>no porta-pacotes interno<\/strong>, ou<\/li>\n\n\n\n<li><strong>no compartimento de bagagem (maleiro)<\/strong> quando o volume for superior ao suportado pelo porta-pacotes.<\/li>\n<\/ul>\n\n\n\n<p>A Universidade <strong>n\u00e3o se responsabiliza por eventuais danos<\/strong> aos materiais transportados.<\/p>\n\n\n\n<hr class=\"wp-block-separator has-alpha-channel-opacity\" \/>\n\n\n\n<h2 class=\"wp-block-heading\">D\u00favidas e atendimento<\/h2>\n\n\n\n<p>Caso n\u00e3o tenha encontrado a informa\u00e7\u00e3o que procura, consulte o portal de atendimento da Universidade Federal de Pelotas.<\/p>\n\n\n\n<p>No portal voc\u00ea encontrar\u00e1 <strong>perguntas frequentes sobre o Transporte de Apoio<\/strong> e tamb\u00e9m poder\u00e1 <strong>abrir um chamado para atendimento do N\u00facleo de Transporte<\/strong> ou ainda <strong>enviar e-mail para <a href=\"mailto:transporte@ufpel.edu.br\">transporte@ufpel.edu.br<\/a><\/strong><\/p>\n\n\n\n<p>\u27a1\ufe0f <strong>Perguntas e Respostas sobre Transporte de Apoio<\/strong><br><a href=\"https:\/\/atendimento.ufpel.edu.br\/perguntas-e-respostas\">https:\/\/atendimento.ufpel.edu.br\/perguntas-e-respostas<\/a><\/p>\n\n\n\n<p><a href=\"https:\/\/wp.ufpel.edu.br\/transporte\/perguntas-frequentes\">https:\/\/wp.ufpel.edu.br\/transporte\/perguntas-frequentes<\/a> (temporariamente neste endere\u00e7o)<\/p>\n\n\n\n<p><strong>Antes de abrir um chamado, recomendamos verificar:<\/strong><\/p>\n\n\n\n<ul class=\"wp-block-list\">\n<li>Paradas do Transporte de Apoio<\/li>\n\n\n\n<li>Linhas e hor\u00e1rios atualizados<\/li>\n\n\n\n<li>Informa\u00e7\u00f5es sobre utiliza\u00e7\u00e3o do servi\u00e7o<\/li>\n<\/ul>\n\n\n\n<p>\u27a1\ufe0f <strong>Abrir chamado (ticket) de atendimento<\/strong><br><a href=\"https:\/\/atendimento.ufpel.edu.br\">https:\/\/atendimento.ufpel.edu.br<\/a><\/p>\n\n\n\n<p><\/p>\n","protected":false},"excerpt":{"rendered":"<p>&nbsp;Primeira vez usando o Transporte de Apoio? Siga estes passos para utilizar o servi\u00e7o: 1\ufe0f\u20e3 Consulte as paradas dispon\u00edveis pr\u00f3ximas de voc\u00ea2\ufe0f\u20e3 Veja qual linha atende o seu campus3\ufe0f\u20e3 Confira os hor\u00e1rios atualizados4\ufe0f\u20e3 Tenha sua carteirinha da UFPel (digital ou f\u00edsica) para embarque \u27a1\ufe0f Acesse rapidamente: O que \u00e9 o Transporte de Apoio O Transporte [&hellip;]<\/p>\n","protected":false},"author":788,"featured_media":1732,"parent":0,"menu_order":0,"comment_status":"closed","ping_status":"closed","template":"page-sem-sidebar.php","meta":{"footnotes":""},"class_list":["post-332","page","type-page","status-publish","has-post-thumbnail","hentry"],"_links":{"self":[{"href":"https:\/\/wp.ufpel.edu.br\/transporte\/wp-json\/wp\/v2\/pages\/332","targetHints":{"allow":["GET"]}}],"collection":[{"href":"https:\/\/wp.ufpel.edu.br\/transporte\/wp-json\/wp\/v2\/pages"}],"about":[{"href":"https:\/\/wp.ufpel.edu.br\/transporte\/wp-json\/wp\/v2\/types\/page"}],"author":[{"embeddable":true,"href":"https:\/\/wp.ufpel.edu.br\/transporte\/wp-json\/wp\/v2\/users\/788"}],"replies":[{"embeddable":true,"href":"https:\/\/wp.ufpel.edu.br\/transporte\/wp-json\/wp\/v2\/comments?post=332"}],"version-history":[{"count":3,"href":"https:\/\/wp.ufpel.edu.br\/transporte\/wp-json\/wp\/v2\/pages\/332\/revisions"}],"predecessor-version":[{"id":1740,"href":"https:\/\/wp.ufpel.edu.br\/transporte\/wp-json\/wp\/v2\/pages\/332\/revisions\/1740"}],"wp:featuredmedia":[{"embeddable":true,"href":"https:\/\/wp.ufpel.edu.br\/transporte\/wp-json\/wp\/v2\/media\/1732"}],"wp:attachment":[{"href":"https:\/\/wp.ufpel.edu.br\/transporte\/wp-json\/wp\/v2\/media?parent=332"}],"curies":[{"name":"wp","href":"https:\/\/api.w.org\/{rel}","templated":true}]}}