{"id":314,"date":"2018-08-21T12:00:41","date_gmt":"2018-08-21T15:00:41","guid":{"rendered":"https:\/\/wp.ufpel.edu.br\/transporte\/?page_id=314"},"modified":"2026-03-22T01:36:35","modified_gmt":"2026-03-22T04:36:35","slug":"palma","status":"publish","type":"page","link":"https:\/\/wp.ufpel.edu.br\/transporte\/transporte-apoio\/palma\/","title":{"rendered":"Transporte de Apoio &#8211; Centro Agropecu\u00e1rio da Palma"},"content":{"rendered":"\n<h2 class=\"wp-block-heading\">Campus Cap\u00e3o do Le\u00e3o \u2192 Palma<\/h2>\n\n\n\n<p><strong>Hor\u00e1rios<\/strong><\/p>\n\n\n\n<figure class=\"wp-block-table\"><table><thead><tr><th>Hor\u00e1rio<\/th><th>Sa\u00edda<\/th><th>Destino<\/th><\/tr><\/thead><tbody><tr><td>08:15<\/td><td>Campus Cap\u00e3o do Le\u00e3o (ao lado do pr\u00e9dio da FAEM)<\/td><td>Palma<\/td><\/tr><tr><td>14:00<\/td><td>Campus Cap\u00e3o do Le\u00e3o (ao lado do pr\u00e9dio da FAEM)<\/td><td>Palma<\/td><\/tr><\/tbody><\/table><\/figure>\n\n\n\n<hr class=\"wp-block-separator has-alpha-channel-opacity\" \/>\n\n\n\n<h2 class=\"wp-block-heading\">Palma \u2192 Campus Cap\u00e3o do Le\u00e3o<\/h2>\n\n\n\n<p><strong>Hor\u00e1rios<\/strong><\/p>\n\n\n\n<figure class=\"wp-block-table\"><table><thead><tr><th>Hor\u00e1rio<\/th><th>Sa\u00edda<\/th><th>Destino<\/th><\/tr><\/thead><tbody><tr><td>11:45<\/td><td>Palma<\/td><td>Campus Cap\u00e3o do Le\u00e3o<\/td><\/tr><tr><td>17:30<\/td><td>Palma<\/td><td>Campus Cap\u00e3o do Le\u00e3o<\/td><\/tr><\/tbody><\/table><\/figure>\n\n\n\n<hr class=\"wp-block-separator has-alpha-channel-opacity\" \/>\n\n\n\n<h1 class=\"wp-block-heading\">\ud83d\udccc Informa\u00e7\u00f5es importantes<\/h1>\n\n\n\n<ul class=\"wp-block-list\">\n<li>O transporte \u00e9 realizado com micro-\u00f4nibus, com capacidade para 27 passageiros<\/li>\n\n\n\n<li>Os hor\u00e1rios apresentados correspondem aos vigentes, sendo mantidos atualizados nesta p\u00e1gina<\/li>\n\n\n\n<li>Os hor\u00e1rios referem-se ao <strong>local de sa\u00edda do itiner\u00e1rio<\/strong><\/li>\n\n\n\n<li>Pode haver toler\u00e2ncia de at\u00e9 <strong>\u00b1 10 minutos<\/strong>, conforme as condi\u00e7\u00f5es de tr\u00e2nsito e opera\u00e7\u00e3o<\/li>\n\n\n\n<li>Recomenda-se chegar com <strong>anteced\u00eancia \u00e0 parada<\/strong><\/li>\n\n\n\n<li>O Transporte de Apoio n\u00e3o garante atendimento de 100% da demanda<\/li>\n\n\n\n<li>Altera\u00e7\u00f5es podem ocorrer ao longo do semestre, sendo atualizadas nesta p\u00e1gina e divulgadas nos canais oficiais da Universidade Federal de Pelotas<\/li>\n<\/ul>\n\n\n\n<hr class=\"wp-block-separator has-alpha-channel-opacity\" \/>\n\n\n\n<h2 class=\"wp-block-heading\">\u00daltima atualiza\u00e7\u00e3o<\/h2>\n\n\n\n<p>22 de mar\u00e7o de 2026<\/p>\n\n\n\n<hr class=\"wp-block-separator has-alpha-channel-opacity\" \/>\n\n\n\n<p>\u2b05\ufe0f <a href=\"https:\/\/wp.ufpel.edu.br\/transporte\/transporte-apoio\/\" data-type=\"page\" data-id=\"332\">Voltar para Transporte de Apoio<\/a><\/p>\n","protected":false},"excerpt":{"rendered":"<p>Campus Cap\u00e3o do Le\u00e3o \u2192 Palma Hor\u00e1rios Hor\u00e1rio Sa\u00edda Destino 08:15 Campus Cap\u00e3o do Le\u00e3o (ao lado do pr\u00e9dio da FAEM) Palma 14:00 Campus Cap\u00e3o do Le\u00e3o (ao lado do pr\u00e9dio da FAEM) Palma Palma \u2192 Campus Cap\u00e3o do Le\u00e3o Hor\u00e1rios Hor\u00e1rio Sa\u00edda Destino 11:45 Palma Campus Cap\u00e3o do Le\u00e3o 17:30 Palma Campus Cap\u00e3o do [&hellip;]<\/p>\n","protected":false},"author":788,"featured_media":0,"parent":332,"menu_order":0,"comment_status":"closed","ping_status":"closed","template":"","meta":{"footnotes":""},"class_list":["post-314","page","type-page","status-publish","hentry"],"_links":{"self":[{"href":"https:\/\/wp.ufpel.edu.br\/transporte\/wp-json\/wp\/v2\/pages\/314","targetHints":{"allow":["GET"]}}],"collection":[{"href":"https:\/\/wp.ufpel.edu.br\/transporte\/wp-json\/wp\/v2\/pages"}],"about":[{"href":"https:\/\/wp.ufpel.edu.br\/transporte\/wp-json\/wp\/v2\/types\/page"}],"author":[{"embeddable":true,"href":"https:\/\/wp.ufpel.edu.br\/transporte\/wp-json\/wp\/v2\/users\/788"}],"replies":[{"embeddable":true,"href":"https:\/\/wp.ufpel.edu.br\/transporte\/wp-json\/wp\/v2\/comments?post=314"}],"version-history":[{"count":3,"href":"https:\/\/wp.ufpel.edu.br\/transporte\/wp-json\/wp\/v2\/pages\/314\/revisions"}],"predecessor-version":[{"id":1723,"href":"https:\/\/wp.ufpel.edu.br\/transporte\/wp-json\/wp\/v2\/pages\/314\/revisions\/1723"}],"up":[{"embeddable":true,"href":"https:\/\/wp.ufpel.edu.br\/transporte\/wp-json\/wp\/v2\/pages\/332"}],"wp:attachment":[{"href":"https:\/\/wp.ufpel.edu.br\/transporte\/wp-json\/wp\/v2\/media?parent=314"}],"curies":[{"name":"wp","href":"https:\/\/api.w.org\/{rel}","templated":true}]}}