{"id":297,"date":"2018-08-16T10:26:40","date_gmt":"2018-08-16T13:26:40","guid":{"rendered":"https:\/\/wp.ufpel.edu.br\/transporte\/?page_id=297"},"modified":"2026-03-23T21:12:59","modified_gmt":"2026-03-24T00:12:59","slug":"capao-do-leao","status":"publish","type":"page","link":"https:\/\/wp.ufpel.edu.br\/transporte\/transporte-apoio\/capao-do-leao\/","title":{"rendered":"Transporte de Apoio &#8211; Cap\u00e3o do Le\u00e3o"},"content":{"rendered":"\n<h3 class=\"wp-block-heading\">Selecione seu trajeto<\/h3>\n\n\n\n<ul class=\"wp-block-list\">\n<li><a href=\"#pelotas-capao\">Pelotas \u2192 Campus Cap\u00e3o do Le\u00e3o<\/a><\/li>\n\n\n\n<li><a href=\"#capao-pelotas\">Campus Cap\u00e3o do Le\u00e3o \u2192 Pelotas<\/a><\/li>\n\n\n\n<li><a href=\"#itinerarios\">Itiner\u00e1rios (trajetos)<\/a><\/li>\n<\/ul>\n\n\n\n<hr class=\"wp-block-separator has-alpha-channel-opacity\" \/>\n\n\n\n<h2 class=\"wp-block-heading\" id=\"pelotas-capao\">Pelotas \u2192 Cap\u00e3o do Le\u00e3o<\/h2>\n\n\n\n<h3 class=\"wp-block-heading\">Hor\u00e1rios<\/h3>\n\n\n\n<figure class=\"wp-block-table\"><table><thead><tr><th><strong>Hor\u00e1rio<\/strong><\/th><th><strong>Sa\u00edda<\/strong><\/th><th><strong>Destino<\/strong><\/th><\/tr><\/thead><tbody><tr><td>06:30<\/td><td>Lyceu<\/td><td>Campus Cap\u00e3o<\/td><\/tr><tr><td>06:40<\/td><td>Lyceu | Cotada | CEU | FaMed (via Laneira)<\/td><td>Campus Cap\u00e3o<\/td><\/tr><tr><td>07:00<\/td><td>Anglo | Cotada<\/td><td>Campus Cap\u00e3o<\/td><\/tr><tr><td>07:10<\/td><td>Cotada<\/td><td>Campus Cap\u00e3o<\/td><\/tr><tr><td>07:20<\/td><td>Lyceu<\/td><td>Campus Cap\u00e3o<\/td><\/tr><tr><td>07:30<\/td><td>Lyceu | FaMed (via Laneira)<\/td><td>Campus Cap\u00e3o<\/td><\/tr><tr><td>08:00<\/td><td>FaMed (via Laneira)<\/td><td>Campus Cap\u00e3o<\/td><\/tr><tr><td>08:10<\/td><td>Direito | FaMed (via Laneira)<\/td><td>Campus Cap\u00e3o<\/td><\/tr><tr><td>08:30<\/td><td>Direito<\/td><td>Campus Cap\u00e3o<\/td><\/tr><tr><td>09:00<\/td><td>Direito<\/td><td>Campus Cap\u00e3o<\/td><\/tr><tr><td>10:00<\/td><td>Direito<\/td><td>Campus Cap\u00e3o<\/td><\/tr><tr><td>11:00<\/td><td>Direito<\/td><td>Campus Cap\u00e3o<\/td><\/tr><tr><td>12:00<\/td><td>Anglo | Direito<\/td><td>Campus Cap\u00e3o<\/td><\/tr><tr><td>13:00<\/td><td>Anglo | Direito<\/td><td>Campus Cap\u00e3o<\/td><\/tr><tr><td>14:00<\/td><td>Anglo | Direito<\/td><td>Campus Cap\u00e3o<\/td><\/tr><tr><td>15:00<\/td><td>Anglo<\/td><td>Campus Cap\u00e3o<\/td><\/tr><tr><td>16:00<\/td><td>Direito<\/td><td>Campus Cap\u00e3o<\/td><\/tr><tr><td>17:00<\/td><td>Anglo<\/td><td>Campus Cap\u00e3o<\/td><\/tr><tr><td>18:00<\/td><td>Anglo<\/td><td>FaMed (via Laneira)<\/td><\/tr><tr><td>20:00<\/td><td>Anglo<\/td><td>FaMed (via Laneira)<\/td><\/tr><tr><td>21:30<\/td><td>Anglo<\/td><td>FaMed (via Laneira)<\/td><\/tr><\/tbody><\/table><\/figure>\n\n\n\n<hr class=\"wp-block-separator has-alpha-channel-opacity\" \/>\n\n\n\n<h2 class=\"wp-block-heading\" id=\"capao-pelotas\">Cap\u00e3o do Le\u00e3o \u2192 Pelotas<\/h2>\n\n\n\n<h3 class=\"wp-block-heading\">Hor\u00e1rios<\/h3>\n\n\n\n<figure class=\"wp-block-table\"><table><thead><tr><th><strong>Hor\u00e1rio<\/strong><\/th><th><strong>Sa\u00edda<\/strong><\/th><th><strong>Destino<\/strong><\/th><\/tr><\/thead><tbody><tr><td>07:00<\/td><td>Campus Cap\u00e3o<\/td><td>Lyceu (via BR)<\/td><\/tr><tr><td>07:50<\/td><td>Campus Cap\u00e3o<\/td><td>Direito (via BR)<\/td><\/tr><tr><td>08:00<\/td><td>Campus Cap\u00e3o<\/td><td>Direito<\/td><\/tr><tr><td>08:30<\/td><td>Campus Cap\u00e3o<\/td><td>Direito (via BR)<\/td><\/tr><tr><td>09:00<\/td><td>Campus Cap\u00e3o<\/td><td>Direito<\/td><\/tr><tr><td>10:00<\/td><td>Campus Cap\u00e3o<\/td><td>Direito<\/td><\/tr><tr><td>11:00<\/td><td>Campus Cap\u00e3o<\/td><td>Direito<\/td><\/tr><tr><td>11:30<\/td><td>Campus Cap\u00e3o<\/td><td>Anglo<\/td><\/tr><tr><td>12:00<\/td><td>Campus Cap\u00e3o<\/td><td>Anglo<\/td><\/tr><tr><td>12:30<\/td><td>Campus Cap\u00e3o<\/td><td>Anglo<\/td><\/tr><tr><td>13:00<\/td><td>Campus Cap\u00e3o<\/td><td>Direito \/ Anglo<\/td><\/tr><tr><td>14:00<\/td><td>Campus Cap\u00e3o<\/td><td>Anglo<\/td><\/tr><tr><td>14:45<\/td><td>Campus Cap\u00e3o<\/td><td>Direito<\/td><\/tr><tr><td>15:30<\/td><td>Campus Cap\u00e3o<\/td><td>Direito<\/td><\/tr><tr><td>16:00<\/td><td>Campus Cap\u00e3o<\/td><td>Direito \/ Anglo<\/td><\/tr><tr><td>16:30<\/td><td>Campus Cap\u00e3o<\/td><td>Direito<\/td><\/tr><tr><td>17:00<\/td><td>Campus Cap\u00e3o<\/td><td>Direito<\/td><\/tr><tr><td>17:30<\/td><td>Campus Cap\u00e3o<\/td><td>Direito<\/td><\/tr><tr><td>18:00<\/td><td>Campus Cap\u00e3o<\/td><td>Direito \/ Anglo<\/td><\/tr><tr><td>18:15<\/td><td>Campus Cap\u00e3o<\/td><td>Direito \/ Anglo<\/td><\/tr><tr><td>18:30<\/td><td>Campus Cap\u00e3o<\/td><td>Direito<\/td><\/tr><tr><td>19:00<\/td><td>Campus Cap\u00e3o<\/td><td>Direito<\/td><\/tr><tr><td>20:30<\/td><td>Campus Cap\u00e3o<\/td><td>Direito<\/td><\/tr><tr><td>20:40<\/td><td>FaMed<\/td><td>Anglo<\/td><\/tr><tr><td>22:10<\/td><td>FaMed<\/td><td>Anglo<\/td><\/tr><\/tbody><\/table><\/figure>\n\n\n\n<h2 class=\"wp-block-heading\" id=\"itinerarios\"><strong>Itiner\u00e1rios<\/strong><\/h2>\n\n\n\n<figure class=\"wp-block-table\"><table><thead><tr><th>Itiner\u00e1rio<\/th><th>Trajeto<\/th><\/tr><\/thead><tbody><tr><td>Anglo \u2192 Cap\u00e3o<\/td><td><strong>Anglo <\/strong>\u2192 CEIQ \u2192 Cotada \u2192 CCHS \u2192 Direito \u2192 CEU \u2192 HE \u2192 Laneira \u2192 FaMed \u2192 R\u00f3tula \u2192 Campus Cap\u00e3o do Le\u00e3o (NURFS\/FVET\/AC\/FAEM)<\/td><\/tr><tr><td>Cotada \u2192 Cap\u00e3o<\/td><td><strong>Cotada <\/strong>\u2192 CCHS \u2192 Lyceu \u2192 CEU \u2192 HE \u2192 Laneira \u2192 FaMed \u2192 R\u00f3tula \u2192 Campus Cap\u00e3o (NURFS\/FVET\/AC\/FAEM)<\/td><\/tr><tr><td>Direito \u2192 Cap\u00e3o<\/td><td><strong>Direito (Cap\u00e3o)<\/strong> \u2192 CEU \u2192 HE \u2192 Laneira \u2192 FaMed \u2192 R\u00f3tula \u2192 Campus Cap\u00e3o do Le\u00e3o (NURFS\/FVET\/AC\/FAEM)<\/td><\/tr><tr><td>Lyceu \u2192 Cap\u00e3o<\/td><td><strong>Lyceu <\/strong>\u2192 CEU \u2192 HE \u2192 Laneira \u2192 FaMed \u2192 R\u00f3tula \u2192 Campus Cap\u00e3o do Le\u00e3o (NURFS\/FVET\/AC\/FAEM)<\/td><\/tr><tr><td>CEU \u2192 Cap\u00e3o<\/td><td><strong>CEU <\/strong>\u2192 HE \u2192 Laneira \u2192 FaMed \u2192 R\u00f3tula \u2192 Campus Cap\u00e3o (NURFS\/FVET\/AC\/FAEM)<\/td><\/tr><tr><td>FaMed (via Laneira) \u2192 Cap\u00e3o<\/td><td><strong>FaMed (via Laneira)<\/strong> \u2192 R\u00f3tula \u2192 Campus Cap\u00e3o do Le\u00e3o (NURFS\/FVET\/AC\/FAEM)<\/td><\/tr><tr><td>Cap\u00e3o \u2192 Anglo<\/td><td><strong>Campus Cap\u00e3o do Le\u00e3o<\/strong> \u2192 R\u00f3tula \u2192 FaMed \u2192 Laneira \u2192 Canguru \u2192 CEU \u2192 Direito \u2192 Odonto \u2192 ALM \u2192 Campus II \u2192 FaUrb \u2192 Cotada \u2192 CEIQ \u2192 Anglo<\/td><\/tr><tr><td>Cap\u00e3o \u2192 Cotada<\/td><td><strong>Campus Cap\u00e3o do Le\u00e3o<\/strong> \u2192 R\u00f3tula \u2192 FaMed \u2192 Laneira \u2192 Canguru \u2192 CEU \u2192 Direito \u2192 Odonto \u2192 ALM \u2192 Campus II \u2192 FaUrb \u2192 Cotada<\/td><\/tr><tr><td>Cap\u00e3o \u2192 Direito<\/td><td><strong>Campus Cap\u00e3o do Le\u00e3o<\/strong> \u2192 R\u00f3tula \u2192 FaMed \u2192 Laneira \u2192 Canguru \u2192 CEU \u2192 Direito<\/td><\/tr><tr><td>Cap\u00e3o \u2192 FaMed (via Laneira)<\/td><td><strong>Campus Cap\u00e3o do Le\u00e3o<\/strong> \u2192 R\u00f3tula \u2192 Laneira \u2192 <strong>FaMed<\/strong><\/td><\/tr><tr><td>Cap\u00e3o \u2192 Direito (Expresso via BR)<\/td><td><strong>Campus Cap\u00e3o do Le\u00e3o<\/strong> \u2192 Direito<\/td><\/tr><tr><td>Cap\u00e3o \u2192 Lyceu (Expresso via BR)<\/td><td><strong>Campus Cap\u00e3o do Le\u00e3o<\/strong> \u2192 Lyceu<\/td><\/tr><tr><td>Anglo \u2192 FaMed<\/td><td><strong>Anglo<\/strong> \u2192 CEIQ \u2192 Cotada \u2192 CCHS \u2192 Direito \u2192 CEU \u2192 HE \u2192 Laneira \u2192 FaMed<\/td><\/tr><tr><td>FaMed \u2192 Anglo<\/td><td><strong>FaMed (via Laneira)<\/strong> &#8211; Canguru &#8211; CEU &#8211; Direito &#8211; Odonto &#8211; ALM &#8211; Campus II &#8211; Faurb &#8211; Cotada &#8211; CEIQ &#8211; Anglo<\/td><\/tr><\/tbody><\/table><\/figure>\n\n\n\n<hr class=\"wp-block-separator has-alpha-channel-opacity\" \/>\n\n\n\n<h1 class=\"wp-block-heading\">Informa\u00e7\u00f5es importantes<\/h1>\n\n\n\n<ul class=\"wp-block-list\">\n<li>Os hor\u00e1rios apresentados s\u00e3o <strong>simplificados para consulta r\u00e1pida<\/strong> e correspondem aos <strong>vigentes<\/strong>, sendo mantidos atualizados nesta p\u00e1gina<\/li>\n\n\n\n<li>Os hor\u00e1rios referem-se ao <strong>local de sa\u00edda do itiner\u00e1rio<\/strong><\/li>\n\n\n\n<li>Pode haver toler\u00e2ncia de at\u00e9 <strong>\u00b1 10 minutos<\/strong>, conforme as condi\u00e7\u00f5es de tr\u00e2nsito e opera\u00e7\u00e3o<\/li>\n\n\n\n<li>Recomenda-se chegar com <strong>anteced\u00eancia \u00e0 parada<\/strong><\/li>\n\n\n\n<li>O Transporte de Apoio n\u00e3o garante atendimento de 100% da demanda<\/li>\n\n\n\n<li>Altera\u00e7\u00f5es podem ocorrer ao longo do semestre, sendo atualizadas nesta p\u00e1gina e divulgadas nos canais oficiais da Universidade Federal de Pelotas<\/li>\n<\/ul>\n\n\n\n<hr class=\"wp-block-separator has-alpha-channel-opacity\" \/>\n\n\n\n<h1 class=\"wp-block-heading\">\u00daltima atualiza\u00e7\u00e3o<\/h1>\n\n\n\n<p>23 de mar\u00e7o de 2026<\/p>\n\n\n\n<hr class=\"wp-block-separator has-alpha-channel-opacity\" \/>\n\n\n\n<p><a href=\"https:\/\/wp.ufpel.edu.br\/transporte\/transporte-apoio\/\">Voltar para <strong>Transporte de Apoio<\/strong><\/a><\/p>\n\n\n\n<p><\/p>\n","protected":false},"excerpt":{"rendered":"<p>Selecione seu trajeto Pelotas \u2192 Cap\u00e3o do Le\u00e3o Hor\u00e1rios Hor\u00e1rio Sa\u00edda Destino 06:30 Lyceu Campus Cap\u00e3o 06:40 Lyceu | Cotada | CEU | FaMed (via Laneira) Campus Cap\u00e3o 07:00 Anglo | Cotada Campus Cap\u00e3o 07:10 Cotada Campus Cap\u00e3o 07:20 Lyceu Campus Cap\u00e3o 07:30 Lyceu | FaMed (via Laneira) Campus Cap\u00e3o 08:00 FaMed (via Laneira) Campus [&hellip;]<\/p>\n","protected":false},"author":788,"featured_media":0,"parent":332,"menu_order":0,"comment_status":"closed","ping_status":"closed","template":"page-sem-sidebar.php","meta":{"footnotes":""},"class_list":["post-297","page","type-page","status-publish","hentry"],"_links":{"self":[{"href":"https:\/\/wp.ufpel.edu.br\/transporte\/wp-json\/wp\/v2\/pages\/297","targetHints":{"allow":["GET"]}}],"collection":[{"href":"https:\/\/wp.ufpel.edu.br\/transporte\/wp-json\/wp\/v2\/pages"}],"about":[{"href":"https:\/\/wp.ufpel.edu.br\/transporte\/wp-json\/wp\/v2\/types\/page"}],"author":[{"embeddable":true,"href":"https:\/\/wp.ufpel.edu.br\/transporte\/wp-json\/wp\/v2\/users\/788"}],"replies":[{"embeddable":true,"href":"https:\/\/wp.ufpel.edu.br\/transporte\/wp-json\/wp\/v2\/comments?post=297"}],"version-history":[{"count":3,"href":"https:\/\/wp.ufpel.edu.br\/transporte\/wp-json\/wp\/v2\/pages\/297\/revisions"}],"predecessor-version":[{"id":1738,"href":"https:\/\/wp.ufpel.edu.br\/transporte\/wp-json\/wp\/v2\/pages\/297\/revisions\/1738"}],"up":[{"embeddable":true,"href":"https:\/\/wp.ufpel.edu.br\/transporte\/wp-json\/wp\/v2\/pages\/332"}],"wp:attachment":[{"href":"https:\/\/wp.ufpel.edu.br\/transporte\/wp-json\/wp\/v2\/media?parent=297"}],"curies":[{"name":"wp","href":"https:\/\/api.w.org\/{rel}","templated":true}]}}