{"id":193,"date":"2017-12-30T19:15:13","date_gmt":"2017-12-30T21:15:13","guid":{"rendered":"https:\/\/wp.ufpel.edu.br\/transporte\/?page_id=193"},"modified":"2026-04-22T19:28:04","modified_gmt":"2026-04-22T22:28:04","slug":"agendamento","status":"publish","type":"page","link":"https:\/\/wp.ufpel.edu.br\/transporte\/agendamento\/","title":{"rendered":"Viagens"},"content":{"rendered":"\n<hr class=\"wp-block-separator has-alpha-channel-opacity\" \/>\n\n\n\n<h2 class=\"wp-block-heading\">Pol\u00edtica de Viagens &#8211; Regras transit\u00f3rias para solicita\u00e7\u00e3o e execu\u00e7\u00e3o de viagens acad\u00eamicas 2026.01 (vans, micro-\u00f4nibus e \u00f4nibus)<\/h2>\n\n\n\n<p>Informamos que as solicita\u00e7\u00f5es de transporte para vans, micro-\u00f4nibus e \u00f4nibus dever\u00e3o observar integralmente as orienta\u00e7\u00f5es estabelecidas no <a href=\"https:\/\/wp.ufpel.edu.br\/transporte\/files\/2026\/04\/Politica-de-Viagens-Regras-transitorias-para-solicitacao-e-execucao-de-viagens-academicas-2026.01-SEI-Processo-23110.010729.2026-90.pdf\">Memorando-Circular n\u00ba 1\/2026\/SUINFRA\/PRA\/REITORIA (3800720)<\/a>, constante no processo SEI n\u00ba 23110.010729\/2026-90.<\/p>\n\n\n\n<p>O Memorando-Circular tamb\u00e9m est\u00e1 dispon\u00edvel em:<br><a href=\"https:\/\/wp.ufpel.edu.br\/transporte\/documentos\/\">https:\/\/wp.ufpel.edu.br\/transporte\/documentos\/<\/a><\/p>\n\n\n\n<p>Dessa forma, solicita-se que as demandas sejam formalizadas conforme os procedimentos, crit\u00e9rios e documentos exigidos nas orienta\u00e7\u00f5es vigentes.<\/p>\n\n\n\n<hr class=\"wp-block-separator has-alpha-channel-opacity\" \/>\n\n\n\n<h2 class=\"wp-block-heading\">Solicita\u00e7\u00f5es de transporte via Cobalto<\/h2>\n\n\n\n<p>Os demais servi\u00e7os, ou seja, aqueles que n\u00e3o envolvem a utiliza\u00e7\u00e3o de \u00f4nibus, micro-\u00f4nibus ou van, devem ser solicitados normalmente por meio de Ordem de Servi\u00e7o (OS) no Cobalto.<\/p>\n\n\n\n<p>Acesso:<\/p>\n\n\n\n<ul class=\"wp-block-list\">\n<li>Portal do NUTRANS: <a href=\"https:\/\/wp.ufpel.edu.br\/transporte\/\">https:\/\/wp.ufpel.edu.br\/transporte\/<\/a><\/li>\n\n\n\n<li>Sistema Cobalto: <a href=\"https:\/\/cobalto.ufpel.edu.br\">https:\/\/cobalto.ufpel.edu.br<\/a><\/li>\n<\/ul>\n\n\n\n<p>No Cobalto, acessar o menu lateral: <strong>Infraestrutura<\/strong>.<\/p>\n\n\n\n<p>Disponibilizamos a apresenta\u00e7\u00e3o do novo Sistema de Agendamento:<\/p>\n\n\n\n<ul class=\"wp-block-list\">\n<li><a href=\"https:\/\/wp.ufpel.edu.br\/suinfra\/files\/2017\/12\/Sistema-de-Agendamento.pdf\">Sistema de Agendamento<\/a>\u00a0(.pdf)<\/li>\n\n\n\n<li><a href=\"https:\/\/wp.ufpel.edu.br\/suinfra\/files\/2017\/12\/Sistema-de-Agendamento.pptx\">Sistema de Agendamento<\/a>\u00a0(.pptx)<\/li>\n<\/ul>\n\n\n\n<p>O SISTEMA DE AGENDAMENTO poder\u00e1 ser acessado atrav\u00e9s do portal do <strong>N\u00facleo de Transporte<\/strong> &lt;<a href=\"http:\/\/wp.ufpel.edu.br\/transporte\">wp.ufpel.edu.br\/transporte<\/a>&gt; no banner <strong>Agendamento de Viagem<\/strong> ou acessando diretamente o COBALTO &lt;<a href=\"http:\/\/cobalto.ufpel.edu.br\">cobalto.ufpel.edu.br<\/a>&gt;<\/p>\n\n\n<div class=\"wp-block-image\">\n<figure class=\"aligncenter\"><a href=\"https:\/\/wp.ufpel.edu.br\/transporte\/files\/2017\/12\/Captura-de-tela-2017-12-30-19.48.01.png\"><img width=\"1920\" height=\"1039\" src=\"https:\/\/wp.ufpel.edu.br\/transporte\/files\/2017\/12\/Captura-de-tela-2017-12-30-19.48.01.png\" alt=\"\" class=\"wp-image-202\" srcset=\"https:\/\/wp.ufpel.edu.br\/transporte\/files\/2017\/12\/Captura-de-tela-2017-12-30-19.48.01.png 1920w, https:\/\/wp.ufpel.edu.br\/transporte\/files\/2017\/12\/Captura-de-tela-2017-12-30-19.48.01-400x216.png 400w, https:\/\/wp.ufpel.edu.br\/transporte\/files\/2017\/12\/Captura-de-tela-2017-12-30-19.48.01-768x416.png 768w, https:\/\/wp.ufpel.edu.br\/transporte\/files\/2017\/12\/Captura-de-tela-2017-12-30-19.48.01-1024x554.png 1024w\" sizes=\"(max-width: 1920px) 100vw, 1920px\" \/><\/a><\/figure>\n<\/div>","protected":false},"excerpt":{"rendered":"<p>Pol\u00edtica de Viagens &#8211; Regras transit\u00f3rias para solicita\u00e7\u00e3o e execu\u00e7\u00e3o de viagens acad\u00eamicas 2026.01 (vans, micro-\u00f4nibus e \u00f4nibus) Informamos que as solicita\u00e7\u00f5es de transporte para vans, micro-\u00f4nibus e \u00f4nibus dever\u00e3o observar integralmente as orienta\u00e7\u00f5es estabelecidas no Memorando-Circular n\u00ba 1\/2026\/SUINFRA\/PRA\/REITORIA (3800720), constante no processo SEI n\u00ba 23110.010729\/2026-90. O Memorando-Circular tamb\u00e9m est\u00e1 dispon\u00edvel em:https:\/\/wp.ufpel.edu.br\/transporte\/documentos\/ Dessa forma, solicita-se [&hellip;]<\/p>\n","protected":false},"author":41,"featured_media":0,"parent":0,"menu_order":0,"comment_status":"closed","ping_status":"closed","template":"page-sem-sidebar.php","meta":{"footnotes":""},"class_list":["post-193","page","type-page","status-publish","hentry"],"_links":{"self":[{"href":"https:\/\/wp.ufpel.edu.br\/transporte\/wp-json\/wp\/v2\/pages\/193","targetHints":{"allow":["GET"]}}],"collection":[{"href":"https:\/\/wp.ufpel.edu.br\/transporte\/wp-json\/wp\/v2\/pages"}],"about":[{"href":"https:\/\/wp.ufpel.edu.br\/transporte\/wp-json\/wp\/v2\/types\/page"}],"author":[{"embeddable":true,"href":"https:\/\/wp.ufpel.edu.br\/transporte\/wp-json\/wp\/v2\/users\/41"}],"replies":[{"embeddable":true,"href":"https:\/\/wp.ufpel.edu.br\/transporte\/wp-json\/wp\/v2\/comments?post=193"}],"version-history":[{"count":4,"href":"https:\/\/wp.ufpel.edu.br\/transporte\/wp-json\/wp\/v2\/pages\/193\/revisions"}],"predecessor-version":[{"id":1749,"href":"https:\/\/wp.ufpel.edu.br\/transporte\/wp-json\/wp\/v2\/pages\/193\/revisions\/1749"}],"wp:attachment":[{"href":"https:\/\/wp.ufpel.edu.br\/transporte\/wp-json\/wp\/v2\/media?parent=193"}],"curies":[{"name":"wp","href":"https:\/\/api.w.org\/{rel}","templated":true}]}}