{"id":1675,"date":"2026-03-21T19:48:16","date_gmt":"2026-03-21T22:48:16","guid":{"rendered":"https:\/\/wp.ufpel.edu.br\/transporte\/?page_id=1675"},"modified":"2026-03-22T02:24:42","modified_gmt":"2026-03-22T05:24:42","slug":"paradas","status":"publish","type":"page","link":"https:\/\/wp.ufpel.edu.br\/transporte\/transporte-apoio\/paradas\/","title":{"rendered":"Paradas do Transporte de Apoio"},"content":{"rendered":"\n<figure class=\"wp-block-table\"><table class=\"has-fixed-layout\"><tbody><tr><td><strong>Parada<\/strong><\/td><td><strong>Endere\u00e7o<\/strong><\/td><\/tr><tr><td><strong>ANGLO <\/strong>&#8211; Campus Anglo (Reitoria)<\/td><td>Rua Gomes Carneiro, 01<\/td><\/tr><tr><td><strong>CEIQ<\/strong> &#8211; Casa do Estudante Ind\u00edgena e Quilombolas<\/td><td><a href=\"https:\/\/maps.app.goo.gl\/XmBmHZcrdFQKHWvE8\">Rua Giuseppe Garibaldi, 346 <br><\/a>(Esquina Rua Gomes Carneiro)<\/td><\/tr><tr><td><strong>COTADA <\/strong>&#8211; Centro de Engenharias (CENG)<\/td><td><a href=\"https:\/\/maps.app.goo.gl\/po4VmNunDQJdcHYQ6\">Rua Benjamin Constant<\/a><br>(Esquina Rua Dona Mariana<\/td><\/tr><tr><td><strong>CCHS <\/strong>&#8211; Campus das Ci\u00eancias Humanas e Sociais<\/td><td><a href=\"https:\/\/maps.app.goo.gl\/nuJEf2Tm3vCiNwMPA\">Rua Benjamin Constant<\/a><br>(Esquina Rua Cel. Alberto Rosa)<\/td><\/tr><tr><td><strong>FAURB <\/strong>&#8211; Faculdade de Arquitetura e Urbanismo<\/td><td><a href=\"https:\/\/maps.app.goo.gl\/Cj7Sxc9MpznkdSYE7\">Rua Benjamin Constant, 1359<\/a><br>(Esquina Rua Alberto Rosa)<\/td><\/tr><tr><td><strong>CAMPUS II<\/strong><\/td><td>Rua Almirante Barroso, 1202<br>(Esquina Rua Tr\u00eas de Maio, quando vai at\u00e9 o Anglo)<\/td><\/tr><tr><td><strong>DIREITO <\/strong>&#8211; Faculdade de Direito<br>(Parada Linha Cap\u00e3o do Le\u00e3o)<\/td><td><a href=\"https:\/\/maps.app.goo.gl\/WjfWK2dMLAV28DjU7\">Pra\u00e7a Conselheiro Maciel, 61<\/a> [Rua Tr\u00eas de Maio]<br>(Esquina Rua Anchieta &#8211; Pra\u00e7a da Fac. de Direito)<\/td><\/tr><tr><td><strong>DIREITO <\/strong>&#8211; Faculdade de Direito<br>(Parada Linha Pelotas)<\/td><td>Pra\u00e7a Conselheiro Maciel, 61 [Rua Tr\u00eas de Maio]<br>(Esquina Rua Anchieta &#8211; Outro lado da rua)<\/td><\/tr><tr><td><strong>CEU <\/strong>&#8211; Casa do Estudante Universit\u00e1rio<\/td><td><a href=\"https:\/\/maps.app.goo.gl\/R5qv2DxzuMqa7t969\">Rua Tr\u00eas de Maio, 1212<br><\/a>(Esquina Rua Bar\u00e3o de Santa Tecla)<\/td><\/tr><tr><td><strong>ODONTO <\/strong>&#8211; Faculdade Odontologia<\/td><td><a href=\"https:\/\/maps.app.goo.gl\/wgGcDBuRTTdEYtvW9\">Rua Tiradentes<\/a><br>(Esquina Rua Gon\u00e7alves Chaves)<\/td><\/tr><tr><td><strong>ALM <\/strong>&#8211; Ag\u00eancia da Lagoa Mirim<\/td><td>Rua Tiradentes<br>(Esquina Rua Cel. Alberto Rosa)<\/td><\/tr><tr><td><strong>FAMED <\/strong>&#8211; Faculdade de Medicina<\/td><td>Rua Duque de Caxias, 250<\/td><\/tr><tr><td><strong>CANGURU<\/strong><\/td><td>Rua Lobo da Costa<br>(Esquina Rua Marc\u00edlio Dias)<\/td><\/tr><tr><td><strong>MADEIREIRA <\/strong>&#8211; Engenharia Industrial Madeireira<\/td><td>Rua Conde de Porto Alegre, 793<\/td><\/tr><tr><td><strong>ESEF <\/strong>&#8211; Escola Superior de Educa\u00e7\u00e3o F\u00edsica<\/td><td>Rua Lu\u00eds de Cam\u00f5es, 625<\/td><\/tr><tr><td><strong>LYCEU <\/strong>&#8211; Lyceu Rio-Grandense<\/td><td>Rua XV de Novembro (Esquina Rua Lobo da Costa &#8211; Largo do Mercado P\u00fablico)<\/td><\/tr><tr><td><strong>AMILCAR GIGANTE<\/strong> &#8211; Centro de Epidemiologia Am\u00edlcar Gigante<\/td><td>Rua Marechal Deodoro, 1160<\/td><\/tr><tr><td><strong>LANEIRA<\/strong><\/td><td>Rua Duque de Caxias, 104<\/td><\/tr><tr><td><strong>HE <\/strong>&#8211; Hospital Escola <\/td><td>Rua Marc\u00edlio Dias, pr\u00f3ximo \u00e0 Pra\u00e7a 20 de Setembro<\/td><\/tr><tr><td><strong>RU CENTRO<\/strong> &#8211; Restaurante Universit\u00e1rio Centro<\/td><td>Rua Princesa Isabel, 316<\/td><\/tr><tr><td><strong>R\u00d3TULA <\/strong>&#8211; R\u00f3tula Eliseu Maciel<\/td><td>Av. Eliseu Maciel (a 200 m da Av. Tr\u00eas de Maio)<\/td><\/tr><tr><td><strong>CCL <\/strong>&#8211; Campus Cap\u00e3o do Le\u00e3o<\/td><td>Campus Universit\u00e1rio \u2013 Cap\u00e3o do Le\u00e3o<br>(NURFS \/ FVET \/ AC \/ FAEM)<\/td><\/tr><tr><td><strong>CAP <\/strong>&#8211; Centro Agropecu\u00e1rio da Palma<\/td><td>BR-116, km 537<\/td><\/tr><\/tbody><\/table><\/figure>\n\n\n\n<h2 class=\"wp-block-heading\">\ud83d\udccc Informa\u00e7\u00f5es sobre as paradas<\/h2>\n\n\n\n<ul class=\"wp-block-list\">\n<li>O embarque e desembarque devem ocorrer <strong>exclusivamente nas paradas oficiais<\/strong> do Transporte de Apoio<\/li>\n\n\n\n<li>Recomenda-se aguardar o ve\u00edculo <strong>no ponto indicado e com anteced\u00eancia<\/strong><\/li>\n\n\n\n<li>As paradas podem atender <strong>mais de uma linha<\/strong>, conforme o itiner\u00e1rio<\/li>\n\n\n\n<li>Em caso de d\u00favidas sobre localiza\u00e7\u00e3o, consulte o mapa ou a equipe do N\u00facleo de Transporte<\/li>\n<\/ul>\n\n\n\n<h2 class=\"wp-block-heading\">\ud83d\uddfa\ufe0f Mapa das paradas do Transporte de Apoio<\/h2>\n\n\n\n<p>Visualize a localiza\u00e7\u00e3o das paradas de forma interativa:<\/p>\n\n\n\n<ul class=\"wp-block-list\">\n<li>Acesse o <strong><a href=\"https:\/\/www.google.com\/maps\/d\/u\/0\/edit?mid=10lQVKqXSKS2LWDx4DwlltfZd0WjqfsU&amp;usp=sharing\">mapa geral<\/a><\/strong> com todas as paradas: <em>(Google My Maps)<\/em><\/li>\n\n\n\n<li>Ou clique sobre o <strong>endere\u00e7o de cada parada<\/strong> na tabela acima para visualiz\u00e1-la diretamente no Google Maps<\/li>\n<\/ul>\n\n\n\n<p><\/p>\n","protected":false},"excerpt":{"rendered":"<p>Parada Endere\u00e7o ANGLO &#8211; Campus Anglo (Reitoria) Rua Gomes Carneiro, 01 CEIQ &#8211; Casa do Estudante Ind\u00edgena e Quilombolas Rua Giuseppe Garibaldi, 346 (Esquina Rua Gomes Carneiro) COTADA &#8211; Centro de Engenharias (CENG) Rua Benjamin Constant(Esquina Rua Dona Mariana CCHS &#8211; Campus das Ci\u00eancias Humanas e Sociais Rua Benjamin Constant(Esquina Rua Cel. Alberto Rosa) FAURB [&hellip;]<\/p>\n","protected":false},"author":1121,"featured_media":0,"parent":332,"menu_order":0,"comment_status":"closed","ping_status":"closed","template":"page-sem-sidebar.php","meta":{"footnotes":""},"class_list":["post-1675","page","type-page","status-publish","hentry"],"_links":{"self":[{"href":"https:\/\/wp.ufpel.edu.br\/transporte\/wp-json\/wp\/v2\/pages\/1675","targetHints":{"allow":["GET"]}}],"collection":[{"href":"https:\/\/wp.ufpel.edu.br\/transporte\/wp-json\/wp\/v2\/pages"}],"about":[{"href":"https:\/\/wp.ufpel.edu.br\/transporte\/wp-json\/wp\/v2\/types\/page"}],"author":[{"embeddable":true,"href":"https:\/\/wp.ufpel.edu.br\/transporte\/wp-json\/wp\/v2\/users\/1121"}],"replies":[{"embeddable":true,"href":"https:\/\/wp.ufpel.edu.br\/transporte\/wp-json\/wp\/v2\/comments?post=1675"}],"version-history":[{"count":2,"href":"https:\/\/wp.ufpel.edu.br\/transporte\/wp-json\/wp\/v2\/pages\/1675\/revisions"}],"predecessor-version":[{"id":1726,"href":"https:\/\/wp.ufpel.edu.br\/transporte\/wp-json\/wp\/v2\/pages\/1675\/revisions\/1726"}],"up":[{"embeddable":true,"href":"https:\/\/wp.ufpel.edu.br\/transporte\/wp-json\/wp\/v2\/pages\/332"}],"wp:attachment":[{"href":"https:\/\/wp.ufpel.edu.br\/transporte\/wp-json\/wp\/v2\/media?parent=1675"}],"curies":[{"name":"wp","href":"https:\/\/api.w.org\/{rel}","templated":true}]}}