{"id":1008,"date":"2022-01-21T16:26:22","date_gmt":"2022-01-21T19:26:22","guid":{"rendered":"https:\/\/wp.ufpel.edu.br\/transporte\/?page_id=1008"},"modified":"2022-01-21T16:29:36","modified_gmt":"2022-01-21T19:29:36","slug":"manutencao-veiculos-terceirizados","status":"publish","type":"page","link":"https:\/\/wp.ufpel.edu.br\/transporte\/equipe\/manutencao-veiculos-terceirizados\/","title":{"rendered":"Solicita\u00e7\u00e3o de Manuten\u00e7\u00e3o Ve\u00edculos Oficiais UFPel &#8211; Terceirizados"},"content":{"rendered":"","protected":true},"excerpt":{"rendered":"","protected":true},"author":1121,"featured_media":0,"parent":69,"menu_order":0,"comment_status":"closed","ping_status":"closed","template":"","meta":{"footnotes":""},"class_list":["post-1008","page","type-page","status-publish","post-password-required","hentry"],"_links":{"self":[{"href":"https:\/\/wp.ufpel.edu.br\/transporte\/wp-json\/wp\/v2\/pages\/1008","targetHints":{"allow":["GET"]}}],"collection":[{"href":"https:\/\/wp.ufpel.edu.br\/transporte\/wp-json\/wp\/v2\/pages"}],"about":[{"href":"https:\/\/wp.ufpel.edu.br\/transporte\/wp-json\/wp\/v2\/types\/page"}],"author":[{"embeddable":true,"href":"https:\/\/wp.ufpel.edu.br\/transporte\/wp-json\/wp\/v2\/users\/1121"}],"replies":[{"embeddable":true,"href":"https:\/\/wp.ufpel.edu.br\/transporte\/wp-json\/wp\/v2\/comments?post=1008"}],"version-history":[{"count":2,"href":"https:\/\/wp.ufpel.edu.br\/transporte\/wp-json\/wp\/v2\/pages\/1008\/revisions"}],"predecessor-version":[{"id":1012,"href":"https:\/\/wp.ufpel.edu.br\/transporte\/wp-json\/wp\/v2\/pages\/1008\/revisions\/1012"}],"up":[{"embeddable":true,"href":"https:\/\/wp.ufpel.edu.br\/transporte\/wp-json\/wp\/v2\/pages\/69"}],"wp:attachment":[{"href":"https:\/\/wp.ufpel.edu.br\/transporte\/wp-json\/wp\/v2\/media?parent=1008"}],"curies":[{"name":"wp","href":"https:\/\/api.w.org\/{rel}","templated":true}]}}