{"id":8,"date":"2015-11-23T14:48:10","date_gmt":"2015-11-23T16:48:10","guid":{"rendered":"https:\/\/wp.ufpel.edu.br\/traducaoingles\/?page_id=8"},"modified":"2016-01-14T11:23:55","modified_gmt":"2016-01-14T13:23:55","slug":"grade-curricular","status":"publish","type":"page","link":"https:\/\/wp.ufpel.edu.br\/traducaoingles\/grade-curricular\/","title":{"rendered":"Grade Curricular"},"content":{"rendered":"<p><a href=\"https:\/\/i0.wp.com\/wp.ufpel.edu.br\/traducaoingles\/files\/2015\/11\/Tradu%C3%A7%C3%A3o-Ingl%C3%AAs.jpg?ssl=1\" rel=\"attachment wp-att-48\"><img data-recalc-dims=\"1\" loading=\"lazy\" decoding=\"async\" data-attachment-id=\"48\" data-permalink=\"https:\/\/wp.ufpel.edu.br\/traducaoingles\/grade-curricular\/traducao-ingles\/\" data-orig-file=\"https:\/\/i0.wp.com\/wp.ufpel.edu.br\/traducaoingles\/files\/2015\/11\/Tradu%C3%A7%C3%A3o-Ingl%C3%AAs.jpg?fit=992%2C535&amp;ssl=1\" data-orig-size=\"992,535\" data-comments-opened=\"0\" data-image-meta=\"{&quot;aperture&quot;:&quot;0&quot;,&quot;credit&quot;:&quot;&quot;,&quot;camera&quot;:&quot;&quot;,&quot;caption&quot;:&quot;&quot;,&quot;created_timestamp&quot;:&quot;0&quot;,&quot;copyright&quot;:&quot;&quot;,&quot;focal_length&quot;:&quot;0&quot;,&quot;iso&quot;:&quot;0&quot;,&quot;shutter_speed&quot;:&quot;0&quot;,&quot;title&quot;:&quot;&quot;,&quot;orientation&quot;:&quot;0&quot;}\" data-image-title=\"Tradu\u00e7\u00e3o Ingl\u00eas\" data-image-description=\"\" data-image-caption=\"\" data-medium-file=\"https:\/\/i0.wp.com\/wp.ufpel.edu.br\/traducaoingles\/files\/2015\/11\/Tradu%C3%A7%C3%A3o-Ingl%C3%AAs.jpg?fit=424%2C229&amp;ssl=1\" data-large-file=\"https:\/\/i0.wp.com\/wp.ufpel.edu.br\/traducaoingles\/files\/2015\/11\/Tradu%C3%A7%C3%A3o-Ingl%C3%AAs.jpg?fit=750%2C168&amp;ssl=1\" class=\"aligncenter wp-image-48 size-full\" src=\"https:\/\/i0.wp.com\/wp.ufpel.edu.br\/traducaoingles\/files\/2015\/11\/Tradu%C3%A7%C3%A3o-Ingl%C3%AAs.jpg?resize=750%2C404&#038;ssl=1\" alt=\"Tradu\u00e7\u00e3o Ingl\u00eas\" width=\"750\" height=\"404\" srcset=\"https:\/\/i0.wp.com\/wp.ufpel.edu.br\/traducaoingles\/files\/2015\/11\/Tradu%C3%A7%C3%A3o-Ingl%C3%AAs.jpg?w=992&amp;ssl=1 992w, https:\/\/i0.wp.com\/wp.ufpel.edu.br\/traducaoingles\/files\/2015\/11\/Tradu%C3%A7%C3%A3o-Ingl%C3%AAs.jpg?resize=212%2C114&amp;ssl=1 212w, https:\/\/i0.wp.com\/wp.ufpel.edu.br\/traducaoingles\/files\/2015\/11\/Tradu%C3%A7%C3%A3o-Ingl%C3%AAs.jpg?resize=424%2C229&amp;ssl=1 424w, https:\/\/i0.wp.com\/wp.ufpel.edu.br\/traducaoingles\/files\/2015\/11\/Tradu%C3%A7%C3%A3o-Ingl%C3%AAs.jpg?resize=768%2C414&amp;ssl=1 768w\" sizes=\"auto, (max-width: 750px) 100vw, 750px\" \/><\/a><\/p>\n","protected":false},"excerpt":{"rendered":"","protected":false},"author":50,"featured_media":0,"parent":0,"menu_order":0,"comment_status":"closed","ping_status":"closed","template":"","meta":{"jetpack_post_was_ever_published":false,"footnotes":""},"class_list":["post-8","page","type-page","status-publish","hentry","nodate","item-wrap"],"jetpack_sharing_enabled":true,"jetpack_shortlink":"https:\/\/wp.me\/P8FvTg-8","jetpack-related-posts":[],"_links":{"self":[{"href":"https:\/\/wp.ufpel.edu.br\/traducaoingles\/wp-json\/wp\/v2\/pages\/8","targetHints":{"allow":["GET"]}}],"collection":[{"href":"https:\/\/wp.ufpel.edu.br\/traducaoingles\/wp-json\/wp\/v2\/pages"}],"about":[{"href":"https:\/\/wp.ufpel.edu.br\/traducaoingles\/wp-json\/wp\/v2\/types\/page"}],"author":[{"embeddable":true,"href":"https:\/\/wp.ufpel.edu.br\/traducaoingles\/wp-json\/wp\/v2\/users\/50"}],"replies":[{"embeddable":true,"href":"https:\/\/wp.ufpel.edu.br\/traducaoingles\/wp-json\/wp\/v2\/comments?post=8"}],"version-history":[{"count":4,"href":"https:\/\/wp.ufpel.edu.br\/traducaoingles\/wp-json\/wp\/v2\/pages\/8\/revisions"}],"predecessor-version":[{"id":50,"href":"https:\/\/wp.ufpel.edu.br\/traducaoingles\/wp-json\/wp\/v2\/pages\/8\/revisions\/50"}],"wp:attachment":[{"href":"https:\/\/wp.ufpel.edu.br\/traducaoingles\/wp-json\/wp\/v2\/media?parent=8"}],"curies":[{"name":"wp","href":"https:\/\/api.w.org\/{rel}","templated":true}]}}