{"id":13,"date":"2015-11-23T14:49:32","date_gmt":"2015-11-23T16:49:32","guid":{"rendered":"https:\/\/wp.ufpel.edu.br\/traducaoingles\/?page_id=13"},"modified":"2022-02-04T12:53:21","modified_gmt":"2022-02-04T15:53:21","slug":"corpo-docente","status":"publish","type":"page","link":"https:\/\/wp.ufpel.edu.br\/traducaoingles\/corpo-docente\/","title":{"rendered":"Corpo Docente"},"content":{"rendered":"<p><strong>Ingl\u00eas<\/strong><\/p>\n<p>Alessandra Baldo &#8211; <a href=\"http:\/\/lattes.cnpq.br\/9788719859553141\" target=\"_blank\" rel=\"noopener\">Lattes<\/a><\/p>\n<p>Eduardo Marks de Marques &#8211; <a href=\"http:\/\/lattes.cnpq.br\/9216599540037680\" target=\"_blank\" rel=\"noopener\">Lattes<\/a><\/p>\n<p>Fl\u00e1via Medianeira de Oliveira &#8211; <a href=\"http:\/\/lattes.cnpq.br\/3372942802055329\" target=\"_blank\" rel=\"noopener\">Lattes<\/a><\/p>\n<p>Janie Cristine do Amaral Gon\u00e7alves &#8211; <a href=\"http:\/\/lattes.cnpq.br\/0585798611007919\" target=\"_blank\" rel=\"noopener\">Lattes<\/a><\/p>\n<p>Jos\u00e9 Carlos Marques Volcato &#8211; <a href=\"http:\/\/lattes.cnpq.br\/5525239974372519\" target=\"_blank\" rel=\"noopener\">Lattes<\/a><\/p>\n<p>Let\u00edcia Stander Farias &#8211; <a href=\"http:\/\/lattes.cnpq.br\/5743975510512820\" target=\"_blank\" rel=\"noopener\">Lattes<\/a><\/p>\n<p>Rafael Vetromille de Castro &#8211; <a href=\"http:\/\/lattes.cnpq.br\/3640307400529210\" target=\"_blank\" rel=\"noopener\">Lattes<\/a><\/p>\n<p>Renata Kabke Pinheiro &#8211; <a href=\"http:\/\/lattes.cnpq.br\/5021153354858150\" target=\"_blank\" rel=\"noopener\">Lattes<\/a><\/p>\n<p>S\u00edlvia Costa Kurtz dos Santos &#8211; <a href=\"http:\/\/lattes.cnpq.br\/4241516972685426\" target=\"_blank\" rel=\"noopener\">Lattes<\/a><\/p>\n<p>&nbsp;<\/p>\n<p><strong>L\u00edngua Portuguesa e Latim\/Lingu\u00edstica e Ensino<\/strong><\/p>\n<p>Ana Paula Nobre da Cunha &#8211; <a href=\"http:\/\/lattes.cnpq.br\/2459320830644110\" target=\"_blank\" rel=\"noopener\">Lattes<\/a><\/p>\n<p>C\u00edntia da Costa Alc\u00e2ntara &#8211; <a href=\"http:\/\/lattes.cnpq.br\/8128997617839448\" target=\"_blank\" rel=\"noopener\">Lattes<\/a><\/p>\n<p>Cleide In\u00eas Wittke &#8211; <a href=\"http:\/\/lattes.cnpq.br\/9271700127440992\" target=\"_blank\" rel=\"noopener\">Lattes<\/a><\/p>\n<p>Giovana Ferreira Gon\u00e7alves &#8211; <a href=\"http:\/\/lattes.cnpq.br\/1966228513900929\" target=\"_blank\" rel=\"noopener\">Lattes<\/a><\/p>\n<p>Janaina Cardoso Brum &#8211; <a href=\"http:\/\/lattes.cnpq.br\/4342099235372328\" target=\"_blank\" rel=\"noopener\">Lattes<\/a><\/p>\n<p>Karina Giacomelli &#8211; <a href=\"http:\/\/lattes.cnpq.br\/0288454660583513\" target=\"_blank\" rel=\"noopener\">Lattes<\/a><\/p>\n<p>Let\u00edcia Fonseca Richthofen de Freitas &#8211; <a href=\"http:\/\/lattes.cnpq.br\/9914415339003085\" target=\"_blank\" rel=\"noopener\">Lattes<\/a><\/p>\n<p>Lu\u00eds Isa\u00edas Centeno do Amaral &#8211; <a href=\"http:\/\/lattes.cnpq.br\/4158643597992699\" target=\"_blank\" rel=\"noopener\">Lattes<\/a><\/p>\n<p>M\u00e1rcia Dresch &#8211; <a href=\"http:\/\/lattes.cnpq.br\/8158709542630349\" target=\"_blank\" rel=\"noopener\">Lattes<\/a><\/p>\n<p>Maria Jos\u00e9 Blaskovski Vieira &#8211; <a href=\"http:\/\/lattes.cnpq.br\/8390906949557208\" target=\"_blank\" rel=\"noopener\">Lattes<\/a><\/p>\n<p>Mirian Rose Brum de Paula &#8211; <a href=\"http:\/\/lattes.cnpq.br\/8713626789041848\" target=\"_blank\" rel=\"noopener\">Lattes<\/a><\/p>\n<p>N\u00f3ris Eunice Wiener Pureza Duarte &#8211; <a href=\"http:\/\/lattes.cnpq.br\/8609426873536780\" target=\"_blank\" rel=\"noopener\">Lattes<\/a><\/p>\n<p>Paula Branco de Ara\u00fajo Brauner &#8211; <a href=\"http:\/\/lattes.cnpq.br\/4671628074991361\" target=\"_blank\" rel=\"noopener\">Lattes<\/a><\/p>\n<p>Paula Fernanda Eick Cardoso &#8211; <a href=\"http:\/\/lattes.cnpq.br\/5325775493727475\" target=\"_blank\" rel=\"noopener\">Lattes<\/a><\/p>\n<p>Paulo Ricardo Silveira Borges &#8211; <a href=\"http:\/\/lattes.cnpq.br\/5832148478408235\" target=\"_blank\" rel=\"noopener\">Lattes<\/a><\/p>\n<p>Rejane Flor Machado &#8211; <a href=\"http:\/\/lattes.cnpq.br\/8861675082220159\" target=\"_blank\" rel=\"noopener\">Lattes<\/a><\/p>\n<p>Sandra Maria Leal Alves &#8211; <a href=\"http:\/\/lattes.cnpq.br\/7966418033332955\" target=\"_blank\" rel=\"noopener\">Lattes<\/a><\/p>\n<p>Ta\u00eds Bopp da Silva &#8211; <a href=\"http:\/\/lattes.cnpq.br\/9487645788091758\" target=\"_blank\" rel=\"noopener\">Lattes<\/a><\/p>\n<p>Vanessa Doumid Damasceno &#8211; <a href=\"http:\/\/lattes.cnpq.br\/5548485938932287\" target=\"_blank\" rel=\"noopener\">Lattes<\/a><\/p>\n<p>&nbsp;<\/p>\n<p><strong>Literatura<\/strong><\/p>\n<p>Alfeu Sparemberger &#8211; <a href=\"http:\/\/lattes.cnpq.br\/9671613350365467\" target=\"_blank\" rel=\"noopener\">Lattes<\/a><\/p>\n<p>Andrea Czarnobay Perrot &#8211; <a href=\"http:\/\/lattes.cnpq.br\/7722188771417051\" target=\"_blank\" rel=\"noopener\">Lattes<\/a><\/p>\n<p>Aulus Mandagar\u00e1 Martins &#8211; <a href=\"http:\/\/lattes.cnpq.br\/5779140095343632\" target=\"_blank\" rel=\"noopener\">Lattes<\/a><\/p>\n<p>Claudia Lorena Vouto da Fonseca &#8211; <a href=\"http:\/\/lattes.cnpq.br\/7009414478179425\" target=\"_blank\" rel=\"noopener\">Lattes<\/a><\/p>\n<p>Gustavo Henrique R\u00fcckert &#8211; <a href=\"http:\/\/lattes.cnpq.br\/3426796078386126\" target=\"_blank\" rel=\"noopener\">Lattes<\/a><\/p>\n<p>Imgart Gr\u00fctzmann &#8211; <a href=\"http:\/\/lattes.cnpq.br\/9662229573238321\" target=\"_blank\" rel=\"noopener\">Lattes<\/a><\/p>\n<p>Jo\u00e3o Lu\u00eds Pereira Ourique &#8211; <a href=\"http:\/\/lattes.cnpq.br\/4095677614469415\" target=\"_blank\" rel=\"noopener\">Lattes<\/a><\/p>\n<p>Mitizi de Miranda Gomes &#8211; <a href=\"http:\/\/lattes.cnpq.br\/1000545445158079\" target=\"_blank\" rel=\"noopener\">Lattes<\/a><\/p>\n<p>&nbsp;<\/p>\n<p><strong>Libras<\/strong><\/p>\n<p>Aline de Castro e Kaster &#8211; <a href=\"http:\/\/lattes.cnpq.br\/8805938565252509\" target=\"_blank\" rel=\"noopener\">Lattes<\/a><\/p>\n<p>Angela Nediane dos Santos &#8211; <a href=\"http:\/\/lattes.cnpq.br\/2329619753972869\" target=\"_blank\" rel=\"noopener\">Lattes<\/a><\/p>\n<p>Fabiano Souto Rosa &#8211; <a href=\"http:\/\/lattes.cnpq.br\/0827970294812223\" target=\"_blank\" rel=\"noopener\">Lattes<\/a><\/p>\n<p>Ivana Gomes da Silva &#8211; <a href=\"http:\/\/lattes.cnpq.br\/7448597498806641\" target=\"_blank\" rel=\"noopener\">Lattes<\/a><\/p>\n<p>Karina \u00c1vila Pereira &#8211; <a href=\"http:\/\/lattes.cnpq.br\/6717704861000296\" target=\"_blank\" rel=\"noopener\">Lattes<\/a><\/p>\n<p>Mayara Bataglin Raugust &#8211; <a href=\"http:\/\/lattes.cnpq.br\/4211320104895343\" target=\"_blank\" rel=\"noopener\">Lattes<\/a><\/p>\n<p>Tatiana Bolivar Lebedeff &#8211; <a href=\"http:\/\/lattes.cnpq.br\/0081286250806899\" target=\"_blank\" rel=\"noopener\">Lattes<\/a><\/p>\n<p>&nbsp;<\/p>\n<p><strong>Tradu\u00e7\u00e3o<\/strong><\/p>\n<p>Beatriz Vi\u00e9gas-Faria &#8211; <a href=\"http:\/\/lattes.cnpq.br\/1780670647812562\" target=\"_blank\" rel=\"noopener\">Lattes<\/a><\/p>\n<p>Juliana Steil &#8211; <a href=\"http:\/\/lattes.cnpq.br\/5586916987453183\" target=\"_blank\" rel=\"noopener\">Lattes<\/a><\/p>\n<p>Marisa Helena Degasperi &#8211; <a href=\"http:\/\/lattes.cnpq.br\/6891029117610519\" target=\"_blank\" rel=\"noopener\">Lattes<\/a><\/p>\n<p>Roberta Rego Rodrigues &#8211; <a href=\"http:\/\/lattes.cnpq.br\/6281175549996840\" target=\"_blank\" rel=\"noopener\">Lattes<\/a><\/p>\n<p>&nbsp;<\/p>\n<p><strong>Professores tempor\u00e1rios e substitutos<\/strong><\/p>\n<p><strong>L\u00edngua Portuguesa e Latim\/Lingu\u00edstica e Ensino<\/strong><\/p>\n<p>Alexander Severo Cordoba &#8211; <a href=\"http:\/\/lattes.cnpq.br\/8505418842492789\" target=\"_blank\" rel=\"noopener\">Lattes<\/a><\/p>\n<p>Aline Concei\u00e7\u00e3o Job da Silva &#8211; <a href=\"http:\/\/lattes.cnpq.br\/2065476109697136\" target=\"_blank\" rel=\"noopener\">Lattes<\/a><\/p>\n","protected":false},"excerpt":{"rendered":"<p>Ingl\u00eas Alessandra Baldo &#8211; Lattes Eduardo Marks de Marques &#8211; Lattes Fl\u00e1via Medianeira de Oliveira &#8211; Lattes Janie Cristine do Amaral Gon\u00e7alves &#8211; Lattes Jos\u00e9 Carlos Marques Volcato &#8211; Lattes Let\u00edcia Stander Farias &#8211; Lattes Rafael Vetromille de Castro &#8211; Lattes Renata Kabke Pinheiro &#8211; Lattes S\u00edlvia Costa Kurtz dos Santos &#8211; Lattes &nbsp; L\u00edngua &hellip; <\/p>\n<p><a class=\"more-link btn\" href=\"https:\/\/wp.ufpel.edu.br\/traducaoingles\/corpo-docente\/\">Continue lendo<\/a><\/p>\n","protected":false},"author":50,"featured_media":0,"parent":0,"menu_order":0,"comment_status":"closed","ping_status":"closed","template":"","meta":{"jetpack_post_was_ever_published":false,"footnotes":""},"class_list":["post-13","page","type-page","status-publish","hentry","nodate","item-wrap"],"jetpack_sharing_enabled":true,"jetpack_shortlink":"https:\/\/wp.me\/P8FvTg-d","jetpack-related-posts":[],"_links":{"self":[{"href":"https:\/\/wp.ufpel.edu.br\/traducaoingles\/wp-json\/wp\/v2\/pages\/13","targetHints":{"allow":["GET"]}}],"collection":[{"href":"https:\/\/wp.ufpel.edu.br\/traducaoingles\/wp-json\/wp\/v2\/pages"}],"about":[{"href":"https:\/\/wp.ufpel.edu.br\/traducaoingles\/wp-json\/wp\/v2\/types\/page"}],"author":[{"embeddable":true,"href":"https:\/\/wp.ufpel.edu.br\/traducaoingles\/wp-json\/wp\/v2\/users\/50"}],"replies":[{"embeddable":true,"href":"https:\/\/wp.ufpel.edu.br\/traducaoingles\/wp-json\/wp\/v2\/comments?post=13"}],"version-history":[{"count":2,"href":"https:\/\/wp.ufpel.edu.br\/traducaoingles\/wp-json\/wp\/v2\/pages\/13\/revisions"}],"predecessor-version":[{"id":194,"href":"https:\/\/wp.ufpel.edu.br\/traducaoingles\/wp-json\/wp\/v2\/pages\/13\/revisions\/194"}],"wp:attachment":[{"href":"https:\/\/wp.ufpel.edu.br\/traducaoingles\/wp-json\/wp\/v2\/media?parent=13"}],"curies":[{"name":"wp","href":"https:\/\/api.w.org\/{rel}","templated":true}]}}