{"id":10,"date":"2015-11-23T14:48:58","date_gmt":"2015-11-23T16:48:58","guid":{"rendered":"https:\/\/wp.ufpel.edu.br\/traducaoingles\/?page_id=10"},"modified":"2016-01-13T13:05:57","modified_gmt":"2016-01-13T15:05:57","slug":"horarios","status":"publish","type":"page","link":"https:\/\/wp.ufpel.edu.br\/traducaoingles\/horarios\/","title":{"rendered":"Hor\u00e1rios"},"content":{"rendered":"<p>J\u00e1 est\u00e1 dispon\u00edvel a \u00a0<a href=\"https:\/\/wp.ufpel.edu.br\/clc\/2015\/12\/23\/divulgadas-as-grades-de-horarios-20161\/\">Grade de Hor\u00e1rios dos Cursos do CLC 2016\/1<\/a>\u00a0no Portal!<\/p>\n","protected":false},"excerpt":{"rendered":"<p>J\u00e1 est\u00e1 dispon\u00edvel a \u00a0Grade de Hor\u00e1rios dos Cursos do CLC 2016\/1\u00a0no Portal!<\/p>\n","protected":false},"author":50,"featured_media":0,"parent":0,"menu_order":0,"comment_status":"closed","ping_status":"closed","template":"","meta":{"jetpack_post_was_ever_published":false,"footnotes":""},"class_list":["post-10","page","type-page","status-publish","hentry","nodate","item-wrap"],"jetpack_sharing_enabled":true,"jetpack_shortlink":"https:\/\/wp.me\/P8FvTg-a","jetpack-related-posts":[],"_links":{"self":[{"href":"https:\/\/wp.ufpel.edu.br\/traducaoingles\/wp-json\/wp\/v2\/pages\/10","targetHints":{"allow":["GET"]}}],"collection":[{"href":"https:\/\/wp.ufpel.edu.br\/traducaoingles\/wp-json\/wp\/v2\/pages"}],"about":[{"href":"https:\/\/wp.ufpel.edu.br\/traducaoingles\/wp-json\/wp\/v2\/types\/page"}],"author":[{"embeddable":true,"href":"https:\/\/wp.ufpel.edu.br\/traducaoingles\/wp-json\/wp\/v2\/users\/50"}],"replies":[{"embeddable":true,"href":"https:\/\/wp.ufpel.edu.br\/traducaoingles\/wp-json\/wp\/v2\/comments?post=10"}],"version-history":[{"count":6,"href":"https:\/\/wp.ufpel.edu.br\/traducaoingles\/wp-json\/wp\/v2\/pages\/10\/revisions"}],"predecessor-version":[{"id":46,"href":"https:\/\/wp.ufpel.edu.br\/traducaoingles\/wp-json\/wp\/v2\/pages\/10\/revisions\/46"}],"wp:attachment":[{"href":"https:\/\/wp.ufpel.edu.br\/traducaoingles\/wp-json\/wp\/v2\/media?parent=10"}],"curies":[{"name":"wp","href":"https:\/\/api.w.org\/{rel}","templated":true}]}}