{"id":19,"date":"2015-11-23T15:04:41","date_gmt":"2015-11-23T17:04:41","guid":{"rendered":"https:\/\/wp.ufpel.edu.br\/traducaoespanhol\/?page_id=19"},"modified":"2016-01-06T11:59:09","modified_gmt":"2016-01-06T13:59:09","slug":"documentos","status":"publish","type":"page","link":"https:\/\/wp.ufpel.edu.br\/traducaoespanhol\/documentos\/","title":{"rendered":"Documentos"},"content":{"rendered":"<p><a href=\"https:\/\/wp.ufpel.edu.br\/traducaoespanhol\/files\/2015\/11\/PPC-B-ESPANHOL-2013.pdf\" rel=\"attachment wp-att-40\">Projeto Pedag\u00f3gico de Curso: Tradu\u00e7\u00e3o Espanhol \u2013 Portugu\u00eas<\/a><\/p>\n","protected":false},"excerpt":{"rendered":"<p>Projeto Pedag\u00f3gico de Curso: Tradu\u00e7\u00e3o Espanhol \u2013 Portugu\u00eas<\/p>\n","protected":false},"author":50,"featured_media":0,"parent":0,"menu_order":0,"comment_status":"closed","ping_status":"closed","template":"","meta":{"jetpack_post_was_ever_published":false,"footnotes":""},"class_list":["post-19","page","type-page","status-publish","hentry","nodate","item-wrap"],"jetpack_sharing_enabled":true,"jetpack_shortlink":"https:\/\/wp.me\/P8F3uh-j","jetpack-related-posts":[],"_links":{"self":[{"href":"https:\/\/wp.ufpel.edu.br\/traducaoespanhol\/wp-json\/wp\/v2\/pages\/19","targetHints":{"allow":["GET"]}}],"collection":[{"href":"https:\/\/wp.ufpel.edu.br\/traducaoespanhol\/wp-json\/wp\/v2\/pages"}],"about":[{"href":"https:\/\/wp.ufpel.edu.br\/traducaoespanhol\/wp-json\/wp\/v2\/types\/page"}],"author":[{"embeddable":true,"href":"https:\/\/wp.ufpel.edu.br\/traducaoespanhol\/wp-json\/wp\/v2\/users\/50"}],"replies":[{"embeddable":true,"href":"https:\/\/wp.ufpel.edu.br\/traducaoespanhol\/wp-json\/wp\/v2\/comments?post=19"}],"version-history":[{"count":2,"href":"https:\/\/wp.ufpel.edu.br\/traducaoespanhol\/wp-json\/wp\/v2\/pages\/19\/revisions"}],"predecessor-version":[{"id":46,"href":"https:\/\/wp.ufpel.edu.br\/traducaoespanhol\/wp-json\/wp\/v2\/pages\/19\/revisions\/46"}],"wp:attachment":[{"href":"https:\/\/wp.ufpel.edu.br\/traducaoespanhol\/wp-json\/wp\/v2\/media?parent=19"}],"curies":[{"name":"wp","href":"https:\/\/api.w.org\/{rel}","templated":true}]}}