{"id":4,"date":"2020-03-31T14:19:47","date_gmt":"2020-03-31T17:19:47","guid":{"rendered":"https:\/\/wp.ufpel.edu.br\/topocotada\/?page_id=4"},"modified":"2020-04-08T19:34:31","modified_gmt":"2020-04-08T22:34:31","slug":"o-laboratorio","status":"publish","type":"page","link":"https:\/\/wp.ufpel.edu.br\/topocotada\/","title":{"rendered":"O laborat\u00f3rio"},"content":{"rendered":"<p style=\"text-align: justify\"><span style=\"font-family: arial, helvetica, sans-serif;font-size: 12pt;color: #000000\">O Laborat\u00f3rio\u00a0de Topografia \u2013 Cotada foi constitu\u00eddo para as atividades did\u00e1ticas dos Cursos de: Engenharia Ambiental e Sanit\u00e1ria e Engenharia Civil do Centro de Engenharias, atrav\u00e9s do Programa de apoio os planos de reestrutura\u00e7\u00e3o e expans\u00e3o das Universidades Federais &#8211; REUNI &#8211; do MEC no ano de 2010.<\/span><\/p>\n<p style=\"text-align: justify\"><span style=\"font-family: arial, helvetica, sans-serif;font-size: 12pt;color: #000000\">Atualmente, o laborat\u00f3rio tem como finalidade principal contribuir para as atividades did\u00e1ticas do Centro de Engenharias, em especial para a realiza\u00e7\u00e3o de aulas pr\u00e1ticas e monitorias, assim como para o desenvolvimento de atividades relacionadas \u00e0 pesquisa e extens\u00e3o. E localiza-se na Sala 105 na R. Benjamin Constant,989 &#8211; Porto &#8211; Pelotas &#8211; Rio Grande do Sul.<\/span><\/p>\n","protected":false},"excerpt":{"rendered":"<p>O Laborat\u00f3rio\u00a0de Topografia \u2013 Cotada foi constitu\u00eddo para as atividades did\u00e1ticas dos Cursos de: Engenharia Ambiental e Sanit\u00e1ria e Engenharia Civil do Centro de Engenharias, atrav\u00e9s do Programa de apoio os planos de reestrutura\u00e7\u00e3o e expans\u00e3o das Universidades Federais &#8211; REUNI &#8211; do MEC no ano de 2010. Atualmente, o laborat\u00f3rio tem como finalidade principal [&hellip;]<\/p>\n","protected":false},"author":992,"featured_media":0,"parent":0,"menu_order":0,"comment_status":"closed","ping_status":"closed","template":"","meta":{"footnotes":""},"class_list":["post-4","page","type-page","status-publish","hentry"],"_links":{"self":[{"href":"https:\/\/wp.ufpel.edu.br\/topocotada\/wp-json\/wp\/v2\/pages\/4","targetHints":{"allow":["GET"]}}],"collection":[{"href":"https:\/\/wp.ufpel.edu.br\/topocotada\/wp-json\/wp\/v2\/pages"}],"about":[{"href":"https:\/\/wp.ufpel.edu.br\/topocotada\/wp-json\/wp\/v2\/types\/page"}],"author":[{"embeddable":true,"href":"https:\/\/wp.ufpel.edu.br\/topocotada\/wp-json\/wp\/v2\/users\/992"}],"replies":[{"embeddable":true,"href":"https:\/\/wp.ufpel.edu.br\/topocotada\/wp-json\/wp\/v2\/comments?post=4"}],"version-history":[{"count":5,"href":"https:\/\/wp.ufpel.edu.br\/topocotada\/wp-json\/wp\/v2\/pages\/4\/revisions"}],"predecessor-version":[{"id":209,"href":"https:\/\/wp.ufpel.edu.br\/topocotada\/wp-json\/wp\/v2\/pages\/4\/revisions\/209"}],"wp:attachment":[{"href":"https:\/\/wp.ufpel.edu.br\/topocotada\/wp-json\/wp\/v2\/media?parent=4"}],"curies":[{"name":"wp","href":"https:\/\/api.w.org\/{rel}","templated":true}]}}