{"id":38,"date":"2020-03-31T15:12:04","date_gmt":"2020-03-31T18:12:04","guid":{"rendered":"https:\/\/wp.ufpel.edu.br\/topocotada\/?page_id=38"},"modified":"2025-02-12T18:28:40","modified_gmt":"2025-02-12T21:28:40","slug":"equipamentos","status":"publish","type":"page","link":"https:\/\/wp.ufpel.edu.br\/topocotada\/equipamentos\/","title":{"rendered":"Equipamentos"},"content":{"rendered":"<p>Os equipamentos dispon\u00edveis no laborat\u00f3rio s\u00e3o:<\/p>\n<div id=\"attachment_295\" style=\"width: 310px\" class=\"wp-caption alignnone\"><img aria-describedby=\"caption-attachment-295\" class=\"wp-image-295 size-medium\" src=\"https:\/\/wp.ufpel.edu.br\/topocotada\/files\/2021\/11\/IMG_20211129_161421-300x400.jpg\" alt=\"\" width=\"300\" height=\"400\" srcset=\"https:\/\/wp.ufpel.edu.br\/topocotada\/files\/2021\/11\/IMG_20211129_161421-300x400.jpg 300w, https:\/\/wp.ufpel.edu.br\/topocotada\/files\/2021\/11\/IMG_20211129_161421-768x1024.jpg 768w, https:\/\/wp.ufpel.edu.br\/topocotada\/files\/2021\/11\/IMG_20211129_161421-1152x1536.jpg 1152w, https:\/\/wp.ufpel.edu.br\/topocotada\/files\/2021\/11\/IMG_20211129_161421-1536x2048.jpg 1536w, https:\/\/wp.ufpel.edu.br\/topocotada\/files\/2021\/11\/IMG_20211129_161421-scaled.jpg 1920w\" sizes=\"(max-width: 300px) 100vw, 300px\" \/><p id=\"caption-attachment-295\" class=\"wp-caption-text\">Esta\u00e7\u00e3o Total<\/p><\/div>\n<div id=\"attachment_296\" style=\"width: 310px\" class=\"wp-caption alignnone\"><img aria-describedby=\"caption-attachment-296\" class=\"wp-image-296 size-medium\" src=\"https:\/\/wp.ufpel.edu.br\/topocotada\/files\/2021\/11\/IMG_20211129_161455-300x400.jpg\" alt=\"Esta\u00e7\u00e3o Total\" width=\"300\" height=\"400\" srcset=\"https:\/\/wp.ufpel.edu.br\/topocotada\/files\/2021\/11\/IMG_20211129_161455-300x400.jpg 300w, https:\/\/wp.ufpel.edu.br\/topocotada\/files\/2021\/11\/IMG_20211129_161455-768x1024.jpg 768w, https:\/\/wp.ufpel.edu.br\/topocotada\/files\/2021\/11\/IMG_20211129_161455-1152x1536.jpg 1152w, https:\/\/wp.ufpel.edu.br\/topocotada\/files\/2021\/11\/IMG_20211129_161455-1536x2048.jpg 1536w, https:\/\/wp.ufpel.edu.br\/topocotada\/files\/2021\/11\/IMG_20211129_161455-scaled.jpg 1920w\" sizes=\"(max-width: 300px) 100vw, 300px\" \/><p id=\"caption-attachment-296\" class=\"wp-caption-text\">Esta\u00e7\u00e3o Total<\/p><\/div>\n<p><img class=\"wp-image-108\" src=\"https:\/\/wp.ufpel.edu.br\/topocotada\/files\/2020\/03\/Esta\u00e7ao-346x400.png\" alt=\"\" width=\"432\" height=\"500\" srcset=\"https:\/\/wp.ufpel.edu.br\/topocotada\/files\/2020\/03\/Esta\u00e7ao-346x400.png 346w, https:\/\/wp.ufpel.edu.br\/topocotada\/files\/2020\/03\/Esta\u00e7ao-885x1024.png 885w, https:\/\/wp.ufpel.edu.br\/topocotada\/files\/2020\/03\/Esta\u00e7ao-768x888.png 768w, https:\/\/wp.ufpel.edu.br\/topocotada\/files\/2020\/03\/Esta\u00e7ao-1328x1536.png 1328w, https:\/\/wp.ufpel.edu.br\/topocotada\/files\/2020\/03\/Esta\u00e7ao-1770x2048.png 1770w\" sizes=\"(max-width: 432px) 100vw, 432px\" \/><\/p>\n<p>Esta\u00e7\u00e3o Total<\/p>\n<p>&nbsp;<\/p>\n<div id=\"attachment_102\" style=\"width: 314px\" class=\"wp-caption alignnone\"><img aria-describedby=\"caption-attachment-102\" class=\"wp-image-102\" src=\"https:\/\/wp.ufpel.edu.br\/topocotada\/files\/2020\/03\/teodolito-243x400.png\" alt=\"\" width=\"304\" height=\"500\" srcset=\"https:\/\/wp.ufpel.edu.br\/topocotada\/files\/2020\/03\/teodolito-243x400.png 243w, https:\/\/wp.ufpel.edu.br\/topocotada\/files\/2020\/03\/teodolito-622x1024.png 622w, https:\/\/wp.ufpel.edu.br\/topocotada\/files\/2020\/03\/teodolito-768x1264.png 768w, https:\/\/wp.ufpel.edu.br\/topocotada\/files\/2020\/03\/teodolito-933x1536.png 933w, https:\/\/wp.ufpel.edu.br\/topocotada\/files\/2020\/03\/teodolito-1244x2048.png 1244w, https:\/\/wp.ufpel.edu.br\/topocotada\/files\/2020\/03\/teodolito.png 1808w\" sizes=\"(max-width: 304px) 100vw, 304px\" \/><p id=\"caption-attachment-102\" class=\"wp-caption-text\">Teodolito<\/p><\/div>\n<p>&nbsp;<\/p>\n<div id=\"attachment_103\" style=\"width: 410px\" class=\"wp-caption alignnone\"><img aria-describedby=\"caption-attachment-103\" class=\"wp-image-103 size-medium\" src=\"https:\/\/wp.ufpel.edu.br\/topocotada\/files\/2020\/03\/bussola-400x204.png\" alt=\"\" width=\"400\" height=\"204\" srcset=\"https:\/\/wp.ufpel.edu.br\/topocotada\/files\/2020\/03\/bussola-400x204.png 400w, https:\/\/wp.ufpel.edu.br\/topocotada\/files\/2020\/03\/bussola-1024x522.png 1024w, https:\/\/wp.ufpel.edu.br\/topocotada\/files\/2020\/03\/bussola-768x391.png 768w, https:\/\/wp.ufpel.edu.br\/topocotada\/files\/2020\/03\/bussola-1536x783.png 1536w, https:\/\/wp.ufpel.edu.br\/topocotada\/files\/2020\/03\/bussola-2048x1043.png 2048w\" sizes=\"(max-width: 400px) 100vw, 400px\" \/><p id=\"caption-attachment-103\" class=\"wp-caption-text\">B\u00fassola<\/p><\/div>\n<p>&nbsp;<\/p>\n<p>&nbsp;<\/p>\n<p>&nbsp;<\/p>\n<p>&nbsp;<\/p>\n<div id=\"attachment_104\" style=\"width: 371px\" class=\"wp-caption alignnone\"><img aria-describedby=\"caption-attachment-104\" class=\"wp-image-104 size-medium\" src=\"https:\/\/wp.ufpel.edu.br\/topocotada\/files\/2020\/03\/tripenotriangulo-361x400.png\" alt=\"\" width=\"361\" height=\"400\" srcset=\"https:\/\/wp.ufpel.edu.br\/topocotada\/files\/2020\/03\/tripenotriangulo-361x400.png 361w, https:\/\/wp.ufpel.edu.br\/topocotada\/files\/2020\/03\/tripenotriangulo-923x1024.png 923w, https:\/\/wp.ufpel.edu.br\/topocotada\/files\/2020\/03\/tripenotriangulo-768x852.png 768w, https:\/\/wp.ufpel.edu.br\/topocotada\/files\/2020\/03\/tripenotriangulo-1385x1536.png 1385w, https:\/\/wp.ufpel.edu.br\/topocotada\/files\/2020\/03\/tripenotriangulo.png 1760w\" sizes=\"(max-width: 361px) 100vw, 361px\" \/><p id=\"caption-attachment-104\" class=\"wp-caption-text\">Trip\u00e9 e tri\u00e2ngulo<\/p><\/div>\n<p>&nbsp;<\/p>\n<div id=\"attachment_105\" style=\"width: 161px\" class=\"wp-caption alignnone\"><img aria-describedby=\"caption-attachment-105\" class=\"wp-image-105 \" src=\"https:\/\/wp.ufpel.edu.br\/topocotada\/files\/2020\/03\/baliza-88x400.png\" alt=\"\" width=\"151\" height=\"686\" \/><p id=\"caption-attachment-105\" class=\"wp-caption-text\">Bast\u00e3o<\/p><\/div>\n<div id=\"attachment_106\" style=\"width: 113px\" class=\"wp-caption alignnone\"><img aria-describedby=\"caption-attachment-106\" class=\"wp-image-106 size-medium\" src=\"https:\/\/wp.ufpel.edu.br\/topocotada\/files\/2020\/03\/tripe-103x400.png\" alt=\"\" width=\"103\" height=\"400\" srcset=\"https:\/\/wp.ufpel.edu.br\/topocotada\/files\/2020\/03\/tripe-103x400.png 103w, https:\/\/wp.ufpel.edu.br\/topocotada\/files\/2020\/03\/tripe-263x1024.png 263w\" sizes=\"(max-width: 103px) 100vw, 103px\" \/><p id=\"caption-attachment-106\" class=\"wp-caption-text\">Trip\u00e9<\/p><\/div>\n<p>&nbsp;<\/p>\n<div id=\"attachment_107\" style=\"width: 395px\" class=\"wp-caption alignnone\"><img aria-describedby=\"caption-attachment-107\" class=\"wp-image-107 size-medium\" src=\"https:\/\/wp.ufpel.edu.br\/topocotada\/files\/2020\/03\/espelho-385x400.png\" alt=\"\" width=\"385\" height=\"400\" srcset=\"https:\/\/wp.ufpel.edu.br\/topocotada\/files\/2020\/03\/espelho-385x400.png 385w, https:\/\/wp.ufpel.edu.br\/topocotada\/files\/2020\/03\/espelho-986x1024.png 986w, https:\/\/wp.ufpel.edu.br\/topocotada\/files\/2020\/03\/espelho-768x797.png 768w, https:\/\/wp.ufpel.edu.br\/topocotada\/files\/2020\/03\/espelho-1479x1536.png 1479w, https:\/\/wp.ufpel.edu.br\/topocotada\/files\/2020\/03\/espelho-1972x2048.png 1972w\" sizes=\"(max-width: 385px) 100vw, 385px\" \/><p id=\"caption-attachment-107\" class=\"wp-caption-text\">Prisma<\/p><\/div>\n<p>&nbsp;<\/p>\n<p><img class=\"alignnone size-medium wp-image-479\" src=\"https:\/\/wp.ufpel.edu.br\/topocotada\/files\/2025\/02\/Captura-de-tela-2025-02-12-162256-400x187.png\" alt=\"\" width=\"400\" height=\"187\" srcset=\"https:\/\/wp.ufpel.edu.br\/topocotada\/files\/2025\/02\/Captura-de-tela-2025-02-12-162256-400x187.png 400w, https:\/\/wp.ufpel.edu.br\/topocotada\/files\/2025\/02\/Captura-de-tela-2025-02-12-162256.png 707w\" sizes=\"(max-width: 400px) 100vw, 400px\" \/><\/p>\n<p><img class=\"alignnone size-medium wp-image-477\" src=\"https:\/\/wp.ufpel.edu.br\/topocotada\/files\/2025\/02\/WhatsApp-Image-2025-02-12-at-16.27.02-400x225.jpeg\" alt=\"\" width=\"400\" height=\"225\" srcset=\"https:\/\/wp.ufpel.edu.br\/topocotada\/files\/2025\/02\/WhatsApp-Image-2025-02-12-at-16.27.02-400x225.jpeg 400w, https:\/\/wp.ufpel.edu.br\/topocotada\/files\/2025\/02\/WhatsApp-Image-2025-02-12-at-16.27.02-1024x576.jpeg 1024w, https:\/\/wp.ufpel.edu.br\/topocotada\/files\/2025\/02\/WhatsApp-Image-2025-02-12-at-16.27.02-768x432.jpeg 768w, https:\/\/wp.ufpel.edu.br\/topocotada\/files\/2025\/02\/WhatsApp-Image-2025-02-12-at-16.27.02-1536x864.jpeg 1536w, https:\/\/wp.ufpel.edu.br\/topocotada\/files\/2025\/02\/WhatsApp-Image-2025-02-12-at-16.27.02.jpeg 1600w\" sizes=\"(max-width: 400px) 100vw, 400px\" \/><\/p>\n<p><img class=\"alignnone size-medium wp-image-476\" src=\"https:\/\/wp.ufpel.edu.br\/topocotada\/files\/2025\/02\/WhatsApp-Image-2025-02-12-at-16.26.54-400x225.jpeg\" alt=\"\" width=\"400\" height=\"225\" srcset=\"https:\/\/wp.ufpel.edu.br\/topocotada\/files\/2025\/02\/WhatsApp-Image-2025-02-12-at-16.26.54-400x225.jpeg 400w, https:\/\/wp.ufpel.edu.br\/topocotada\/files\/2025\/02\/WhatsApp-Image-2025-02-12-at-16.26.54-1024x576.jpeg 1024w, https:\/\/wp.ufpel.edu.br\/topocotada\/files\/2025\/02\/WhatsApp-Image-2025-02-12-at-16.26.54-768x432.jpeg 768w, https:\/\/wp.ufpel.edu.br\/topocotada\/files\/2025\/02\/WhatsApp-Image-2025-02-12-at-16.26.54-1536x864.jpeg 1536w, https:\/\/wp.ufpel.edu.br\/topocotada\/files\/2025\/02\/WhatsApp-Image-2025-02-12-at-16.26.54.jpeg 1600w\" sizes=\"(max-width: 400px) 100vw, 400px\" \/><\/p>\n<p><img class=\"alignnone size-medium wp-image-475\" src=\"https:\/\/wp.ufpel.edu.br\/topocotada\/files\/2025\/02\/WhatsApp-Image-2025-02-12-at-16.26.26-400x225.jpeg\" alt=\"\" width=\"400\" height=\"225\" srcset=\"https:\/\/wp.ufpel.edu.br\/topocotada\/files\/2025\/02\/WhatsApp-Image-2025-02-12-at-16.26.26-400x225.jpeg 400w, https:\/\/wp.ufpel.edu.br\/topocotada\/files\/2025\/02\/WhatsApp-Image-2025-02-12-at-16.26.26-1024x576.jpeg 1024w, https:\/\/wp.ufpel.edu.br\/topocotada\/files\/2025\/02\/WhatsApp-Image-2025-02-12-at-16.26.26-768x432.jpeg 768w, https:\/\/wp.ufpel.edu.br\/topocotada\/files\/2025\/02\/WhatsApp-Image-2025-02-12-at-16.26.26-1536x864.jpeg 1536w, https:\/\/wp.ufpel.edu.br\/topocotada\/files\/2025\/02\/WhatsApp-Image-2025-02-12-at-16.26.26.jpeg 1600w\" sizes=\"(max-width: 400px) 100vw, 400px\" \/><\/p>\n<p><img class=\"alignnone size-medium wp-image-474\" src=\"https:\/\/wp.ufpel.edu.br\/topocotada\/files\/2025\/02\/WhatsApp-Image-2025-02-12-at-16.26.18-400x225.jpeg\" alt=\"\" width=\"400\" height=\"225\" srcset=\"https:\/\/wp.ufpel.edu.br\/topocotada\/files\/2025\/02\/WhatsApp-Image-2025-02-12-at-16.26.18-400x225.jpeg 400w, https:\/\/wp.ufpel.edu.br\/topocotada\/files\/2025\/02\/WhatsApp-Image-2025-02-12-at-16.26.18-1024x576.jpeg 1024w, https:\/\/wp.ufpel.edu.br\/topocotada\/files\/2025\/02\/WhatsApp-Image-2025-02-12-at-16.26.18-768x432.jpeg 768w, https:\/\/wp.ufpel.edu.br\/topocotada\/files\/2025\/02\/WhatsApp-Image-2025-02-12-at-16.26.18-1536x864.jpeg 1536w, https:\/\/wp.ufpel.edu.br\/topocotada\/files\/2025\/02\/WhatsApp-Image-2025-02-12-at-16.26.18.jpeg 1600w\" sizes=\"(max-width: 400px) 100vw, 400px\" \/><\/p>\n<p><img class=\"alignnone size-medium wp-image-470\" src=\"https:\/\/wp.ufpel.edu.br\/topocotada\/files\/2025\/02\/WhatsApp-Image-2025-02-12-at-16.24.50-400x225.jpeg\" alt=\"\" width=\"400\" height=\"225\" srcset=\"https:\/\/wp.ufpel.edu.br\/topocotada\/files\/2025\/02\/WhatsApp-Image-2025-02-12-at-16.24.50-400x225.jpeg 400w, https:\/\/wp.ufpel.edu.br\/topocotada\/files\/2025\/02\/WhatsApp-Image-2025-02-12-at-16.24.50-1024x576.jpeg 1024w, https:\/\/wp.ufpel.edu.br\/topocotada\/files\/2025\/02\/WhatsApp-Image-2025-02-12-at-16.24.50-768x432.jpeg 768w, https:\/\/wp.ufpel.edu.br\/topocotada\/files\/2025\/02\/WhatsApp-Image-2025-02-12-at-16.24.50-1536x864.jpeg 1536w, https:\/\/wp.ufpel.edu.br\/topocotada\/files\/2025\/02\/WhatsApp-Image-2025-02-12-at-16.24.50.jpeg 1600w\" sizes=\"(max-width: 400px) 100vw, 400px\" \/><\/p>\n<p><img class=\"alignnone size-medium wp-image-471\" src=\"https:\/\/wp.ufpel.edu.br\/topocotada\/files\/2025\/02\/WhatsApp-Image-2025-02-12-at-16.25.00-400x225.jpeg\" alt=\"\" width=\"400\" height=\"225\" srcset=\"https:\/\/wp.ufpel.edu.br\/topocotada\/files\/2025\/02\/WhatsApp-Image-2025-02-12-at-16.25.00-400x225.jpeg 400w, https:\/\/wp.ufpel.edu.br\/topocotada\/files\/2025\/02\/WhatsApp-Image-2025-02-12-at-16.25.00-1024x576.jpeg 1024w, https:\/\/wp.ufpel.edu.br\/topocotada\/files\/2025\/02\/WhatsApp-Image-2025-02-12-at-16.25.00-768x432.jpeg 768w, https:\/\/wp.ufpel.edu.br\/topocotada\/files\/2025\/02\/WhatsApp-Image-2025-02-12-at-16.25.00-1536x864.jpeg 1536w, https:\/\/wp.ufpel.edu.br\/topocotada\/files\/2025\/02\/WhatsApp-Image-2025-02-12-at-16.25.00.jpeg 1600w\" sizes=\"(max-width: 400px) 100vw, 400px\" \/><\/p>\n<p><img class=\"alignnone size-medium wp-image-473\" src=\"https:\/\/wp.ufpel.edu.br\/topocotada\/files\/2025\/02\/WhatsApp-Image-2025-02-12-at-16.25.44-400x225.jpeg\" alt=\"\" width=\"400\" height=\"225\" srcset=\"https:\/\/wp.ufpel.edu.br\/topocotada\/files\/2025\/02\/WhatsApp-Image-2025-02-12-at-16.25.44-400x225.jpeg 400w, https:\/\/wp.ufpel.edu.br\/topocotada\/files\/2025\/02\/WhatsApp-Image-2025-02-12-at-16.25.44-1024x576.jpeg 1024w, https:\/\/wp.ufpel.edu.br\/topocotada\/files\/2025\/02\/WhatsApp-Image-2025-02-12-at-16.25.44-768x432.jpeg 768w, https:\/\/wp.ufpel.edu.br\/topocotada\/files\/2025\/02\/WhatsApp-Image-2025-02-12-at-16.25.44-1536x864.jpeg 1536w, https:\/\/wp.ufpel.edu.br\/topocotada\/files\/2025\/02\/WhatsApp-Image-2025-02-12-at-16.25.44.jpeg 1600w\" sizes=\"(max-width: 400px) 100vw, 400px\" \/><\/p>\n<p><img class=\"alignnone size-medium wp-image-472\" src=\"https:\/\/wp.ufpel.edu.br\/topocotada\/files\/2025\/02\/WhatsApp-Image-2025-02-12-at-16.25.34-400x225.jpeg\" alt=\"\" width=\"400\" height=\"225\" srcset=\"https:\/\/wp.ufpel.edu.br\/topocotada\/files\/2025\/02\/WhatsApp-Image-2025-02-12-at-16.25.34-400x225.jpeg 400w, https:\/\/wp.ufpel.edu.br\/topocotada\/files\/2025\/02\/WhatsApp-Image-2025-02-12-at-16.25.34-1024x576.jpeg 1024w, https:\/\/wp.ufpel.edu.br\/topocotada\/files\/2025\/02\/WhatsApp-Image-2025-02-12-at-16.25.34-768x432.jpeg 768w, https:\/\/wp.ufpel.edu.br\/topocotada\/files\/2025\/02\/WhatsApp-Image-2025-02-12-at-16.25.34-1536x864.jpeg 1536w, https:\/\/wp.ufpel.edu.br\/topocotada\/files\/2025\/02\/WhatsApp-Image-2025-02-12-at-16.25.34.jpeg 1600w\" sizes=\"(max-width: 400px) 100vw, 400px\" \/><\/p>\n<p><img class=\"alignnone size-medium wp-image-478\" src=\"https:\/\/wp.ufpel.edu.br\/topocotada\/files\/2025\/02\/WhatsApp-Image-2025-02-12-at-16.27.41-400x225.jpeg\" alt=\"\" width=\"400\" height=\"225\" srcset=\"https:\/\/wp.ufpel.edu.br\/topocotada\/files\/2025\/02\/WhatsApp-Image-2025-02-12-at-16.27.41-400x225.jpeg 400w, https:\/\/wp.ufpel.edu.br\/topocotada\/files\/2025\/02\/WhatsApp-Image-2025-02-12-at-16.27.41-1024x576.jpeg 1024w, https:\/\/wp.ufpel.edu.br\/topocotada\/files\/2025\/02\/WhatsApp-Image-2025-02-12-at-16.27.41-768x432.jpeg 768w, https:\/\/wp.ufpel.edu.br\/topocotada\/files\/2025\/02\/WhatsApp-Image-2025-02-12-at-16.27.41-1536x864.jpeg 1536w, https:\/\/wp.ufpel.edu.br\/topocotada\/files\/2025\/02\/WhatsApp-Image-2025-02-12-at-16.27.41.jpeg 1600w\" sizes=\"(max-width: 400px) 100vw, 400px\" \/><\/p>\n<p><img class=\"alignnone size-medium wp-image-466\" src=\"https:\/\/wp.ufpel.edu.br\/topocotada\/files\/2025\/02\/WhatsApp-Image-2025-02-12-at-16.32.35-400x225.jpeg\" alt=\"\" width=\"400\" height=\"225\" srcset=\"https:\/\/wp.ufpel.edu.br\/topocotada\/files\/2025\/02\/WhatsApp-Image-2025-02-12-at-16.32.35-400x225.jpeg 400w, https:\/\/wp.ufpel.edu.br\/topocotada\/files\/2025\/02\/WhatsApp-Image-2025-02-12-at-16.32.35-1024x576.jpeg 1024w, https:\/\/wp.ufpel.edu.br\/topocotada\/files\/2025\/02\/WhatsApp-Image-2025-02-12-at-16.32.35-768x432.jpeg 768w, https:\/\/wp.ufpel.edu.br\/topocotada\/files\/2025\/02\/WhatsApp-Image-2025-02-12-at-16.32.35-1536x864.jpeg 1536w, https:\/\/wp.ufpel.edu.br\/topocotada\/files\/2025\/02\/WhatsApp-Image-2025-02-12-at-16.32.35.jpeg 1600w\" sizes=\"(max-width: 400px) 100vw, 400px\" \/><\/p>\n<p><img class=\"alignnone size-medium wp-image-467\" src=\"https:\/\/wp.ufpel.edu.br\/topocotada\/files\/2025\/02\/WhatsApp-Image-2025-02-12-at-16.32.25-400x225.jpeg\" alt=\"\" width=\"400\" height=\"225\" srcset=\"https:\/\/wp.ufpel.edu.br\/topocotada\/files\/2025\/02\/WhatsApp-Image-2025-02-12-at-16.32.25-400x225.jpeg 400w, https:\/\/wp.ufpel.edu.br\/topocotada\/files\/2025\/02\/WhatsApp-Image-2025-02-12-at-16.32.25-1024x576.jpeg 1024w, https:\/\/wp.ufpel.edu.br\/topocotada\/files\/2025\/02\/WhatsApp-Image-2025-02-12-at-16.32.25-768x432.jpeg 768w, https:\/\/wp.ufpel.edu.br\/topocotada\/files\/2025\/02\/WhatsApp-Image-2025-02-12-at-16.32.25-1536x864.jpeg 1536w, https:\/\/wp.ufpel.edu.br\/topocotada\/files\/2025\/02\/WhatsApp-Image-2025-02-12-at-16.32.25.jpeg 1600w\" sizes=\"(max-width: 400px) 100vw, 400px\" \/><\/p>\n<p><img class=\"alignnone size-medium wp-image-469\" src=\"https:\/\/wp.ufpel.edu.br\/topocotada\/files\/2025\/02\/WhatsApp-Image-2025-02-12-at-16.28.51-400x225.jpeg\" alt=\"\" width=\"400\" height=\"225\" srcset=\"https:\/\/wp.ufpel.edu.br\/topocotada\/files\/2025\/02\/WhatsApp-Image-2025-02-12-at-16.28.51-400x225.jpeg 400w, https:\/\/wp.ufpel.edu.br\/topocotada\/files\/2025\/02\/WhatsApp-Image-2025-02-12-at-16.28.51-1024x576.jpeg 1024w, https:\/\/wp.ufpel.edu.br\/topocotada\/files\/2025\/02\/WhatsApp-Image-2025-02-12-at-16.28.51-768x432.jpeg 768w, https:\/\/wp.ufpel.edu.br\/topocotada\/files\/2025\/02\/WhatsApp-Image-2025-02-12-at-16.28.51-1536x864.jpeg 1536w, https:\/\/wp.ufpel.edu.br\/topocotada\/files\/2025\/02\/WhatsApp-Image-2025-02-12-at-16.28.51.jpeg 1600w\" sizes=\"(max-width: 400px) 100vw, 400px\" \/><\/p>\n<p><img class=\"alignnone size-medium wp-image-468\" src=\"https:\/\/wp.ufpel.edu.br\/topocotada\/files\/2025\/02\/WhatsApp-Image-2025-02-12-at-16.28.59-400x225.jpeg\" alt=\"\" width=\"400\" height=\"225\" srcset=\"https:\/\/wp.ufpel.edu.br\/topocotada\/files\/2025\/02\/WhatsApp-Image-2025-02-12-at-16.28.59-400x225.jpeg 400w, https:\/\/wp.ufpel.edu.br\/topocotada\/files\/2025\/02\/WhatsApp-Image-2025-02-12-at-16.28.59-1024x576.jpeg 1024w, https:\/\/wp.ufpel.edu.br\/topocotada\/files\/2025\/02\/WhatsApp-Image-2025-02-12-at-16.28.59-768x432.jpeg 768w, https:\/\/wp.ufpel.edu.br\/topocotada\/files\/2025\/02\/WhatsApp-Image-2025-02-12-at-16.28.59-1536x864.jpeg 1536w, https:\/\/wp.ufpel.edu.br\/topocotada\/files\/2025\/02\/WhatsApp-Image-2025-02-12-at-16.28.59.jpeg 1600w\" sizes=\"(max-width: 400px) 100vw, 400px\" \/><\/p>\n<p><img class=\"alignnone size-medium wp-image-464\" src=\"https:\/\/wp.ufpel.edu.br\/topocotada\/files\/2025\/02\/WhatsApp-Image-2025-02-12-at-16.30.11-400x225.jpeg\" alt=\"\" width=\"400\" height=\"225\" srcset=\"https:\/\/wp.ufpel.edu.br\/topocotada\/files\/2025\/02\/WhatsApp-Image-2025-02-12-at-16.30.11-400x225.jpeg 400w, https:\/\/wp.ufpel.edu.br\/topocotada\/files\/2025\/02\/WhatsApp-Image-2025-02-12-at-16.30.11-1024x576.jpeg 1024w, https:\/\/wp.ufpel.edu.br\/topocotada\/files\/2025\/02\/WhatsApp-Image-2025-02-12-at-16.30.11-768x432.jpeg 768w, https:\/\/wp.ufpel.edu.br\/topocotada\/files\/2025\/02\/WhatsApp-Image-2025-02-12-at-16.30.11-1536x864.jpeg 1536w, https:\/\/wp.ufpel.edu.br\/topocotada\/files\/2025\/02\/WhatsApp-Image-2025-02-12-at-16.30.11.jpeg 1600w\" sizes=\"(max-width: 400px) 100vw, 400px\" \/><\/p>\n<p><img class=\"alignnone size-medium wp-image-465\" src=\"https:\/\/wp.ufpel.edu.br\/topocotada\/files\/2025\/02\/51-dGuzgVL._AC_SL1000_-400x254.jpg\" alt=\"\" width=\"400\" height=\"254\" srcset=\"https:\/\/wp.ufpel.edu.br\/topocotada\/files\/2025\/02\/51-dGuzgVL._AC_SL1000_-400x254.jpg 400w, https:\/\/wp.ufpel.edu.br\/topocotada\/files\/2025\/02\/51-dGuzgVL._AC_SL1000_-1024x649.jpg 1024w, https:\/\/wp.ufpel.edu.br\/topocotada\/files\/2025\/02\/51-dGuzgVL._AC_SL1000_-768x487.jpg 768w, https:\/\/wp.ufpel.edu.br\/topocotada\/files\/2025\/02\/51-dGuzgVL._AC_SL1000_.jpg 1129w\" sizes=\"(max-width: 400px) 100vw, 400px\" \/><\/p>\n<p>&nbsp;<\/p>\n<p>&nbsp;<\/p>\n<p><img class=\"alignnone size-medium wp-image-461\" src=\"https:\/\/wp.ufpel.edu.br\/topocotada\/files\/2025\/02\/WhatsApp-Image-2025-02-12-at-16.33.35-400x225.jpeg\" alt=\"\" width=\"400\" height=\"225\" srcset=\"https:\/\/wp.ufpel.edu.br\/topocotada\/files\/2025\/02\/WhatsApp-Image-2025-02-12-at-16.33.35-400x225.jpeg 400w, https:\/\/wp.ufpel.edu.br\/topocotada\/files\/2025\/02\/WhatsApp-Image-2025-02-12-at-16.33.35-1024x576.jpeg 1024w, https:\/\/wp.ufpel.edu.br\/topocotada\/files\/2025\/02\/WhatsApp-Image-2025-02-12-at-16.33.35-768x432.jpeg 768w, https:\/\/wp.ufpel.edu.br\/topocotada\/files\/2025\/02\/WhatsApp-Image-2025-02-12-at-16.33.35-1536x864.jpeg 1536w, https:\/\/wp.ufpel.edu.br\/topocotada\/files\/2025\/02\/WhatsApp-Image-2025-02-12-at-16.33.35.jpeg 1600w\" sizes=\"(max-width: 400px) 100vw, 400px\" \/><\/p>\n<p>&nbsp;<\/p>\n","protected":false},"excerpt":{"rendered":"<p>Os equipamentos dispon\u00edveis no laborat\u00f3rio s\u00e3o: Esta\u00e7\u00e3o Total &nbsp; &nbsp; &nbsp; &nbsp; &nbsp; &nbsp; &nbsp; &nbsp; &nbsp; &nbsp; &nbsp; &nbsp;<\/p>\n","protected":false},"author":992,"featured_media":0,"parent":0,"menu_order":0,"comment_status":"closed","ping_status":"closed","template":"","meta":{"footnotes":""},"class_list":["post-38","page","type-page","status-publish","hentry"],"_links":{"self":[{"href":"https:\/\/wp.ufpel.edu.br\/topocotada\/wp-json\/wp\/v2\/pages\/38","targetHints":{"allow":["GET"]}}],"collection":[{"href":"https:\/\/wp.ufpel.edu.br\/topocotada\/wp-json\/wp\/v2\/pages"}],"about":[{"href":"https:\/\/wp.ufpel.edu.br\/topocotada\/wp-json\/wp\/v2\/types\/page"}],"author":[{"embeddable":true,"href":"https:\/\/wp.ufpel.edu.br\/topocotada\/wp-json\/wp\/v2\/users\/992"}],"replies":[{"embeddable":true,"href":"https:\/\/wp.ufpel.edu.br\/topocotada\/wp-json\/wp\/v2\/comments?post=38"}],"version-history":[{"count":7,"href":"https:\/\/wp.ufpel.edu.br\/topocotada\/wp-json\/wp\/v2\/pages\/38\/revisions"}],"predecessor-version":[{"id":480,"href":"https:\/\/wp.ufpel.edu.br\/topocotada\/wp-json\/wp\/v2\/pages\/38\/revisions\/480"}],"wp:attachment":[{"href":"https:\/\/wp.ufpel.edu.br\/topocotada\/wp-json\/wp\/v2\/media?parent=38"}],"curies":[{"name":"wp","href":"https:\/\/api.w.org\/{rel}","templated":true}]}}