{"id":129,"date":"2020-04-01T16:38:02","date_gmt":"2020-04-01T19:38:02","guid":{"rendered":"https:\/\/wp.ufpel.edu.br\/topocotada\/?page_id=129"},"modified":"2020-04-01T16:38:02","modified_gmt":"2020-04-01T19:38:02","slug":"apostila","status":"publish","type":"page","link":"https:\/\/wp.ufpel.edu.br\/topocotada\/apostila\/","title":{"rendered":"Apostila"},"content":{"rendered":"<p>Recomendamos como material de apoio as duas apostilas publicadas pela UFPR<\/p>\n<p><a href=\"http:\/\/www.cartografica.ufpr.br\/docs\/topo2\/apos_topo.pdf\" target=\"_blank\" rel=\"noopener noreferrer\">APOSTILA DE TOPOGRAFIA<\/a><\/p>\n<p><a href=\"http:\/\/www.cartografica.ufpr.br\/portal\/wp-content\/uploads\/2011\/10\/Apostila-de-Instrumenta%C3%A7%C3%A3o-Topogr%C3%A1fica_2018.pdf\" target=\"_blank\" rel=\"noopener noreferrer\">INSTRUMENTA\u00c7\u00c3O TOPOGR\u00c1FICA<\/a><\/p>\n","protected":false},"excerpt":{"rendered":"<p>Recomendamos como material de apoio as duas apostilas publicadas pela UFPR APOSTILA DE TOPOGRAFIA INSTRUMENTA\u00c7\u00c3O TOPOGR\u00c1FICA<\/p>\n","protected":false},"author":992,"featured_media":0,"parent":0,"menu_order":0,"comment_status":"closed","ping_status":"closed","template":"","meta":{"footnotes":""},"class_list":["post-129","page","type-page","status-publish","hentry"],"_links":{"self":[{"href":"https:\/\/wp.ufpel.edu.br\/topocotada\/wp-json\/wp\/v2\/pages\/129","targetHints":{"allow":["GET"]}}],"collection":[{"href":"https:\/\/wp.ufpel.edu.br\/topocotada\/wp-json\/wp\/v2\/pages"}],"about":[{"href":"https:\/\/wp.ufpel.edu.br\/topocotada\/wp-json\/wp\/v2\/types\/page"}],"author":[{"embeddable":true,"href":"https:\/\/wp.ufpel.edu.br\/topocotada\/wp-json\/wp\/v2\/users\/992"}],"replies":[{"embeddable":true,"href":"https:\/\/wp.ufpel.edu.br\/topocotada\/wp-json\/wp\/v2\/comments?post=129"}],"version-history":[{"count":1,"href":"https:\/\/wp.ufpel.edu.br\/topocotada\/wp-json\/wp\/v2\/pages\/129\/revisions"}],"predecessor-version":[{"id":131,"href":"https:\/\/wp.ufpel.edu.br\/topocotada\/wp-json\/wp\/v2\/pages\/129\/revisions\/131"}],"wp:attachment":[{"href":"https:\/\/wp.ufpel.edu.br\/topocotada\/wp-json\/wp\/v2\/media?parent=129"}],"curies":[{"name":"wp","href":"https:\/\/api.w.org\/{rel}","templated":true}]}}