{"id":840,"date":"2019-08-12T08:50:38","date_gmt":"2019-08-12T11:50:38","guid":{"rendered":"http:\/\/curso-wp.ufpel.edu.br\/treinamento\/?page_id=830"},"modified":"2019-08-12T08:50:38","modified_gmt":"2019-08-12T11:50:38","slug":"teste-enquete","status":"publish","type":"page","link":"https:\/\/wp.ufpel.edu.br\/thomas\/teste-enquete\/","title":{"rendered":"Teste enquete"},"content":{"rendered":"Desculpe, n\u00e3o h\u00e1 enquetes dispon\u00edveis no momento.\n","protected":false},"excerpt":{"rendered":"","protected":false},"author":667,"featured_media":0,"parent":0,"menu_order":0,"comment_status":"closed","ping_status":"closed","template":"","meta":{"footnotes":""},"class_list":["post-840","page","type-page","status-publish","hentry"],"publishpress_future_action":{"enabled":false,"date":"2026-04-23 08:01:27","action":"change-status","newStatus":"draft","terms":[],"taxonomy":"","extraData":[]},"publishpress_future_workflow_manual_trigger":{"enabledWorkflows":[]},"_links":{"self":[{"href":"https:\/\/wp.ufpel.edu.br\/thomas\/wp-json\/wp\/v2\/pages\/840","targetHints":{"allow":["GET"]}}],"collection":[{"href":"https:\/\/wp.ufpel.edu.br\/thomas\/wp-json\/wp\/v2\/pages"}],"about":[{"href":"https:\/\/wp.ufpel.edu.br\/thomas\/wp-json\/wp\/v2\/types\/page"}],"author":[{"embeddable":true,"href":"https:\/\/wp.ufpel.edu.br\/thomas\/wp-json\/wp\/v2\/users\/667"}],"replies":[{"embeddable":true,"href":"https:\/\/wp.ufpel.edu.br\/thomas\/wp-json\/wp\/v2\/comments?post=840"}],"version-history":[{"count":0,"href":"https:\/\/wp.ufpel.edu.br\/thomas\/wp-json\/wp\/v2\/pages\/840\/revisions"}],"wp:attachment":[{"href":"https:\/\/wp.ufpel.edu.br\/thomas\/wp-json\/wp\/v2\/media?parent=840"}],"curies":[{"name":"wp","href":"https:\/\/api.w.org\/{rel}","templated":true}]}}