{"id":25,"date":"2016-08-09T14:58:22","date_gmt":"2016-08-09T17:58:22","guid":{"rendered":"http:\/\/curso-wp.ufpel.edu.br\/treinamento\/?page_id=25"},"modified":"2016-08-09T14:58:22","modified_gmt":"2016-08-09T17:58:22","slug":"apresentacao","status":"publish","type":"page","link":"https:\/\/wp.ufpel.edu.br\/thomas\/apresentacao\/","title":{"rendered":"Apresenta\u00e7\u00e3o"},"content":{"rendered":"<p>A Se\u00e7\u00e3o de Tecnologias para Websites (STW) est\u00e1 vinculada ao N\u00facleo de Sistemas de Informa\u00e7\u00e3o da Coordena\u00e7\u00e3o de Tecnologia da Informa\u00e7\u00e3o.<\/p>\n<hr \/>\n<h2>Atribui\u00e7\u00f5es<\/h2>\n<p>S\u00e3o atribui\u00e7\u00f5es da STW: pesquisar, desenvolver e implementar solu\u00e7\u00f5es tecnol\u00f3gicas para viabilizar a constru\u00e7\u00e3o, hospedagem e manuten\u00e7\u00e3o de websites de unidades acad\u00eamicas e administrativas da UFPel.<\/p>\n","protected":false},"excerpt":{"rendered":"<p>A Se\u00e7\u00e3o de Tecnologias para Websites (STW) est\u00e1 vinculada ao N\u00facleo de Sistemas de Informa\u00e7\u00e3o da Coordena\u00e7\u00e3o de Tecnologia da Informa\u00e7\u00e3o. Atribui\u00e7\u00f5es S\u00e3o atribui\u00e7\u00f5es da STW: pesquisar, desenvolver e implementar solu\u00e7\u00f5es tecnol\u00f3gicas para viabilizar a constru\u00e7\u00e3o, hospedagem e manuten\u00e7\u00e3o de websites de unidades acad\u00eamicas e administrativas da UFPel.<\/p>\n","protected":false},"author":667,"featured_media":0,"parent":0,"menu_order":0,"comment_status":"closed","ping_status":"closed","template":"","meta":{"footnotes":""},"class_list":["post-25","page","type-page","status-publish","hentry"],"publishpress_future_action":{"enabled":false,"date":"2026-04-23 23:53:11","action":"change-status","newStatus":"draft","terms":[],"taxonomy":"","extraData":[]},"publishpress_future_workflow_manual_trigger":{"enabledWorkflows":[]},"_links":{"self":[{"href":"https:\/\/wp.ufpel.edu.br\/thomas\/wp-json\/wp\/v2\/pages\/25","targetHints":{"allow":["GET"]}}],"collection":[{"href":"https:\/\/wp.ufpel.edu.br\/thomas\/wp-json\/wp\/v2\/pages"}],"about":[{"href":"https:\/\/wp.ufpel.edu.br\/thomas\/wp-json\/wp\/v2\/types\/page"}],"author":[{"embeddable":true,"href":"https:\/\/wp.ufpel.edu.br\/thomas\/wp-json\/wp\/v2\/users\/667"}],"replies":[{"embeddable":true,"href":"https:\/\/wp.ufpel.edu.br\/thomas\/wp-json\/wp\/v2\/comments?post=25"}],"version-history":[{"count":0,"href":"https:\/\/wp.ufpel.edu.br\/thomas\/wp-json\/wp\/v2\/pages\/25\/revisions"}],"wp:attachment":[{"href":"https:\/\/wp.ufpel.edu.br\/thomas\/wp-json\/wp\/v2\/media?parent=25"}],"curies":[{"name":"wp","href":"https:\/\/api.w.org\/{rel}","templated":true}]}}