{"id":69,"date":"2020-08-21T18:15:53","date_gmt":"2020-08-21T21:15:53","guid":{"rendered":"https:\/\/wp.ufpel.edu.br\/thaisgrutzmann\/?page_id=69"},"modified":"2025-01-07T07:51:29","modified_gmt":"2025-01-07T10:51:29","slug":"contato","status":"publish","type":"page","link":"https:\/\/wp.ufpel.edu.br\/thaisgrutzmann\/contato\/","title":{"rendered":"Contatos"},"content":{"rendered":"<div>\n<p><span style=\"color: #003366; font-size: 14pt;\"><strong>Profa. Dra. Tha\u00eds Philipsen Gr\u00fctzmann<\/strong><\/span><\/p>\n<\/div>\n<div><span style=\"color: #003366; font-size: 14pt;\">Universidade Federal de Pelotas \u2013 UFPel\u00a0<\/span><\/div>\n<div><span style=\"color: #003366; font-size: 14pt;\">Instituto de F\u00edsica e Matem\u00e1tica \u2013 IFM<\/span><\/div>\n<div><span style=\"color: #003366; font-size: 14pt;\">Departamento de Educa\u00e7\u00e3o Matem\u00e1tica \u2013 DEMAT<\/span><\/div>\n<div><span style=\"color: #003366; font-size: 14pt;\">Programa de P\u00f3s-Gradua\u00e7\u00e3o em Educa\u00e7\u00e3o Matem\u00e1tica &#8211; PPGEMAT<\/span><\/div>\n<div><span style=\"color: #ffffff; font-size: 14pt;\">.<\/span><\/div>\n<div>\n<div dir=\"ltr\"><span style=\"color: #003366; font-size: 14pt;\">Whats: (53) 98465-1201<\/span><\/div>\n<div dir=\"ltr\"><span style=\"color: #003366; font-size: 14pt;\">Endere\u00e7o institucional: Rua Gomes Carneiro, 01 \u2013 Centro. <\/span><\/div>\n<div dir=\"ltr\"><span style=\"color: #003366; font-size: 14pt;\">Sala 303B<\/span><\/div>\n<div dir=\"ltr\"><span style=\"color: #003366; font-size: 14pt;\">Pelotas \u2013 RS \u2013 BRASIL. CEP 96010-610.<\/span><\/div>\n<\/div>\n<div><span style=\"color: #003366; font-size: 14pt;\">E-mail: <strong>thaisclmd2@gmail.com<\/strong><\/span><\/div>\n<div><span style=\"color: #003366; font-size: 14pt;\"><span style=\"color: #003366; font-size: 14pt;\">E-mail institucional: <strong>thais.grutzmann@ufpel.edu.br<\/strong><\/span><\/span><\/p>\n<div class=\"topright\"><\/div>\n<\/div>\n","protected":false},"excerpt":{"rendered":"<p>Profa. Dra. Tha\u00eds Philipsen Gr\u00fctzmann Universidade Federal de Pelotas \u2013 UFPel\u00a0 Instituto de F\u00edsica e Matem\u00e1tica \u2013 IFM Departamento de Educa\u00e7\u00e3o Matem\u00e1tica \u2013 DEMAT Programa de P\u00f3s-Gradua\u00e7\u00e3o em Educa\u00e7\u00e3o Matem\u00e1tica &#8211; PPGEMAT . Whats: (53) 98465-1201 Endere\u00e7o institucional: Rua Gomes Carneiro, 01 \u2013 Centro. Sala 303B Pelotas \u2013 RS \u2013 BRASIL. CEP 96010-610. E-mail: thaisclmd2@gmail.com [&hellip;]<\/p>\n","protected":false},"author":1062,"featured_media":0,"parent":0,"menu_order":0,"comment_status":"closed","ping_status":"closed","template":"","meta":{"footnotes":""},"class_list":["post-69","page","type-page","status-publish","hentry"],"_links":{"self":[{"href":"https:\/\/wp.ufpel.edu.br\/thaisgrutzmann\/wp-json\/wp\/v2\/pages\/69","targetHints":{"allow":["GET"]}}],"collection":[{"href":"https:\/\/wp.ufpel.edu.br\/thaisgrutzmann\/wp-json\/wp\/v2\/pages"}],"about":[{"href":"https:\/\/wp.ufpel.edu.br\/thaisgrutzmann\/wp-json\/wp\/v2\/types\/page"}],"author":[{"embeddable":true,"href":"https:\/\/wp.ufpel.edu.br\/thaisgrutzmann\/wp-json\/wp\/v2\/users\/1062"}],"replies":[{"embeddable":true,"href":"https:\/\/wp.ufpel.edu.br\/thaisgrutzmann\/wp-json\/wp\/v2\/comments?post=69"}],"version-history":[{"count":8,"href":"https:\/\/wp.ufpel.edu.br\/thaisgrutzmann\/wp-json\/wp\/v2\/pages\/69\/revisions"}],"predecessor-version":[{"id":259,"href":"https:\/\/wp.ufpel.edu.br\/thaisgrutzmann\/wp-json\/wp\/v2\/pages\/69\/revisions\/259"}],"wp:attachment":[{"href":"https:\/\/wp.ufpel.edu.br\/thaisgrutzmann\/wp-json\/wp\/v2\/media?parent=69"}],"curies":[{"name":"wp","href":"https:\/\/api.w.org\/{rel}","templated":true}]}}