{"id":6,"date":"2020-08-20T21:45:12","date_gmt":"2020-08-21T00:45:12","guid":{"rendered":"https:\/\/wp.ufpel.edu.br\/thaisgrutzmann\/?page_id=6"},"modified":"2026-04-21T15:31:53","modified_gmt":"2026-04-21T18:31:53","slug":"quem-sou-eu","status":"publish","type":"page","link":"https:\/\/wp.ufpel.edu.br\/thaisgrutzmann\/quem-sou-eu\/","title":{"rendered":"Quem sou eu"},"content":{"rendered":"<p style=\"text-align: center;\"><img class=\"alignnone size-medium wp-image-268\" src=\"https:\/\/wp.ufpel.edu.br\/thaisgrutzmann\/files\/2026\/04\/Thais-perfil-381x400.jpeg\" alt=\"\" width=\"381\" height=\"400\" srcset=\"https:\/\/wp.ufpel.edu.br\/thaisgrutzmann\/files\/2026\/04\/Thais-perfil-381x400.jpeg 381w, https:\/\/wp.ufpel.edu.br\/thaisgrutzmann\/files\/2026\/04\/Thais-perfil.jpeg 512w\" sizes=\"(max-width: 381px) 100vw, 381px\" \/><\/p>\n<p style=\"text-align: center;\"><span style=\"font-size: 18pt; color: #000080;\"><em>Professora <strong>Tha\u00eds Philipsen Gr\u00fctzmann<\/strong><\/em><\/span><\/p>\n<p><span style=\"color: #000080; font-size: 18pt;\"><strong>Forma\u00e7\u00e3o Acad\u00eamica<\/strong><\/span><\/p>\n<ul>\n<li><span style=\"color: #000000;\"><strong>P\u00f3s-Doutorado em Ensino de Ci\u00eancias e Educa\u00e7\u00e3o Matem\u00e1tica (2024-2025)<\/strong> pela Universidade Estadual de Ponta Grossa (UEPG), sob a orienta\u00e7\u00e3o do <em>Prof. Dr. Jo\u00e3o Carlos Pereira de Moraes<\/em>. Pesquisa: <em>Sequ\u00eancia Did\u00e1tica para os v\u00eddeos do MathLibras: possibilidades de articula\u00e7\u00e3o para o ensino de Matem\u00e1tica para alunos surdos<\/em>.<\/span><\/li>\n<li><span style=\"color: #000000;\"><strong>Doutora em Educa\u00e7\u00e3o<\/strong> pela Universidade Federal de Pelotas (UFPel\/2011-2013), defendendo a tese &#8220;<a style=\"color: #000000;\" href=\"http:\/\/guaiaca.ufpel.edu.br\/handle\/123456789\/1673\">Os saberes docentes na tutoria em Educa\u00e7\u00e3o a Dist\u00e2ncia&#8221;<\/a>. <strong>Orientador<\/strong>: <em>Prof. Dr. Mauro Augusto Burkert Del Pino<\/em>.<\/span><\/li>\n<li><span style=\"color: #000000;\"><strong>Mestre em Educa\u00e7\u00e3o em Ci\u00eancias e Matem\u00e1tica<\/strong> pela Pontif\u00edcia Universidade Cat\u00f3lica do Rio Grande do Sul (PUCRS\/2008-2009), defendendo a disserta\u00e7\u00e3o\u00a0 &#8220;<a style=\"color: #000000;\" href=\"http:\/\/tede2.pucrs.br\/tede2\/handle\/tede\/3360\">A forma\u00e7\u00e3o dos professores de matem\u00e1tica por meio dos jogos teatrais&#8221;<\/a>. <strong>Orientadora<\/strong>: <em>Profa. Dra. Nara Regina de Souza Basso<\/em>.<\/span><\/li>\n<li><span style=\"color: #000000;\"><strong>Especialista em Servi\u00e7o de Atendimento Educacional Especializado (AEE)<\/strong> pela UFPel (2020-2021), defendo o artigo &#8220;Atendimento Educacional Especializado para Surdos e o ensino da Matem\u00e1tica&#8221;. <b>Orientadora<\/b>: <em>Profa. Dra. Tatiana Bolivar Lebedeff.<\/em><\/span><\/li>\n<li><span style=\"color: #000000;\"><strong>Especialista em Educa\u00e7\u00e3o &#8211; com \u00eanfase na Educa\u00e7\u00e3o de Surdos<\/strong> pela UFPel (2017-2019), defendendo o artigo &#8220;Processo de produ\u00e7\u00e3o de uma videoaula de Matem\u00e1tica em Libras&#8221;<b>. Orientadora<\/b>: <em>Profa. Dra. Tatiana Bolivar Lebedeff.<\/em><\/span><\/li>\n<li><span style=\"color: #000000;\"><strong>Especialista em Matem\u00e1tica e Linguagem<\/strong> pela UFPel (2006-2007), defendendo a monografia &#8220;Teatrando nas aulas de Matem\u00e1tica&#8221;. <strong>Orientador<\/strong>: <em>Prof. Dr. Jo\u00e3o Artur de Sousa.\u00a0<\/em><\/span><\/li>\n<li><span style=\"color: #000000;\"><strong>Licenciada em Matem\u00e1tica<\/strong> pela UFPel (2002-2005).<\/span><\/li>\n<li><span style=\"color: #000000;\"><strong>Acad\u00eamica da Licenciatura em Letras-Libras e Literatura Surda<\/strong> pela UFPel (2024-\u00a0 ).<\/span><\/li>\n<li><span style=\"color: #000000;\"><strong>Curso de Magist\u00e9rio<\/strong> pelo Instituto Estadual de Educa\u00e7\u00e3o Assis Brasil (IEEAB\/1999-2002).<\/span><\/li>\n<\/ul>\n<p><span style=\"font-size: 18pt; color: #000000;\"><strong><span style=\"color: #000080;\">Atua\u00e7\u00e3o Profissional<\/span><\/strong><\/span><\/p>\n<ul>\n<li><span style=\"color: #000000;\">\u00c9 <strong>Professora Associada II<\/strong>\u00a0do Departamento de Educa\u00e7\u00e3o Matem\u00e1tica (DEMAT) do <a style=\"color: #000000;\" href=\"https:\/\/wp.ufpel.edu.br\/ifm\/\">Instituto de F\u00edsica e Matem\u00e1tica<\/a> (IFM) da <a style=\"color: #000000;\" href=\"http:\/\/portal.ufpel.edu.br\/\">Universidade Federal de Pelotas<\/a> (UFPel). <\/span><\/li>\n<li><span style=\"color: #000000;\">Atua como docente nos Curso de Licenciatura em Matem\u00e1tica <a style=\"color: #000000;\" href=\"https:\/\/wp.ufpel.edu.br\/matematicadiurno\/\">Diurno<\/a> (CLM), <a style=\"color: #000000;\" href=\"https:\/\/wp.ufpel.edu.br\/matematicanoturno\/\">Noturno<\/a> (CLMN) e a <a style=\"color: #000000;\" href=\"https:\/\/wp.ufpel.edu.br\/clmd\/\">Dist\u00e2ncia<\/a> (CLMD). <\/span><\/li>\n<li><span style=\"color: #000000;\">Atua como docente e orientadora no <a style=\"color: #000000;\" href=\"https:\/\/wp.ufpel.edu.br\/ppgemat\/\">Programa de P\u00f3s-Gradua\u00e7\u00e3o em Educa\u00e7\u00e3o Matem\u00e1tica<\/a> (PPGEMAT) &#8211; Mestrado e Doutorado Acad\u00eamico.<\/span><\/li>\n<li><span style=\"color: #000000;\">Coordenadora do <em><strong><a style=\"color: #000000;\" href=\"https:\/\/wp.ufpel.edu.br\/mathlibras\/\">MathLibras<\/a><\/strong><\/em>.<\/span><\/li>\n<li><span style=\"color: #000000;\">Membro do <a style=\"color: #000000;\" href=\"http:\/\/www.sbembrasil.org.br\/sbembrasil\/index.php\/grupo-de-trabalho\/gt\/gt-13\"><strong>GT13 &#8211; Diferen\u00e7a, Inclus\u00e3o e Educa\u00e7\u00e3o Matem\u00e1tica<\/strong><\/a>\u00a0 da\u00a0 Sociedade\u00a0 Brasileira\u00a0 de\u00a0 Educa\u00e7\u00e3o\u00a0 Matem\u00e1tica (SBEM).<\/span><\/li>\n<li><span style=\"color: #000000;\">Foi <strong>Coordenadora<\/strong> do Programa de P\u00f3s-Gradua\u00e7\u00e3o em Educa\u00e7\u00e3o Matem\u00e1tica &#8211; PPGEMAT\/UFPel (Gest\u00e3o 2020-2022).<\/span><\/li>\n<li><span style=\"color: #000000;\">Foi <strong>Vice-Diretora<\/strong> do Instituto de F\u00edsica e Matem\u00e1tica (Gest\u00e3o 2018-2022).<\/span><\/li>\n<li><span style=\"color: #000000;\">Foi <strong>Coordenadora Adjunta<\/strong> do PPGEMAT (Gest\u00e3o 2018-2020).<\/span><\/li>\n<li><span style=\"color: #000000;\">Foi <strong>Coordenadora <\/strong>do Curso de Licenciatura em Matem\u00e1tica a Dist\u00e2ncia (2014-2017).<\/span><\/li>\n<li><span style=\"color: #000000;\">Esteve de LICEN\u00c7A MATERNIDADE em dois momentos: (Jun-Dez\/2010) e (Out\/2015-Abr\/2016).\u00a0<\/span><\/li>\n<\/ul>\n<p><span style=\"font-size: 18pt; color: #000000;\"><strong><span style=\"color: #000080;\">Grupo de Pesquisa cadastrados no CNPq<\/span><\/strong><\/span><\/p>\n<ul>\n<li><span style=\"color: #000000;\"><a style=\"color: #000000;\" href=\"https:\/\/wp.ufpel.edu.br\/geemai\/\">GEEMAI<\/a> &#8211; <a href=\"http:\/\/dgp.cnpq.br\/dgp\/espelhogrupo\/200478\">Grupo de Estudos sobre Educa\u00e7\u00e3o Matem\u00e1tica com \u00eanfase nos Anos Iniciais<\/a> (UFPel)<\/span><\/li>\n<\/ul>\n<p><span style=\"font-size: 18pt; color: #000000;\"><strong><span style=\"color: #000080;\">\u00c1reas de interesse<\/span><\/strong><\/span><\/p>\n<ul>\n<li><span style=\"color: #000000;\">Educa\u00e7\u00e3o Matem\u00e1tica Inclusiva, \u00eanfase em Surdez e Surdocegueira, <\/span><\/li>\n<li><span style=\"color: #000000;\">Laborat\u00f3rio de Ensino de Matem\u00e1tica, <\/span><\/li>\n<li><span style=\"color: #000000;\">Matem\u00e1tica nos Anos Iniciais, <\/span><\/li>\n<li><span style=\"color: #000000;\">Forma\u00e7\u00e3o de professores de Matem\u00e1tica e que ensinam Matem\u00e1tica.<\/span><\/li>\n<\/ul>\n<p>&nbsp;<\/p>\n<p><a href=\"https:\/\/www.facebook.com\/thais.philipsengrutzmann\/\"><img class=\"alignnone wp-image-41\" src=\"https:\/\/wp.ufpel.edu.br\/thaisgrutzmann\/files\/2020\/08\/face2-400x240.jpg\" alt=\"\" width=\"98\" height=\"59\" srcset=\"https:\/\/wp.ufpel.edu.br\/thaisgrutzmann\/files\/2020\/08\/face2-400x240.jpg 400w, https:\/\/wp.ufpel.edu.br\/thaisgrutzmann\/files\/2020\/08\/face2.jpg 439w\" sizes=\"(max-width: 98px) 100vw, 98px\" \/><\/a>\u00a0 \u00a0 \u00a0 \u00a0<a href=\"https:\/\/www.instagram.com\/philipsengrutzmann\/\"><img class=\"\" src=\"https:\/\/t.ctcdn.com.br\/Ym9t_1dCfwc9uIknM54YCC4phg8=\/i489927.jpeg\" alt=\"Tudo sobre Instagram - Hist\u00f3ria e Not\u00edcias - Canaltech\" width=\"57\" height=\"57\" \/><\/a>\u00a0 \u00a0 \u00a0 \u00a0 \u00a0 \u00a0 <a href=\"http:\/\/lattes.cnpq.br\/5437896504110766\"><img class=\"alignnone wp-image-35\" src=\"https:\/\/wp.ufpel.edu.br\/thaisgrutzmann\/files\/2020\/08\/lattes.jpg\" alt=\"\" width=\"97\" height=\"55\" \/><\/a><\/p>\n<p><a href=\"https:\/\/orcid.org\/0000-0001-6015-1546\"><img class=\"alignnone wp-image-38\" src=\"https:\/\/wp.ufpel.edu.br\/thaisgrutzmann\/files\/2020\/08\/orc-id2-400x143.png\" alt=\"\" width=\"150\" height=\"53\" srcset=\"https:\/\/wp.ufpel.edu.br\/thaisgrutzmann\/files\/2020\/08\/orc-id2-400x143.png 400w, https:\/\/wp.ufpel.edu.br\/thaisgrutzmann\/files\/2020\/08\/orc-id2-1024x366.png 1024w, https:\/\/wp.ufpel.edu.br\/thaisgrutzmann\/files\/2020\/08\/orc-id2-768x275.png 768w, https:\/\/wp.ufpel.edu.br\/thaisgrutzmann\/files\/2020\/08\/orc-id2.png 1200w\" sizes=\"(max-width: 150px) 100vw, 150px\" \/><\/a> \u00a0 \u00a0 \u00a0 <a href=\"https:\/\/www.researchgate.net\/profile\/Thais_Gruetzmann\"><img class=\"alignnone wp-image-148\" src=\"https:\/\/wp.ufpel.edu.br\/thaisgrutzmann\/files\/2020\/09\/Research-Gate.png\" alt=\"\" width=\"154\" height=\"51\" \/><\/a>\u00a0 \u00a0 \u00a0 \u00a0\u00a0<a href=\"https:\/\/ufpel-br.academia.edu\/ThaisPhilipsenGrutzmann\"><img class=\"\" src=\"https:\/\/img.freepik.com\/premium-vector\/academia-edu-icon_1088810-102.jpg\" alt=\"Premium Vector | Academia edu icon\" width=\"57\" height=\"57\" \/><\/a>\u00a0 \u00a0 \u00a0 \u00a0<a href=\"https:\/\/scholar.google.pt\/citations?hl=pt-BR&amp;view_op=list_works&amp;gmla=AFix5MbsniqQqL_nmytnAn3Os3Z08JF_1UfbLn60MiRD3WAuV7TnUh-yehAHptGSn9qm0uCLeIFU50zedVdpWShmN_gXvBMu&amp;user=0aiRtdcAAAAJ\"><img class=\"alignnone wp-image-255\" src=\"https:\/\/wp.ufpel.edu.br\/thaisgrutzmann\/files\/2025\/01\/google.jpg\" alt=\"\" width=\"145\" height=\"60\" \/><\/a><\/p>\n<p>&nbsp;<\/p>\n<p>&nbsp;<\/p>\n<p style=\"text-align: center;\"><span style=\"font-size: 14pt; color: #000080;\"><em><span style=\"font-family: georgia, palatino, serif;\">&#8220;Quem presta aten\u00e7\u00e3o no que lhe ensinam ter\u00e1 sucesso; quem confia no SENHOR ser\u00e1 feliz&#8221;.<span style=\"font-size: 12pt;\"> Pv 16. 20.\u00a0<\/span><\/span><\/em><\/span><\/p>\n","protected":false},"excerpt":{"rendered":"<p>Professora Tha\u00eds Philipsen Gr\u00fctzmann Forma\u00e7\u00e3o Acad\u00eamica P\u00f3s-Doutorado em Ensino de Ci\u00eancias e Educa\u00e7\u00e3o Matem\u00e1tica (2024-2025) pela Universidade Estadual de Ponta Grossa (UEPG), sob a orienta\u00e7\u00e3o do Prof. Dr. Jo\u00e3o Carlos Pereira de Moraes. Pesquisa: Sequ\u00eancia Did\u00e1tica para os v\u00eddeos do MathLibras: possibilidades de articula\u00e7\u00e3o para o ensino de Matem\u00e1tica para alunos surdos. Doutora em Educa\u00e7\u00e3o [&hellip;]<\/p>\n","protected":false},"author":1062,"featured_media":0,"parent":0,"menu_order":0,"comment_status":"closed","ping_status":"closed","template":"","meta":{"footnotes":""},"class_list":["post-6","page","type-page","status-publish","hentry"],"_links":{"self":[{"href":"https:\/\/wp.ufpel.edu.br\/thaisgrutzmann\/wp-json\/wp\/v2\/pages\/6","targetHints":{"allow":["GET"]}}],"collection":[{"href":"https:\/\/wp.ufpel.edu.br\/thaisgrutzmann\/wp-json\/wp\/v2\/pages"}],"about":[{"href":"https:\/\/wp.ufpel.edu.br\/thaisgrutzmann\/wp-json\/wp\/v2\/types\/page"}],"author":[{"embeddable":true,"href":"https:\/\/wp.ufpel.edu.br\/thaisgrutzmann\/wp-json\/wp\/v2\/users\/1062"}],"replies":[{"embeddable":true,"href":"https:\/\/wp.ufpel.edu.br\/thaisgrutzmann\/wp-json\/wp\/v2\/comments?post=6"}],"version-history":[{"count":3,"href":"https:\/\/wp.ufpel.edu.br\/thaisgrutzmann\/wp-json\/wp\/v2\/pages\/6\/revisions"}],"predecessor-version":[{"id":269,"href":"https:\/\/wp.ufpel.edu.br\/thaisgrutzmann\/wp-json\/wp\/v2\/pages\/6\/revisions\/269"}],"wp:attachment":[{"href":"https:\/\/wp.ufpel.edu.br\/thaisgrutzmann\/wp-json\/wp\/v2\/media?parent=6"}],"curies":[{"name":"wp","href":"https:\/\/api.w.org\/{rel}","templated":true}]}}