{"id":206,"date":"2024-02-28T19:36:12","date_gmt":"2024-02-28T22:36:12","guid":{"rendered":"https:\/\/wp.ufpel.edu.br\/thaisgrutzmann\/?page_id=206"},"modified":"2025-01-03T08:06:48","modified_gmt":"2025-01-03T11:06:48","slug":"orientandos-do-ppgemat","status":"publish","type":"page","link":"https:\/\/wp.ufpel.edu.br\/thaisgrutzmann\/orientandos-do-ppgemat\/","title":{"rendered":"Orientandos do PPGEMAT"},"content":{"rendered":"<p><span style=\"font-size: 24pt;\"><strong><span style=\"font-family: 'courier new', courier, monospace; color: #000080;\">Orienta\u00e7\u00f5es em andamento (4)<\/span><\/strong><\/span><\/p>\n<p><span style=\"color: #000000;\"><strong><span style=\"font-family: 'book antiqua', palatino, serif; font-size: 14pt;\"><span style=\"background-color: #ffff99;\">Turma 2024\/1<\/span> &#8211; <a href=\"http:\/\/lattes.cnpq.br\/8040330179203945\">Juliane Alves Ribeiro de Moura<\/a><\/span><\/strong><\/span><\/p>\n<p><span style=\"color: #000000;\"><strong><span style=\"font-family: 'book antiqua', palatino, serif; font-size: 14pt;\"><span style=\"background-color: #ffff99;\">Turma 2024\/1<\/span> &#8211; <a href=\"http:\/\/lattes.cnpq.br\/0319399357373383\">Cl\u00e1udia Adriana Avila da Silva<\/a><\/span><\/strong><\/span><\/p>\n<p><span style=\"color: #000000;\"><strong><span style=\"font-family: 'book antiqua', palatino, serif; font-size: 14pt;\"><span style=\"background-color: #ffff99;\">Turma 2024\/1<\/span> &#8211; <a href=\"http:\/\/lattes.cnpq.br\/5407761344018970\">Alice Carina Venzke Redmer<\/a><\/span><\/strong><\/span><\/p>\n<p>&nbsp;<\/p>\n<p><span style=\"color: #000000;\"><strong><span style=\"font-family: 'book antiqua', palatino, serif; font-size: 14pt;\"><span style=\"background-color: #ffff99;\">Turma 2023\/1<\/span> &#8211; <a href=\"http:\/\/lattes.cnpq.br\/0205553981123983\">M\u00f4nica Mendes Garcia<\/a><\/span><\/strong><\/span><\/p>\n<p><span style=\"font-family: 'book antiqua', palatino, serif; color: #000000; font-size: 14pt;\">Disserta\u00e7\u00e3o: Escolhas tradut\u00f3rias na produ\u00e7\u00e3o dos v\u00eddeos sobre Compara\u00e7\u00e3o do <em>MathLibras<\/em><\/span><\/p>\n<p>&nbsp;<\/p>\n<p>&nbsp;<\/p>\n<p><span style=\"font-family: 'courier new', courier, monospace; font-size: 24pt;\"><strong><span style=\"color: #000080;\">Orienta\u00e7\u00f5es conclu\u00eddas (11)<\/span><\/strong><\/span><\/p>\n<p><span style=\"color: #000000;\"><strong><span style=\"font-size: 14pt; font-family: 'book antiqua', palatino, serif;\"><span style=\"background-color: #ffff99;\">Turma 2023\/1<\/span>\u00a0 &#8211; <a href=\"http:\/\/lattes.cnpq.br\/4804101380095078\">Magda Josieli Souza de Souza<\/a><\/span><\/strong><\/span><\/p>\n<p><span style=\"font-family: 'book antiqua', palatino, serif; color: #000000; font-size: 14pt;\">Disserta\u00e7\u00e3o:\u00a0Ensino do Sistema Monet\u00e1rio Brasileiro para alunos surdos do 3\u00ba e 4\u00ba anos do Ensino Fundamental: um experimento de ensino<\/span><\/p>\n<p>&nbsp;<\/p>\n<p><strong><span style=\"color: #000000;\"><span style=\"background-color: #ffff99;\">T<\/span><span style=\"font-family: 'book antiqua', palatino, serif; font-size: 14pt;\"><span style=\"background-color: #ffff99;\">ur<\/span><span style=\"color: #000000;\"><span style=\"background-color: #ffff99;\">m<\/span><span style=\"font-size: 14pt;\"><span style=\"background-color: #ffff99;\">a 2022\/1<\/span> &#8211; <a href=\"http:\/\/lattes.cnpq.br\/3304757776507359\">Cristiane Winkel Elert<\/a><\/span><\/span><\/span><\/span><\/strong><\/p>\n<p><span style=\"font-family: 'book antiqua', palatino, serif; color: #000000; font-size: 14pt;\">Disserta\u00e7\u00e3o: <a style=\"color: #000000;\" href=\"https:\/\/guaiaca.ufpel.edu.br\/handle\/prefix\/12919\">A conta\u00e7\u00e3o e a produ\u00e7\u00e3o de hist\u00f3rias liter\u00e1rias no ensino da Matem\u00e1tica: viv\u00eancias no 1\u00ba ano do Ensino Fundamental<\/a><\/span><\/p>\n<p>&nbsp;<\/p>\n<p><span style=\"color: #000000;\"><strong><span style=\"font-family: 'book antiqua', palatino, serif; font-size: 14pt;\"><span style=\"color: #000000;\"><span style=\"background-color: #ffff99;\">Turma 2021\/1<\/span> &#8211; <\/span><a style=\"color: #000000;\" href=\"http:\/\/lattes.cnpq.br\/0920881119974896\"><span style=\"font-family: 'book antiqua', palatino, serif; color: #000000;\">Cl<\/span>ara de Mello Maciel<\/a>\u00a0<\/span><\/strong><\/span><\/p>\n<p><span style=\"color: #000000;\"><span style=\"font-family: 'book antiqua', palatino, serif; font-size: 14pt;\">Disserta\u00e7\u00e3o:\u00a0<\/span><span style=\"font-family: 'book antiqua', palatino, serif; font-size: 14pt;\"><a style=\"color: #000000;\" href=\"https:\/\/guaiaca.ufpel.edu.br\/handle\/prefix\/9091\">A visualidade na resolu\u00e7\u00e3o de problemas em Geometria no Ensino M\u00e9dio<\/a>.<\/span><\/span><\/p>\n<p>&nbsp;<\/p>\n<p><span style=\"font-family: 'book antiqua', palatino, serif; font-size: 14pt; color: #000000;\"><strong><span style=\"background-color: #ffff99;\">Turma 2020\/1<\/span> &#8211; \u00a0<\/strong><a style=\"color: #000000;\" href=\"http:\/\/lattes.cnpq.br\/0128151276487868\"><strong>Patricia Michie Umetsubo Gon\u00e7alves<\/strong><\/a>\u00a0<\/span><\/p>\n<p><span style=\"color: #000000;\"><span style=\"font-family: 'book antiqua', palatino, serif; font-size: 14pt;\">Disserta\u00e7\u00e3o:\u00a0<\/span><a style=\"color: #000000;\" href=\"https:\/\/guaiaca.ufpel.edu.br\/handle\/prefix\/8802\"><span style=\"font-family: 'book antiqua', palatino, serif; font-size: 14pt;\">Oficinas de matem\u00e1tica: desenvolvimento de atividades e jogos em duas turmas de 2\u00ba ano na percep\u00e7\u00e3o das professoras<\/span><\/a><\/span><\/p>\n<p>&nbsp;<\/p>\n<p><span style=\"font-family: 'book antiqua', palatino, serif; font-size: 14pt;\"><strong><span style=\"background-color: #ffff99;\">Turma 2020\/1<\/span> &#8211; <a href=\"http:\/\/lattes.cnpq.br\/3741138930329272\">Marcos Aur\u00e9lio da Silva Martins<\/a>\u00a0<\/strong><\/span><\/p>\n<p><span style=\"font-family: 'book antiqua', palatino, serif; font-size: 14pt;\">Disserta\u00e7\u00e3o: <a href=\"https:\/\/guaiaca.ufpel.edu.br\/handle\/prefix\/8796\">Scape Book de Fra\u00e7\u00f5es: Possibilidades e desafios do seu uso em uma turma do 6\u00ba ano do Ensino Fundamental<\/a><\/span><\/p>\n<p>&nbsp;<\/p>\n<p><span style=\"font-size: 14pt; font-family: 'book antiqua', palatino, serif; color: #000000;\"><span style=\"background-color: #ffff99;\"><strong>Turma 2019\/1<\/strong><\/span> &#8211; <a style=\"color: #000000;\" href=\"http:\/\/lattes.cnpq.br\/8658967466694747\"><strong>Melissa Novack Oliveira Ribeiro<\/strong><\/a><\/span><\/p>\n<p><span style=\"font-size: 14pt; font-family: 'book antiqua', palatino, serif; color: #000000;\">\u00a0Disserta\u00e7\u00e3o: <a style=\"color: #000000;\" href=\"https:\/\/guaiaca.ufpel.edu.br\/handle\/prefix\/8791\">V\u00eddeo did\u00e1tico do MathLibras: a vis\u00e3o de duas professoras sobre o ensino de Matem\u00e1tica para alunos surdos<\/a><\/span><\/p>\n<p>&nbsp;<\/p>\n<p><strong><span style=\"font-size: 14pt; color: #000000; font-family: 'book antiqua', palatino, serif;\"><span style=\"background-color: #ffff99;\">Turma 2019\/1<\/span>\u00a0 &#8211; <a style=\"color: #000000;\" href=\"http:\/\/lattes.cnpq.br\/6939646928971494\">Elisabete Strelow de Castro<\/a><\/span><\/strong><\/p>\n<p><span style=\"font-size: 14pt; font-family: 'book antiqua', palatino, serif; color: #000000;\">Disserta\u00e7\u00e3o:\u00a0<a style=\"color: #000000;\" href=\"http:\/\/guaiaca.ufpel.edu.br\/handle\/prefix\/8067\">Reflex\u00f5es sobre poss\u00edveis entrela\u00e7amentos entre a Educa\u00e7\u00e3o Matem\u00e1tica e a Educa\u00e7\u00e3o dos Surdos presentes nas produ\u00e7\u00f5es cient\u00edficas entre 2010 e 2020 na Biblioteca Digital Brasileira de Teses e Disserta\u00e7\u00f5es<\/a><\/span><\/p>\n<p>&nbsp;<\/p>\n<p><strong><span style=\"font-size: 14pt; color: #000000; font-family: 'book antiqua', palatino, serif;\"><span style=\"background-color: #ffff99;\">Turma 2018\/1<\/span>\u00a0 &#8211; <a style=\"color: #000000;\" href=\"http:\/\/lattes.cnpq.br\/5411680012567981\">Fabrine Diniz Pereira<\/a><\/span><\/strong><\/p>\n<p><span style=\"font-size: 14pt; font-family: 'book antiqua', palatino, serif; color: #000000;\">Disserta\u00e7\u00e3o:\u00a0<a style=\"color: #000000;\" href=\"http:\/\/guaiaca.ufpel.edu.br\/handle\/prefix\/6562\">Percep\u00e7\u00f5es dos acad\u00eamicos do Curso de Licenciatura em Matem\u00e1tica da FURG sobre o enfrentamento do\u00a0<em>tecnostress<\/em><\/a><\/span><\/p>\n<p>&nbsp;<\/p>\n<p><strong><span style=\"font-size: 14pt; font-family: 'book antiqua', palatino, serif; color: #000000;\"><span style=\"background-color: #ffff99;\">Turma 2018\/1<\/span>\u00a0 &#8211;\u00a0<a style=\"color: #000000;\" href=\"http:\/\/lattes.cnpq.br\/3507294559181177\">Gabrielle Nunes dos Santos<\/a><\/span><\/strong><\/p>\n<p><span style=\"font-size: 14pt; font-family: 'book antiqua', palatino, serif; color: #000000;\">Disserta\u00e7\u00e3o:\u00a0<a style=\"color: #000000;\" href=\"http:\/\/guaiaca.ufpel.edu.br\/handle\/prefix\/6564\">Sistemas lineares sob a \u00f3tica dos registros de representa\u00e7\u00e3o semi\u00f3tica: uma an\u00e1lise dos entendimentos de acad\u00eamicos do ensino superior<\/a><\/span><\/p>\n<p>&nbsp;<\/p>\n<p><span style=\"font-size: 14pt; color: #000000; font-family: 'book antiqua', palatino, serif;\"><span style=\"background-color: #ffff99;\"><strong>Turma 2017\/1<\/strong><\/span>\u00a0 &#8211; <strong><a style=\"color: #000000;\" href=\"http:\/\/lattes.cnpq.br\/8144545479661202\">Heniane Passos Aleixo<\/a><\/strong><\/span><\/p>\n<p><span style=\"font-size: 14pt; color: #000000; font-family: 'book antiqua', palatino, serif;\">Disserta\u00e7\u00e3o:\u00a0<a style=\"color: #000000;\" href=\"http:\/\/guaiaca.ufpel.edu.br\/handle\/prefix\/6565\">A constru\u00e7\u00e3o do conceito de n\u00famero por uma aluna surdocegueira cong\u00eanita<\/a><\/span><\/p>\n<p>&nbsp;<\/p>\n<p><strong><span style=\"font-size: 14pt; color: #000000; font-family: 'book antiqua', palatino, serif;\"><span style=\"background-color: #ffff99;\">Turma 2016\/2<\/span> &#8211; <a style=\"color: #000000;\" href=\"http:\/\/lattes.cnpq.br\/4523889078342205\">Fabiane Carvalho Bohm<\/a><\/span><\/strong><\/p>\n<p><span style=\"font-size: 14pt; color: #000000; font-family: 'book antiqua', palatino, serif;\">Disserta\u00e7\u00e3o: <a style=\"color: #000000;\" href=\"http:\/\/guaiaca.ufpel.edu.br\/handle\/prefix\/4572\">Multiplica\u00e7\u00e3o: ensinar e aprender em turmas de alunos surdos do Ensino Fundamental na Escola Especial Professor Alfredo Dub<\/a><\/span><\/p>\n","protected":false},"excerpt":{"rendered":"<p>Orienta\u00e7\u00f5es em andamento (4) Turma 2024\/1 &#8211; Juliane Alves Ribeiro de Moura Turma 2024\/1 &#8211; Cl\u00e1udia Adriana Avila da Silva Turma 2024\/1 &#8211; Alice Carina Venzke Redmer &nbsp; Turma 2023\/1 &#8211; M\u00f4nica Mendes Garcia Disserta\u00e7\u00e3o: Escolhas tradut\u00f3rias na produ\u00e7\u00e3o dos v\u00eddeos sobre Compara\u00e7\u00e3o do MathLibras &nbsp; &nbsp; Orienta\u00e7\u00f5es conclu\u00eddas (11) Turma 2023\/1\u00a0 &#8211; Magda Josieli [&hellip;]<\/p>\n","protected":false},"author":1062,"featured_media":0,"parent":0,"menu_order":0,"comment_status":"closed","ping_status":"closed","template":"","meta":{"footnotes":""},"class_list":["post-206","page","type-page","status-publish","hentry"],"_links":{"self":[{"href":"https:\/\/wp.ufpel.edu.br\/thaisgrutzmann\/wp-json\/wp\/v2\/pages\/206","targetHints":{"allow":["GET"]}}],"collection":[{"href":"https:\/\/wp.ufpel.edu.br\/thaisgrutzmann\/wp-json\/wp\/v2\/pages"}],"about":[{"href":"https:\/\/wp.ufpel.edu.br\/thaisgrutzmann\/wp-json\/wp\/v2\/types\/page"}],"author":[{"embeddable":true,"href":"https:\/\/wp.ufpel.edu.br\/thaisgrutzmann\/wp-json\/wp\/v2\/users\/1062"}],"replies":[{"embeddable":true,"href":"https:\/\/wp.ufpel.edu.br\/thaisgrutzmann\/wp-json\/wp\/v2\/comments?post=206"}],"version-history":[{"count":15,"href":"https:\/\/wp.ufpel.edu.br\/thaisgrutzmann\/wp-json\/wp\/v2\/pages\/206\/revisions"}],"predecessor-version":[{"id":252,"href":"https:\/\/wp.ufpel.edu.br\/thaisgrutzmann\/wp-json\/wp\/v2\/pages\/206\/revisions\/252"}],"wp:attachment":[{"href":"https:\/\/wp.ufpel.edu.br\/thaisgrutzmann\/wp-json\/wp\/v2\/media?parent=206"}],"curies":[{"name":"wp","href":"https:\/\/api.w.org\/{rel}","templated":true}]}}