{"id":96,"date":"2017-08-15T14:59:19","date_gmt":"2017-08-15T17:59:19","guid":{"rendered":"https:\/\/wp.ufpel.edu.br\/tfgonline\/?page_id=96"},"modified":"2021-11-11T19:14:40","modified_gmt":"2021-11-11T22:14:40","slug":"paisagismo","status":"publish","type":"page","link":"https:\/\/wp.ufpel.edu.br\/tfgonline\/temas\/paisagismo\/","title":{"rendered":"Paisagismo"},"content":{"rendered":"<h5 class=\"font_5\" style=\"text-align: left\"><span style=\"font-family: 'arial black', sans-serif;font-size: 12pt\">Projetos de paisagismo englobando diferentes escalas da paisagem.<\/span><\/h5>\n<hr \/>\n<p><span style=\"font-family: 'arial black', sans-serif\">2019\/2<\/span><\/p>\n<p>Parque Santa B\u00e1rbara: O projeto como ferramenta de preserva\u00e7\u00e3o e manuten\u00e7\u00e3o da mem\u00f3ria local<\/p>\n<p>Luana Betina Paearson Schumann<\/p>\n<p>Orientador(a): Andr\u00e9 de Oliveira Torres Carrasco<\/p>\n<p>&nbsp;<\/p>\n<p>Parque da Prainha: Requalifica\u00e7\u00e3o do Complexo Esportivo Rui de Castro Netto -\u00ad\u2010 Camaqu\u00e3\/RS<\/p>\n<p>Ana Carolina Farias Alves<\/p>\n<p>Orientador(a): Ana Paula Neto de Faria<\/p>\n<p>&nbsp;<\/p>\n<p>Parque Pinheiro: o Fragata e suas \u00e1reas verdes<\/p>\n<p>Analicia Cardoso Menezes<\/p>\n<p>Orientador(a): Ana Paula Neto de Faria<\/p>\n<p>&nbsp;<\/p>\n<p>Parque Urbano Barragem Santa B\u00e1rbara<\/p>\n<p>Emily Ingrid Nobre Silva<\/p>\n<p>Orientador(a): Ana Paula Neto de Faria<\/p>\n<p>&nbsp;<\/p>\n<p>Requalifica\u00e7\u00e3o Urbana Binacional -\u00ad\u2010 Parque Internacional de Sant&#8217;Ana do Livramento e Rivera<\/p>\n<p>Raiza Coelho Rosa<\/p>\n<p>Orientador(a): Ana Paula Polidori Zechlisnk<\/p>\n<p>&nbsp;<\/p>\n<p>Entre -\u00ad Lugar uma experi\u00eancia da passagem: J\u00f3ia\/RS<\/p>\n<p>Ana Luiza Dambros Bazzan<\/p>\n<p>Orientador(a): Eduardo Rocha<\/p>\n<p>&nbsp;<\/p>\n<p><span style=\"font-family: 'arial black', sans-serif\">2019\/1<\/span><\/p>\n<p><a href=\"https:\/\/drive.google.com\/file\/d\/1zm2m7QF28yCBGde_BwUajuaOiCvh_iXZ\/view\">Jardim Bot\u00e2nico do Sistema Lagunar do Rio Grande do Sul<\/a><\/p>\n<p>Frederico Karam<\/p>\n<p>Orientador(a): Ana Paula Neto de Faria<\/p>\n<p>&nbsp;<\/p>\n<p><a href=\"https:\/\/drive.google.com\/file\/d\/1KBwbGi_-vFdqQuKOTGMY7aVQFGRyi5jC\/view\">Parque Urbano Vale das \u00c1guas <\/a><\/p>\n<p>Mariana Reami Osmar\u00e9<\/p>\n<p>Orientador(a): Ana Paula Neto de Faria<\/p>\n<p>&nbsp;<\/p>\n<p><a href=\"https:\/\/drive.google.com\/file\/d\/1GFPgVWQNSKOzGZSgU4uc5EYHNNCtiMmw\/view\">Pra\u00e7a Sensorial Amiga do Idoso <\/a><\/p>\n<p>M\u00f4nica Mariani Costa Lopes<\/p>\n<p>Orientador(a): Liziane de Oliveira Jorge<\/p>\n<hr \/>\n<p><span style=\"font-family: 'arial black', sans-serif\"><strong>2018\/2<\/strong><\/span><\/p>\n<p><a href=\"https:\/\/drive.google.com\/file\/d\/1v1sP4QP0da2SLVQGljXOXOob6uwgBFgq\/view\">Parque Linear Bairro-Cidade &#8211; O Respiro verde em meio ao caos urbano<\/a><\/p>\n<p>Giovana Let\u00edcia Nilen Ledesma<\/p>\n<p>Orientador(a): Ana Paula Polidori Zechlinski<\/p>\n<p>&nbsp;<\/p>\n<p><a href=\"https:\/\/drive.google.com\/file\/d\/1hBuPFVDbZ6RGb83Zw7DTT6QK9h0TM7Rd\/view\">Porto Viver &#8211; Um eixo verde em Pelotas<\/a><\/p>\n<p>Fernanda Schneider de Moura<\/p>\n<p>Orientador(a): Ana L\u00facia Costa de Oliveira<\/p>\n<p>&nbsp;<\/p>\n<p><span style=\"font-family: 'arial black', sans-serif\"><strong>2018\/1<\/strong><\/span><\/p>\n<p><a href=\"https:\/\/drive.google.com\/file\/d\/1PNLCjR_RY9jaKH5dI2vng9fy4ATqDarc\/view\">Parque dos Saberes &#8211; Associa\u00e7\u00e3o internacional de cidades educadoras<\/a><\/p>\n<p>Ana Paula de Castro Vieira<\/p>\n<p>Orientador (a): Ana Paula Neto de Faria<\/p>\n<p>&nbsp;<\/p>\n<hr \/>\n<p><span style=\"font-family: 'arial black', sans-serif\"><strong>2017\/1<\/strong><\/span><\/p>\n<p><a href=\"https:\/\/drive.google.com\/file\/d\/1kFo-L7JbEMxb_SHpI8uT7cY1P3Bf7aSg\/view\">Parque Lago<\/a><br \/>\nBerthrand Dall&#8217;agnol<br \/>\nOrientador(a): Maur\u00edcio Polidori<\/p>\n<p><a href=\"https:\/\/drive.google.com\/file\/d\/1ziuxG3V5RtpNjwKKq3MsJaeX50R3nRlx\/view\">Revitaliza\u00e7\u00e3o Arroio Pepino\u00a0<\/a><br \/>\nValentina Machado<br \/>\nOrientador(a): Maur\u00edcio Polidori<\/p>\n<p>&nbsp;<\/p>\n<hr \/>\n<p><span style=\"font-family: 'arial black', sans-serif\"><strong>2016\/2<\/strong><\/span><\/p>\n<p><a href=\"https:\/\/drive.google.com\/file\/d\/10emWfPj9gK2lfKgxANps4M2PmMHEYzXX\/view\">Largo da Batata\u00a0<\/a><br \/>\nAlan Freitas de Carvalho<br \/>\nOrientador(a): Ana Paula Neto Faria<\/p>\n<p><a href=\"https:\/\/wp.ufpel.edu.br\/tfgonline\/files\/2017\/08\/Guilherme-Milman-Otimizado2-ilovepdf-compressed-ilovepdf-compressed.pdf\">(Re) Desenhando a Rep\u00fablica do L\u00edbano<\/a><br \/>\nGuilherme Brauner Milman<br \/>\nOrientador(a): Ot\u00e1vio Peres<\/p>\n<p><a href=\"https:\/\/wp.ufpel.edu.br\/tfgonline\/files\/2017\/08\/Mariana-Vieira-Medeiros-Otimizado.pdf\">Parque Paralelo (Mar)<\/a><br \/>\nMariana Vieira Medeiros<br \/>\nOrientador(a): Adriana Portella<\/p>\n<p>&nbsp;<\/p>\n","protected":false},"excerpt":{"rendered":"<p>Projetos de paisagismo englobando diferentes escalas da paisagem. 2019\/2 Parque Santa B\u00e1rbara: O projeto como ferramenta de preserva\u00e7\u00e3o e manuten\u00e7\u00e3o da mem\u00f3ria local Luana Betina Paearson Schumann&hellip; <span class=\"read-more\"><a class=\"more-link\" href=\"https:\/\/wp.ufpel.edu.br\/tfgonline\/temas\/paisagismo\/\" rel=\"bookmark\">Leia Mais <span class=\"screen-reader-text\">&#8220;Paisagismo&#8221;<\/span><\/a><\/span><\/p>\n","protected":false},"author":794,"featured_media":175,"parent":63,"menu_order":0,"comment_status":"closed","ping_status":"closed","template":"","meta":{"jetpack_post_was_ever_published":false,"footnotes":""},"class_list":["post-96","page","type-page","status-publish","has-post-thumbnail","hentry"],"jetpack_sharing_enabled":true,"jetpack_shortlink":"https:\/\/wp.me\/P92ryl-1y","jetpack-related-posts":[],"_links":{"self":[{"href":"https:\/\/wp.ufpel.edu.br\/tfgonline\/wp-json\/wp\/v2\/pages\/96","targetHints":{"allow":["GET"]}}],"collection":[{"href":"https:\/\/wp.ufpel.edu.br\/tfgonline\/wp-json\/wp\/v2\/pages"}],"about":[{"href":"https:\/\/wp.ufpel.edu.br\/tfgonline\/wp-json\/wp\/v2\/types\/page"}],"author":[{"embeddable":true,"href":"https:\/\/wp.ufpel.edu.br\/tfgonline\/wp-json\/wp\/v2\/users\/794"}],"replies":[{"embeddable":true,"href":"https:\/\/wp.ufpel.edu.br\/tfgonline\/wp-json\/wp\/v2\/comments?post=96"}],"version-history":[{"count":25,"href":"https:\/\/wp.ufpel.edu.br\/tfgonline\/wp-json\/wp\/v2\/pages\/96\/revisions"}],"predecessor-version":[{"id":600,"href":"https:\/\/wp.ufpel.edu.br\/tfgonline\/wp-json\/wp\/v2\/pages\/96\/revisions\/600"}],"up":[{"embeddable":true,"href":"https:\/\/wp.ufpel.edu.br\/tfgonline\/wp-json\/wp\/v2\/pages\/63"}],"wp:featuredmedia":[{"embeddable":true,"href":"https:\/\/wp.ufpel.edu.br\/tfgonline\/wp-json\/wp\/v2\/media\/175"}],"wp:attachment":[{"href":"https:\/\/wp.ufpel.edu.br\/tfgonline\/wp-json\/wp\/v2\/media?parent=96"}],"curies":[{"name":"wp","href":"https:\/\/api.w.org\/{rel}","templated":true}]}}