{"id":93,"date":"2017-08-15T14:58:47","date_gmt":"2017-08-15T17:58:47","guid":{"rendered":"https:\/\/wp.ufpel.edu.br\/tfgonline\/?page_id=93"},"modified":"2021-11-11T19:34:24","modified_gmt":"2021-11-11T22:34:24","slug":"planejamento-urbano-e-regional","status":"publish","type":"page","link":"https:\/\/wp.ufpel.edu.br\/tfgonline\/temas\/planejamento-urbano-e-regional\/","title":{"rendered":"Planejamento Urbano e Regional"},"content":{"rendered":"<h5 class=\"font_5\" style=\"text-align: left\"><span style=\"font-family: 'arial black', sans-serif;font-size: 12pt\">Propostas de Planejamento Urbano e Regional englobando diferentes temas e escalas que v\u00e3o de setores urbanos a regi\u00f5es geogr\u00e1ficas abrangentes.<\/span><\/h5>\n<hr \/>\n<p><span style=\"font-family: 'arial black', sans-serif\">2019\/1<\/span><\/p>\n<p><a href=\"https:\/\/drive.google.com\/file\/d\/1Ok54PX84WsSXTYC8V1Ehy9M91ydTbtvH\/view\">Planejamento da requalifica\u00e7\u00e3o costeira da orla de S\u00e3o Louren\u00e7o do Sul<\/a><\/p>\n<p>Bianca Ramires Soares<\/p>\n<p>Orientador(a): Ana Paula Neto de Faria<\/p>\n<hr \/>\n<p><span style=\"font-family: 'arial black', sans-serif\"><strong>2018\/2<\/strong><\/span><\/p>\n<p><a href=\"https:\/\/drive.google.com\/file\/d\/1K4b_Z-6VMRP-wW_pMQpcLj9kL7g6EhMd\/view\">Al\u00e9m da Margem &#8211; planejamento urbano e sistema de espa\u00e7os abertos para o bairro S\u00e3o Gon\u00e7alo<\/a><\/p>\n<p>Liara Dalsoto Callegaro<\/p>\n<p>Orientador(a): Maur\u00edcio Couto Polidori<\/p>\n<p>&nbsp;<\/p>\n<p><a href=\"https:\/\/drive.google.com\/file\/d\/15NpogERCeAmE4rrXBMHAcljbebB2DWIJ\/view\">Ambiente e Cultura &#8211; Planejamento para assentamento costeiro<\/a><\/p>\n<p>Gustavo Maciel Gon\u00e7alves<\/p>\n<p>Orientador(a): Ana Paula Neto de Faria<\/p>\n<hr \/>\n<p><span style=\"font-family: 'arial black', sans-serif\"><strong>2017\/1<\/strong><\/span><\/p>\n<p><a href=\"https:\/\/drive.google.com\/file\/d\/1ziuxG3V5RtpNjwKKq3MsJaeX50R3nRlx\/view\">Revitaliza\u00e7\u00e3o Arroio Pepino<\/a><br \/>\nValentina Machado<br \/>\nOrientador(a): Maur\u00edcio Polidori<\/p>\n<hr \/>\n<p><span style=\"font-family: 'arial black', sans-serif\"><strong>2016\/2<\/strong><\/span><\/p>\n<p><a href=\"https:\/\/drive.google.com\/file\/d\/1hY-9YtUfTHgryEQHBlAeexzfPWzkNr-L\/view\">MOBI: Uma nova alternativa de mobilidade urbana para Pelotas<\/a><\/p>\n<p>\u00c2ndrio Oliveira Cardoso<\/p>\n<p>Orientador(a): Ot\u00e1vio Martins Peres<\/p>\n","protected":false},"excerpt":{"rendered":"<p>Propostas de Planejamento Urbano e Regional englobando diferentes temas e escalas que v\u00e3o de setores urbanos a regi\u00f5es geogr\u00e1ficas abrangentes. 2019\/1 Planejamento da requalifica\u00e7\u00e3o costeira da orla&hellip; <span class=\"read-more\"><a class=\"more-link\" href=\"https:\/\/wp.ufpel.edu.br\/tfgonline\/temas\/planejamento-urbano-e-regional\/\" rel=\"bookmark\">Leia Mais <span class=\"screen-reader-text\">&#8220;Planejamento Urbano e Regional&#8221;<\/span><\/a><\/span><\/p>\n","protected":false},"author":794,"featured_media":181,"parent":63,"menu_order":0,"comment_status":"closed","ping_status":"closed","template":"","meta":{"jetpack_post_was_ever_published":false,"footnotes":""},"class_list":["post-93","page","type-page","status-publish","has-post-thumbnail","hentry"],"jetpack_sharing_enabled":true,"jetpack_shortlink":"https:\/\/wp.me\/P92ryl-1v","jetpack-related-posts":[],"_links":{"self":[{"href":"https:\/\/wp.ufpel.edu.br\/tfgonline\/wp-json\/wp\/v2\/pages\/93","targetHints":{"allow":["GET"]}}],"collection":[{"href":"https:\/\/wp.ufpel.edu.br\/tfgonline\/wp-json\/wp\/v2\/pages"}],"about":[{"href":"https:\/\/wp.ufpel.edu.br\/tfgonline\/wp-json\/wp\/v2\/types\/page"}],"author":[{"embeddable":true,"href":"https:\/\/wp.ufpel.edu.br\/tfgonline\/wp-json\/wp\/v2\/users\/794"}],"replies":[{"embeddable":true,"href":"https:\/\/wp.ufpel.edu.br\/tfgonline\/wp-json\/wp\/v2\/comments?post=93"}],"version-history":[{"count":17,"href":"https:\/\/wp.ufpel.edu.br\/tfgonline\/wp-json\/wp\/v2\/pages\/93\/revisions"}],"predecessor-version":[{"id":603,"href":"https:\/\/wp.ufpel.edu.br\/tfgonline\/wp-json\/wp\/v2\/pages\/93\/revisions\/603"}],"up":[{"embeddable":true,"href":"https:\/\/wp.ufpel.edu.br\/tfgonline\/wp-json\/wp\/v2\/pages\/63"}],"wp:featuredmedia":[{"embeddable":true,"href":"https:\/\/wp.ufpel.edu.br\/tfgonline\/wp-json\/wp\/v2\/media\/181"}],"wp:attachment":[{"href":"https:\/\/wp.ufpel.edu.br\/tfgonline\/wp-json\/wp\/v2\/media?parent=93"}],"curies":[{"name":"wp","href":"https:\/\/api.w.org\/{rel}","templated":true}]}}