{"id":89,"date":"2017-08-15T14:58:19","date_gmt":"2017-08-15T17:58:19","guid":{"rendered":"https:\/\/wp.ufpel.edu.br\/tfgonline\/?page_id=89"},"modified":"2021-11-11T19:24:16","modified_gmt":"2021-11-11T22:24:16","slug":"urbanismo-e-desenho-urbano","status":"publish","type":"page","link":"https:\/\/wp.ufpel.edu.br\/tfgonline\/temas\/urbanismo-e-desenho-urbano\/","title":{"rendered":"Urbanismo e Desenho Urbano"},"content":{"rendered":"<h5 class=\"font_5\" style=\"text-align: left\"><span style=\"font-family: 'arial black', sans-serif;font-size: 12pt\">Projetos de urbanismo e de desenho urbano englobando diferente temas e escalas\u00a0do sistema urbano, abordados em conjunto ou separadamente.<\/span><\/h5>\n<hr \/>\n<p><span style=\"font-family: 'arial black', sans-serif\"><strong>2019\/02<\/strong><\/span><\/p>\n<p>CASA\/cidade: estudo de inser\u00e7\u00e3o de habita\u00e7\u00e3o social na vila da Balsa<\/p>\n<p>Natalia Ghisleni<\/p>\n<p>Orientador(a): Celina Maria Britto Correa<\/p>\n<hr \/>\n<p><span style=\"font-family: 'arial black', sans-serif\"><strong>2017\/1<\/strong><\/span><\/p>\n<p><a href=\"https:\/\/drive.google.com\/file\/d\/1J9199N9WTSzvZNDQ__JCIUF6T6UaVQr6\/view\">Pelotas Compartilhada &#8211; Plano de Amplia\u00e7\u00e3o da Rede Ciclovi\u00e1ria<\/a><br \/>\nOt\u00e1vio Gigante Viana<br \/>\nOrientador(a): Maur\u00edcio Polidori<\/p>\n<hr \/>\n<p><span style=\"font-family: 'arial black', sans-serif\"><strong>2016\/1<\/strong><\/span><\/p>\n<p><a href=\"https:\/\/wp.ufpel.edu.br\/tfgonline\/files\/2017\/08\/Ivy-REDU\u00c7\u00c3O.pdf\" target=\"_blank\" rel=\"noopener noreferrer\">Embaixo do Viaduto<\/a><br \/>\nIvy Pereira Voloski<br \/>\nOrientador(a): Ana Paula Neto de Faria<\/p>\n<p><a href=\"https:\/\/wp.ufpel.edu.br\/tfgonline\/files\/2017\/08\/Tais-Brandelli-Compress.pdf\" target=\"_blank\" rel=\"noopener noreferrer\">Centro Integracional Huma<\/a><br \/>\nTais Marini Brandelli<br \/>\nOrientador(a): Adriana Portella<\/p>\n<p>&nbsp;<\/p>\n","protected":false},"excerpt":{"rendered":"<p>Projetos de urbanismo e de desenho urbano englobando diferente temas e escalas\u00a0do sistema urbano, abordados em conjunto ou separadamente. 2019\/02 CASA\/cidade: estudo de inser\u00e7\u00e3o de habita\u00e7\u00e3o social&hellip; <span class=\"read-more\"><a class=\"more-link\" href=\"https:\/\/wp.ufpel.edu.br\/tfgonline\/temas\/urbanismo-e-desenho-urbano\/\" rel=\"bookmark\">Leia Mais <span class=\"screen-reader-text\">&#8220;Urbanismo e Desenho Urbano&#8221;<\/span><\/a><\/span><\/p>\n","protected":false},"author":794,"featured_media":183,"parent":63,"menu_order":0,"comment_status":"closed","ping_status":"closed","template":"","meta":{"jetpack_post_was_ever_published":false,"footnotes":""},"class_list":["post-89","page","type-page","status-publish","has-post-thumbnail","hentry"],"jetpack_sharing_enabled":true,"jetpack_shortlink":"https:\/\/wp.me\/P92ryl-1r","jetpack-related-posts":[],"_links":{"self":[{"href":"https:\/\/wp.ufpel.edu.br\/tfgonline\/wp-json\/wp\/v2\/pages\/89","targetHints":{"allow":["GET"]}}],"collection":[{"href":"https:\/\/wp.ufpel.edu.br\/tfgonline\/wp-json\/wp\/v2\/pages"}],"about":[{"href":"https:\/\/wp.ufpel.edu.br\/tfgonline\/wp-json\/wp\/v2\/types\/page"}],"author":[{"embeddable":true,"href":"https:\/\/wp.ufpel.edu.br\/tfgonline\/wp-json\/wp\/v2\/users\/794"}],"replies":[{"embeddable":true,"href":"https:\/\/wp.ufpel.edu.br\/tfgonline\/wp-json\/wp\/v2\/comments?post=89"}],"version-history":[{"count":16,"href":"https:\/\/wp.ufpel.edu.br\/tfgonline\/wp-json\/wp\/v2\/pages\/89\/revisions"}],"predecessor-version":[{"id":602,"href":"https:\/\/wp.ufpel.edu.br\/tfgonline\/wp-json\/wp\/v2\/pages\/89\/revisions\/602"}],"up":[{"embeddable":true,"href":"https:\/\/wp.ufpel.edu.br\/tfgonline\/wp-json\/wp\/v2\/pages\/63"}],"wp:featuredmedia":[{"embeddable":true,"href":"https:\/\/wp.ufpel.edu.br\/tfgonline\/wp-json\/wp\/v2\/media\/183"}],"wp:attachment":[{"href":"https:\/\/wp.ufpel.edu.br\/tfgonline\/wp-json\/wp\/v2\/media?parent=89"}],"curies":[{"name":"wp","href":"https:\/\/api.w.org\/{rel}","templated":true}]}}