{"id":86,"date":"2017-08-15T14:56:50","date_gmt":"2017-08-15T17:56:50","guid":{"rendered":"https:\/\/wp.ufpel.edu.br\/tfgonline\/?page_id=86"},"modified":"2021-11-11T19:21:23","modified_gmt":"2021-11-11T22:21:23","slug":"patrimonio","status":"publish","type":"page","link":"https:\/\/wp.ufpel.edu.br\/tfgonline\/temas\/patrimonio\/","title":{"rendered":"Patrim\u00f4nio"},"content":{"rendered":"<h5 class=\"font_5\" style=\"text-align: left\">Projeto de conserva\u00e7\u00e3o do patrim\u00f4nio edificado (restauro e reestrutura\u00e7\u00e3o).<\/h5>\n<hr \/>\n<p><span style=\"font-family: 'arial black', sans-serif\">2019\/2<\/span><\/p>\n<p>Entre Charqueadas: Um caminho de mem\u00f3rias -\u00ad Diretrizes de Preserva\u00e7\u00e3o para as Vilas de Santa Thereza e Industrial -Bag\u00e9\/RS<\/p>\n<p>Isadora Baptista Alves<\/p>\n<p>Orientador(a): Aline Montagna da Silveira<\/p>\n<p>&nbsp;<\/p>\n<p>Complexo Cinematogr\u00e1fico: um espa\u00e7o de mem\u00f3ria e de cria\u00e7\u00e3o<\/p>\n<p>Natalia Toralles dos Santos Braga<\/p>\n<p>Orienta\u00e7\u00e3o(a): Aline Montagna da Silveira<\/p>\n<p>&nbsp;<\/p>\n<p><span style=\"font-family: 'arial black', sans-serif\">2019\/1<\/span><\/p>\n<p><a href=\"https:\/\/drive.google.com\/file\/d\/1UQ6d9XdgSMo3Sa5iTppYlvUvC_M9v5qh\/view\">MORADIA NO CENTRO <\/a><\/p>\n<p>Andr\u00e9ia Camisa<\/p>\n<p>Orientador(a): Andr\u00e9 Carrasco<\/p>\n<p>&nbsp;<\/p>\n<p><a href=\"https:\/\/drive.google.com\/file\/d\/1jM873wFRSxq4WGp4KDuCnGWBCH4YZZ_D\/view\">Cinemateca Dunas<\/a><\/p>\n<p>Camila Fagundes<\/p>\n<p>Orientador(a): Sylvio Arnoldo Dick Jantzen<\/p>\n<p>&nbsp;<\/p>\n<p><a href=\"https:\/\/drive.google.com\/file\/d\/1ZlKefRr_j_za3tqLhdLSfHM-OHgLkUhk\/view\">Requalifica\u00e7\u00e3o do Edif\u00edcio Pra\u00e7a XV<\/a><\/p>\n<p>Helo\u00edsa Libardoni Michanoski<\/p>\n<p>Orientador(a): Lisiane de Oliveira Jorge<\/p>\n<p>&nbsp;<\/p>\n<p><a href=\"https:\/\/drive.google.com\/file\/d\/1eBUTvyl9oRFO3qXnhxlJlfI-h38eyvzM\/view\">Centro de Ci\u00eancia, Tecnologia e Inova\u00e7\u00e3o<\/a><\/p>\n<p>Valentina Toaldo Brum<\/p>\n<p>Orientador(a): Adriane Borda<\/p>\n<hr \/>\n<p><span style=\"font-family: 'arial black', sans-serif\"><strong>2018\/2<\/strong><\/span><\/p>\n<p><a href=\"https:\/\/drive.google.com\/file\/d\/1op44_wVVTUHpXGY7oR6PY2qTyhZc6lhM\/view\">Centro Cultural Porto das Artes<\/a><\/p>\n<p>Guilherme Iorio K\u00f6nsgen<\/p>\n<p>Orientador(a): Ricardo Lu\u00eds Sampaio Pintado<\/p>\n<p>&nbsp;<\/p>\n<p><a href=\"https:\/\/drive.google.com\/file\/d\/159VOuebYt_OKeGgPfJwEUjQP-mrigNxS\/view\">Do abandono ao cen\u00e1rio de encontro<\/a><\/p>\n<p>Vanessa Forneck<\/p>\n<p>Orientador(a): Aline Montagna da Silveira<\/p>\n<p>&nbsp;<\/p>\n<p><a href=\"https:\/\/drive.google.com\/file\/d\/1SrzrcO9_WdUz0GelvP3sac8qe26Uwq1f\/view\">UFPel no Porto &#8211; Interven\u00e7\u00e3o no patrim\u00f4nio cultural edificado da universidade<\/a><\/p>\n<p>Carolina Machado Alves<\/p>\n<p>Orientador(a): Aline Montagna da Silveira<\/p>\n<p>&nbsp;<\/p>\n<hr \/>\n<p><span style=\"font-family: 'arial black', sans-serif\"><strong>2017\/1<\/strong><\/span><\/p>\n<p><a href=\"https:\/\/drive.google.com\/file\/d\/1zmh-H7QcrNhs7uJzIp6WHETrArufzw_c\/view\">A Revitaliza\u00e7\u00e3o de um Porto Velho\u00a0<\/a><br \/>\nAline S. Moraes<br \/>\nOrientador(a):\u00a0 Liziane Jorge<\/p>\n<hr \/>\n<p><span style=\"font-family: 'arial black', sans-serif\"><strong>2016\/1<\/strong><\/span><\/p>\n<p><a href=\"https:\/\/drive.google.com\/file\/d\/1c9tYQuwKix8HV95-m1OuQg-bjuSan7hQ\/view\">Reciclagem da Antiga Cooperativa de Arroz: Mercado P\u00fablico de S\u00e3o Louren\u00e7o do Sul<\/a><br \/>\nFernanda Bergmann Schneider<br \/>\nOrientador(a): Celina Britto Correa<\/p>\n<p><a href=\"https:\/\/drive.google.com\/file\/d\/1S7fIbqER34Gwvzr9cdzN69AJ0_RHv_fT\/view\">Cidade + Cultura Lourenciana<\/a><br \/>\nGeovana Schneidt<br \/>\nOrientador(a): Aline Montagna<\/p>\n<p><a href=\"https:\/\/wp.ufpel.edu.br\/tfgonline\/files\/2017\/08\/Guilherme-Pinto-de-Almeida-REDU\u00c7\u00c3O.pdf\" target=\"_blank\" rel=\"noopener noreferrer\">Futuro do Passado: Centro de Refr\u00eancia de Centraliza\u00e7\u00e3o de Acervos e Memorial da Zona do Porto<\/a><br \/>\nGuilherme Pinto de Almeida<br \/>\nOrientador(a): Aline M. da Silveira<\/p>\n<p><a href=\"https:\/\/drive.google.com\/file\/d\/1qTX1JTKzxISkxHTrqTcYvaUIfQYCVX2q\/view\">Espa\u00e7o Binacional de Cultura\u00a0<\/a><br \/>\nRafaela Marques da Rocha<br \/>\nOrientador(a): Ana Lucia Costa de Oliveira<\/p>\n<p><a href=\"https:\/\/wp.ufpel.edu.br\/tfgonline\/files\/2017\/08\/TatianeBallerini.pdf\" target=\"_blank\" rel=\"noopener noreferrer\">Centro Integrado Vera Cruz<\/a><br \/>\nTatiane Ballerini Fernandes<br \/>\nOrientador(a): Ana Lucia Costa de Oliveira<\/p>\n","protected":false},"excerpt":{"rendered":"<p>Projeto de conserva\u00e7\u00e3o do patrim\u00f4nio edificado (restauro e reestrutura\u00e7\u00e3o). 2019\/2 Entre Charqueadas: Um caminho de mem\u00f3rias -\u00ad Diretrizes de Preserva\u00e7\u00e3o para as Vilas de Santa Thereza e&hellip; <span class=\"read-more\"><a class=\"more-link\" href=\"https:\/\/wp.ufpel.edu.br\/tfgonline\/temas\/patrimonio\/\" rel=\"bookmark\">Leia Mais <span class=\"screen-reader-text\">&#8220;Patrim\u00f4nio&#8221;<\/span><\/a><\/span><\/p>\n","protected":false},"author":794,"featured_media":0,"parent":63,"menu_order":0,"comment_status":"closed","ping_status":"closed","template":"","meta":{"jetpack_post_was_ever_published":false,"footnotes":""},"class_list":["post-86","page","type-page","status-publish","hentry"],"jetpack_sharing_enabled":true,"jetpack_shortlink":"https:\/\/wp.me\/P92ryl-1o","jetpack-related-posts":[],"_links":{"self":[{"href":"https:\/\/wp.ufpel.edu.br\/tfgonline\/wp-json\/wp\/v2\/pages\/86","targetHints":{"allow":["GET"]}}],"collection":[{"href":"https:\/\/wp.ufpel.edu.br\/tfgonline\/wp-json\/wp\/v2\/pages"}],"about":[{"href":"https:\/\/wp.ufpel.edu.br\/tfgonline\/wp-json\/wp\/v2\/types\/page"}],"author":[{"embeddable":true,"href":"https:\/\/wp.ufpel.edu.br\/tfgonline\/wp-json\/wp\/v2\/users\/794"}],"replies":[{"embeddable":true,"href":"https:\/\/wp.ufpel.edu.br\/tfgonline\/wp-json\/wp\/v2\/comments?post=86"}],"version-history":[{"count":21,"href":"https:\/\/wp.ufpel.edu.br\/tfgonline\/wp-json\/wp\/v2\/pages\/86\/revisions"}],"predecessor-version":[{"id":601,"href":"https:\/\/wp.ufpel.edu.br\/tfgonline\/wp-json\/wp\/v2\/pages\/86\/revisions\/601"}],"up":[{"embeddable":true,"href":"https:\/\/wp.ufpel.edu.br\/tfgonline\/wp-json\/wp\/v2\/pages\/63"}],"wp:attachment":[{"href":"https:\/\/wp.ufpel.edu.br\/tfgonline\/wp-json\/wp\/v2\/media?parent=86"}],"curies":[{"name":"wp","href":"https:\/\/api.w.org\/{rel}","templated":true}]}}