{"id":708,"date":"2022-05-02T16:44:54","date_gmt":"2022-05-02T19:44:54","guid":{"rendered":"https:\/\/wp.ufpel.edu.br\/tfgonline\/?page_id=708"},"modified":"2022-05-02T16:44:54","modified_gmt":"2022-05-02T19:44:54","slug":"2008-01","status":"publish","type":"page","link":"https:\/\/wp.ufpel.edu.br\/tfgonline\/2008-01\/","title":{"rendered":"2008\/01"},"content":{"rendered":"<p>Parque Terminal &#8211; Expans\u00e3o Urbana e preserva\u00e7\u00e3o ambiental no Bairro Cassino, Rio Grande\/RS &#8211; Christiano Piccioni Toralles<\/p>\n<p><a href=\"https:\/\/drive.google.com\/file\/d\/1_s2Q62Rc1nT7uMRWaOOtC3J-BMGawM4i\/view?usp=sharing\">https:\/\/drive.google.com\/file\/d\/1_s2Q62Rc1nT7uMRWaOOtC3J-BMGawM4i\/view?usp=sharing<\/a><\/p>\n<p>&nbsp;<\/p>\n<p>Parque Urbano do M\u00e9dio Curso do Arroio Pepino &#8211; Clarissa Cielo de Barros Correia<\/p>\n<p><a href=\"https:\/\/drive.google.com\/file\/d\/1eENM4lB16dQ5dwrCrInoKLyDOvcwQMtf\/view?usp=sharing\">https:\/\/drive.google.com\/file\/d\/1eENM4lB16dQ5dwrCrInoKLyDOvcwQMtf\/view?usp=sharing<\/a><\/p>\n<p>&nbsp;<\/p>\n<p>Assentamento Rural Praia do Pesqueiro &#8211; D\u00e9bora Beira<\/p>\n<p><a href=\"https:\/\/drive.google.com\/file\/d\/18q64bpjWRIf283L5EMEwh2OpZCWgEV_e\/view?usp=sharing\">https:\/\/drive.google.com\/file\/d\/18q64bpjWRIf283L5EMEwh2OpZCWgEV_e\/view?usp=sharing<\/a><\/p>\n<p>&nbsp;<\/p>\n<p>CCMA &#8211; Centro Cultura Municipal do Areal &#8211; Fabiana Martins da Paz<\/p>\n<p><a href=\"https:\/\/drive.google.com\/file\/d\/1iWDx6CbKCeCy7lgXPTnWcUf_lfW5iQ_K\/view?usp=sharing\">https:\/\/drive.google.com\/file\/d\/1iWDx6CbKCeCy7lgXPTnWcUf_lfW5iQ_K\/view?usp=sharing<\/a><\/p>\n<p>&nbsp;<\/p>\n<p>Projeto de reabilita\u00e7\u00e3o Parque Esta\u00e7\u00e3o Urbana &#8211; Gabriela Costa de Castro<\/p>\n<p><a href=\"https:\/\/drive.google.com\/file\/d\/1dKT7ilv1qiMgmCWBry_6RHoZBlXRQ-Y2\/view?usp=sharing\">https:\/\/drive.google.com\/file\/d\/1dKT7ilv1qiMgmCWBry_6RHoZBlXRQ-Y2\/view?usp=sharing<\/a><\/p>\n<p>&nbsp;<\/p>\n<p>Esta\u00e7\u00e3o Lugares, por baixo do lona sempre uma mudan\u00e7a &#8211; Juliana Pl\u00e1<\/p>\n<p><a href=\"https:\/\/drive.google.com\/file\/d\/1JCMQ63NUlGB7aRTutn5hXXfDoyzCmGVO\/view?usp=sharing\">https:\/\/drive.google.com\/file\/d\/1JCMQ63NUlGB7aRTutn5hXXfDoyzCmGVO\/view?usp=sharing<\/a><\/p>\n<p>&nbsp;<\/p>\n<p>Cervejaria Brahma &#8211; Juliana da Silva Ribeiro<\/p>\n<p><a href=\"https:\/\/drive.google.com\/file\/d\/1ZR8D_i14UZwVO5a9RiEPdnsO8Gz6DkF7\/view?usp=sharing\">https:\/\/drive.google.com\/file\/d\/1ZR8D_i14UZwVO5a9RiEPdnsO8Gz6DkF7\/view?usp=sharing<\/a><\/p>\n<p>&nbsp;<\/p>\n<p>Museu do Doce &#8211; ROBERTA MECKING ARANTES SANTOS<\/p>\n<p><a href=\"https:\/\/drive.google.com\/file\/d\/1hyp6WIflzBaXPdXbnTA7LIFazglvlDHD\/view?usp=sharing\">https:\/\/drive.google.com\/file\/d\/1hyp6WIflzBaXPdXbnTA7LIFazglvlDHD\/view?usp=sharing<\/a><\/p>\n<p>&nbsp;<\/p>\n<p>Revitaliza\u00e7\u00e3o da Faculdade de Odontologia UFPel &#8211; L\u00facia Gularte Quintanilha<\/p>\n<p><a href=\"https:\/\/drive.google.com\/file\/d\/1Wz2WpNXkOZ8a4XAn-wWY-7tKvCr0IvGy\/view?usp=sharing\">https:\/\/drive.google.com\/file\/d\/1Wz2WpNXkOZ8a4XAn-wWY-7tKvCr0IvGy\/view?usp=sharing<\/a><\/p>\n<p>&nbsp;<\/p>\n<p>Mercado P\u00fablico de Camaqu\u00e3 &#8211; MANOELA PY SOSTRUZNIK<\/p>\n<p><a href=\"https:\/\/drive.google.com\/file\/d\/12NoOQe58obqZP-QEuLk4Yp5y92CpapPg\/view?usp=sharing\">https:\/\/drive.google.com\/file\/d\/12NoOQe58obqZP-QEuLk4Yp5y92CpapPg\/view?usp=sharing<\/a><\/p>\n<p>&nbsp;<\/p>\n<p>Centro Odontol\u00f3gico &#8211; M\u00e1rcio Midon<\/p>\n<p><a href=\"https:\/\/drive.google.com\/file\/d\/1WN0WXvLjJltMrCeb4HrFsFyc009BHH1a\/view?usp=sharing\">https:\/\/drive.google.com\/file\/d\/1WN0WXvLjJltMrCeb4HrFsFyc009BHH1a\/view?usp=sharing<\/a><\/p>\n<p>&nbsp;<\/p>\n<p>Casa de Passagem &#8211; Miriam Gon\u00e7alves Quevedo<\/p>\n<p><a href=\"https:\/\/drive.google.com\/file\/d\/1BbZSJoddnUIyDXuxJ_QOOE4XxEchSvWh\/view?usp=sharing\">https:\/\/drive.google.com\/file\/d\/1BbZSJoddnUIyDXuxJ_QOOE4XxEchSvWh\/view?usp=sharing<\/a><\/p>\n<p>&nbsp;<\/p>\n<p>FADA &#8211; -Faculdade de Dan\u00e7a &#8211; Patr\u00edcia Sousa de Carvalho<\/p>\n<p><a href=\"https:\/\/drive.google.com\/file\/d\/1Lb1r1WrHIod1fy60D52kWUitXd0CENWz\/view?usp=sharing\">https:\/\/drive.google.com\/file\/d\/1Lb1r1WrHIod1fy60D52kWUitXd0CENWz\/view?usp=sharing<\/a><\/p>\n<p>&nbsp;<\/p>\n<p>&nbsp;<\/p>\n<p>Centro de Treinamento Tholl &#8211; OPTC &#8211; Priscila Reyes Andre Porres<\/p>\n<p><a href=\"https:\/\/drive.google.com\/file\/d\/14X_wmRW40uawPMah55n4WrIUl-5nbBcv\/view?usp=sharing\">https:\/\/drive.google.com\/file\/d\/14X_wmRW40uawPMah55n4WrIUl-5nbBcv\/view?usp=sharing<\/a><\/p>\n<p>&nbsp;<\/p>\n<p>Escola de vela revelar &#8211; Rodrigo Nogueira Corr\u00eaa<\/p>\n<p><a href=\"https:\/\/drive.google.com\/file\/d\/1dL6w6gOptm3CzZsT_RzqAbH1Of7UoTRG\/view?usp=sharing\">https:\/\/drive.google.com\/file\/d\/1dL6w6gOptm3CzZsT_RzqAbH1Of7UoTRG\/view?usp=sharing<\/a><\/p>\n<p>&nbsp;<\/p>\n<p>&nbsp;<\/p>\n<p>&nbsp;<\/p>\n","protected":false},"excerpt":{"rendered":"<p>Parque Terminal &#8211; Expans\u00e3o Urbana e preserva\u00e7\u00e3o ambiental no Bairro Cassino, Rio Grande\/RS &#8211; Christiano Piccioni Toralles https:\/\/drive.google.com\/file\/d\/1_s2Q62Rc1nT7uMRWaOOtC3J-BMGawM4i\/view?usp=sharing &nbsp; Parque Urbano do M\u00e9dio Curso do Arroio Pepino&hellip; <span class=\"read-more\"><a class=\"more-link\" href=\"https:\/\/wp.ufpel.edu.br\/tfgonline\/2008-01\/\" rel=\"bookmark\">Leia Mais <span class=\"screen-reader-text\">&#8220;2008\/01&#8221;<\/span><\/a><\/span><\/p>\n","protected":false},"author":794,"featured_media":0,"parent":0,"menu_order":0,"comment_status":"closed","ping_status":"closed","template":"","meta":{"jetpack_post_was_ever_published":false,"footnotes":""},"class_list":["post-708","page","type-page","status-publish","hentry"],"jetpack_sharing_enabled":true,"jetpack_shortlink":"https:\/\/wp.me\/P92ryl-bq","jetpack-related-posts":[],"_links":{"self":[{"href":"https:\/\/wp.ufpel.edu.br\/tfgonline\/wp-json\/wp\/v2\/pages\/708","targetHints":{"allow":["GET"]}}],"collection":[{"href":"https:\/\/wp.ufpel.edu.br\/tfgonline\/wp-json\/wp\/v2\/pages"}],"about":[{"href":"https:\/\/wp.ufpel.edu.br\/tfgonline\/wp-json\/wp\/v2\/types\/page"}],"author":[{"embeddable":true,"href":"https:\/\/wp.ufpel.edu.br\/tfgonline\/wp-json\/wp\/v2\/users\/794"}],"replies":[{"embeddable":true,"href":"https:\/\/wp.ufpel.edu.br\/tfgonline\/wp-json\/wp\/v2\/comments?post=708"}],"version-history":[{"count":1,"href":"https:\/\/wp.ufpel.edu.br\/tfgonline\/wp-json\/wp\/v2\/pages\/708\/revisions"}],"predecessor-version":[{"id":710,"href":"https:\/\/wp.ufpel.edu.br\/tfgonline\/wp-json\/wp\/v2\/pages\/708\/revisions\/710"}],"wp:attachment":[{"href":"https:\/\/wp.ufpel.edu.br\/tfgonline\/wp-json\/wp\/v2\/media?parent=708"}],"curies":[{"name":"wp","href":"https:\/\/api.w.org\/{rel}","templated":true}]}}