{"id":702,"date":"2022-04-29T15:38:47","date_gmt":"2022-04-29T18:38:47","guid":{"rendered":"https:\/\/wp.ufpel.edu.br\/tfgonline\/?page_id=702"},"modified":"2022-04-29T15:38:47","modified_gmt":"2022-04-29T18:38:47","slug":"2009-02","status":"publish","type":"page","link":"https:\/\/wp.ufpel.edu.br\/tfgonline\/2009-02\/","title":{"rendered":"2009\/02"},"content":{"rendered":"<p>Parque Marina &#8211; Alice Medeiros Rota<\/p>\n<p><a href=\"https:\/\/drive.google.com\/file\/d\/1XI9VFvoSdYP6MVpRO_3g1bcphUQArxBr\/view?usp=sharing\">https:\/\/drive.google.com\/file\/d\/1XI9VFvoSdYP6MVpRO_3g1bcphUQArxBr\/view?usp=sharing<\/a><\/p>\n<p>&nbsp;<\/p>\n<p>Clube de Remo &#8211; Eliza Furlong Antochevis<\/p>\n<p><a href=\"https:\/\/drive.google.com\/file\/d\/1Z5MjRIHkpiKXegAUWJSD7t1iSIC54vMz\/view?usp=sharing\">https:\/\/drive.google.com\/file\/d\/1Z5MjRIHkpiKXegAUWJSD7t1iSIC54vMz\/view?usp=sharing<\/a><\/p>\n<p>&nbsp;<\/p>\n<p>Reabilita\u00e7\u00e3o da Esta\u00e7\u00e3o Central de Erechim\/RS &#8211; Fernanda Faccio Demarco<\/p>\n<p><a href=\"https:\/\/drive.google.com\/file\/d\/1VmxQvm-VxCM304wvg6_X0hvCtIeP44eH\/view?usp=sharing\">https:\/\/drive.google.com\/file\/d\/1VmxQvm-VxCM304wvg6_X0hvCtIeP44eH\/view?usp=sharing<\/a><\/p>\n<p>&nbsp;<\/p>\n<p>Centro Oftalmol\u00f3gico Universidade Federal de Pelotas &#8211; Izabel Lopes Brum<\/p>\n<p><a href=\"https:\/\/drive.google.com\/file\/d\/10Z1MC8xkXw8oTpZk0uA-tuv2pJgnUynm\/view?usp=sharing\">https:\/\/drive.google.com\/file\/d\/10Z1MC8xkXw8oTpZk0uA-tuv2pJgnUynm\/view?usp=sharing<\/a><\/p>\n<p>&nbsp;<\/p>\n<p>Museu do Doce Conjunto Pr\u00e7a XV &#8211; No\u00e9lia de Moraes Aguirre<\/p>\n<p><a href=\"https:\/\/drive.google.com\/file\/d\/1pEPlEkwuS2JUOwFHQS3Xj7hhqC3RVi8u\/view?usp=sharing\">https:\/\/drive.google.com\/file\/d\/1pEPlEkwuS2JUOwFHQS3Xj7hhqC3RVi8u\/view?usp=sharing<\/a><\/p>\n","protected":false},"excerpt":{"rendered":"<p>Parque Marina &#8211; Alice Medeiros Rota https:\/\/drive.google.com\/file\/d\/1XI9VFvoSdYP6MVpRO_3g1bcphUQArxBr\/view?usp=sharing &nbsp; Clube de Remo &#8211; Eliza Furlong Antochevis https:\/\/drive.google.com\/file\/d\/1Z5MjRIHkpiKXegAUWJSD7t1iSIC54vMz\/view?usp=sharing &nbsp; Reabilita\u00e7\u00e3o da Esta\u00e7\u00e3o Central de Erechim\/RS &#8211; Fernanda Faccio Demarco&hellip; <span class=\"read-more\"><a class=\"more-link\" href=\"https:\/\/wp.ufpel.edu.br\/tfgonline\/2009-02\/\" rel=\"bookmark\">Leia Mais <span class=\"screen-reader-text\">&#8220;2009\/02&#8221;<\/span><\/a><\/span><\/p>\n","protected":false},"author":794,"featured_media":0,"parent":0,"menu_order":0,"comment_status":"closed","ping_status":"closed","template":"","meta":{"jetpack_post_was_ever_published":false,"footnotes":""},"class_list":["post-702","page","type-page","status-publish","hentry"],"jetpack_sharing_enabled":true,"jetpack_shortlink":"https:\/\/wp.me\/P92ryl-bk","jetpack-related-posts":[],"_links":{"self":[{"href":"https:\/\/wp.ufpel.edu.br\/tfgonline\/wp-json\/wp\/v2\/pages\/702","targetHints":{"allow":["GET"]}}],"collection":[{"href":"https:\/\/wp.ufpel.edu.br\/tfgonline\/wp-json\/wp\/v2\/pages"}],"about":[{"href":"https:\/\/wp.ufpel.edu.br\/tfgonline\/wp-json\/wp\/v2\/types\/page"}],"author":[{"embeddable":true,"href":"https:\/\/wp.ufpel.edu.br\/tfgonline\/wp-json\/wp\/v2\/users\/794"}],"replies":[{"embeddable":true,"href":"https:\/\/wp.ufpel.edu.br\/tfgonline\/wp-json\/wp\/v2\/comments?post=702"}],"version-history":[{"count":2,"href":"https:\/\/wp.ufpel.edu.br\/tfgonline\/wp-json\/wp\/v2\/pages\/702\/revisions"}],"predecessor-version":[{"id":705,"href":"https:\/\/wp.ufpel.edu.br\/tfgonline\/wp-json\/wp\/v2\/pages\/702\/revisions\/705"}],"wp:attachment":[{"href":"https:\/\/wp.ufpel.edu.br\/tfgonline\/wp-json\/wp\/v2\/media?parent=702"}],"curies":[{"name":"wp","href":"https:\/\/api.w.org\/{rel}","templated":true}]}}