{"id":687,"date":"2022-04-26T15:18:01","date_gmt":"2022-04-26T18:18:01","guid":{"rendered":"https:\/\/wp.ufpel.edu.br\/tfgonline\/?page_id=687"},"modified":"2022-04-26T15:18:01","modified_gmt":"2022-04-26T18:18:01","slug":"2010-02","status":"publish","type":"page","link":"https:\/\/wp.ufpel.edu.br\/tfgonline\/2010-02\/","title":{"rendered":"2010\/02"},"content":{"rendered":"<p>Centro Cultural de Alegrete &#8211; Catiellen Thurow<\/p>\n<p><a href=\"https:\/\/drive.google.com\/file\/d\/1ozj-YUVSV9-_Vd6L0xo7OsRNpkSKr7v9\/view?usp=sharing\">https:\/\/drive.google.com\/file\/d\/1ozj-YUVSV9-_Vd6L0xo7OsRNpkSKr7v9\/view?usp=sharing<\/a><\/p>\n<p>&nbsp;<\/p>\n<p>Vel\u00f3dromo Municipal &#8211; C\u00edcero Oliveira Silveira<\/p>\n<p><a href=\"https:\/\/drive.google.com\/file\/d\/1ZoqtJ-wEODXmZ30L4wlqd6nBfpAx5IMC\/view?usp=sharing\">https:\/\/drive.google.com\/file\/d\/1ZoqtJ-wEODXmZ30L4wlqd6nBfpAx5IMC\/view?usp=sharing<\/a><\/p>\n<p>&nbsp;<\/p>\n<p>Instituto Federal de Educa\u00e7\u00e3o, Ci\u00eancia e Tecnologia Sul-Rio-Grandense\u00a0 em S\u00e3o Louren\u00e7o do Sul &#8211; Jaqueline da Silva Peglow<\/p>\n<p><a href=\"https:\/\/drive.google.com\/file\/d\/1YoP2R1B-3wZA9biShbR2lOVFRJBIlg_Z\/view?usp=sharing\">https:\/\/drive.google.com\/file\/d\/1YoP2R1B-3wZA9biShbR2lOVFRJBIlg_Z\/view?usp=sharing<\/a><\/p>\n","protected":false},"excerpt":{"rendered":"<p>Centro Cultural de Alegrete &#8211; Catiellen Thurow https:\/\/drive.google.com\/file\/d\/1ozj-YUVSV9-_Vd6L0xo7OsRNpkSKr7v9\/view?usp=sharing &nbsp; Vel\u00f3dromo Municipal &#8211; C\u00edcero Oliveira Silveira https:\/\/drive.google.com\/file\/d\/1ZoqtJ-wEODXmZ30L4wlqd6nBfpAx5IMC\/view?usp=sharing &nbsp; Instituto Federal de Educa\u00e7\u00e3o, Ci\u00eancia e Tecnologia Sul-Rio-Grandense\u00a0 em S\u00e3o&hellip; <span class=\"read-more\"><a class=\"more-link\" href=\"https:\/\/wp.ufpel.edu.br\/tfgonline\/2010-02\/\" rel=\"bookmark\">Leia Mais <span class=\"screen-reader-text\">&#8220;2010\/02&#8221;<\/span><\/a><\/span><\/p>\n","protected":false},"author":794,"featured_media":0,"parent":0,"menu_order":0,"comment_status":"closed","ping_status":"closed","template":"","meta":{"jetpack_post_was_ever_published":false,"footnotes":""},"class_list":["post-687","page","type-page","status-publish","hentry"],"jetpack_sharing_enabled":true,"jetpack_shortlink":"https:\/\/wp.me\/P92ryl-b5","jetpack-related-posts":[],"_links":{"self":[{"href":"https:\/\/wp.ufpel.edu.br\/tfgonline\/wp-json\/wp\/v2\/pages\/687","targetHints":{"allow":["GET"]}}],"collection":[{"href":"https:\/\/wp.ufpel.edu.br\/tfgonline\/wp-json\/wp\/v2\/pages"}],"about":[{"href":"https:\/\/wp.ufpel.edu.br\/tfgonline\/wp-json\/wp\/v2\/types\/page"}],"author":[{"embeddable":true,"href":"https:\/\/wp.ufpel.edu.br\/tfgonline\/wp-json\/wp\/v2\/users\/794"}],"replies":[{"embeddable":true,"href":"https:\/\/wp.ufpel.edu.br\/tfgonline\/wp-json\/wp\/v2\/comments?post=687"}],"version-history":[{"count":1,"href":"https:\/\/wp.ufpel.edu.br\/tfgonline\/wp-json\/wp\/v2\/pages\/687\/revisions"}],"predecessor-version":[{"id":689,"href":"https:\/\/wp.ufpel.edu.br\/tfgonline\/wp-json\/wp\/v2\/pages\/687\/revisions\/689"}],"wp:attachment":[{"href":"https:\/\/wp.ufpel.edu.br\/tfgonline\/wp-json\/wp\/v2\/media?parent=687"}],"curies":[{"name":"wp","href":"https:\/\/api.w.org\/{rel}","templated":true}]}}