{"id":684,"date":"2022-04-26T15:11:55","date_gmt":"2022-04-26T18:11:55","guid":{"rendered":"https:\/\/wp.ufpel.edu.br\/tfgonline\/?page_id=684"},"modified":"2022-04-26T15:11:55","modified_gmt":"2022-04-26T18:11:55","slug":"2010-01","status":"publish","type":"page","link":"https:\/\/wp.ufpel.edu.br\/tfgonline\/2010-01\/","title":{"rendered":"2010\/01"},"content":{"rendered":"<p>Nova sede do Conservat\u00f3rio de M\u00fasica de Pelotas &#8211; Ana Paula Timm Bonow<\/p>\n<p><a href=\"https:\/\/drive.google.com\/file\/d\/1QhTeX1mwEb5AFoU8eSgvo5xGVj00TR0g\/view?usp=sharing\">https:\/\/drive.google.com\/file\/d\/1QhTeX1mwEb5AFoU8eSgvo5xGVj00TR0g\/view?usp=sharing<\/a><\/p>\n<p>&nbsp;<\/p>\n<p>Escola Cidade Para\u00edso &#8211; Carolina Pera\u00e7a da Silva<\/p>\n<p>Parte 1:<\/p>\n<p><a href=\"https:\/\/drive.google.com\/file\/d\/1GHoKXVmnslx3D40Th-rTQ2m6nX6novSy\/view?usp=sharing\">https:\/\/drive.google.com\/file\/d\/1GHoKXVmnslx3D40Th-rTQ2m6nX6novSy\/view?usp=sharing<\/a><\/p>\n<p>Parte 2:<\/p>\n<p><a href=\"https:\/\/drive.google.com\/file\/d\/1x2aiUDfTV370NJodDRlQFjZMt0u0qLwi\/view?usp=sharing\">https:\/\/drive.google.com\/file\/d\/1x2aiUDfTV370NJodDRlQFjZMt0u0qLwi\/view?usp=sharing<\/a><\/p>\n<p>&nbsp;<\/p>\n<p>Da Pra\u00e7a do Desembarque ao Parque da Beira do Rio &#8211; Um projeto de revitaliza\u00e7\u00e3o na cidade de Jaguar\u00e3o &#8211; Daniele Teixeira<\/p>\n<p><a href=\"https:\/\/drive.google.com\/file\/d\/1xCLQDFuBQEO9kZ6NAW5rnLTaqK0mLTpd\/view?usp=sharing\">https:\/\/drive.google.com\/file\/d\/1xCLQDFuBQEO9kZ6NAW5rnLTaqK0mLTpd\/view?usp=sharing<\/a><\/p>\n<p>&nbsp;<\/p>\n<p>Centro Universit\u00e1rio de Comunica\u00e7\u00e3o Social &#8211; Gabriel Cabistany Bachilli<\/p>\n<p><a href=\"https:\/\/drive.google.com\/file\/d\/14ihvPRdscnryZjWXIB0bOvtZJeXz-y_V\/view?usp=sharing\">https:\/\/drive.google.com\/file\/d\/14ihvPRdscnryZjWXIB0bOvtZJeXz-y_V\/view?usp=sharing<\/a><\/p>\n<p>&nbsp;<\/p>\n<p>Condom\u00ednio Residencial Projeto &#8220;Senyor friendly&#8221; &#8211; Gabriela de Assis Brasil<\/p>\n<p><a href=\"https:\/\/drive.google.com\/file\/d\/1fDUgyZHWw1N9I3NaulI_rsqhOZrpawOU\/view?usp=sharing\">https:\/\/drive.google.com\/file\/d\/1fDUgyZHWw1N9I3NaulI_rsqhOZrpawOU\/view?usp=sharing<\/a><\/p>\n<p>&nbsp;<\/p>\n<p>A Casa Verde &#8211; centro de aten\u00e7\u00e3o psicossocial em Rio Grande\/RS &#8211; Gabriel Silva Fernandes<\/p>\n<p><a href=\"https:\/\/drive.google.com\/file\/d\/1VN4s7cRz0xNT5xSNFsbsOXjg_hz8r0S2\/view?usp=sharing\">https:\/\/drive.google.com\/file\/d\/1VN4s7cRz0xNT5xSNFsbsOXjg_hz8r0S2\/view?usp=sharing<\/a><\/p>\n<p>&nbsp;<\/p>\n<p>Ocean\u00e1rio Rio Grande &#8211; Giovana Corvo da Trindade<\/p>\n<p><a href=\"https:\/\/drive.google.com\/file\/d\/1H968vtV5pyihUIpA8Veaxo4hVlvYZnLj\/view?usp=sharing\">https:\/\/drive.google.com\/file\/d\/1H968vtV5pyihUIpA8Veaxo4hVlvYZnLj\/view?usp=sharing<\/a><\/p>\n<p>&nbsp;<\/p>\n<p>Audit\u00f3rio Multieventos de Cangu\u00e7u &#8211; Hebe Martins Dam\u00e9<\/p>\n<p><a href=\"https:\/\/drive.google.com\/file\/d\/1wgkrhyqmlhYTbbWbGXA_2wViOYWu8N9V\/view?usp=sharing\">https:\/\/drive.google.com\/file\/d\/1wgkrhyqmlhYTbbWbGXA_2wViOYWu8N9V\/view?usp=sharing<\/a><\/p>\n<p>&nbsp;<\/p>\n<p>N\u00facleo Agroindustrial &#8211; Jeremias Formolo<\/p>\n<p><a href=\"https:\/\/drive.google.com\/file\/d\/1xnbTewJQgk4ow86kwTUsfQ4IC8PYTN__\/view?usp=sharing\">https:\/\/drive.google.com\/file\/d\/1xnbTewJQgk4ow86kwTUsfQ4IC8PYTN__\/view?usp=sharing<\/a><\/p>\n<p>&nbsp;<\/p>\n<p>Centro Cultural do Porto &#8211; Joseline Durante<\/p>\n<p><a href=\"https:\/\/drive.google.com\/file\/d\/1JzkXMOxCoRDGCpaa96s-aDFFDoK9fiRX\/view?usp=sharing\">https:\/\/drive.google.com\/file\/d\/1JzkXMOxCoRDGCpaa96s-aDFFDoK9fiRX\/view?usp=sharing<\/a><\/p>\n<p>&nbsp;<\/p>\n<p>Nova sede Jornal Di\u00e1rio Popular- M\u00e1rcia Lima Weymar<\/p>\n<p><a href=\"https:\/\/drive.google.com\/file\/d\/17Vs0PTyklZNjlhdxaHMaAFSajWNQgWNr\/view?usp=sharing\">https:\/\/drive.google.com\/file\/d\/17Vs0PTyklZNjlhdxaHMaAFSajWNQgWNr\/view?usp=sharing<\/a><\/p>\n<p>&nbsp;<\/p>\n<p>Cine-Hotel Cons\u00f3rcio Bag\u00e9\/RS &#8211; Marcus Vin\u00edcius Pereira Saraiva<\/p>\n<p><a href=\"https:\/\/drive.google.com\/file\/d\/1yS-ZYW2-882YinojsbuokGnAANPgxNzP\/view?usp=sharing\">https:\/\/drive.google.com\/file\/d\/1yS-ZYW2-882YinojsbuokGnAANPgxNzP\/view?usp=sharing<\/a><\/p>\n<p>&nbsp;<\/p>\n<p>Parque Linear Zona Norte &#8211; projeto de requalifica\u00e7\u00e3o urbana &#8211; Marina Lange Funari de Carvalho<\/p>\n<p><a href=\"https:\/\/drive.google.com\/file\/d\/12ywnmZj3uHs6QTpISBf54IWoSxtuYCc3\/view?usp=sharing\">https:\/\/drive.google.com\/file\/d\/12ywnmZj3uHs6QTpISBf54IWoSxtuYCc3\/view?usp=sharing<\/a><\/p>\n<p>&nbsp;<\/p>\n<p>ELO &#8211; Centro municipal de cultura e eventos &#8211; Mayara Martins Vieira<\/p>\n<p><a href=\"https:\/\/drive.google.com\/file\/d\/1pLbR4w5jupRAAolYsmWysDSVPMTXHUg_\/view?usp=sharing\">https:\/\/drive.google.com\/file\/d\/1pLbR4w5jupRAAolYsmWysDSVPMTXHUg_\/view?usp=sharing<\/a><\/p>\n<p>&nbsp;<\/p>\n<p>Revitaliza\u00e7\u00e3o Ambiental e Parque Urbano Santa B\u00e1rbara &#8211; Roberta Santa Catharina<\/p>\n<p><a href=\"https:\/\/drive.google.com\/file\/d\/1ncI1-YasJKlAN8v8Je3r6caBj4lGhmV0\/view?usp=sharing\">https:\/\/drive.google.com\/file\/d\/1ncI1-YasJKlAN8v8Je3r6caBj4lGhmV0\/view?usp=sharing<\/a><\/p>\n<p>&nbsp;<\/p>\n<p>bib.ita &#8211; Biblioteca P\u00fablica de Itaqui &#8211; Walesca de Souza Zanonato<\/p>\n<p><a href=\"https:\/\/drive.google.com\/file\/d\/1NeH_QPmV7tVgW9kwpYsZhtZGwdBJtdrF\/view?usp=sharing\">https:\/\/drive.google.com\/file\/d\/1NeH_QPmV7tVgW9kwpYsZhtZGwdBJtdrF\/view?usp=sharing<\/a><\/p>\n<p>&nbsp;<\/p>\n","protected":false},"excerpt":{"rendered":"<p>Nova sede do Conservat\u00f3rio de M\u00fasica de Pelotas &#8211; Ana Paula Timm Bonow https:\/\/drive.google.com\/file\/d\/1QhTeX1mwEb5AFoU8eSgvo5xGVj00TR0g\/view?usp=sharing &nbsp; Escola Cidade Para\u00edso &#8211; Carolina Pera\u00e7a da Silva Parte 1: https:\/\/drive.google.com\/file\/d\/1GHoKXVmnslx3D40Th-rTQ2m6nX6novSy\/view?usp=sharing Parte&hellip; <span class=\"read-more\"><a class=\"more-link\" href=\"https:\/\/wp.ufpel.edu.br\/tfgonline\/2010-01\/\" rel=\"bookmark\">Leia Mais <span class=\"screen-reader-text\">&#8220;2010\/01&#8221;<\/span><\/a><\/span><\/p>\n","protected":false},"author":794,"featured_media":0,"parent":0,"menu_order":0,"comment_status":"closed","ping_status":"closed","template":"","meta":{"jetpack_post_was_ever_published":false,"footnotes":""},"class_list":["post-684","page","type-page","status-publish","hentry"],"jetpack_sharing_enabled":true,"jetpack_shortlink":"https:\/\/wp.me\/P92ryl-b2","jetpack-related-posts":[],"_links":{"self":[{"href":"https:\/\/wp.ufpel.edu.br\/tfgonline\/wp-json\/wp\/v2\/pages\/684","targetHints":{"allow":["GET"]}}],"collection":[{"href":"https:\/\/wp.ufpel.edu.br\/tfgonline\/wp-json\/wp\/v2\/pages"}],"about":[{"href":"https:\/\/wp.ufpel.edu.br\/tfgonline\/wp-json\/wp\/v2\/types\/page"}],"author":[{"embeddable":true,"href":"https:\/\/wp.ufpel.edu.br\/tfgonline\/wp-json\/wp\/v2\/users\/794"}],"replies":[{"embeddable":true,"href":"https:\/\/wp.ufpel.edu.br\/tfgonline\/wp-json\/wp\/v2\/comments?post=684"}],"version-history":[{"count":1,"href":"https:\/\/wp.ufpel.edu.br\/tfgonline\/wp-json\/wp\/v2\/pages\/684\/revisions"}],"predecessor-version":[{"id":686,"href":"https:\/\/wp.ufpel.edu.br\/tfgonline\/wp-json\/wp\/v2\/pages\/684\/revisions\/686"}],"wp:attachment":[{"href":"https:\/\/wp.ufpel.edu.br\/tfgonline\/wp-json\/wp\/v2\/media?parent=684"}],"curies":[{"name":"wp","href":"https:\/\/api.w.org\/{rel}","templated":true}]}}