{"id":662,"date":"2022-04-18T15:28:22","date_gmt":"2022-04-18T18:28:22","guid":{"rendered":"https:\/\/wp.ufpel.edu.br\/tfgonline\/?page_id=662"},"modified":"2022-04-18T15:43:30","modified_gmt":"2022-04-18T18:43:30","slug":"2012-01","status":"publish","type":"page","link":"https:\/\/wp.ufpel.edu.br\/tfgonline\/2012-01\/","title":{"rendered":"2012\/01"},"content":{"rendered":"<p>Oficina escola Crian\u00e7a Feliz &#8211; Aiesca Pivetta Wesz<\/p>\n<p><a href=\"https:\/\/drive.google.com\/file\/d\/1BqeySWn37QGR0PdBzaa3nSKf7e4Zfv8o\/view?usp=sharing\">https:\/\/drive.google.com\/file\/d\/1BqeySWn37QGR0PdBzaa3nSKf7e4Zfv8o\/view?usp=sharing<\/a><\/p>\n<p>&nbsp;<\/p>\n<p>Pousada da Casa Rosa &#8211; Beatriz Cauduro Montagner<\/p>\n<p><a href=\"https:\/\/drive.google.com\/file\/d\/1upZ-E9T4s8Mkmg82erR10f-gCtikWoIy\/view?usp=sharing\">https:\/\/drive.google.com\/file\/d\/1upZ-E9T4s8Mkmg82erR10f-gCtikWoIy\/view?usp=sharing<\/a><\/p>\n<p>&nbsp;<\/p>\n<p>Unidade de Atendimento Socioeducativo de Interna\u00e7\u00e3o &#8211; Daiuse Schardong<\/p>\n<p><a href=\"https:\/\/drive.google.com\/file\/d\/12ZWRCbEyDQ0dln_diOQjdVckVtnqfZ7U\/view?usp=sharing\">https:\/\/drive.google.com\/file\/d\/12ZWRCbEyDQ0dln_diOQjdVckVtnqfZ7U\/view?usp=sharing<\/a><\/p>\n<p>&nbsp;<\/p>\n<p>Ciclo UFPel &#8211; Fernanda Tomiello<\/p>\n<p><a href=\"https:\/\/drive.google.com\/file\/d\/1-HEitukbD2CUlUkZqLkLdU5vq7ScXo_u\/view?usp=sharing\">https:\/\/drive.google.com\/file\/d\/1-HEitukbD2CUlUkZqLkLdU5vq7ScXo_u\/view?usp=sharing<\/a><\/p>\n<p>&nbsp;<\/p>\n<p>Cidade do Lobo &#8211; Centro de treinamento do Esporte clube Pelotas &#8211; Fernando Wulff Al Alam<\/p>\n<p><a href=\"https:\/\/drive.google.com\/file\/d\/1tp4uXPphTXLd_yYkae6iZ43oj7S3H6Gu\/view?usp=sharing\">https:\/\/drive.google.com\/file\/d\/1tp4uXPphTXLd_yYkae6iZ43oj7S3H6Gu\/view?usp=sharing<\/a><\/p>\n<p>&nbsp;<\/p>\n<p>Hotel Executivo &#8211; H\u00e9len Aparecida Macedo da Silva<\/p>\n<p><a href=\"https:\/\/drive.google.com\/file\/d\/1Nx9qYLshugINlvdc622ksbjlORM9Mj0P\/view?usp=sharing\">https:\/\/drive.google.com\/file\/d\/1Nx9qYLshugINlvdc622ksbjlORM9Mj0P\/view?usp=sharing<\/a><\/p>\n<p>&nbsp;<\/p>\n<p>Aut\u00f3dromo Internacional de Guapor\u00e9 &#8211; Paulo S\u00e9rgio Torelli<\/p>\n<p><a href=\"https:\/\/drive.google.com\/file\/d\/1krHEiZ4WpljYrPbnTPfYF-I2UrXAHEtt\/view?usp=sharing\">https:\/\/drive.google.com\/file\/d\/1krHEiZ4WpljYrPbnTPfYF-I2UrXAHEtt\/view?usp=sharing<\/a><\/p>\n<p>&nbsp;<\/p>\n<p>Resid\u00eancia Estudantil UFPel &#8211; Pedro Borges Os\u00f3rio<\/p>\n<p><a href=\"https:\/\/drive.google.com\/file\/d\/17HXytmAgffRFY2xrwFb8e-eNEWW629Vd\/view?usp=sharing\">https:\/\/drive.google.com\/file\/d\/17HXytmAgffRFY2xrwFb8e-eNEWW629Vd\/view?usp=sharing<\/a><\/p>\n<p>&nbsp;<\/p>\n<p>&nbsp;<\/p>\n","protected":false},"excerpt":{"rendered":"<p>Oficina escola Crian\u00e7a Feliz &#8211; Aiesca Pivetta Wesz https:\/\/drive.google.com\/file\/d\/1BqeySWn37QGR0PdBzaa3nSKf7e4Zfv8o\/view?usp=sharing &nbsp; Pousada da Casa Rosa &#8211; Beatriz Cauduro Montagner https:\/\/drive.google.com\/file\/d\/1upZ-E9T4s8Mkmg82erR10f-gCtikWoIy\/view?usp=sharing &nbsp; Unidade de Atendimento Socioeducativo de Interna\u00e7\u00e3o &#8211;&hellip; <span class=\"read-more\"><a class=\"more-link\" href=\"https:\/\/wp.ufpel.edu.br\/tfgonline\/2012-01\/\" rel=\"bookmark\">Leia Mais <span class=\"screen-reader-text\">&#8220;2012\/01&#8221;<\/span><\/a><\/span><\/p>\n","protected":false},"author":794,"featured_media":0,"parent":0,"menu_order":0,"comment_status":"closed","ping_status":"closed","template":"","meta":{"jetpack_post_was_ever_published":false,"footnotes":""},"class_list":["post-662","page","type-page","status-publish","hentry"],"jetpack_sharing_enabled":true,"jetpack_shortlink":"https:\/\/wp.me\/P92ryl-aG","jetpack-related-posts":[],"_links":{"self":[{"href":"https:\/\/wp.ufpel.edu.br\/tfgonline\/wp-json\/wp\/v2\/pages\/662","targetHints":{"allow":["GET"]}}],"collection":[{"href":"https:\/\/wp.ufpel.edu.br\/tfgonline\/wp-json\/wp\/v2\/pages"}],"about":[{"href":"https:\/\/wp.ufpel.edu.br\/tfgonline\/wp-json\/wp\/v2\/types\/page"}],"author":[{"embeddable":true,"href":"https:\/\/wp.ufpel.edu.br\/tfgonline\/wp-json\/wp\/v2\/users\/794"}],"replies":[{"embeddable":true,"href":"https:\/\/wp.ufpel.edu.br\/tfgonline\/wp-json\/wp\/v2\/comments?post=662"}],"version-history":[{"count":3,"href":"https:\/\/wp.ufpel.edu.br\/tfgonline\/wp-json\/wp\/v2\/pages\/662\/revisions"}],"predecessor-version":[{"id":668,"href":"https:\/\/wp.ufpel.edu.br\/tfgonline\/wp-json\/wp\/v2\/pages\/662\/revisions\/668"}],"wp:attachment":[{"href":"https:\/\/wp.ufpel.edu.br\/tfgonline\/wp-json\/wp\/v2\/media?parent=662"}],"curies":[{"name":"wp","href":"https:\/\/api.w.org\/{rel}","templated":true}]}}