{"id":657,"date":"2022-04-18T15:25:35","date_gmt":"2022-04-18T18:25:35","guid":{"rendered":"https:\/\/wp.ufpel.edu.br\/tfgonline\/?page_id=657"},"modified":"2022-04-18T15:25:35","modified_gmt":"2022-04-18T18:25:35","slug":"2013-02","status":"publish","type":"page","link":"https:\/\/wp.ufpel.edu.br\/tfgonline\/2013-02\/","title":{"rendered":"2013\/02"},"content":{"rendered":"<p>Centro de Reabilita\u00e7\u00e3o f\u00edsico-motora &#8211; Bruna Ribeiro<\/p>\n<p><a href=\"https:\/\/drive.google.com\/file\/d\/1b-m-VXBGzb3zGA5W4bNAiSqy3jkl45kw\/view?usp=sharing\">https:\/\/drive.google.com\/file\/d\/1b-m-VXBGzb3zGA5W4bNAiSqy3jkl45kw\/view?usp=sharing<\/a><\/p>\n<p>&nbsp;<\/p>\n<p>Biblioteca P\u00fablica de Passo Fundo &#8211; D\u00e9bora Grando Sch\u00f6ffel<\/p>\n<p><a href=\"https:\/\/drive.google.com\/file\/d\/1hQkrW1BwNjWFEkIfhTlksfIOUT-4jOJE\/view?usp=sharing\">https:\/\/drive.google.com\/file\/d\/1hQkrW1BwNjWFEkIfhTlksfIOUT-4jOJE\/view?usp=sharing<\/a><\/p>\n<p>&nbsp;<\/p>\n<p>Centro de treinamento \u00cdndio Xavante &#8211; Lu\u00edsa de Azevedo dos Santos<\/p>\n<p><a href=\"https:\/\/drive.google.com\/file\/d\/1QZaYaOJPAa0rsROzlrfMo_O4Z3oaVGT9\/view?usp=sharing\">https:\/\/drive.google.com\/file\/d\/1QZaYaOJPAa0rsROzlrfMo_O4Z3oaVGT9\/view?usp=sharing<\/a><\/p>\n<p>&nbsp;<\/p>\n<p>Pra\u00e7arela &#8211; no Passo do Lago\u00e3o Quinze de Novembro\/RS &#8211; Lu\u00edza Baggio<\/p>\n<p><a href=\"https:\/\/drive.google.com\/file\/d\/1EgpPCAnzoUZhYVcPIzxoOw5kuveqDILC\/view?usp=sharing\">https:\/\/drive.google.com\/file\/d\/1EgpPCAnzoUZhYVcPIzxoOw5kuveqDILC\/view?usp=sharing<\/a><\/p>\n<p>&nbsp;<\/p>\n<p>Parque Rainha do Sol &#8211; Maria Francisca Sacramento Silva Concei\u00e7\u00e3o<\/p>\n<p><a href=\"https:\/\/drive.google.com\/file\/d\/1vnyj_CFH4zFRDNle79zc-z6UWd-Rzlnh\/view?usp=sharing\">https:\/\/drive.google.com\/file\/d\/1vnyj_CFH4zFRDNle79zc-z6UWd-Rzlnh\/view?usp=sharing<\/a><\/p>\n<p>&nbsp;<\/p>\n<p>Comunidade Terap\u00eautica para dependentes Qu\u00edmicos &#8211; Raquel Mota<\/p>\n<p><a href=\"https:\/\/drive.google.com\/file\/d\/1qj5xBoO_VnEvu4YliWw9JHj4HKp2h3Ic\/view?usp=sharing\">https:\/\/drive.google.com\/file\/d\/1qj5xBoO_VnEvu4YliWw9JHj4HKp2h3Ic\/view?usp=sharing<\/a><\/p>\n<p>&nbsp;<\/p>\n","protected":false},"excerpt":{"rendered":"<p>Centro de Reabilita\u00e7\u00e3o f\u00edsico-motora &#8211; Bruna Ribeiro https:\/\/drive.google.com\/file\/d\/1b-m-VXBGzb3zGA5W4bNAiSqy3jkl45kw\/view?usp=sharing &nbsp; Biblioteca P\u00fablica de Passo Fundo &#8211; D\u00e9bora Grando Sch\u00f6ffel https:\/\/drive.google.com\/file\/d\/1hQkrW1BwNjWFEkIfhTlksfIOUT-4jOJE\/view?usp=sharing &nbsp; Centro de treinamento \u00cdndio Xavante &#8211; Lu\u00edsa&hellip; <span class=\"read-more\"><a class=\"more-link\" href=\"https:\/\/wp.ufpel.edu.br\/tfgonline\/2013-02\/\" rel=\"bookmark\">Leia Mais <span class=\"screen-reader-text\">&#8220;2013\/02&#8221;<\/span><\/a><\/span><\/p>\n","protected":false},"author":794,"featured_media":0,"parent":0,"menu_order":0,"comment_status":"closed","ping_status":"closed","template":"","meta":{"jetpack_post_was_ever_published":false,"footnotes":""},"class_list":["post-657","page","type-page","status-publish","hentry"],"jetpack_sharing_enabled":true,"jetpack_shortlink":"https:\/\/wp.me\/P92ryl-aB","jetpack-related-posts":[],"_links":{"self":[{"href":"https:\/\/wp.ufpel.edu.br\/tfgonline\/wp-json\/wp\/v2\/pages\/657","targetHints":{"allow":["GET"]}}],"collection":[{"href":"https:\/\/wp.ufpel.edu.br\/tfgonline\/wp-json\/wp\/v2\/pages"}],"about":[{"href":"https:\/\/wp.ufpel.edu.br\/tfgonline\/wp-json\/wp\/v2\/types\/page"}],"author":[{"embeddable":true,"href":"https:\/\/wp.ufpel.edu.br\/tfgonline\/wp-json\/wp\/v2\/users\/794"}],"replies":[{"embeddable":true,"href":"https:\/\/wp.ufpel.edu.br\/tfgonline\/wp-json\/wp\/v2\/comments?post=657"}],"version-history":[{"count":1,"href":"https:\/\/wp.ufpel.edu.br\/tfgonline\/wp-json\/wp\/v2\/pages\/657\/revisions"}],"predecessor-version":[{"id":659,"href":"https:\/\/wp.ufpel.edu.br\/tfgonline\/wp-json\/wp\/v2\/pages\/657\/revisions\/659"}],"wp:attachment":[{"href":"https:\/\/wp.ufpel.edu.br\/tfgonline\/wp-json\/wp\/v2\/media?parent=657"}],"curies":[{"name":"wp","href":"https:\/\/api.w.org\/{rel}","templated":true}]}}