{"id":654,"date":"2022-04-18T15:15:52","date_gmt":"2022-04-18T18:15:52","guid":{"rendered":"https:\/\/wp.ufpel.edu.br\/tfgonline\/?page_id=654"},"modified":"2022-05-11T16:25:41","modified_gmt":"2022-05-11T19:25:41","slug":"2013-01","status":"publish","type":"page","link":"https:\/\/wp.ufpel.edu.br\/tfgonline\/2013-01\/","title":{"rendered":"2013\/01"},"content":{"rendered":"<p>Novas Instala\u00e7\u00f5es da Centen\u00e1ria Uni\u00e3o Ga\u00facha Jo\u00e3o Sim\u00f5es Lopes Neto &#8211; Juliano Moreira Coimbra<\/p>\n<p><a href=\"https:\/\/drive.google.com\/drive\/folders\/1eF1vn0W-x89v8e3A2k-ERtzfKcD2zwoe?usp=sharing\">https:\/\/drive.google.com\/drive\/folders\/1eF1vn0W-x89v8e3A2k-ERtzfKcD2zwoe?usp=sharing<\/a><\/p>\n<p>&nbsp;<\/p>\n<p>Centro de Arte Contempor\u00e2nea UFPel &#8211; Cristiane dos Santos Nunes<\/p>\n<p><a href=\"https:\/\/drive.google.com\/file\/d\/1J-heK23V-tf4M0amPjiAI8rDQTaPboSf\/view?usp=sharing\">https:\/\/drive.google.com\/file\/d\/1J-heK23V-tf4M0amPjiAI8rDQTaPboSf\/view?usp=sharing<\/a><\/p>\n<p>&nbsp;<\/p>\n<p>&nbsp;<\/p>\n<p>Gin\u00e1sio Multiuso Pelotas\/RS &#8211; Jones Vieira Pinto<\/p>\n<p><a href=\"https:\/\/drive.google.com\/file\/d\/1imLSiA2H5iCAhWD2biKoMb6ASiTTvKQ4\/view?usp=sharing\">https:\/\/drive.google.com\/file\/d\/1imLSiA2H5iCAhWD2biKoMb6ASiTTvKQ4\/view?usp=sharing<\/a><\/p>\n<p>&nbsp;<\/p>\n<p>&nbsp;<\/p>\n<p>Lu\u00edza Hontz<\/p>\n<p><a href=\"https:\/\/drive.google.com\/file\/d\/1D8C_wfXID29k1sE8ua35OaoY1wMEELlH\/view?usp=sharing\">https:\/\/drive.google.com\/file\/d\/1D8C_wfXID29k1sE8ua35OaoY1wMEELlH\/view?usp=sharing<\/a><\/p>\n<p>&nbsp;<\/p>\n<p>Centro Cultural e Comercial Evolution &#8211; Rachel Lazzarotto<\/p>\n<p><a href=\"https:\/\/drive.google.com\/file\/d\/1U2oiOVp5XuKDbkOxd3LmUJklkKL3o9C8\/view?usp=sharing\">https:\/\/drive.google.com\/file\/d\/1U2oiOVp5XuKDbkOxd3LmUJklkKL3o9C8\/view?usp=sharing<\/a><\/p>\n<p>&nbsp;<\/p>\n<p>Casa do estudante do Alto Uruguai &#8211; Suellen Chicoski<\/p>\n<p><a href=\"https:\/\/drive.google.com\/file\/d\/1sRuPdu46-oLw8BV5KjvsZ-LS8yGhXcj0\/view?usp=sharing\">https:\/\/drive.google.com\/file\/d\/1sRuPdu46-oLw8BV5KjvsZ-LS8yGhXcj0\/view?usp=sharing<\/a><\/p>\n<p>&nbsp;<\/p>\n<p>Centro de treinamento de futebol Aldeia Xavante &#8211; Giancarlo Kleinick Vignolo<\/p>\n<p><a href=\"https:\/\/drive.google.com\/file\/d\/1wuNrIdXdLOrV8ypH-XdX68bCC5WIkNa4\/view?usp=sharing\">https:\/\/drive.google.com\/file\/d\/1wuNrIdXdLOrV8ypH-XdX68bCC5WIkNa4\/view?usp=sharing<\/a><\/p>\n<p>&nbsp;<\/p>\n","protected":false},"excerpt":{"rendered":"<p>Novas Instala\u00e7\u00f5es da Centen\u00e1ria Uni\u00e3o Ga\u00facha Jo\u00e3o Sim\u00f5es Lopes Neto &#8211; Juliano Moreira Coimbra https:\/\/drive.google.com\/drive\/folders\/1eF1vn0W-x89v8e3A2k-ERtzfKcD2zwoe?usp=sharing &nbsp; Centro de Arte Contempor\u00e2nea UFPel &#8211; Cristiane dos Santos Nunes https:\/\/drive.google.com\/file\/d\/1J-heK23V-tf4M0amPjiAI8rDQTaPboSf\/view?usp=sharing&hellip; <span class=\"read-more\"><a class=\"more-link\" href=\"https:\/\/wp.ufpel.edu.br\/tfgonline\/2013-01\/\" rel=\"bookmark\">Leia Mais <span class=\"screen-reader-text\">&#8220;2013\/01&#8221;<\/span><\/a><\/span><\/p>\n","protected":false},"author":794,"featured_media":0,"parent":0,"menu_order":0,"comment_status":"closed","ping_status":"closed","template":"","meta":{"jetpack_post_was_ever_published":false,"footnotes":""},"class_list":["post-654","page","type-page","status-publish","hentry"],"jetpack_sharing_enabled":true,"jetpack_shortlink":"https:\/\/wp.me\/P92ryl-ay","jetpack-related-posts":[],"_links":{"self":[{"href":"https:\/\/wp.ufpel.edu.br\/tfgonline\/wp-json\/wp\/v2\/pages\/654","targetHints":{"allow":["GET"]}}],"collection":[{"href":"https:\/\/wp.ufpel.edu.br\/tfgonline\/wp-json\/wp\/v2\/pages"}],"about":[{"href":"https:\/\/wp.ufpel.edu.br\/tfgonline\/wp-json\/wp\/v2\/types\/page"}],"author":[{"embeddable":true,"href":"https:\/\/wp.ufpel.edu.br\/tfgonline\/wp-json\/wp\/v2\/users\/794"}],"replies":[{"embeddable":true,"href":"https:\/\/wp.ufpel.edu.br\/tfgonline\/wp-json\/wp\/v2\/comments?post=654"}],"version-history":[{"count":3,"href":"https:\/\/wp.ufpel.edu.br\/tfgonline\/wp-json\/wp\/v2\/pages\/654\/revisions"}],"predecessor-version":[{"id":718,"href":"https:\/\/wp.ufpel.edu.br\/tfgonline\/wp-json\/wp\/v2\/pages\/654\/revisions\/718"}],"wp:attachment":[{"href":"https:\/\/wp.ufpel.edu.br\/tfgonline\/wp-json\/wp\/v2\/media?parent=654"}],"curies":[{"name":"wp","href":"https:\/\/api.w.org\/{rel}","templated":true}]}}