{"id":648,"date":"2022-04-14T17:17:43","date_gmt":"2022-04-14T20:17:43","guid":{"rendered":"https:\/\/wp.ufpel.edu.br\/tfgonline\/?page_id=648"},"modified":"2022-04-14T17:17:43","modified_gmt":"2022-04-14T20:17:43","slug":"2014-02","status":"publish","type":"page","link":"https:\/\/wp.ufpel.edu.br\/tfgonline\/2014-02\/","title":{"rendered":"2014\/02"},"content":{"rendered":"<p>O emaranhado REconverso &#8211; Alana Machado de Oliveira<\/p>\n<p><a href=\"https:\/\/drive.google.com\/file\/d\/1JPnEDD8q5g6oJ3PpRwaG9hGEE4aSwtct\/view?usp=sharing\">https:\/\/drive.google.com\/file\/d\/1JPnEDD8q5g6oJ3PpRwaG9hGEE4aSwtct\/view?usp=sharing<\/a><\/p>\n<p>&nbsp;<\/p>\n<p>Nova sede Centro de Aten\u00e7\u00e3o Psicossocial SACI &#8211; CAPS infantil &#8211; Aline Vilela<\/p>\n<p><a href=\"https:\/\/drive.google.com\/file\/d\/1LLKckbUPLA-e5AQucr4XNwk8-81Tm_Lr\/view?usp=sharing\">https:\/\/drive.google.com\/file\/d\/1LLKckbUPLA-e5AQucr4XNwk8-81Tm_Lr\/view?usp=sharing<\/a><\/p>\n<p>&nbsp;<\/p>\n<p>Centro Integrado Animal &#8211; Aline de Almeida Tessmer<\/p>\n<p><a href=\"https:\/\/drive.google.com\/file\/d\/1rX7BRcdp_ZT9OEVN966ym2ngj-PHZMIu\/view?usp=sharing\">https:\/\/drive.google.com\/file\/d\/1rX7BRcdp_ZT9OEVN966ym2ngj-PHZMIu\/view?usp=sharing<\/a><\/p>\n<p>&nbsp;<\/p>\n<p>Centro Social de Apoio a moradores de rua &#8211; Ana Paula Marroni Marques<\/p>\n<p>Parte1:<\/p>\n<p><a href=\"https:\/\/drive.google.com\/file\/d\/1cNjH-6DKN39RxsEuA3gmhZnqSWhRFrlG\/view?usp=sharing\">https:\/\/drive.google.com\/file\/d\/1cNjH-6DKN39RxsEuA3gmhZnqSWhRFrlG\/view?usp=sharing<\/a><\/p>\n<p>Parte 2:<\/p>\n<p><a href=\"https:\/\/drive.google.com\/file\/d\/1ILDcDjOG4lTQtL2y2gGjrPCO-HtnADgl\/view?usp=sharing\">https:\/\/drive.google.com\/file\/d\/1ILDcDjOG4lTQtL2y2gGjrPCO-HtnADgl\/view?usp=sharing<\/a><\/p>\n<p>&nbsp;<\/p>\n<p>Oficina da Arte &#8211; centro de cria\u00e7\u00e3o e exposi\u00e7\u00e3o Pelotas\/RS &#8211; Caio Silveira Sica<\/p>\n<p><a href=\"https:\/\/drive.google.com\/file\/d\/18gUVGZoUcXpXoUzA7dWZfGwS5OUZanfG\/view?usp=sharing\">https:\/\/drive.google.com\/file\/d\/18gUVGZoUcXpXoUzA7dWZfGwS5OUZanfG\/view?usp=sharing<\/a><\/p>\n<p>&nbsp;<\/p>\n<p>Costa Doce &#8211; centro de conven\u00e7\u00f5es e eventos de S\u00e3o Louren\u00e7o do Sul &#8211; Daniela Montezuma Lopes<\/p>\n<p>Parte 1:<\/p>\n<p><a href=\"https:\/\/drive.google.com\/file\/d\/1BkM6v1ircjibPo9x5sCxMbeFa4IoZCEL\/view?usp=sharing\">https:\/\/drive.google.com\/file\/d\/1BkM6v1ircjibPo9x5sCxMbeFa4IoZCEL\/view?usp=sharing<\/a><\/p>\n<p>Parte 2:<\/p>\n<p><a href=\"https:\/\/drive.google.com\/file\/d\/17A_eLh9RPrM6iIHkRLopYBFgavr6wC98\/view?usp=sharing\">https:\/\/drive.google.com\/file\/d\/17A_eLh9RPrM6iIHkRLopYBFgavr6wC98\/view?usp=sharing<\/a><\/p>\n<p>&nbsp;<\/p>\n<p>Centro de tecnologia e desenvolvimento da constru\u00e7\u00e3o civil &#8211; Gabriel Sehn Silva<\/p>\n<p><a href=\"https:\/\/drive.google.com\/file\/d\/1-Te4zX_I9pKCuxtEZAloJ80Lv8vK0NQA\/view?usp=sharing\">https:\/\/drive.google.com\/file\/d\/1-Te4zX_I9pKCuxtEZAloJ80Lv8vK0NQA\/view?usp=sharing<\/a><\/p>\n<p>&nbsp;<\/p>\n<p>Conjunto Habitacional e Comercial &#8211; Luciano Cerentini<\/p>\n<p><a href=\"https:\/\/drive.google.com\/file\/d\/1NZTg7BkZF4hQtQ_yPLvpfC9rcmSadiHf\/view?usp=sharing\">https:\/\/drive.google.com\/file\/d\/1NZTg7BkZF4hQtQ_yPLvpfC9rcmSadiHf\/view?usp=sharing<\/a><\/p>\n<p>&nbsp;<\/p>\n<p>Hotel Beira Mar &#8211; Cassino, Rio Grande\/RS &#8211; M\u00f4nica Martins Pinto<\/p>\n<p><a href=\"https:\/\/drive.google.com\/file\/d\/1zDzlIfxoJQrK2tn6zdiiG117Sj1_X6Kk\/view?usp=sharing\">https:\/\/drive.google.com\/file\/d\/1zDzlIfxoJQrK2tn6zdiiG117Sj1_X6Kk\/view?usp=sharing<\/a><\/p>\n<p>&nbsp;<\/p>\n<p>MISS\u00d5ES &#8211; Centro de cultura e exposi\u00e7\u00e3o da arte missioneira &#8211; P\u00e2mela Roberta Biernaski<\/p>\n<p><a href=\"https:\/\/drive.google.com\/file\/d\/1yzbJ3Qsmr7O1j6V7RExBIKAHkDyKmACq\/view?usp=sharing\">https:\/\/drive.google.com\/file\/d\/1yzbJ3Qsmr7O1j6V7RExBIKAHkDyKmACq\/view?usp=sharing<\/a><\/p>\n<p>&nbsp;<\/p>\n<p>Casa do Estudante UFPel Porto &#8211; Patr\u00edcia Dias<\/p>\n<p><a href=\"https:\/\/drive.google.com\/file\/d\/10CCAr8DHpIxli5Lg7dDMIueO9SNdpXLa\/view?usp=sharing\">https:\/\/drive.google.com\/file\/d\/10CCAr8DHpIxli5Lg7dDMIueO9SNdpXLa\/view?usp=sharing<\/a><\/p>\n<p>&nbsp;<\/p>\n<p>Escola de Educa\u00e7\u00e3o Especial Helen Keller &#8211; APAE Tr\u00eas de Maio\/RS &#8211; Samara Monegat de Gaspari<\/p>\n<p><a href=\"https:\/\/drive.google.com\/file\/d\/1ZkB1gqwmaRa1TLISuhPI-gNvH6bBqLig\/view?usp=sharing\">https:\/\/drive.google.com\/file\/d\/1ZkB1gqwmaRa1TLISuhPI-gNvH6bBqLig\/view?usp=sharing<\/a><\/p>\n<p>&nbsp;<\/p>\n<p>MuPe &#8211; Museu de Pelotas &#8211; Silvana Magalh\u00e3es Satte Allam<\/p>\n<p><a href=\"https:\/\/drive.google.com\/file\/d\/1NKi8jp7TPSCDqjgSn8cEe4kwzLg-1C2u\/view?usp=sharing\">https:\/\/drive.google.com\/file\/d\/1NKi8jp7TPSCDqjgSn8cEe4kwzLg-1C2u\/view?usp=sharing<\/a><\/p>\n<p>&nbsp;<\/p>\n<p>Espa\u00e7o Cultural Lu\u00eds Milanesi &#8211; Vanessa Martinez<\/p>\n<p><a href=\"https:\/\/drive.google.com\/file\/d\/1esQkSa380Pu3ibT2DyLnnpYj12qZOmEs\/view?usp=sharing\">https:\/\/drive.google.com\/file\/d\/1esQkSa380Pu3ibT2DyLnnpYj12qZOmEs\/view?usp=sharing<\/a><\/p>\n","protected":false},"excerpt":{"rendered":"<p>O emaranhado REconverso &#8211; Alana Machado de Oliveira https:\/\/drive.google.com\/file\/d\/1JPnEDD8q5g6oJ3PpRwaG9hGEE4aSwtct\/view?usp=sharing &nbsp; Nova sede Centro de Aten\u00e7\u00e3o Psicossocial SACI &#8211; CAPS infantil &#8211; Aline Vilela https:\/\/drive.google.com\/file\/d\/1LLKckbUPLA-e5AQucr4XNwk8-81Tm_Lr\/view?usp=sharing &nbsp; Centro Integrado&hellip; <span class=\"read-more\"><a class=\"more-link\" href=\"https:\/\/wp.ufpel.edu.br\/tfgonline\/2014-02\/\" rel=\"bookmark\">Leia Mais <span class=\"screen-reader-text\">&#8220;2014\/02&#8221;<\/span><\/a><\/span><\/p>\n","protected":false},"author":794,"featured_media":0,"parent":0,"menu_order":0,"comment_status":"closed","ping_status":"closed","template":"","meta":{"jetpack_post_was_ever_published":false,"footnotes":""},"class_list":["post-648","page","type-page","status-publish","hentry"],"jetpack_sharing_enabled":true,"jetpack_shortlink":"https:\/\/wp.me\/P92ryl-as","jetpack-related-posts":[],"_links":{"self":[{"href":"https:\/\/wp.ufpel.edu.br\/tfgonline\/wp-json\/wp\/v2\/pages\/648","targetHints":{"allow":["GET"]}}],"collection":[{"href":"https:\/\/wp.ufpel.edu.br\/tfgonline\/wp-json\/wp\/v2\/pages"}],"about":[{"href":"https:\/\/wp.ufpel.edu.br\/tfgonline\/wp-json\/wp\/v2\/types\/page"}],"author":[{"embeddable":true,"href":"https:\/\/wp.ufpel.edu.br\/tfgonline\/wp-json\/wp\/v2\/users\/794"}],"replies":[{"embeddable":true,"href":"https:\/\/wp.ufpel.edu.br\/tfgonline\/wp-json\/wp\/v2\/comments?post=648"}],"version-history":[{"count":1,"href":"https:\/\/wp.ufpel.edu.br\/tfgonline\/wp-json\/wp\/v2\/pages\/648\/revisions"}],"predecessor-version":[{"id":650,"href":"https:\/\/wp.ufpel.edu.br\/tfgonline\/wp-json\/wp\/v2\/pages\/648\/revisions\/650"}],"wp:attachment":[{"href":"https:\/\/wp.ufpel.edu.br\/tfgonline\/wp-json\/wp\/v2\/media?parent=648"}],"curies":[{"name":"wp","href":"https:\/\/api.w.org\/{rel}","templated":true}]}}