{"id":645,"date":"2022-04-14T16:42:10","date_gmt":"2022-04-14T19:42:10","guid":{"rendered":"https:\/\/wp.ufpel.edu.br\/tfgonline\/?page_id=645"},"modified":"2022-04-14T16:42:10","modified_gmt":"2022-04-14T19:42:10","slug":"2014-01","status":"publish","type":"page","link":"https:\/\/wp.ufpel.edu.br\/tfgonline\/2014-01\/","title":{"rendered":"2014\/01"},"content":{"rendered":"<p>Centro Materno Infantil &#8211; Santa Maria\/RS &#8211; D\u00e9bora Fab\u00edola Wille<\/p>\n<p><a href=\"https:\/\/drive.google.com\/file\/d\/1L64geKXXdcWncB4ziQT5WKOkX_5Bm695\/view?usp=sharing\">https:\/\/drive.google.com\/file\/d\/1L64geKXXdcWncB4ziQT5WKOkX_5Bm695\/view?usp=sharing<\/a><\/p>\n<p>&nbsp;<\/p>\n<p>Prato do Dia &#8211; Cooperativa de alimentos &#8211; Elu\u00edse Jansen da Silva Campos<\/p>\n<p><a href=\"https:\/\/docs.google.com\/presentation\/d\/1WJi-oqvCuxByQW6ay057gL2fuqHG-xrr\/edit?usp=sharing&amp;ouid=116308446435171718987&amp;rtpof=true&amp;sd=true\">https:\/\/docs.google.com\/presentation\/d\/1WJi-oqvCuxByQW6ay057gL2fuqHG-xrr\/edit?usp=sharing&amp;ouid=116308446435171718987&amp;rtpof=true&amp;sd=true<\/a><\/p>\n<p>&nbsp;<\/p>\n<p>Museu Nacional Cal\u00e7ad\u00e3o Novo Hamburgo\/RS &#8211; Fabiano Martins Rodrigues<\/p>\n<p><a href=\"https:\/\/drive.google.com\/file\/d\/18ODaaUsn92ERMdfobyfXGrJk3UP-b9BP\/view?usp=sharing\">https:\/\/drive.google.com\/file\/d\/18ODaaUsn92ERMdfobyfXGrJk3UP-b9BP\/view?usp=sharing<\/a><\/p>\n<p>&nbsp;<\/p>\n<p>Terminal Rodovi\u00e1rio de Jaguar\u00e3o &#8211; Isabel Pi\u00fama Gon\u00e7alves<\/p>\n<p><a href=\"https:\/\/drive.google.com\/file\/d\/1255WDAj12J07zz-whNEJfKGyFq_uhYOM\/view?usp=sharing\">https:\/\/drive.google.com\/file\/d\/1255WDAj12J07zz-whNEJfKGyFq_uhYOM\/view?usp=sharing<\/a><\/p>\n<p>&nbsp;<\/p>\n<p>Teatro Municipal de Pelotas &#8211; Mariana Estima Silva<\/p>\n<p><a href=\"https:\/\/drive.google.com\/file\/d\/1hAuT-TjrHjSYLr__BiNSKw8f203l8M2P\/view?usp=sharing\">https:\/\/drive.google.com\/file\/d\/1hAuT-TjrHjSYLr__BiNSKw8f203l8M2P\/view?usp=sharing<\/a><\/p>\n<p>&nbsp;<\/p>\n<p>Centro de Cultura Caio Fernando Abreu &#8211; Roseana Bonotto Ruivo<\/p>\n<p><a href=\"https:\/\/drive.google.com\/file\/d\/1IdMF6c84V7LD_kWymCexeYNEhsYkPxWb\/view?usp=sharing\">https:\/\/drive.google.com\/file\/d\/1IdMF6c84V7LD_kWymCexeYNEhsYkPxWb\/view?usp=sharing<\/a><\/p>\n<p>&nbsp;<\/p>\n<p>&nbsp;<\/p>\n","protected":false},"excerpt":{"rendered":"<p>Centro Materno Infantil &#8211; Santa Maria\/RS &#8211; D\u00e9bora Fab\u00edola Wille https:\/\/drive.google.com\/file\/d\/1L64geKXXdcWncB4ziQT5WKOkX_5Bm695\/view?usp=sharing &nbsp; Prato do Dia &#8211; Cooperativa de alimentos &#8211; Elu\u00edse Jansen da Silva Campos https:\/\/docs.google.com\/presentation\/d\/1WJi-oqvCuxByQW6ay057gL2fuqHG-xrr\/edit?usp=sharing&amp;ouid=116308446435171718987&amp;rtpof=true&amp;sd=true &nbsp;&hellip; <span class=\"read-more\"><a class=\"more-link\" href=\"https:\/\/wp.ufpel.edu.br\/tfgonline\/2014-01\/\" rel=\"bookmark\">Leia Mais <span class=\"screen-reader-text\">&#8220;2014\/01&#8221;<\/span><\/a><\/span><\/p>\n","protected":false},"author":794,"featured_media":0,"parent":0,"menu_order":0,"comment_status":"closed","ping_status":"closed","template":"","meta":{"jetpack_post_was_ever_published":false,"footnotes":""},"class_list":["post-645","page","type-page","status-publish","hentry"],"jetpack_sharing_enabled":true,"jetpack_shortlink":"https:\/\/wp.me\/P92ryl-ap","jetpack-related-posts":[],"_links":{"self":[{"href":"https:\/\/wp.ufpel.edu.br\/tfgonline\/wp-json\/wp\/v2\/pages\/645","targetHints":{"allow":["GET"]}}],"collection":[{"href":"https:\/\/wp.ufpel.edu.br\/tfgonline\/wp-json\/wp\/v2\/pages"}],"about":[{"href":"https:\/\/wp.ufpel.edu.br\/tfgonline\/wp-json\/wp\/v2\/types\/page"}],"author":[{"embeddable":true,"href":"https:\/\/wp.ufpel.edu.br\/tfgonline\/wp-json\/wp\/v2\/users\/794"}],"replies":[{"embeddable":true,"href":"https:\/\/wp.ufpel.edu.br\/tfgonline\/wp-json\/wp\/v2\/comments?post=645"}],"version-history":[{"count":1,"href":"https:\/\/wp.ufpel.edu.br\/tfgonline\/wp-json\/wp\/v2\/pages\/645\/revisions"}],"predecessor-version":[{"id":647,"href":"https:\/\/wp.ufpel.edu.br\/tfgonline\/wp-json\/wp\/v2\/pages\/645\/revisions\/647"}],"wp:attachment":[{"href":"https:\/\/wp.ufpel.edu.br\/tfgonline\/wp-json\/wp\/v2\/media?parent=645"}],"curies":[{"name":"wp","href":"https:\/\/api.w.org\/{rel}","templated":true}]}}