{"id":632,"date":"2022-04-11T17:02:31","date_gmt":"2022-04-11T20:02:31","guid":{"rendered":"https:\/\/wp.ufpel.edu.br\/tfgonline\/?page_id=632"},"modified":"2022-04-11T17:16:14","modified_gmt":"2022-04-11T20:16:14","slug":"2015-01","status":"publish","type":"page","link":"https:\/\/wp.ufpel.edu.br\/tfgonline\/2015-01\/","title":{"rendered":"2015\/01"},"content":{"rendered":"<p>Coworking 650 &#8211; Alex Ramos<\/p>\n<p><a href=\"https:\/\/drive.google.com\/file\/d\/1vRtALHj2zwtfVLCydpHyT7tqGA6hzehs\/view?usp=sharing\">https:\/\/drive.google.com\/file\/d\/1vRtALHj2zwtfVLCydpHyT7tqGA6hzehs\/view?usp=sharing<\/a><\/p>\n<p>&nbsp;<\/p>\n<p>Parque da Dorada: Cultura e Patrim\u00f4nio &#8211; Carolina Ritter<\/p>\n<p><a href=\"https:\/\/drive.google.com\/file\/d\/1z5-Vlkuh29_SMPTb6TzGxQSFeyXWLxDI\/view?usp=sharing\">https:\/\/drive.google.com\/file\/d\/1z5-Vlkuh29_SMPTb6TzGxQSFeyXWLxDI\/view?usp=sharing<\/a><\/p>\n<p>&nbsp;<\/p>\n<p>Hostel la Palma &#8211; Clarissa Neutzling<\/p>\n<p><a href=\"https:\/\/drive.google.com\/file\/d\/1KOOp2pTT_WsmgeLJoFPL-6Zz89fBfQ0E\/view?usp=sharing\">https:\/\/drive.google.com\/file\/d\/1KOOp2pTT_WsmgeLJoFPL-6Zz89fBfQ0E\/view?usp=sharing<\/a><\/p>\n<p>&nbsp;<\/p>\n<p>Polit\u00e9cnica CAVG &#8211; Centro de Constru\u00e7\u00e3o a seco &#8211; Greg\u00f3rio Arostegui Pereira Nunes<\/p>\n<p><a href=\"https:\/\/drive.google.com\/file\/d\/1NSet6h5d70Uw5AGTs2XIyCTjFvFThtE1\/view?usp=sharing\">https:\/\/drive.google.com\/file\/d\/1NSet6h5d70Uw5AGTs2XIyCTjFvFThtE1\/view?usp=sharing<\/a><\/p>\n<p>&nbsp;<\/p>\n<p>ARTELIE &#8211; Isabela Pereira Garcia<\/p>\n<p><a href=\"https:\/\/drive.google.com\/file\/d\/1gA1vW3ymaYXQ2JV8_rBPKux1l81UDYIt\/view?usp=sharing\">https:\/\/drive.google.com\/file\/d\/1gA1vW3ymaYXQ2JV8_rBPKux1l81UDYIt\/view?usp=sharing<\/a><\/p>\n<p>&nbsp;<\/p>\n<p>Biblioteca Bairro &#8211; Juliana Carvalho de Oliveira<\/p>\n<p><a href=\"https:\/\/drive.google.com\/file\/d\/1pLGkALetzpLAReTNUuJmoge_FUzw5_oT\/view?usp=sharing\">https:\/\/drive.google.com\/file\/d\/1pLGkALetzpLAReTNUuJmoge_FUzw5_oT\/view?usp=sharing<\/a><\/p>\n<p>&nbsp;<\/p>\n<p>Complexo Bot\u00e2nico Jardim do Castelo, Bag\u00e9\/RS &#8211; Lara de Oliveira Morelli<\/p>\n<p><a href=\"https:\/\/drive.google.com\/file\/d\/1Lbpt2W2WWVWDd-L-MH-h0Iome3ZU_LUO\/view?usp=sharing\">https:\/\/drive.google.com\/file\/d\/1Lbpt2W2WWVWDd-L-MH-h0Iome3ZU_LUO\/view?usp=sharing<\/a><\/p>\n<p>&nbsp;<\/p>\n<p>Carnaval de Uruguaiana &#8211; Let\u00edcia Bender<\/p>\n<p><a href=\"https:\/\/drive.google.com\/file\/d\/1r9epcV6LyZJkL8D8GTRObVJyYCKgK_EQ\/view?usp=sharing\">https:\/\/drive.google.com\/file\/d\/1r9epcV6LyZJkL8D8GTRObVJyYCKgK_EQ\/view?usp=sharing<\/a><\/p>\n<p>&nbsp;<\/p>\n<p>Condom\u00ednio Multiuso &#8211; Luciano Cerentini<\/p>\n<p><a href=\"https:\/\/drive.google.com\/file\/d\/16wNcWH9T-V-AQ2Cl3al_9KCMypfijWRq\/view?usp=sharing\">https:\/\/drive.google.com\/file\/d\/16wNcWH9T-V-AQ2Cl3al_9KCMypfijWRq\/view?usp=sharing<\/a><\/p>\n<p>&nbsp;<\/p>\n<p>CEADM &#8211; Centro administrativo municipal, Pelotas\/RS &#8211; Marianna Bobrowski Richter<\/p>\n<p><a href=\"https:\/\/drive.google.com\/file\/d\/1Lhc9Ir9678UkkWTqx2OnVgitMdYYeddj\/view?usp=sharing\">https:\/\/drive.google.com\/file\/d\/1Lhc9Ir9678UkkWTqx2OnVgitMdYYeddj\/view?usp=sharing<\/a><\/p>\n<p>&nbsp;<\/p>\n<p>Creche e Escola Infantil Segunda Casa na cidade de Amaral Ferrador\/RS &#8211; M\u00f4nica Willges<\/p>\n<p><a href=\"https:\/\/drive.google.com\/file\/d\/18TD2AQjqsYPJubt5dfXPySHN5MZGsHZK\/view?usp=sharing\">https:\/\/drive.google.com\/file\/d\/18TD2AQjqsYPJubt5dfXPySHN5MZGsHZK\/view?usp=sharing<\/a><\/p>\n<p>&nbsp;<\/p>\n<p>Centro de Educa\u00e7\u00e3o Infantil &#8211; Guapor\u00e9\/RS &#8211; Monique Grechi<\/p>\n<p><a href=\"https:\/\/drive.google.com\/file\/d\/1EYzl8AiRNlqOaTDNadxF_XUMgeKBOYnS\/view?usp=sharing\">https:\/\/drive.google.com\/file\/d\/1EYzl8AiRNlqOaTDNadxF_XUMgeKBOYnS\/view?usp=sharing<\/a><\/p>\n","protected":false},"excerpt":{"rendered":"<p>Coworking 650 &#8211; Alex Ramos https:\/\/drive.google.com\/file\/d\/1vRtALHj2zwtfVLCydpHyT7tqGA6hzehs\/view?usp=sharing &nbsp; Parque da Dorada: Cultura e Patrim\u00f4nio &#8211; Carolina Ritter https:\/\/drive.google.com\/file\/d\/1z5-Vlkuh29_SMPTb6TzGxQSFeyXWLxDI\/view?usp=sharing &nbsp; Hostel la Palma &#8211; Clarissa Neutzling https:\/\/drive.google.com\/file\/d\/1KOOp2pTT_WsmgeLJoFPL-6Zz89fBfQ0E\/view?usp=sharing &nbsp; Polit\u00e9cnica&hellip; <span class=\"read-more\"><a class=\"more-link\" href=\"https:\/\/wp.ufpel.edu.br\/tfgonline\/2015-01\/\" rel=\"bookmark\">Leia Mais <span class=\"screen-reader-text\">&#8220;2015\/01&#8221;<\/span><\/a><\/span><\/p>\n","protected":false},"author":794,"featured_media":0,"parent":0,"menu_order":0,"comment_status":"closed","ping_status":"closed","template":"","meta":{"jetpack_post_was_ever_published":false,"footnotes":""},"class_list":["post-632","page","type-page","status-publish","hentry"],"jetpack_sharing_enabled":true,"jetpack_shortlink":"https:\/\/wp.me\/P92ryl-ac","jetpack-related-posts":[],"_links":{"self":[{"href":"https:\/\/wp.ufpel.edu.br\/tfgonline\/wp-json\/wp\/v2\/pages\/632","targetHints":{"allow":["GET"]}}],"collection":[{"href":"https:\/\/wp.ufpel.edu.br\/tfgonline\/wp-json\/wp\/v2\/pages"}],"about":[{"href":"https:\/\/wp.ufpel.edu.br\/tfgonline\/wp-json\/wp\/v2\/types\/page"}],"author":[{"embeddable":true,"href":"https:\/\/wp.ufpel.edu.br\/tfgonline\/wp-json\/wp\/v2\/users\/794"}],"replies":[{"embeddable":true,"href":"https:\/\/wp.ufpel.edu.br\/tfgonline\/wp-json\/wp\/v2\/comments?post=632"}],"version-history":[{"count":2,"href":"https:\/\/wp.ufpel.edu.br\/tfgonline\/wp-json\/wp\/v2\/pages\/632\/revisions"}],"predecessor-version":[{"id":640,"href":"https:\/\/wp.ufpel.edu.br\/tfgonline\/wp-json\/wp\/v2\/pages\/632\/revisions\/640"}],"wp:attachment":[{"href":"https:\/\/wp.ufpel.edu.br\/tfgonline\/wp-json\/wp\/v2\/media?parent=632"}],"curies":[{"name":"wp","href":"https:\/\/api.w.org\/{rel}","templated":true}]}}