{"id":628,"date":"2022-04-11T16:12:40","date_gmt":"2022-04-11T19:12:40","guid":{"rendered":"https:\/\/wp.ufpel.edu.br\/tfgonline\/?page_id=628"},"modified":"2022-04-11T16:12:40","modified_gmt":"2022-04-11T19:12:40","slug":"2016-01","status":"publish","type":"page","link":"https:\/\/wp.ufpel.edu.br\/tfgonline\/2016-01\/","title":{"rendered":"2016\/01"},"content":{"rendered":"<p>Centro de Sa\u00fade &#8211; J\u00e9ssica Helena Peixoto Castro<\/p>\n<p><a href=\"https:\/\/drive.google.com\/file\/d\/169Xgizk8aLUxxHEzL-qscU3Xgaqz-8LI\/view?usp=sharing\">https:\/\/drive.google.com\/file\/d\/169Xgizk8aLUxxHEzL-qscU3Xgaqz-8LI\/view?usp=sharing<\/a><\/p>\n<p>&nbsp;<\/p>\n<p>Parque do Hip\u00f3dromo &#8211; J\u00e9ssica B\u00f6hmer<\/p>\n<p><a href=\"https:\/\/drive.google.com\/file\/d\/1OStT4o6yfPCa_m3IBJdOn1wa8raDrvaG\/view?usp=sharing\">https:\/\/drive.google.com\/file\/d\/1OStT4o6yfPCa_m3IBJdOn1wa8raDrvaG\/view?usp=sharing<\/a><\/p>\n","protected":false},"excerpt":{"rendered":"<p>Centro de Sa\u00fade &#8211; J\u00e9ssica Helena Peixoto Castro https:\/\/drive.google.com\/file\/d\/169Xgizk8aLUxxHEzL-qscU3Xgaqz-8LI\/view?usp=sharing &nbsp; Parque do Hip\u00f3dromo &#8211; J\u00e9ssica B\u00f6hmer https:\/\/drive.google.com\/file\/d\/1OStT4o6yfPCa_m3IBJdOn1wa8raDrvaG\/view?usp=sharing<\/p>\n","protected":false},"author":794,"featured_media":0,"parent":0,"menu_order":0,"comment_status":"closed","ping_status":"closed","template":"","meta":{"jetpack_post_was_ever_published":false,"footnotes":""},"class_list":["post-628","page","type-page","status-publish","hentry"],"jetpack_sharing_enabled":true,"jetpack_shortlink":"https:\/\/wp.me\/P92ryl-a8","jetpack-related-posts":[],"_links":{"self":[{"href":"https:\/\/wp.ufpel.edu.br\/tfgonline\/wp-json\/wp\/v2\/pages\/628","targetHints":{"allow":["GET"]}}],"collection":[{"href":"https:\/\/wp.ufpel.edu.br\/tfgonline\/wp-json\/wp\/v2\/pages"}],"about":[{"href":"https:\/\/wp.ufpel.edu.br\/tfgonline\/wp-json\/wp\/v2\/types\/page"}],"author":[{"embeddable":true,"href":"https:\/\/wp.ufpel.edu.br\/tfgonline\/wp-json\/wp\/v2\/users\/794"}],"replies":[{"embeddable":true,"href":"https:\/\/wp.ufpel.edu.br\/tfgonline\/wp-json\/wp\/v2\/comments?post=628"}],"version-history":[{"count":1,"href":"https:\/\/wp.ufpel.edu.br\/tfgonline\/wp-json\/wp\/v2\/pages\/628\/revisions"}],"predecessor-version":[{"id":630,"href":"https:\/\/wp.ufpel.edu.br\/tfgonline\/wp-json\/wp\/v2\/pages\/628\/revisions\/630"}],"wp:attachment":[{"href":"https:\/\/wp.ufpel.edu.br\/tfgonline\/wp-json\/wp\/v2\/media?parent=628"}],"curies":[{"name":"wp","href":"https:\/\/api.w.org\/{rel}","templated":true}]}}