{"id":2,"date":"2017-08-03T09:14:17","date_gmt":"2017-08-03T12:14:17","guid":{"rendered":"https:\/\/wp.ufpel.edu.br\/tfgonline\/?page_id=2"},"modified":"2017-10-19T10:53:49","modified_gmt":"2017-10-19T12:53:49","slug":"apresentacao-do-tfg","status":"publish","type":"page","link":"https:\/\/wp.ufpel.edu.br\/tfgonline\/apresentacao-do-tfg\/","title":{"rendered":"Apresenta\u00e7\u00e3o"},"content":{"rendered":"<p class=\"font_6\" style=\"text-align: justify;padding-left: 30px\">\u00a0 \u00a0P\u00e1gina criada para divulga\u00e7\u00e3o dos Trabalhos Finais de Gradua\u00e7\u00e3o do Curso de Arquitetura e Urbanismo da UFPEL a partir do ano de 2016. Os trabalhos est\u00e3o organizados por tema, conforme distintos campos de atua\u00e7\u00e3o: Arquitetura, Patrim\u00f4nio, Arquitetura de interiores, Paisagismo, Urbanismo e desenho urbano, e Planejamento urbano e planejamento regional.<\/p>\n<p class=\"font_6\" style=\"text-align: justify;padding-left: 30px\">\u00a0 \u00a0 Esperamos que esse seja um canal de comunica\u00e7\u00e3o que atinja toda a\u00a0comunidade acad\u00eamica, e pretendemos criar uma mem\u00f3ria sobre a produ\u00e7\u00e3o dos nossos arquitetos nesse momento t\u00e3o especial de ingresso na carreira profissional.<\/p>\n","protected":false},"excerpt":{"rendered":"<p>\u00a0 \u00a0P\u00e1gina criada para divulga\u00e7\u00e3o dos Trabalhos Finais de Gradua\u00e7\u00e3o do Curso de Arquitetura e Urbanismo da UFPEL a partir do ano de 2016. Os trabalhos est\u00e3o&hellip; <span class=\"read-more\"><a class=\"more-link\" href=\"https:\/\/wp.ufpel.edu.br\/tfgonline\/apresentacao-do-tfg\/\" rel=\"bookmark\">Leia Mais <span class=\"screen-reader-text\">&#8220;Apresenta\u00e7\u00e3o&#8221;<\/span><\/a><\/span><\/p>\n","protected":false},"author":794,"featured_media":178,"parent":0,"menu_order":0,"comment_status":"closed","ping_status":"closed","template":"","meta":{"jetpack_post_was_ever_published":false,"footnotes":""},"class_list":["post-2","page","type-page","status-publish","has-post-thumbnail","hentry"],"jetpack_sharing_enabled":true,"jetpack_shortlink":"https:\/\/wp.me\/P92ryl-2","jetpack-related-posts":[],"_links":{"self":[{"href":"https:\/\/wp.ufpel.edu.br\/tfgonline\/wp-json\/wp\/v2\/pages\/2","targetHints":{"allow":["GET"]}}],"collection":[{"href":"https:\/\/wp.ufpel.edu.br\/tfgonline\/wp-json\/wp\/v2\/pages"}],"about":[{"href":"https:\/\/wp.ufpel.edu.br\/tfgonline\/wp-json\/wp\/v2\/types\/page"}],"author":[{"embeddable":true,"href":"https:\/\/wp.ufpel.edu.br\/tfgonline\/wp-json\/wp\/v2\/users\/794"}],"replies":[{"embeddable":true,"href":"https:\/\/wp.ufpel.edu.br\/tfgonline\/wp-json\/wp\/v2\/comments?post=2"}],"version-history":[{"count":5,"href":"https:\/\/wp.ufpel.edu.br\/tfgonline\/wp-json\/wp\/v2\/pages\/2\/revisions"}],"predecessor-version":[{"id":241,"href":"https:\/\/wp.ufpel.edu.br\/tfgonline\/wp-json\/wp\/v2\/pages\/2\/revisions\/241"}],"wp:featuredmedia":[{"embeddable":true,"href":"https:\/\/wp.ufpel.edu.br\/tfgonline\/wp-json\/wp\/v2\/media\/178"}],"wp:attachment":[{"href":"https:\/\/wp.ufpel.edu.br\/tfgonline\/wp-json\/wp\/v2\/media?parent=2"}],"curies":[{"name":"wp","href":"https:\/\/api.w.org\/{rel}","templated":true}]}}