{"id":42,"date":"2023-04-26T15:41:47","date_gmt":"2023-04-26T18:41:47","guid":{"rendered":"https:\/\/wp.ufpel.edu.br\/tfgifaurbufpel\/?page_id=42"},"modified":"2023-05-19T15:43:54","modified_gmt":"2023-05-19T18:43:54","slug":"2022-1","status":"publish","type":"page","link":"https:\/\/wp.ufpel.edu.br\/tfgifaurbufpel\/2022-1\/","title":{"rendered":"2022\/1"},"content":{"rendered":"<h2>\u00caNFASE EM ESPA\u00c7OS CONSTRU\u00cdDOS<\/h2>\n<p><a href=\"https:\/\/wp.ufpel.edu.br\/tfgifaurbufpel\/files\/2023\/05\/Amanda-Ferreira-Garcia_TFG_1.pdf\">Amanda Ferreira Garcia &#8211; <strong>Acolher: Centro de Sa\u00fade de Apoio ao Autista<\/strong><\/a><\/p>\n<p>Orientador(a): Prof. Dr. Cristhian Moreira Brum<\/p>\n<p><img loading=\"lazy\" decoding=\"async\" class=\"alignnone size-medium wp-image-100\" src=\"https:\/\/wp.ufpel.edu.br\/tfgifaurbufpel\/files\/2023\/05\/WhatsApp-Image-2023-05-19-at-13.58.34-400x146.jpeg\" alt=\"\" width=\"400\" height=\"146\" srcset=\"https:\/\/wp.ufpel.edu.br\/tfgifaurbufpel\/files\/2023\/05\/WhatsApp-Image-2023-05-19-at-13.58.34-400x146.jpeg 400w, https:\/\/wp.ufpel.edu.br\/tfgifaurbufpel\/files\/2023\/05\/WhatsApp-Image-2023-05-19-at-13.58.34-1024x372.jpeg 1024w, https:\/\/wp.ufpel.edu.br\/tfgifaurbufpel\/files\/2023\/05\/WhatsApp-Image-2023-05-19-at-13.58.34-768x279.jpeg 768w, https:\/\/wp.ufpel.edu.br\/tfgifaurbufpel\/files\/2023\/05\/WhatsApp-Image-2023-05-19-at-13.58.34-1536x559.jpeg 1536w, https:\/\/wp.ufpel.edu.br\/tfgifaurbufpel\/files\/2023\/05\/WhatsApp-Image-2023-05-19-at-13.58.34-600x218.jpeg 600w, https:\/\/wp.ufpel.edu.br\/tfgifaurbufpel\/files\/2023\/05\/WhatsApp-Image-2023-05-19-at-13.58.34.jpeg 1600w\" sizes=\"auto, (max-width: 400px) 100vw, 400px\" \/><\/p>\n<p>&nbsp;<\/p>\n<p><a href=\"https:\/\/wp.ufpel.edu.br\/tfgifaurbufpel\/files\/2023\/05\/ANA_PAULA_FREITAS_TFGI-compressed.pdf\">Ana Paula Claudio de Freitas &#8211;<strong> CARIP: Centro de Acolhimento para Refugiados e Imigrantes em Pelotas<\/strong><\/a><\/p>\n<p>Orientador(a): Prof.\u00aa Dr.\u00aa Nat\u00e1lia Naoumova<\/p>\n<p><img loading=\"lazy\" decoding=\"async\" class=\"alignnone size-medium wp-image-99\" src=\"https:\/\/wp.ufpel.edu.br\/tfgifaurbufpel\/files\/2023\/05\/WhatsApp-Image-2023-05-19-at-13.57.53-400x222.jpeg\" alt=\"\" width=\"400\" height=\"222\" srcset=\"https:\/\/wp.ufpel.edu.br\/tfgifaurbufpel\/files\/2023\/05\/WhatsApp-Image-2023-05-19-at-13.57.53-400x222.jpeg 400w, https:\/\/wp.ufpel.edu.br\/tfgifaurbufpel\/files\/2023\/05\/WhatsApp-Image-2023-05-19-at-13.57.53-1024x568.jpeg 1024w, https:\/\/wp.ufpel.edu.br\/tfgifaurbufpel\/files\/2023\/05\/WhatsApp-Image-2023-05-19-at-13.57.53-768x426.jpeg 768w, https:\/\/wp.ufpel.edu.br\/tfgifaurbufpel\/files\/2023\/05\/WhatsApp-Image-2023-05-19-at-13.57.53-541x300.jpeg 541w, https:\/\/wp.ufpel.edu.br\/tfgifaurbufpel\/files\/2023\/05\/WhatsApp-Image-2023-05-19-at-13.57.53.jpeg 1406w\" sizes=\"auto, (max-width: 400px) 100vw, 400px\" \/><\/p>\n<p>&nbsp;<\/p>\n<p><a href=\"https:\/\/wp.ufpel.edu.br\/tfgifaurbufpel\/files\/2023\/05\/TFG-I-Andressa-Souza-compressed.pdf\">Andressa Santos de Souza &#8211; <strong>Florescer: Escola Inclusiva de Ensino Fundamental<\/strong><\/a><\/p>\n<p>Orientador(a): Prof.\u00aa Dr.\u00aa Alessandra Migliori do Amaral Brito<\/p>\n<p><img loading=\"lazy\" decoding=\"async\" class=\"alignnone size-medium wp-image-98\" src=\"https:\/\/wp.ufpel.edu.br\/tfgifaurbufpel\/files\/2023\/05\/WhatsApp-Image-2023-05-19-at-13.56.45-400x130.jpeg\" alt=\"\" width=\"400\" height=\"130\" srcset=\"https:\/\/wp.ufpel.edu.br\/tfgifaurbufpel\/files\/2023\/05\/WhatsApp-Image-2023-05-19-at-13.56.45-400x130.jpeg 400w, https:\/\/wp.ufpel.edu.br\/tfgifaurbufpel\/files\/2023\/05\/WhatsApp-Image-2023-05-19-at-13.56.45-1024x333.jpeg 1024w, https:\/\/wp.ufpel.edu.br\/tfgifaurbufpel\/files\/2023\/05\/WhatsApp-Image-2023-05-19-at-13.56.45-768x250.jpeg 768w, https:\/\/wp.ufpel.edu.br\/tfgifaurbufpel\/files\/2023\/05\/WhatsApp-Image-2023-05-19-at-13.56.45-600x195.jpeg 600w, https:\/\/wp.ufpel.edu.br\/tfgifaurbufpel\/files\/2023\/05\/WhatsApp-Image-2023-05-19-at-13.56.45.jpeg 1514w\" sizes=\"auto, (max-width: 400px) 100vw, 400px\" \/><\/p>\n<p>&nbsp;<\/p>\n<p><a href=\"https:\/\/wp.ufpel.edu.br\/tfgifaurbufpel\/files\/2023\/05\/TFGI-BETHINAHARTER-CENTRO-ESPORTIVO-VILA-PRINCESA-compressed.pdf\">Bethina Harter Silva &#8211; <strong>Centro Esportivo Vila Princesa<\/strong><\/a><\/p>\n<p>Orientador(a): Prof.\u00aa Dr.\u00aa Celina Maria Britto Correa<\/p>\n<p><img loading=\"lazy\" decoding=\"async\" class=\"alignnone size-medium wp-image-97\" src=\"https:\/\/wp.ufpel.edu.br\/tfgifaurbufpel\/files\/2023\/05\/WhatsApp-Image-2023-05-19-at-13.55.54-400x225.jpeg\" alt=\"\" width=\"400\" height=\"225\" srcset=\"https:\/\/wp.ufpel.edu.br\/tfgifaurbufpel\/files\/2023\/05\/WhatsApp-Image-2023-05-19-at-13.55.54-400x225.jpeg 400w, https:\/\/wp.ufpel.edu.br\/tfgifaurbufpel\/files\/2023\/05\/WhatsApp-Image-2023-05-19-at-13.55.54-1024x576.jpeg 1024w, https:\/\/wp.ufpel.edu.br\/tfgifaurbufpel\/files\/2023\/05\/WhatsApp-Image-2023-05-19-at-13.55.54-768x432.jpeg 768w, https:\/\/wp.ufpel.edu.br\/tfgifaurbufpel\/files\/2023\/05\/WhatsApp-Image-2023-05-19-at-13.55.54-533x300.jpeg 533w, https:\/\/wp.ufpel.edu.br\/tfgifaurbufpel\/files\/2023\/05\/WhatsApp-Image-2023-05-19-at-13.55.54.jpeg 1050w\" sizes=\"auto, (max-width: 400px) 100vw, 400px\" \/><\/p>\n<p>&nbsp;<\/p>\n<p><a href=\"https:\/\/wp.ufpel.edu.br\/tfgifaurbufpel\/files\/2023\/05\/TFG1-BRENDA-VAZ-BONINI_-compactado.pdf\">Brenda Vaz Bonini &#8211; <strong>Centro Profissionalizante na \u00c1rea da Beleza: direcionado a pessoas com baixa renda e sem forma\u00e7\u00e3o superior<\/strong><\/a><\/p>\n<p>Orientador(a): Prof.\u00aa Dr.\u00aa Celina Maria Britto Correa<\/p>\n<p><img loading=\"lazy\" decoding=\"async\" class=\"alignnone size-medium wp-image-96\" src=\"https:\/\/wp.ufpel.edu.br\/tfgifaurbufpel\/files\/2023\/05\/WhatsApp-Image-2023-05-19-at-13.54.29-400x205.jpeg\" alt=\"\" width=\"400\" height=\"205\" srcset=\"https:\/\/wp.ufpel.edu.br\/tfgifaurbufpel\/files\/2023\/05\/WhatsApp-Image-2023-05-19-at-13.54.29-400x205.jpeg 400w, https:\/\/wp.ufpel.edu.br\/tfgifaurbufpel\/files\/2023\/05\/WhatsApp-Image-2023-05-19-at-13.54.29-1024x526.jpeg 1024w, https:\/\/wp.ufpel.edu.br\/tfgifaurbufpel\/files\/2023\/05\/WhatsApp-Image-2023-05-19-at-13.54.29-768x394.jpeg 768w, https:\/\/wp.ufpel.edu.br\/tfgifaurbufpel\/files\/2023\/05\/WhatsApp-Image-2023-05-19-at-13.54.29-585x300.jpeg 585w, https:\/\/wp.ufpel.edu.br\/tfgifaurbufpel\/files\/2023\/05\/WhatsApp-Image-2023-05-19-at-13.54.29.jpeg 1434w\" sizes=\"auto, (max-width: 400px) 100vw, 400px\" \/><\/p>\n<p>&nbsp;<\/p>\n<p><a href=\"https:\/\/wp.ufpel.edu.br\/tfgifaurbufpel\/files\/2023\/05\/TFG-1_BRUNA-RODRIGUES-compressed.pdf\">Bruna Silva Rodrigues &#8211; <strong>CUFA\/RS (Central \u00danica das Favelas): a sede na cidade de Pelotas\/RS<\/strong><\/a><\/p>\n<p>Orientador(a): Prof. Dr. Eduardo Rocha<\/p>\n<p><img loading=\"lazy\" decoding=\"async\" class=\"alignnone wp-image-95\" style=\"font-size: 1.8rem;\" src=\"https:\/\/wp.ufpel.edu.br\/tfgifaurbufpel\/files\/2023\/05\/WhatsApp-Image-2023-05-19-at-13.52.36-200x400.jpeg\" alt=\"\" width=\"142\" height=\"284\" srcset=\"https:\/\/wp.ufpel.edu.br\/tfgifaurbufpel\/files\/2023\/05\/WhatsApp-Image-2023-05-19-at-13.52.36-200x400.jpeg 200w, https:\/\/wp.ufpel.edu.br\/tfgifaurbufpel\/files\/2023\/05\/WhatsApp-Image-2023-05-19-at-13.52.36-150x300.jpeg 150w, https:\/\/wp.ufpel.edu.br\/tfgifaurbufpel\/files\/2023\/05\/WhatsApp-Image-2023-05-19-at-13.52.36.jpeg 491w\" sizes=\"auto, (max-width: 142px) 100vw, 142px\" \/><img loading=\"lazy\" decoding=\"async\" class=\"alignnone size-medium wp-image-94\" src=\"https:\/\/wp.ufpel.edu.br\/tfgifaurbufpel\/files\/2023\/05\/WhatsApp-Image-2023-05-19-at-13.52.25-400x283.jpeg\" alt=\"\" width=\"400\" height=\"283\" srcset=\"https:\/\/wp.ufpel.edu.br\/tfgifaurbufpel\/files\/2023\/05\/WhatsApp-Image-2023-05-19-at-13.52.25-400x283.jpeg 400w, https:\/\/wp.ufpel.edu.br\/tfgifaurbufpel\/files\/2023\/05\/WhatsApp-Image-2023-05-19-at-13.52.25-1024x724.jpeg 1024w, https:\/\/wp.ufpel.edu.br\/tfgifaurbufpel\/files\/2023\/05\/WhatsApp-Image-2023-05-19-at-13.52.25-768x543.jpeg 768w, https:\/\/wp.ufpel.edu.br\/tfgifaurbufpel\/files\/2023\/05\/WhatsApp-Image-2023-05-19-at-13.52.25-424x300.jpeg 424w, https:\/\/wp.ufpel.edu.br\/tfgifaurbufpel\/files\/2023\/05\/WhatsApp-Image-2023-05-19-at-13.52.25.jpeg 1388w\" sizes=\"auto, (max-width: 400px) 100vw, 400px\" \/><\/p>\n<p>&nbsp;<\/p>\n<p><a href=\"https:\/\/wp.ufpel.edu.br\/tfgifaurbufpel\/files\/2023\/05\/TFG_1-DANIELA-BILHALVA_DIGITAL-compressed.pdf\">Daniela Bilhalva de Farias &#8211; <strong>Mercado P\u00fablico na Cidade de Camaqu\u00e3<\/strong><\/a><\/p>\n<p>Orientador(a): Prof.\u00aa Dr.\u00aa Alessandra Migliori do Amaral Brito<\/p>\n<p><img loading=\"lazy\" decoding=\"async\" class=\"alignnone size-medium wp-image-93\" src=\"https:\/\/wp.ufpel.edu.br\/tfgifaurbufpel\/files\/2023\/05\/WhatsApp-Image-2023-05-19-at-13.50.59-400x260.jpeg\" alt=\"\" width=\"400\" height=\"260\" srcset=\"https:\/\/wp.ufpel.edu.br\/tfgifaurbufpel\/files\/2023\/05\/WhatsApp-Image-2023-05-19-at-13.50.59-400x260.jpeg 400w, https:\/\/wp.ufpel.edu.br\/tfgifaurbufpel\/files\/2023\/05\/WhatsApp-Image-2023-05-19-at-13.50.59-1024x666.jpeg 1024w, https:\/\/wp.ufpel.edu.br\/tfgifaurbufpel\/files\/2023\/05\/WhatsApp-Image-2023-05-19-at-13.50.59-768x499.jpeg 768w, https:\/\/wp.ufpel.edu.br\/tfgifaurbufpel\/files\/2023\/05\/WhatsApp-Image-2023-05-19-at-13.50.59-461x300.jpeg 461w, https:\/\/wp.ufpel.edu.br\/tfgifaurbufpel\/files\/2023\/05\/WhatsApp-Image-2023-05-19-at-13.50.59.jpeg 1518w\" sizes=\"auto, (max-width: 400px) 100vw, 400px\" \/><\/p>\n<p>&nbsp;<\/p>\n<p><a href=\"https:\/\/wp.ufpel.edu.br\/tfgifaurbufpel\/files\/2023\/05\/tfg_I_gabriela_schiller-compressed.pdf\">Gabriela da Silva Schiller &#8211; <strong>Centro de Vida Comunit\u00e1ria Vila Princesa<\/strong><\/a><\/p>\n<p>Orientador(a): Prof. Dr. Eduardo Rocha<\/p>\n<p><img loading=\"lazy\" decoding=\"async\" class=\"alignnone size-medium wp-image-92\" src=\"https:\/\/wp.ufpel.edu.br\/tfgifaurbufpel\/files\/2023\/05\/WhatsApp-Image-2023-05-19-at-13.49.57-400x168.jpeg\" alt=\"\" width=\"400\" height=\"168\" srcset=\"https:\/\/wp.ufpel.edu.br\/tfgifaurbufpel\/files\/2023\/05\/WhatsApp-Image-2023-05-19-at-13.49.57-400x168.jpeg 400w, https:\/\/wp.ufpel.edu.br\/tfgifaurbufpel\/files\/2023\/05\/WhatsApp-Image-2023-05-19-at-13.49.57-768x322.jpeg 768w, https:\/\/wp.ufpel.edu.br\/tfgifaurbufpel\/files\/2023\/05\/WhatsApp-Image-2023-05-19-at-13.49.57-600x252.jpeg 600w, https:\/\/wp.ufpel.edu.br\/tfgifaurbufpel\/files\/2023\/05\/WhatsApp-Image-2023-05-19-at-13.49.57.jpeg 1005w\" sizes=\"auto, (max-width: 400px) 100vw, 400px\" \/><\/p>\n<p>&nbsp;<\/p>\n<p><a href=\"https:\/\/wp.ufpel.edu.br\/tfgifaurbufpel\/files\/2023\/05\/TFG1-caderno-Helena-lima-compressed.pdf\">Helena Lima Salinas Ramos &#8211; <strong>\u016dnda: Centro de Educa\u00e7\u00e3o Ambiental<\/strong><\/a><\/p>\n<p>Orientador(a): Prof.\u00aa Dr.\u00aa Nat\u00e1lia Naoumova<\/p>\n<p><img loading=\"lazy\" decoding=\"async\" class=\"alignnone size-medium wp-image-90\" src=\"https:\/\/wp.ufpel.edu.br\/tfgifaurbufpel\/files\/2023\/05\/WhatsApp-Image-2023-05-19-at-13.47.51-400x269.jpeg\" alt=\"\" width=\"400\" height=\"269\" srcset=\"https:\/\/wp.ufpel.edu.br\/tfgifaurbufpel\/files\/2023\/05\/WhatsApp-Image-2023-05-19-at-13.47.51-400x269.jpeg 400w, https:\/\/wp.ufpel.edu.br\/tfgifaurbufpel\/files\/2023\/05\/WhatsApp-Image-2023-05-19-at-13.47.51-1024x690.jpeg 1024w, https:\/\/wp.ufpel.edu.br\/tfgifaurbufpel\/files\/2023\/05\/WhatsApp-Image-2023-05-19-at-13.47.51-768x517.jpeg 768w, https:\/\/wp.ufpel.edu.br\/tfgifaurbufpel\/files\/2023\/05\/WhatsApp-Image-2023-05-19-at-13.47.51-1536x1035.jpeg 1536w, https:\/\/wp.ufpel.edu.br\/tfgifaurbufpel\/files\/2023\/05\/WhatsApp-Image-2023-05-19-at-13.47.51-445x300.jpeg 445w, https:\/\/wp.ufpel.edu.br\/tfgifaurbufpel\/files\/2023\/05\/WhatsApp-Image-2023-05-19-at-13.47.51.jpeg 1578w\" sizes=\"auto, (max-width: 400px) 100vw, 400px\" \/><\/p>\n<p>&nbsp;<\/p>\n<p><a href=\"https:\/\/wp.ufpel.edu.br\/tfgifaurbufpel\/files\/2023\/05\/tfg1_final_Igor_Muller-compressed.pdf\">Igor Martini M\u00fcller &#8211; <strong>Complexo Polifuncional Serafim Bertaso<\/strong><\/a><\/p>\n<p>Orientador(a): Prof.\u00aa Dr.\u00aa Rafaela Bortolini<\/p>\n<p><img loading=\"lazy\" decoding=\"async\" class=\"alignnone size-medium wp-image-89\" src=\"https:\/\/wp.ufpel.edu.br\/tfgifaurbufpel\/files\/2023\/05\/WhatsApp-Image-2023-05-19-at-13.46.04-400x283.jpeg\" alt=\"\" width=\"400\" height=\"283\" srcset=\"https:\/\/wp.ufpel.edu.br\/tfgifaurbufpel\/files\/2023\/05\/WhatsApp-Image-2023-05-19-at-13.46.04-400x283.jpeg 400w, https:\/\/wp.ufpel.edu.br\/tfgifaurbufpel\/files\/2023\/05\/WhatsApp-Image-2023-05-19-at-13.46.04-1024x724.jpeg 1024w, https:\/\/wp.ufpel.edu.br\/tfgifaurbufpel\/files\/2023\/05\/WhatsApp-Image-2023-05-19-at-13.46.04-768x543.jpeg 768w, https:\/\/wp.ufpel.edu.br\/tfgifaurbufpel\/files\/2023\/05\/WhatsApp-Image-2023-05-19-at-13.46.04-1536x1087.jpeg 1536w, https:\/\/wp.ufpel.edu.br\/tfgifaurbufpel\/files\/2023\/05\/WhatsApp-Image-2023-05-19-at-13.46.04-424x300.jpeg 424w, https:\/\/wp.ufpel.edu.br\/tfgifaurbufpel\/files\/2023\/05\/WhatsApp-Image-2023-05-19-at-13.46.04.jpeg 1600w\" sizes=\"auto, (max-width: 400px) 100vw, 400px\" \/><\/p>\n<p>&nbsp;<\/p>\n<p><a href=\"https:\/\/wp.ufpel.edu.br\/tfgifaurbufpel\/files\/2023\/05\/TFGI_CADERNO_KARINA-compressed.pdf\">Karina Schmidt Nunes &#8211; <strong>CIEC: Centro de Inova\u00e7\u00e3o e Empreendedorismo Criativo<\/strong><\/a><\/p>\n<p>Orientador(a): Prof.\u00aa Dr.\u00aa Isabel Salamoni<\/p>\n<p><img loading=\"lazy\" decoding=\"async\" class=\"alignnone size-medium wp-image-88\" src=\"https:\/\/wp.ufpel.edu.br\/tfgifaurbufpel\/files\/2023\/05\/WhatsApp-Image-2023-05-19-at-13.44.32-400x255.jpeg\" alt=\"\" width=\"400\" height=\"255\" srcset=\"https:\/\/wp.ufpel.edu.br\/tfgifaurbufpel\/files\/2023\/05\/WhatsApp-Image-2023-05-19-at-13.44.32-400x255.jpeg 400w, https:\/\/wp.ufpel.edu.br\/tfgifaurbufpel\/files\/2023\/05\/WhatsApp-Image-2023-05-19-at-13.44.32-1024x654.jpeg 1024w, https:\/\/wp.ufpel.edu.br\/tfgifaurbufpel\/files\/2023\/05\/WhatsApp-Image-2023-05-19-at-13.44.32-768x490.jpeg 768w, https:\/\/wp.ufpel.edu.br\/tfgifaurbufpel\/files\/2023\/05\/WhatsApp-Image-2023-05-19-at-13.44.32-470x300.jpeg 470w, https:\/\/wp.ufpel.edu.br\/tfgifaurbufpel\/files\/2023\/05\/WhatsApp-Image-2023-05-19-at-13.44.32.jpeg 1236w\" sizes=\"auto, (max-width: 400px) 100vw, 400px\" \/><\/p>\n<p>&nbsp;<\/p>\n<p><a href=\"https:\/\/wp.ufpel.edu.br\/tfgifaurbufpel\/files\/2023\/05\/TFG-I_Rafaela-Otto-compressed.pdf\">Rafaela Gon\u00e7alves Otto &#8211; <strong>Habita\u00e7\u00e3o de Interesse Social: direito \u00e0 cidade e \u00e0 moradia digna de qualidade &#8211; proposta de reassentamento de popula\u00e7\u00e3o em situa\u00e7\u00e3o de vulnerabilidade social na cidade de Pelotas, RS<\/strong><\/a><\/p>\n<p>Orientador(a): Prof.\u00aa Dr.\u00aa Luisa Rodrigues F\u00e9lix Dalla Vecchia<\/p>\n<p><img loading=\"lazy\" decoding=\"async\" class=\"alignnone size-medium wp-image-86\" src=\"https:\/\/wp.ufpel.edu.br\/tfgifaurbufpel\/files\/2023\/05\/WhatsApp-Image-2023-05-19-at-13.41.54-400x227.jpeg\" alt=\"\" width=\"400\" height=\"227\" srcset=\"https:\/\/wp.ufpel.edu.br\/tfgifaurbufpel\/files\/2023\/05\/WhatsApp-Image-2023-05-19-at-13.41.54-400x227.jpeg 400w, https:\/\/wp.ufpel.edu.br\/tfgifaurbufpel\/files\/2023\/05\/WhatsApp-Image-2023-05-19-at-13.41.54-768x436.jpeg 768w, https:\/\/wp.ufpel.edu.br\/tfgifaurbufpel\/files\/2023\/05\/WhatsApp-Image-2023-05-19-at-13.41.54-528x300.jpeg 528w, https:\/\/wp.ufpel.edu.br\/tfgifaurbufpel\/files\/2023\/05\/WhatsApp-Image-2023-05-19-at-13.41.54.jpeg 857w\" sizes=\"auto, (max-width: 400px) 100vw, 400px\" \/><\/p>\n<p>&nbsp;<\/p>\n<p><a href=\"https:\/\/wp.ufpel.edu.br\/tfgifaurbufpel\/files\/2023\/05\/TFG-I-CADERNO-DIGITAL-VANESSA-KONFLANZ-compressed.pdf\">Vanessa Konflanz Gon\u00e7alves &#8211; <strong>Centro de Transforma\u00e7\u00e3o da Mulher: Ensino profissionalizante para mulheres em vulnerabilidade social, ensino infantil e alojamento tempor\u00e1rio<\/strong><\/a><\/p>\n<p>Orientador(a): Prof.\u00aa Dr.\u00aa Lisandra Krebs<\/p>\n<p><img loading=\"lazy\" decoding=\"async\" class=\"alignnone size-medium wp-image-85\" src=\"https:\/\/wp.ufpel.edu.br\/tfgifaurbufpel\/files\/2023\/05\/WhatsApp-Image-2023-05-19-at-13.40.27-400x225.jpeg\" alt=\"\" width=\"400\" height=\"225\" srcset=\"https:\/\/wp.ufpel.edu.br\/tfgifaurbufpel\/files\/2023\/05\/WhatsApp-Image-2023-05-19-at-13.40.27-400x225.jpeg 400w, https:\/\/wp.ufpel.edu.br\/tfgifaurbufpel\/files\/2023\/05\/WhatsApp-Image-2023-05-19-at-13.40.27-1024x577.jpeg 1024w, https:\/\/wp.ufpel.edu.br\/tfgifaurbufpel\/files\/2023\/05\/WhatsApp-Image-2023-05-19-at-13.40.27-768x433.jpeg 768w, https:\/\/wp.ufpel.edu.br\/tfgifaurbufpel\/files\/2023\/05\/WhatsApp-Image-2023-05-19-at-13.40.27-533x300.jpeg 533w, https:\/\/wp.ufpel.edu.br\/tfgifaurbufpel\/files\/2023\/05\/WhatsApp-Image-2023-05-19-at-13.40.27.jpeg 1092w\" sizes=\"auto, (max-width: 400px) 100vw, 400px\" \/><\/p>\n<p>&nbsp;<\/p>\n<p><a href=\"https:\/\/wp.ufpel.edu.br\/tfgifaurbufpel\/files\/2023\/05\/VICTOR-BARBOSA-DA-SILVA-CADERNO-TFG-I-compressed.pdf\">Victor Barbosa da Silva &#8211; <strong>Complexo Arc\u00e3o: Um complexo comunit\u00e1rio no cora\u00e7\u00e3o do Arco-\u00cdris, Pelotas\/RS<\/strong><\/a><\/p>\n<p>Orientador(a): Prof.\u00aa Dr.\u00aa Alessandra Migliori do Amaral Brito<\/p>\n<p><img loading=\"lazy\" decoding=\"async\" class=\"alignnone size-medium wp-image-84\" src=\"https:\/\/wp.ufpel.edu.br\/tfgifaurbufpel\/files\/2023\/05\/WhatsApp-Image-2023-05-19-at-13.38.55-400x194.jpeg\" alt=\"\" width=\"400\" height=\"194\" srcset=\"https:\/\/wp.ufpel.edu.br\/tfgifaurbufpel\/files\/2023\/05\/WhatsApp-Image-2023-05-19-at-13.38.55-400x194.jpeg 400w, https:\/\/wp.ufpel.edu.br\/tfgifaurbufpel\/files\/2023\/05\/WhatsApp-Image-2023-05-19-at-13.38.55-1024x498.jpeg 1024w, https:\/\/wp.ufpel.edu.br\/tfgifaurbufpel\/files\/2023\/05\/WhatsApp-Image-2023-05-19-at-13.38.55-768x373.jpeg 768w, https:\/\/wp.ufpel.edu.br\/tfgifaurbufpel\/files\/2023\/05\/WhatsApp-Image-2023-05-19-at-13.38.55-600x292.jpeg 600w, https:\/\/wp.ufpel.edu.br\/tfgifaurbufpel\/files\/2023\/05\/WhatsApp-Image-2023-05-19-at-13.38.55.jpeg 1121w\" sizes=\"auto, (max-width: 400px) 100vw, 400px\" \/><\/p>\n<p>&nbsp;<\/p>\n<p><a href=\"https:\/\/wp.ufpel.edu.br\/tfgifaurbufpel\/files\/2023\/05\/CadernoTFGI_VITORIASCHWARTZ-1-compressed.pdf\">Vit\u00f3ria Schwartz de Castro &#8211; <strong>PEL.WORK: Espa\u00e7o de Coworking P\u00fablico<\/strong><\/a><\/p>\n<p>Orientador(a): Prof.\u00aa Dr.\u00aa Rafaela Bortolini<\/p>\n<p><img loading=\"lazy\" decoding=\"async\" class=\"alignnone size-medium wp-image-83\" src=\"https:\/\/wp.ufpel.edu.br\/tfgifaurbufpel\/files\/2023\/05\/WhatsApp-Image-2023-05-19-at-13.37.00-400x283.jpeg\" alt=\"\" width=\"400\" height=\"283\" srcset=\"https:\/\/wp.ufpel.edu.br\/tfgifaurbufpel\/files\/2023\/05\/WhatsApp-Image-2023-05-19-at-13.37.00-400x283.jpeg 400w, https:\/\/wp.ufpel.edu.br\/tfgifaurbufpel\/files\/2023\/05\/WhatsApp-Image-2023-05-19-at-13.37.00-1024x724.jpeg 1024w, https:\/\/wp.ufpel.edu.br\/tfgifaurbufpel\/files\/2023\/05\/WhatsApp-Image-2023-05-19-at-13.37.00-768x543.jpeg 768w, https:\/\/wp.ufpel.edu.br\/tfgifaurbufpel\/files\/2023\/05\/WhatsApp-Image-2023-05-19-at-13.37.00-424x300.jpeg 424w, https:\/\/wp.ufpel.edu.br\/tfgifaurbufpel\/files\/2023\/05\/WhatsApp-Image-2023-05-19-at-13.37.00.jpeg 1500w\" sizes=\"auto, (max-width: 400px) 100vw, 400px\" \/><\/p>\n<p>&nbsp;<\/p>\n<p><a href=\"https:\/\/wp.ufpel.edu.br\/tfgifaurbufpel\/files\/2023\/05\/TFG-I-REVITALIZACAO-DA-PRACA-DO-JACARE-VIVIAN-QUADROS-1.pdf\">Vivian Quadros Gomes &#8211; <strong>Revitaliza\u00e7\u00e3o da Pra\u00e7a do Jacar\u00e9<\/strong><\/a><\/p>\n<p>Orientador(a): Prof. Dr. Ricardo Pintado<\/p>\n<p><img loading=\"lazy\" decoding=\"async\" class=\"alignnone size-medium wp-image-82\" src=\"https:\/\/wp.ufpel.edu.br\/tfgifaurbufpel\/files\/2023\/05\/WhatsApp-Image-2023-05-19-at-13.35.24-400x259.jpeg\" alt=\"\" width=\"400\" height=\"259\" srcset=\"https:\/\/wp.ufpel.edu.br\/tfgifaurbufpel\/files\/2023\/05\/WhatsApp-Image-2023-05-19-at-13.35.24-400x259.jpeg 400w, https:\/\/wp.ufpel.edu.br\/tfgifaurbufpel\/files\/2023\/05\/WhatsApp-Image-2023-05-19-at-13.35.24-464x300.jpeg 464w, https:\/\/wp.ufpel.edu.br\/tfgifaurbufpel\/files\/2023\/05\/WhatsApp-Image-2023-05-19-at-13.35.24.jpeg 597w\" sizes=\"auto, (max-width: 400px) 100vw, 400px\" \/><\/p>\n<p>&nbsp;<\/p>\n<h2>\u00caNFASE EM ESPA\u00c7OS ABERTOS<\/h2>\n<p><a href=\"https:\/\/wp.ufpel.edu.br\/tfgifaurbufpel\/files\/2023\/05\/TFG1_BEATRIZ_MORAES-compressed.pdf\">Beatriz Moraes Rosa &#8211; <strong>LUDUS: Respiro Urbano<\/strong><\/a><\/p>\n<p>Orientador(a): Prof. Dr. Cristhian Moreira Brum<\/p>\n<p><img loading=\"lazy\" decoding=\"async\" class=\"alignnone size-medium wp-image-81\" src=\"https:\/\/wp.ufpel.edu.br\/tfgifaurbufpel\/files\/2023\/05\/WhatsApp-Image-2023-05-19-at-13.34.14-400x225.jpeg\" alt=\"\" width=\"400\" height=\"225\" srcset=\"https:\/\/wp.ufpel.edu.br\/tfgifaurbufpel\/files\/2023\/05\/WhatsApp-Image-2023-05-19-at-13.34.14-400x225.jpeg 400w, https:\/\/wp.ufpel.edu.br\/tfgifaurbufpel\/files\/2023\/05\/WhatsApp-Image-2023-05-19-at-13.34.14-1024x575.jpeg 1024w, https:\/\/wp.ufpel.edu.br\/tfgifaurbufpel\/files\/2023\/05\/WhatsApp-Image-2023-05-19-at-13.34.14-768x432.jpeg 768w, https:\/\/wp.ufpel.edu.br\/tfgifaurbufpel\/files\/2023\/05\/WhatsApp-Image-2023-05-19-at-13.34.14-1536x863.jpeg 1536w, https:\/\/wp.ufpel.edu.br\/tfgifaurbufpel\/files\/2023\/05\/WhatsApp-Image-2023-05-19-at-13.34.14-534x300.jpeg 534w, https:\/\/wp.ufpel.edu.br\/tfgifaurbufpel\/files\/2023\/05\/WhatsApp-Image-2023-05-19-at-13.34.14.jpeg 1600w\" sizes=\"auto, (max-width: 400px) 100vw, 400px\" \/><\/p>\n<p>&nbsp;<\/p>\n","protected":false},"excerpt":{"rendered":"<p>\u00caNFASE EM ESPA\u00c7OS CONSTRU\u00cdDOS Amanda Ferreira Garcia &#8211; Acolher: Centro de Sa\u00fade de Apoio ao Autista Orientador(a): Prof. Dr. Cristhian Moreira Brum &nbsp; Ana Paula Claudio de Freitas &#8211; CARIP: Centro de Acolhimento para Refugiados e Imigrantes em Pelotas Orientador(a): Prof.\u00aa Dr.\u00aa Nat\u00e1lia Naoumova &nbsp; Andressa Santos de Souza &#8211; Florescer: Escola Inclusiva de Ensino&#8230; <\/p>\n<div class=\"link-more\"><a href=\"https:\/\/wp.ufpel.edu.br\/tfgifaurbufpel\/2022-1\/\">Leia mais<\/a><\/div>\n","protected":false},"author":1284,"featured_media":0,"parent":0,"menu_order":0,"comment_status":"closed","ping_status":"closed","template":"","meta":{"footnotes":""},"class_list":["post-42","page","type-page","status-publish","hentry"],"_links":{"self":[{"href":"https:\/\/wp.ufpel.edu.br\/tfgifaurbufpel\/wp-json\/wp\/v2\/pages\/42","targetHints":{"allow":["GET"]}}],"collection":[{"href":"https:\/\/wp.ufpel.edu.br\/tfgifaurbufpel\/wp-json\/wp\/v2\/pages"}],"about":[{"href":"https:\/\/wp.ufpel.edu.br\/tfgifaurbufpel\/wp-json\/wp\/v2\/types\/page"}],"author":[{"embeddable":true,"href":"https:\/\/wp.ufpel.edu.br\/tfgifaurbufpel\/wp-json\/wp\/v2\/users\/1284"}],"replies":[{"embeddable":true,"href":"https:\/\/wp.ufpel.edu.br\/tfgifaurbufpel\/wp-json\/wp\/v2\/comments?post=42"}],"version-history":[{"count":7,"href":"https:\/\/wp.ufpel.edu.br\/tfgifaurbufpel\/wp-json\/wp\/v2\/pages\/42\/revisions"}],"predecessor-version":[{"id":138,"href":"https:\/\/wp.ufpel.edu.br\/tfgifaurbufpel\/wp-json\/wp\/v2\/pages\/42\/revisions\/138"}],"wp:attachment":[{"href":"https:\/\/wp.ufpel.edu.br\/tfgifaurbufpel\/wp-json\/wp\/v2\/media?parent=42"}],"curies":[{"name":"wp","href":"https:\/\/api.w.org\/{rel}","templated":true}]}}