{"id":18,"date":"2023-04-26T15:32:16","date_gmt":"2023-04-26T18:32:16","guid":{"rendered":"https:\/\/wp.ufpel.edu.br\/tfgifaurbufpel\/?page_id=18"},"modified":"2023-07-21T09:54:07","modified_gmt":"2023-07-21T12:54:07","slug":"2021-2","status":"publish","type":"page","link":"https:\/\/wp.ufpel.edu.br\/tfgifaurbufpel\/2021-2\/","title":{"rendered":"2022\/2"},"content":{"rendered":"<h2>\u00caNFASE EM ESPA\u00c7OS CONSTRU\u00cdDOS<\/h2>\n<p><a href=\"https:\/\/wp.ufpel.edu.br\/tfgifaurbufpel\/files\/2023\/05\/BRUNA-DIAS-RIBEIRO_TFG-1-compressed.pdf\">Bruna Dias Ribeiro &#8211; <strong>Moradia Estudantil: Mudan\u00e7as no acesso ao ensino superior no Brasil e sua rela\u00e7\u00e3o com a necessidade de moradia tempor\u00e1ria<\/strong><\/a><\/p>\n<p>Orientador(a): Prof. Dr. Ricardo Luiz Sampaio Pintado<\/p>\n<p><img loading=\"lazy\" decoding=\"async\" class=\"alignnone size-medium wp-image-141\" src=\"https:\/\/wp.ufpel.edu.br\/tfgifaurbufpel\/files\/2023\/05\/WhatsApp-Image-2023-05-19-at-15.59.14-400x375.jpeg\" alt=\"\" width=\"400\" height=\"375\" srcset=\"https:\/\/wp.ufpel.edu.br\/tfgifaurbufpel\/files\/2023\/05\/WhatsApp-Image-2023-05-19-at-15.59.14-400x375.jpeg 400w, https:\/\/wp.ufpel.edu.br\/tfgifaurbufpel\/files\/2023\/05\/WhatsApp-Image-2023-05-19-at-15.59.14-768x721.jpeg 768w, https:\/\/wp.ufpel.edu.br\/tfgifaurbufpel\/files\/2023\/05\/WhatsApp-Image-2023-05-19-at-15.59.14-320x300.jpeg 320w, https:\/\/wp.ufpel.edu.br\/tfgifaurbufpel\/files\/2023\/05\/WhatsApp-Image-2023-05-19-at-15.59.14.jpeg 862w\" sizes=\"auto, (max-width: 400px) 100vw, 400px\" \/><\/p>\n<p>&nbsp;<\/p>\n<p><a href=\"https:\/\/wp.ufpel.edu.br\/tfgifaurbufpel\/files\/2023\/05\/CADERNO_CAROLINA-VIEIRA-compressed.pdf\">Carolina Mesquita Vieira &#8211; <strong>Amparo: Canil Municipal de Pelotas<\/strong><\/a><\/p>\n<p>Orientador(a): Prof.\u00aa Dr.\u00aa Celina Maria Britto Correa<\/p>\n<p><img loading=\"lazy\" decoding=\"async\" class=\"alignnone size-medium wp-image-142\" src=\"https:\/\/wp.ufpel.edu.br\/tfgifaurbufpel\/files\/2023\/05\/WhatsApp-Image-2023-05-19-at-16.01.42-400x375.jpeg\" alt=\"\" width=\"400\" height=\"375\" srcset=\"https:\/\/wp.ufpel.edu.br\/tfgifaurbufpel\/files\/2023\/05\/WhatsApp-Image-2023-05-19-at-16.01.42-400x375.jpeg 400w, https:\/\/wp.ufpel.edu.br\/tfgifaurbufpel\/files\/2023\/05\/WhatsApp-Image-2023-05-19-at-16.01.42-768x720.jpeg 768w, https:\/\/wp.ufpel.edu.br\/tfgifaurbufpel\/files\/2023\/05\/WhatsApp-Image-2023-05-19-at-16.01.42-320x300.jpeg 320w, https:\/\/wp.ufpel.edu.br\/tfgifaurbufpel\/files\/2023\/05\/WhatsApp-Image-2023-05-19-at-16.01.42.jpeg 887w\" sizes=\"auto, (max-width: 400px) 100vw, 400px\" \/><\/p>\n<p>&nbsp;<\/p>\n<p><a href=\"https:\/\/wp.ufpel.edu.br\/tfgifaurbufpel\/files\/2023\/05\/Fabiane-Tessmer-Caderno-compressed.pdf\">Fabiane Tessmer &#8211; <strong>Escola de Ensino T\u00e9cnico Profissionalizante: Bairro Vi\u00e9gas, Camaqu\u00e3\/RS<\/strong><\/a><\/p>\n<p>Orientador(a): Prof. Dr. Ricardo Luiz Sampaio Pintado<\/p>\n<p><img loading=\"lazy\" decoding=\"async\" class=\"alignnone size-medium wp-image-143\" src=\"https:\/\/wp.ufpel.edu.br\/tfgifaurbufpel\/files\/2023\/05\/WhatsApp-Image-2023-05-19-at-16.03.18-400x220.jpeg\" alt=\"\" width=\"400\" height=\"220\" srcset=\"https:\/\/wp.ufpel.edu.br\/tfgifaurbufpel\/files\/2023\/05\/WhatsApp-Image-2023-05-19-at-16.03.18-400x220.jpeg 400w, https:\/\/wp.ufpel.edu.br\/tfgifaurbufpel\/files\/2023\/05\/WhatsApp-Image-2023-05-19-at-16.03.18-1024x564.jpeg 1024w, https:\/\/wp.ufpel.edu.br\/tfgifaurbufpel\/files\/2023\/05\/WhatsApp-Image-2023-05-19-at-16.03.18-768x423.jpeg 768w, https:\/\/wp.ufpel.edu.br\/tfgifaurbufpel\/files\/2023\/05\/WhatsApp-Image-2023-05-19-at-16.03.18-545x300.jpeg 545w, https:\/\/wp.ufpel.edu.br\/tfgifaurbufpel\/files\/2023\/05\/WhatsApp-Image-2023-05-19-at-16.03.18.jpeg 1132w\" sizes=\"auto, (max-width: 400px) 100vw, 400px\" \/><\/p>\n<p>&nbsp;<\/p>\n<p><a href=\"https:\/\/wp.ufpel.edu.br\/tfgifaurbufpel\/files\/2023\/05\/TFG01-FELIPE-PEREIRA-DA-SILVA-compressed.pdf\">Felipe Pereira da Silva &#8211; <strong>Centro de Acolhimento para Pessoas que Vivem com HIV\/AIDS<\/strong><\/a><\/p>\n<p>Orientador(a): Prof. Dr. Cristhian Moreira Brum<\/p>\n<p><img loading=\"lazy\" decoding=\"async\" class=\"alignnone size-medium wp-image-144\" src=\"https:\/\/wp.ufpel.edu.br\/tfgifaurbufpel\/files\/2023\/05\/WhatsApp-Image-2023-05-19-at-16.04.51-400x225.jpeg\" alt=\"\" width=\"400\" height=\"225\" srcset=\"https:\/\/wp.ufpel.edu.br\/tfgifaurbufpel\/files\/2023\/05\/WhatsApp-Image-2023-05-19-at-16.04.51-400x225.jpeg 400w, https:\/\/wp.ufpel.edu.br\/tfgifaurbufpel\/files\/2023\/05\/WhatsApp-Image-2023-05-19-at-16.04.51.jpeg 480w\" sizes=\"auto, (max-width: 400px) 100vw, 400px\" \/><\/p>\n<p>&nbsp;<\/p>\n<p><a href=\"https:\/\/wp.ufpel.edu.br\/tfgifaurbufpel\/files\/2023\/07\/TFG1-COSTURANDO-TEMPO-E-MEMORIA-HELOISE-SEMPER-compressed.pdf\">Heloise Nunes Semper &#8211; <strong>Costurando Tempo e Mem\u00f3ria | Casa de Cuidados Paliativos da UFPel: Um projeto de reuso para a antiga F\u00e1brica Laneira S.A.<\/strong><\/a><\/p>\n<p>Orientador(a): Prof.\u00aa Dr.\u00aa C\u00e9lia Gonsales<\/p>\n<p><img loading=\"lazy\" decoding=\"async\" class=\"alignnone size-medium wp-image-140\" src=\"https:\/\/wp.ufpel.edu.br\/tfgifaurbufpel\/files\/2023\/05\/WhatsApp-Image-2023-05-19-at-15.57.44-400x224.jpeg\" alt=\"\" width=\"400\" height=\"224\" srcset=\"https:\/\/wp.ufpel.edu.br\/tfgifaurbufpel\/files\/2023\/05\/WhatsApp-Image-2023-05-19-at-15.57.44-400x224.jpeg 400w, https:\/\/wp.ufpel.edu.br\/tfgifaurbufpel\/files\/2023\/05\/WhatsApp-Image-2023-05-19-at-15.57.44-1024x574.jpeg 1024w, https:\/\/wp.ufpel.edu.br\/tfgifaurbufpel\/files\/2023\/05\/WhatsApp-Image-2023-05-19-at-15.57.44-768x431.jpeg 768w, https:\/\/wp.ufpel.edu.br\/tfgifaurbufpel\/files\/2023\/05\/WhatsApp-Image-2023-05-19-at-15.57.44-535x300.jpeg 535w, https:\/\/wp.ufpel.edu.br\/tfgifaurbufpel\/files\/2023\/05\/WhatsApp-Image-2023-05-19-at-15.57.44.jpeg 1129w\" sizes=\"auto, (max-width: 400px) 100vw, 400px\" \/><\/p>\n<p>&nbsp;<\/p>\n<p><a href=\"https:\/\/wp.ufpel.edu.br\/tfgifaurbufpel\/files\/2023\/07\/Jonas-Matos_TrabalhoFinaldeGraduacaoI_r21-final-compressed.pdf\">Jonas Mattos Martins &#8211; <strong>Centro de Acolhimento LGBT+<\/strong><\/a><\/p>\n<p>Orientador(a): Prof.\u00aa Dr.\u00aa T\u00e1ssia Borges de Vasconcellos<\/p>\n<p><img loading=\"lazy\" decoding=\"async\" class=\"alignnone size-medium wp-image-145\" src=\"https:\/\/wp.ufpel.edu.br\/tfgifaurbufpel\/files\/2023\/05\/WhatsApp-Image-2023-05-19-at-16.06.02-400x264.jpeg\" alt=\"\" width=\"400\" height=\"264\" srcset=\"https:\/\/wp.ufpel.edu.br\/tfgifaurbufpel\/files\/2023\/05\/WhatsApp-Image-2023-05-19-at-16.06.02-400x264.jpeg 400w, https:\/\/wp.ufpel.edu.br\/tfgifaurbufpel\/files\/2023\/05\/WhatsApp-Image-2023-05-19-at-16.06.02-768x506.jpeg 768w, https:\/\/wp.ufpel.edu.br\/tfgifaurbufpel\/files\/2023\/05\/WhatsApp-Image-2023-05-19-at-16.06.02-455x300.jpeg 455w, https:\/\/wp.ufpel.edu.br\/tfgifaurbufpel\/files\/2023\/05\/WhatsApp-Image-2023-05-19-at-16.06.02.jpeg 1016w\" sizes=\"auto, (max-width: 400px) 100vw, 400px\" \/><\/p>\n<p>&nbsp;<\/p>\n<p><a href=\"https:\/\/wp.ufpel.edu.br\/tfgifaurbufpel\/files\/2023\/05\/CADERNO_TFG_LETICIAHORST_R01-compressed.pdf\">Let\u00edcia Horst &#8211; <strong>Do Abrigo ao Lar: Proposta de abrigo i<\/strong><strong>nstitucional i<\/strong><strong>nfanto-juvenil na cidade de Camaqu\u00e3\/RS<\/strong><\/a><\/p>\n<p>Orientador(a): Prof. F\u00e1bio Spanier Amador<\/p>\n<p><img loading=\"lazy\" decoding=\"async\" class=\"alignnone size-medium wp-image-146\" src=\"https:\/\/wp.ufpel.edu.br\/tfgifaurbufpel\/files\/2023\/05\/WhatsApp-Image-2023-05-19-at-16.07.23-389x400.jpeg\" alt=\"\" width=\"389\" height=\"400\" srcset=\"https:\/\/wp.ufpel.edu.br\/tfgifaurbufpel\/files\/2023\/05\/WhatsApp-Image-2023-05-19-at-16.07.23-389x400.jpeg 389w, https:\/\/wp.ufpel.edu.br\/tfgifaurbufpel\/files\/2023\/05\/WhatsApp-Image-2023-05-19-at-16.07.23-996x1024.jpeg 996w, https:\/\/wp.ufpel.edu.br\/tfgifaurbufpel\/files\/2023\/05\/WhatsApp-Image-2023-05-19-at-16.07.23-768x790.jpeg 768w, https:\/\/wp.ufpel.edu.br\/tfgifaurbufpel\/files\/2023\/05\/WhatsApp-Image-2023-05-19-at-16.07.23-292x300.jpeg 292w, https:\/\/wp.ufpel.edu.br\/tfgifaurbufpel\/files\/2023\/05\/WhatsApp-Image-2023-05-19-at-16.07.23.jpeg 1090w\" sizes=\"auto, (max-width: 389px) 100vw, 389px\" \/><\/p>\n<p>&nbsp;<\/p>\n<p><a href=\"https:\/\/wp.ufpel.edu.br\/tfgifaurbufpel\/files\/2023\/05\/LUANA-HELENA-TFG1-compressed.pdf\">Luana Helena Loureiro Alves dos Santos &#8211; <strong>_anglo: Complexo de habita\u00e7\u00e3o estudantil, UFPel, Pelotas\/RS<\/strong><\/a><\/p>\n<p>Orientador(a): Prof.\u00aa Dr.\u00aa Celma Paese<\/p>\n<p><img loading=\"lazy\" decoding=\"async\" class=\"alignnone size-medium wp-image-147\" src=\"https:\/\/wp.ufpel.edu.br\/tfgifaurbufpel\/files\/2023\/05\/WhatsApp-Image-2023-05-19-at-16.08.24-400x229.jpeg\" alt=\"\" width=\"400\" height=\"229\" srcset=\"https:\/\/wp.ufpel.edu.br\/tfgifaurbufpel\/files\/2023\/05\/WhatsApp-Image-2023-05-19-at-16.08.24-400x229.jpeg 400w, https:\/\/wp.ufpel.edu.br\/tfgifaurbufpel\/files\/2023\/05\/WhatsApp-Image-2023-05-19-at-16.08.24-768x439.jpeg 768w, https:\/\/wp.ufpel.edu.br\/tfgifaurbufpel\/files\/2023\/05\/WhatsApp-Image-2023-05-19-at-16.08.24-525x300.jpeg 525w, https:\/\/wp.ufpel.edu.br\/tfgifaurbufpel\/files\/2023\/05\/WhatsApp-Image-2023-05-19-at-16.08.24.jpeg 800w\" sizes=\"auto, (max-width: 400px) 100vw, 400px\" \/><\/p>\n<p>&nbsp;<\/p>\n<p><a href=\"https:\/\/wp.ufpel.edu.br\/tfgifaurbufpel\/files\/2023\/05\/LUANA_CADERNO-DIGITAL_TFG1.pdf\">Luana Zanini Ferreira &#8211; <strong>Unit\u00e0 Residencial Estudantil: Um morar compartilhado para os estudantes de Pelotas\/RS<\/strong><\/a><\/p>\n<p>Orientador(a): Prof.\u00aa Dr.\u00aa Rafaela Bortolini<\/p>\n<p><img loading=\"lazy\" decoding=\"async\" class=\"alignnone size-medium wp-image-148\" src=\"https:\/\/wp.ufpel.edu.br\/tfgifaurbufpel\/files\/2023\/05\/WhatsApp-Image-2023-05-19-at-16.09.29-400x253.jpeg\" alt=\"\" width=\"400\" height=\"253\" srcset=\"https:\/\/wp.ufpel.edu.br\/tfgifaurbufpel\/files\/2023\/05\/WhatsApp-Image-2023-05-19-at-16.09.29-400x253.jpeg 400w, https:\/\/wp.ufpel.edu.br\/tfgifaurbufpel\/files\/2023\/05\/WhatsApp-Image-2023-05-19-at-16.09.29-1024x648.jpeg 1024w, https:\/\/wp.ufpel.edu.br\/tfgifaurbufpel\/files\/2023\/05\/WhatsApp-Image-2023-05-19-at-16.09.29-768x486.jpeg 768w, https:\/\/wp.ufpel.edu.br\/tfgifaurbufpel\/files\/2023\/05\/WhatsApp-Image-2023-05-19-at-16.09.29-1536x972.jpeg 1536w, https:\/\/wp.ufpel.edu.br\/tfgifaurbufpel\/files\/2023\/05\/WhatsApp-Image-2023-05-19-at-16.09.29-474x300.jpeg 474w, https:\/\/wp.ufpel.edu.br\/tfgifaurbufpel\/files\/2023\/05\/WhatsApp-Image-2023-05-19-at-16.09.29.jpeg 1600w\" sizes=\"auto, (max-width: 400px) 100vw, 400px\" \/><\/p>\n<p>&nbsp;<\/p>\n<p><a href=\"https:\/\/wp.ufpel.edu.br\/tfgifaurbufpel\/files\/2023\/05\/CADERNO_FINAL_TFG_I_Luiza_Reiznautt_compressed.pdf\">Luiza Marcant Reiznautt &#8211; <strong>Fleuma: Centro de Acolhimento ao Paciente Oncol\u00f3gico<\/strong><\/a><\/p>\n<p>Orientador(a): Prof.\u00aa Dr.\u00aa Isabel Salamoni<\/p>\n<p><img loading=\"lazy\" decoding=\"async\" class=\"alignnone size-medium wp-image-149\" src=\"https:\/\/wp.ufpel.edu.br\/tfgifaurbufpel\/files\/2023\/05\/WhatsApp-Image-2023-05-19-at-16.12.33-400x236.jpeg\" alt=\"\" width=\"400\" height=\"236\" srcset=\"https:\/\/wp.ufpel.edu.br\/tfgifaurbufpel\/files\/2023\/05\/WhatsApp-Image-2023-05-19-at-16.12.33-400x236.jpeg 400w, https:\/\/wp.ufpel.edu.br\/tfgifaurbufpel\/files\/2023\/05\/WhatsApp-Image-2023-05-19-at-16.12.33-1024x605.jpeg 1024w, https:\/\/wp.ufpel.edu.br\/tfgifaurbufpel\/files\/2023\/05\/WhatsApp-Image-2023-05-19-at-16.12.33-768x454.jpeg 768w, https:\/\/wp.ufpel.edu.br\/tfgifaurbufpel\/files\/2023\/05\/WhatsApp-Image-2023-05-19-at-16.12.33-1536x907.jpeg 1536w, https:\/\/wp.ufpel.edu.br\/tfgifaurbufpel\/files\/2023\/05\/WhatsApp-Image-2023-05-19-at-16.12.33-508x300.jpeg 508w, https:\/\/wp.ufpel.edu.br\/tfgifaurbufpel\/files\/2023\/05\/WhatsApp-Image-2023-05-19-at-16.12.33.jpeg 1600w\" sizes=\"auto, (max-width: 400px) 100vw, 400px\" \/><\/p>\n<p>&nbsp;<\/p>\n<p><a href=\"https:\/\/wp.ufpel.edu.br\/tfgifaurbufpel\/files\/2023\/05\/CadernoTFGI_Pamela_Silveira-compressed.pdf\">P\u00e2mela Padilha Silveira &#8211; <strong>Centro S\u00eanior: Centro de Atendimento ao Idoso<\/strong><\/a><\/p>\n<p>Orientador(a): Prof. Dr. Cristhian Moreira Brum<\/p>\n<p><img loading=\"lazy\" decoding=\"async\" class=\"alignnone size-medium wp-image-150\" src=\"https:\/\/wp.ufpel.edu.br\/tfgifaurbufpel\/files\/2023\/05\/WhatsApp-Image-2023-05-19-at-16.16.48-400x225.jpeg\" alt=\"\" width=\"400\" height=\"225\" srcset=\"https:\/\/wp.ufpel.edu.br\/tfgifaurbufpel\/files\/2023\/05\/WhatsApp-Image-2023-05-19-at-16.16.48-400x225.jpeg 400w, https:\/\/wp.ufpel.edu.br\/tfgifaurbufpel\/files\/2023\/05\/WhatsApp-Image-2023-05-19-at-16.16.48-1024x576.jpeg 1024w, https:\/\/wp.ufpel.edu.br\/tfgifaurbufpel\/files\/2023\/05\/WhatsApp-Image-2023-05-19-at-16.16.48-768x432.jpeg 768w, https:\/\/wp.ufpel.edu.br\/tfgifaurbufpel\/files\/2023\/05\/WhatsApp-Image-2023-05-19-at-16.16.48-533x300.jpeg 533w, https:\/\/wp.ufpel.edu.br\/tfgifaurbufpel\/files\/2023\/05\/WhatsApp-Image-2023-05-19-at-16.16.48.jpeg 1205w\" sizes=\"auto, (max-width: 400px) 100vw, 400px\" \/><\/p>\n<p>&nbsp;<\/p>\n<p><a href=\"https:\/\/wp.ufpel.edu.br\/tfgifaurbufpel\/files\/2023\/05\/RAQUEL-DOS-PASSOS-TFGI-compressed.pdf\">Raquel Simon\u00ed Hirsch dos Passos &#8211; <strong>Interven\u00e7\u00e3o em preexist\u00eancia de valor cultural: o antigo complexo ferrovi\u00e1rio da Esta\u00e7\u00e3o F\u00e9rrea de Santa Cruz do Sul\/RS<\/strong><\/a><\/p>\n<p>Orientador(a): Prof. Dr. Aline Montagna da Silveira<\/p>\n<p><img loading=\"lazy\" decoding=\"async\" class=\"alignnone size-medium wp-image-151\" src=\"https:\/\/wp.ufpel.edu.br\/tfgifaurbufpel\/files\/2023\/05\/WhatsApp-Image-2023-05-19-at-16.18.03-400x259.jpeg\" alt=\"\" width=\"400\" height=\"259\" srcset=\"https:\/\/wp.ufpel.edu.br\/tfgifaurbufpel\/files\/2023\/05\/WhatsApp-Image-2023-05-19-at-16.18.03-400x259.jpeg 400w, https:\/\/wp.ufpel.edu.br\/tfgifaurbufpel\/files\/2023\/05\/WhatsApp-Image-2023-05-19-at-16.18.03-768x496.jpeg 768w, https:\/\/wp.ufpel.edu.br\/tfgifaurbufpel\/files\/2023\/05\/WhatsApp-Image-2023-05-19-at-16.18.03-464x300.jpeg 464w, https:\/\/wp.ufpel.edu.br\/tfgifaurbufpel\/files\/2023\/05\/WhatsApp-Image-2023-05-19-at-16.18.03.jpeg 953w\" sizes=\"auto, (max-width: 400px) 100vw, 400px\" \/><\/p>\n<p>&nbsp;<\/p>\n<p><a href=\"https:\/\/wp.ufpel.edu.br\/tfgifaurbufpel\/files\/2023\/05\/Silvana-Natalia-Irigaray-Nunes-compressed.pdf\">Silvana Nat\u00e1lia Irigaray Nunes &#8211; <strong>Centro Comunit\u00e1rio da Cascata: Comunidade e o viver rural<\/strong><\/a><\/p>\n<p>Orientador(a): Prof.\u00aa Dr.\u00aa C\u00e9lia Gonsales<\/p>\n<p><img loading=\"lazy\" decoding=\"async\" class=\"alignnone size-medium wp-image-152\" src=\"https:\/\/wp.ufpel.edu.br\/tfgifaurbufpel\/files\/2023\/05\/WhatsApp-Image-2023-05-19-at-16.19.04-400x264.jpeg\" alt=\"\" width=\"400\" height=\"264\" srcset=\"https:\/\/wp.ufpel.edu.br\/tfgifaurbufpel\/files\/2023\/05\/WhatsApp-Image-2023-05-19-at-16.19.04-400x264.jpeg 400w, https:\/\/wp.ufpel.edu.br\/tfgifaurbufpel\/files\/2023\/05\/WhatsApp-Image-2023-05-19-at-16.19.04-1024x677.jpeg 1024w, https:\/\/wp.ufpel.edu.br\/tfgifaurbufpel\/files\/2023\/05\/WhatsApp-Image-2023-05-19-at-16.19.04-768x508.jpeg 768w, https:\/\/wp.ufpel.edu.br\/tfgifaurbufpel\/files\/2023\/05\/WhatsApp-Image-2023-05-19-at-16.19.04-454x300.jpeg 454w, https:\/\/wp.ufpel.edu.br\/tfgifaurbufpel\/files\/2023\/05\/WhatsApp-Image-2023-05-19-at-16.19.04.jpeg 1519w\" sizes=\"auto, (max-width: 400px) 100vw, 400px\" \/><\/p>\n<p>&nbsp;<\/p>\n<p><a href=\"https:\/\/wp.ufpel.edu.br\/tfgifaurbufpel\/files\/2023\/05\/CADERNO-TFGI-MUSEU-DO-CARNAVAL-DO-RIO-DE-JANEIRO-YURI-DA-SILVA-BASTOS-compressed.pdf\">Yuri da Silva Bastos &#8211; <strong>Museu do Carnaval do Rio de Janeiro<\/strong><\/a><\/p>\n<p>Orientador(a): Prof.\u00aa Dr.\u00aa C\u00e9lia Gonsales<\/p>\n<p><img loading=\"lazy\" decoding=\"async\" class=\"alignnone size-medium wp-image-153\" src=\"https:\/\/wp.ufpel.edu.br\/tfgifaurbufpel\/files\/2023\/05\/WhatsApp-Image-2023-05-19-at-16.20.29-400x267.jpeg\" alt=\"\" width=\"400\" height=\"267\" srcset=\"https:\/\/wp.ufpel.edu.br\/tfgifaurbufpel\/files\/2023\/05\/WhatsApp-Image-2023-05-19-at-16.20.29-400x267.jpeg 400w, https:\/\/wp.ufpel.edu.br\/tfgifaurbufpel\/files\/2023\/05\/WhatsApp-Image-2023-05-19-at-16.20.29-449x300.jpeg 449w, https:\/\/wp.ufpel.edu.br\/tfgifaurbufpel\/files\/2023\/05\/WhatsApp-Image-2023-05-19-at-16.20.29.jpeg 694w\" sizes=\"auto, (max-width: 400px) 100vw, 400px\" \/><\/p>\n<p>&nbsp;<\/p>\n","protected":false},"excerpt":{"rendered":"<p>\u00caNFASE EM ESPA\u00c7OS CONSTRU\u00cdDOS Bruna Dias Ribeiro &#8211; Moradia Estudantil: Mudan\u00e7as no acesso ao ensino superior no Brasil e sua rela\u00e7\u00e3o com a necessidade de moradia tempor\u00e1ria Orientador(a): Prof. Dr. Ricardo Luiz Sampaio Pintado &nbsp; Carolina Mesquita Vieira &#8211; Amparo: Canil Municipal de Pelotas Orientador(a): Prof.\u00aa Dr.\u00aa Celina Maria Britto Correa &nbsp; Fabiane Tessmer &#8211;&#8230; <\/p>\n<div class=\"link-more\"><a href=\"https:\/\/wp.ufpel.edu.br\/tfgifaurbufpel\/2021-2\/\">Leia mais<\/a><\/div>\n","protected":false},"author":1284,"featured_media":0,"parent":0,"menu_order":0,"comment_status":"closed","ping_status":"closed","template":"","meta":{"footnotes":""},"class_list":["post-18","page","type-page","status-publish","hentry"],"_links":{"self":[{"href":"https:\/\/wp.ufpel.edu.br\/tfgifaurbufpel\/wp-json\/wp\/v2\/pages\/18","targetHints":{"allow":["GET"]}}],"collection":[{"href":"https:\/\/wp.ufpel.edu.br\/tfgifaurbufpel\/wp-json\/wp\/v2\/pages"}],"about":[{"href":"https:\/\/wp.ufpel.edu.br\/tfgifaurbufpel\/wp-json\/wp\/v2\/types\/page"}],"author":[{"embeddable":true,"href":"https:\/\/wp.ufpel.edu.br\/tfgifaurbufpel\/wp-json\/wp\/v2\/users\/1284"}],"replies":[{"embeddable":true,"href":"https:\/\/wp.ufpel.edu.br\/tfgifaurbufpel\/wp-json\/wp\/v2\/comments?post=18"}],"version-history":[{"count":7,"href":"https:\/\/wp.ufpel.edu.br\/tfgifaurbufpel\/wp-json\/wp\/v2\/pages\/18\/revisions"}],"predecessor-version":[{"id":163,"href":"https:\/\/wp.ufpel.edu.br\/tfgifaurbufpel\/wp-json\/wp\/v2\/pages\/18\/revisions\/163"}],"wp:attachment":[{"href":"https:\/\/wp.ufpel.edu.br\/tfgifaurbufpel\/wp-json\/wp\/v2\/media?parent=18"}],"curies":[{"name":"wp","href":"https:\/\/api.w.org\/{rel}","templated":true}]}}