{"id":42,"date":"2019-08-16T19:55:51","date_gmt":"2019-08-16T22:55:51","guid":{"rendered":"https:\/\/wp.ufpel.edu.br\/tesouro-linguistico\/?page_id=42"},"modified":"2022-05-06T20:51:23","modified_gmt":"2022-05-06T23:51:23","slug":"sobre","status":"publish","type":"page","link":"https:\/\/wp.ufpel.edu.br\/tesouro-linguistico\/sobre\/","title":{"rendered":"Sobre"},"content":{"rendered":"<p style=\"text-align: justify;\">Este \u00e9 um blog de divulga\u00e7\u00e3o cient\u00edfica que surgiu como parte do <a href=\"https:\/\/institucional.ufpel.edu.br\/projetos\/id\/u1223\" target=\"_blank\" rel=\"noopener noreferrer\">projeto de extens\u00e3o <em>A\u00e7\u00f5es de conscientiza\u00e7\u00e3o lingu\u00edstica<\/em><\/a> da <a href=\"http:\/\/portal.ufpel.edu.br\/\">Universidade Federal de Pelotas<\/a>. A sua manuten\u00e7\u00e3o, mesmo depois do encerramento do projeto, se deve \u00e0 boa ades\u00e3o da comunidade em geral aos textos do blog e ao <a href=\"https:\/\/www.instagram.com\/tesourolinguistico_ufpel\/\">Instagram<\/a> correspondente. O blog est\u00e1 vinculado ao Laborat\u00f3rio de Psicolingu\u00edstica, L\u00ednguas Minorit\u00e1rias e Multilinguismo &#8211; <a href=\"https:\/\/wp.ufpel.edu.br\/laplimm\/\">LAPLIMM<\/a>, coordenado pelo professor Bernardo Limberger. Pedimos ampla divulga\u00e7\u00e3o e postagem do blog para que o maior n\u00famero de pessoas tenha acesso ao seu conte\u00fado.<\/p>\n<p style=\"text-align: justify;\">O blog aborda <a href=\"https:\/\/ich.unesco.org\/en\/living-human-treasures\">tesouros humanos<\/a>: as l\u00ednguas e a linguagem. Publicamos materiais sobre aprendizagem e ensino de l\u00ednguas, boas pr\u00e1ticas relacionadas a l\u00ednguas, materiais em v\u00e1rias l\u00ednguas, boas reportagens publicadas na m\u00eddia etc. Estamos abertos a sugest\u00f5es de temas e, ainda, a contribui\u00e7\u00f5es de postagens de estudantes e entusiastas da linguagem.<\/p>\n","protected":false},"excerpt":{"rendered":"<p>Este \u00e9 um blog de divulga\u00e7\u00e3o cient\u00edfica que surgiu como parte do projeto de extens\u00e3o A\u00e7\u00f5es de conscientiza\u00e7\u00e3o lingu\u00edstica da Universidade Federal de Pelotas. A sua manuten\u00e7\u00e3o, mesmo depois do encerramento do projeto, se deve \u00e0 boa ades\u00e3o da comunidade em geral aos textos do blog e ao Instagram correspondente. O blog est\u00e1 vinculado ao &hellip; <a href=\"https:\/\/wp.ufpel.edu.br\/tesouro-linguistico\/sobre\/\" class=\"more-link\">Continue lendo <span class=\"screen-reader-text\">Sobre<\/span> <span class=\"meta-nav\">&rarr;<\/span><\/a><\/p>\n","protected":false},"author":916,"featured_media":0,"parent":0,"menu_order":0,"comment_status":"closed","ping_status":"closed","template":"","meta":{"jetpack_post_was_ever_published":false,"footnotes":""},"class_list":["post-42","page","type-page","status-publish","hentry"],"jetpack_sharing_enabled":true,"_links":{"self":[{"href":"https:\/\/wp.ufpel.edu.br\/tesouro-linguistico\/wp-json\/wp\/v2\/pages\/42","targetHints":{"allow":["GET"]}}],"collection":[{"href":"https:\/\/wp.ufpel.edu.br\/tesouro-linguistico\/wp-json\/wp\/v2\/pages"}],"about":[{"href":"https:\/\/wp.ufpel.edu.br\/tesouro-linguistico\/wp-json\/wp\/v2\/types\/page"}],"author":[{"embeddable":true,"href":"https:\/\/wp.ufpel.edu.br\/tesouro-linguistico\/wp-json\/wp\/v2\/users\/916"}],"replies":[{"embeddable":true,"href":"https:\/\/wp.ufpel.edu.br\/tesouro-linguistico\/wp-json\/wp\/v2\/comments?post=42"}],"version-history":[{"count":14,"href":"https:\/\/wp.ufpel.edu.br\/tesouro-linguistico\/wp-json\/wp\/v2\/pages\/42\/revisions"}],"predecessor-version":[{"id":738,"href":"https:\/\/wp.ufpel.edu.br\/tesouro-linguistico\/wp-json\/wp\/v2\/pages\/42\/revisions\/738"}],"wp:attachment":[{"href":"https:\/\/wp.ufpel.edu.br\/tesouro-linguistico\/wp-json\/wp\/v2\/media?parent=42"}],"curies":[{"name":"wp","href":"https:\/\/api.w.org\/{rel}","templated":true}]}}