{"id":341,"date":"2020-07-14T16:49:02","date_gmt":"2020-07-14T19:49:02","guid":{"rendered":"https:\/\/wp.ufpel.edu.br\/tesouro-linguistico\/?page_id=341"},"modified":"2020-11-09T23:01:52","modified_gmt":"2020-11-10T02:01:52","slug":"blogs-paginas-e-canais-afins","status":"publish","type":"page","link":"https:\/\/wp.ufpel.edu.br\/tesouro-linguistico\/blogs-paginas-e-canais-afins\/","title":{"rendered":"Blogs, p\u00e1ginas e canais afins"},"content":{"rendered":"<p>Em constru\u00e7\u00e3o. Envie-nos a sua iniciativa!<\/p>\n<p style=\"text-align: left\"><strong><img data-recalc-dims=\"1\" loading=\"lazy\" decoding=\"async\" class=\"alignnone wp-image-454\" src=\"https:\/\/i0.wp.com\/wp.ufpel.edu.br\/tesouro-linguistico\/files\/2020\/10\/youtube.png?resize=40%2C40&#038;ssl=1\" alt=\"\" width=\"40\" height=\"40\" srcset=\"https:\/\/i0.wp.com\/wp.ufpel.edu.br\/tesouro-linguistico\/files\/2020\/10\/youtube.png?resize=400%2C400&amp;ssl=1 400w, https:\/\/i0.wp.com\/wp.ufpel.edu.br\/tesouro-linguistico\/files\/2020\/10\/youtube.png?resize=200%2C200&amp;ssl=1 200w, https:\/\/i0.wp.com\/wp.ufpel.edu.br\/tesouro-linguistico\/files\/2020\/10\/youtube.png?w=512&amp;ssl=1 512w\" sizes=\"auto, (max-width: 40px) 100vw, 40px\" \/>\u00a0 CANAIS NO YOUTUBE<\/strong><\/p>\n<p style=\"text-align: left\"><a href=\"https:\/\/www.youtube.com\/c\/ComaPalavraLingu%C3%ADstica\/\">Com a palavra, Lingu\u00edstica<\/a>\u00a0 \u00a0 \u00a0 \u00a0 \u00a0 \u00a0 \u00a0 \u00a0 \u00a0 \u00a0 \u00a0 \u00a0 \u00a0 \u00a0 \u00a0 \u00a0 \u00a0 \u00a0 \u00a0 \u00a0 \u00a0 \u00a0 \u00a0 \u00a0 \u00a0 \u00a0 \u00a0 \u00a0 \u00a0 \u00a0 <a href=\"https:\/\/www.youtube.com\/c\/Parafraseando\/\">Parafraseando<\/a><\/p>\n<p style=\"text-align: left\"><a href=\"https:\/\/www.youtube.com\/c\/EnchendoLingu%C3%ADstica\/\">Enchendo Lingu\u00edstica<\/a>\u00a0 \u00a0 \u00a0 \u00a0 \u00a0 \u00a0 \u00a0 \u00a0 \u00a0 \u00a0 \u00a0 \u00a0 \u00a0 \u00a0 \u00a0 \u00a0 \u00a0 \u00a0 \u00a0 \u00a0 \u00a0 \u00a0 \u00a0 \u00a0 \u00a0 \u00a0 \u00a0 \u00a0 \u00a0 \u00a0 \u00a0 \u00a0 \u00a0 \u00a0 \u00a0 <a href=\"https:\/\/www.youtube.com\/serlinguagem\/\">Ser Linguagem<\/a><\/p>\n<p><a href=\"https:\/\/www.youtube.com\/channel\/UCzkRjk4hoaU6RNKKiZDz_uQ\">Lingu\u00edstica do cotidiano<\/a>\u00a0 \u00a0 \u00a0 \u00a0 \u00a0 \u00a0 \u00a0 \u00a0 \u00a0 \u00a0 \u00a0 \u00a0 \u00a0 \u00a0 \u00a0 \u00a0 \u00a0 \u00a0 \u00a0 \u00a0 \u00a0 \u00a0 \u00a0 \u00a0 \u00a0 \u00a0 \u00a0 \u00a0 \u00a0 \u00a0 \u00a0 \u00a0 \u00a0<a href=\"https:\/\/www.youtube.com\/channel\/UCFlRb-Gux9R7_SUgM7JVUuQ\">Tesouro Lingu\u00edstico<\/a><\/p>\n<p><a href=\"https:\/\/www.youtube.com\/channel\/UCBE8ox6nyre9yt3M_kh5b0A\">Linguisticamente falando<\/a><\/p>\n<p>&nbsp;<\/p>\n<p><strong><img data-recalc-dims=\"1\" loading=\"lazy\" decoding=\"async\" class=\"alignnone wp-image-455\" src=\"https:\/\/i0.wp.com\/wp.ufpel.edu.br\/tesouro-linguistico\/files\/2020\/10\/90dd9f12fdd1eefb8c8976903944c026-logotipo-do-cone-do-facebook-by-vexels.png?resize=40%2C40&#038;ssl=1\" alt=\"\" width=\"40\" height=\"40\" srcset=\"https:\/\/i0.wp.com\/wp.ufpel.edu.br\/tesouro-linguistico\/files\/2020\/10\/90dd9f12fdd1eefb8c8976903944c026-logotipo-do-cone-do-facebook-by-vexels.png?resize=400%2C400&amp;ssl=1 400w, https:\/\/i0.wp.com\/wp.ufpel.edu.br\/tesouro-linguistico\/files\/2020\/10\/90dd9f12fdd1eefb8c8976903944c026-logotipo-do-cone-do-facebook-by-vexels.png?resize=200%2C200&amp;ssl=1 200w, https:\/\/i0.wp.com\/wp.ufpel.edu.br\/tesouro-linguistico\/files\/2020\/10\/90dd9f12fdd1eefb8c8976903944c026-logotipo-do-cone-do-facebook-by-vexels.png?w=512&amp;ssl=1 512w\" sizes=\"auto, (max-width: 40px) 100vw, 40px\" \/>\u00a0 P\u00c1GINAS NO FACEBOOK<\/strong><\/p>\n<p><a href=\"https:\/\/www.facebook.com\/babelpodcast\/\">Babel Podcast<\/a>\u00a0 \u00a0 \u00a0 \u00a0 \u00a0 \u00a0 \u00a0 \u00a0 \u00a0 \u00a0 \u00a0 \u00a0 \u00a0 \u00a0 \u00a0 \u00a0 \u00a0 \u00a0 \u00a0 \u00a0 \u00a0 \u00a0 \u00a0 \u00a0 \u00a0 \u00a0 \u00a0 \u00a0 \u00a0 \u00a0 \u00a0 \u00a0 \u00a0 \u00a0 \u00a0 \u00a0 \u00a0 \u00a0 \u00a0 \u00a0 \u00a0 \u00a0 \u00a0<a href=\"https:\/\/www.facebook.com\/linguisticadocotidiano\/\">Lingu\u00edstica do Cotidiano<\/a><\/p>\n<p><a href=\"https:\/\/www.facebook.com\/enchelinguistica\">Enchendo Lingu\u00edstica<\/a>\u00a0 \u00a0 \u00a0 \u00a0 \u00a0 \u00a0 \u00a0 \u00a0 \u00a0 \u00a0 \u00a0 \u00a0 \u00a0 \u00a0 \u00a0 \u00a0 \u00a0 \u00a0 \u00a0 \u00a0 \u00a0 \u00a0 \u00a0 \u00a0 \u00a0 \u00a0 \u00a0 \u00a0 \u00a0 \u00a0 \u00a0 \u00a0 \u00a0 \u00a0 \u00a0 <a href=\"https:\/\/www.facebook.com\/linguisticav\/\">Lingu\u00edstica vulgar<\/a><\/p>\n<p><a href=\"https:\/\/www.facebook.com\/FaleiErradoOPobremaNaoEMeuESeu\">Falei errado? O problema n\u00e3o \u00e9 meu, \u00e9 seu<\/a>\u00a0 \u00a0 \u00a0 \u00a0 \u00a0 \u00a0 \u00a0 \u00a0 \u00a0 \u00a0 \u00a0 \u00a0 \u00a0 \u00a0<a href=\"https:\/\/www.facebook.com\/membranalinguistica\">Membrana Lingu\u00edstica<\/a><\/p>\n<p><a href=\"https:\/\/www.facebook.com\/Issonaoeumagramatica\">Isso n\u00e3o \u00e9 uma gram\u00e1tica<\/a>\u00a0 \u00a0 \u00a0 \u00a0 \u00a0 \u00a0 \u00a0 \u00a0 \u00a0 \u00a0 \u00a0 \u00a0 \u00a0 \u00a0 \u00a0 \u00a0 \u00a0 \u00a0 \u00a0 \u00a0 \u00a0 \u00a0 \u00a0 \u00a0 \u00a0 \u00a0 \u00a0 \u00a0 \u00a0 \u00a0 \u00a0 <a href=\"https:\/\/www.facebook.com\/PeloFimdoPreconceitoLinguistico\">Pelo fim do preconceito lingu\u00edstico<\/a><\/p>\n<p><a href=\"https:\/\/www.facebook.com\/lxfranca\/\">L\u00edngua franca<\/a>\u00a0 \u00a0 \u00a0 \u00a0 \u00a0 \u00a0 \u00a0 \u00a0 \u00a0 \u00a0 \u00a0 \u00a0 \u00a0 \u00a0 \u00a0 \u00a0 \u00a0 \u00a0 \u00a0 \u00a0 \u00a0 \u00a0 \u00a0 \u00a0 \u00a0 \u00a0 \u00a0 \u00a0 \u00a0 \u00a0 \u00a0 \u00a0 \u00a0 \u00a0 \u00a0 \u00a0 \u00a0 \u00a0 \u00a0 \u00a0 \u00a0 \u00a0 \u00a0 \u00a0<a href=\"https:\/\/www.facebook.com\/pensandoalingua\/\">Pensando a l\u00edngua<\/a><\/p>\n<p><a href=\"https:\/\/www.facebook.com\/lingualivrepodcast\">L\u00edngua livre<\/a>\u00a0 \u00a0 \u00a0 \u00a0 \u00a0 \u00a0 \u00a0 \u00a0 \u00a0 \u00a0 \u00a0 \u00a0 \u00a0 \u00a0 \u00a0 \u00a0 \u00a0 \u00a0 \u00a0 \u00a0 \u00a0 \u00a0 \u00a0 \u00a0 \u00a0 \u00a0 \u00a0 \u00a0 \u00a0 \u00a0 \u00a0 \u00a0 \u00a0 \u00a0 \u00a0 \u00a0 \u00a0 \u00a0 \u00a0 \u00a0 \u00a0 \u00a0 \u00a0 \u00a0 \u00a0 \u00a0<a href=\"https:\/\/www.facebook.com\/revistaroseta\">Roseta<\/a><\/p>\n<p><a href=\"https:\/\/www.facebook.com\/Lingu%C3%ADstica-de-Boteco-2258441487802779\/\">Lingu\u00edstica de boteco<\/a>\u00a0 \u00a0 \u00a0 \u00a0 \u00a0 \u00a0 \u00a0 \u00a0 \u00a0 \u00a0 \u00a0 \u00a0 \u00a0 \u00a0 \u00a0 \u00a0 \u00a0 \u00a0 \u00a0 \u00a0 \u00a0 \u00a0 \u00a0 \u00a0 \u00a0 \u00a0 \u00a0 \u00a0 \u00a0 \u00a0 \u00a0 \u00a0 \u00a0 \u00a0 \u00a0 \u00a0<a href=\"https:\/\/www.facebook.com\/serlinguagem\/\">Ser Linguagem<\/a><\/p>\n<p>&nbsp;<\/p>\n<p><strong><img data-recalc-dims=\"1\" loading=\"lazy\" decoding=\"async\" class=\"alignnone wp-image-456\" src=\"https:\/\/i0.wp.com\/wp.ufpel.edu.br\/tesouro-linguistico\/files\/2020\/10\/1b2ca367caa7eff8b45c09ec09b44c16-logotipo-do-cone-do-instagram-by-vexels.png?resize=40%2C40&#038;ssl=1\" alt=\"\" width=\"40\" height=\"40\" srcset=\"https:\/\/i0.wp.com\/wp.ufpel.edu.br\/tesouro-linguistico\/files\/2020\/10\/1b2ca367caa7eff8b45c09ec09b44c16-logotipo-do-cone-do-instagram-by-vexels.png?resize=400%2C400&amp;ssl=1 400w, https:\/\/i0.wp.com\/wp.ufpel.edu.br\/tesouro-linguistico\/files\/2020\/10\/1b2ca367caa7eff8b45c09ec09b44c16-logotipo-do-cone-do-instagram-by-vexels.png?resize=200%2C200&amp;ssl=1 200w, https:\/\/i0.wp.com\/wp.ufpel.edu.br\/tesouro-linguistico\/files\/2020\/10\/1b2ca367caa7eff8b45c09ec09b44c16-logotipo-do-cone-do-instagram-by-vexels.png?w=512&amp;ssl=1 512w\" sizes=\"auto, (max-width: 40px) 100vw, 40px\" \/>\u00a0 CONTAS DO INSTAGRAM<\/strong><\/p>\n<table style=\"width: 100%;border-collapse: collapse;border-style: hidden\" border=\"0\">\n<tbody>\n<tr style=\"height: 27px\">\n<td style=\"width: 290.8px;height: 27px\"><span style=\"font-size: 12pt\"><a href=\"https:\/\/www.instagram.com\/enchendolinguistica\/\">Enchendo lingu\u00edstica<\/a>\u00a0 \u00a0 \u00a0 \u00a0 \u00a0 \u00a0<\/span><\/td>\n<td style=\"width: 290.8px;height: 27px\"><a href=\"https:\/\/www.instagram.com\/johnlinguista\/\">John linguista<\/a><\/td>\n<\/tr>\n<tr>\n<td style=\"width: 290.8px\"><span style=\"font-size: 12pt\"><a href=\"https:\/\/www.instagram.com\/lingualivrepod\/\">L\u00edngua livre<\/a>\u00a0 \u00a0 \u00a0 \u00a0 \u00a0<\/span><\/td>\n<td style=\"width: 290.8px\"><span style=\"font-size: 12pt\"><a href=\"https:\/\/www.instagram.com\/linguisticavulgar\/?hl=pt-br\">Lingu\u00edstica vulgar<\/a>\u00a0 \u00a0 <\/span><\/td>\n<\/tr>\n<tr>\n<td style=\"width: 290.8px\"><a href=\"https:\/\/www.instagram.com\/pensandoalingua\/\">Pensando a l\u00edngua<\/a><\/td>\n<td style=\"width: 290.8px\"><a href=\"https:\/\/www.instagram.com\/membranalinguistica\/\">Membrana Lingu\u00edstica<\/a><\/td>\n<\/tr>\n<tr>\n<td style=\"width: 290.8px\">\u00a0<a href=\"https:\/\/www.instagram.com\/serlinguagem\/\">Ser linguagem<\/a><\/td>\n<td style=\"width: 290.8px\"><a href=\"https:\/\/www.instagram.com\/tesourolinguistico_ufpel\/\">Tesouro Lingu\u00edstico<\/a><\/td>\n<\/tr>\n<\/tbody>\n<\/table>\n<p>&nbsp;<\/p>\n<p><strong><img data-recalc-dims=\"1\" loading=\"lazy\" decoding=\"async\" class=\"alignnone wp-image-457\" src=\"https:\/\/i0.wp.com\/wp.ufpel.edu.br\/tesouro-linguistico\/files\/2020\/10\/pic-webinars.png?resize=40%2C40&#038;ssl=1\" alt=\"\" width=\"40\" height=\"40\" srcset=\"https:\/\/i0.wp.com\/wp.ufpel.edu.br\/tesouro-linguistico\/files\/2020\/10\/pic-webinars.png?resize=400%2C400&amp;ssl=1 400w, https:\/\/i0.wp.com\/wp.ufpel.edu.br\/tesouro-linguistico\/files\/2020\/10\/pic-webinars.png?resize=200%2C200&amp;ssl=1 200w, https:\/\/i0.wp.com\/wp.ufpel.edu.br\/tesouro-linguistico\/files\/2020\/10\/pic-webinars.png?w=546&amp;ssl=1 546w\" sizes=\"auto, (max-width: 40px) 100vw, 40px\" \/>\u00a0 PODCAST<\/strong><\/p>\n<p><a href=\"https:\/\/anchor.fm\/babel-podcast\">Babel<\/a>\u00a0 \u00a0 \u00a0 \u00a0 \u00a0 \u00a0 \u00a0 \u00a0 \u00a0 \u00a0 \u00a0 \u00a0 \u00a0 \u00a0 \u00a0 \u00a0 \u00a0 \u00a0 \u00a0 \u00a0 \u00a0 \u00a0 \u00a0 \u00a0 \u00a0 \u00a0 \u00a0 \u00a0 \u00a0 \u00a0 \u00a0 \u00a0 \u00a0 \u00a0 \u00a0 \u00a0 \u00a0 \u00a0 \u00a0 \u00a0 \u00a0 \u00a0 \u00a0 \u00a0 \u00a0 \u00a0 \u00a0 \u00a0 \u00a0 \u00a0 \u00a0 \u00a0 \u00a0<a href=\"https:\/\/anchor.fm\/lingustica-vulgar-podcast\">Lingu\u00edstica vulgar<\/a><\/p>\n<p><a href=\"https:\/\/www.lingualivre.com\/podcast\">L\u00edngua Livre<\/a>\u00a0 \u00a0\u00a0 \u00a0\u00a0 \u00a0\u00a0 \u00a0\u00a0 \u00a0\u00a0 \u00a0\u00a0 \u00a0\u00a0 \u00a0\u00a0 \u00a0\u00a0 \u00a0\u00a0 \u00a0\u00a0 \u00a0\u00a0 \u00a0\u00a0 \u00a0\u00a0 \u00a0\u00a0 \u00a0\u00a0 \u00a0\u00a0 \u00a0\u00a0 \u00a0\u00a0 \u00a0\u00a0 \u00a0\u00a0 \u00a0\u00a0 \u00a0\u00a0 \u00a0\u00a0 \u00a0\u00a0 \u00a0\u00a0 \u00a0\u00a0 \u00a0\u00a0 \u00a0\u00a0 \u00a0\u00a0 <a href=\"https:\/\/anchor.fm\/linguisticamente-falando\">Linguisticamente falando<\/a><\/p>\n<p>&nbsp;<\/p>\n<p><strong><img data-recalc-dims=\"1\" loading=\"lazy\" decoding=\"async\" class=\"alignnone wp-image-458\" src=\"https:\/\/i0.wp.com\/wp.ufpel.edu.br\/tesouro-linguistico\/files\/2020\/10\/si.png?resize=40%2C40&#038;ssl=1\" alt=\"\" width=\"40\" height=\"40\" srcset=\"https:\/\/i0.wp.com\/wp.ufpel.edu.br\/tesouro-linguistico\/files\/2020\/10\/si.png?resize=200%2C200&amp;ssl=1 200w, https:\/\/i0.wp.com\/wp.ufpel.edu.br\/tesouro-linguistico\/files\/2020\/10\/si.png?resize=400%2C400&amp;ssl=1 400w, https:\/\/i0.wp.com\/wp.ufpel.edu.br\/tesouro-linguistico\/files\/2020\/10\/si.png?w=640&amp;ssl=1 640w\" sizes=\"auto, (max-width: 40px) 100vw, 40px\" \/>\u00a0 SITES, BLOGS E REVISTAS<\/strong><\/p>\n<p><a href=\"https:\/\/www.lingualivre.com\/\">L\u00edngua livre<\/a>\u00a0 \u00a0 \u00a0 \u00a0 \u00a0 \u00a0 \u00a0 \u00a0 \u00a0 \u00a0 \u00a0 \u00a0 \u00a0 \u00a0 \u00a0 \u00a0 \u00a0 \u00a0 \u00a0 \u00a0 \u00a0 \u00a0 \u00a0 \u00a0 \u00a0 \u00a0 \u00a0 \u00a0 \u00a0 \u00a0 \u00a0 \u00a0 \u00a0 \u00a0 \u00a0 \u00a0 \u00a0 \u00a0 \u00a0 \u00a0 \u00a0 \u00a0 \u00a0 \u00a0 \u00a0 \u00a0 <a href=\"http:\/\/www.pelofimdopreconceitolinguistico.com\/\">Pelo fim do preconceito lingu\u00edstico<\/a><\/p>\n<p><a href=\"https:\/\/linguisticadeboteco.home.blog\/\">Lingu\u00edstica de boteco<\/a>\u00a0 \u00a0 \u00a0 \u00a0 \u00a0 \u00a0 \u00a0 \u00a0 \u00a0 \u00a0 \u00a0 \u00a0 \u00a0 \u00a0 \u00a0 \u00a0 \u00a0 \u00a0 \u00a0 \u00a0 \u00a0 \u00a0 \u00a0 \u00a0 \u00a0 \u00a0 \u00a0 \u00a0 \u00a0 \u00a0 \u00a0 \u00a0 \u00a0 \u00a0 \u00a0 \u00a0 <a href=\"http:\/\/www.roseta.org.br\/pt\/sobre\/\">Roseta<\/a><\/p>\n<p><a href=\"https:\/\/www.linguisticamentefalando.com\/\">Linguisticamente falando<\/a>\u00a0 \u00a0 \u00a0 \u00a0 \u00a0 \u00a0 \u00a0 \u00a0 \u00a0 \u00a0 \u00a0 \u00a0 \u00a0 \u00a0 \u00a0 \u00a0 \u00a0 \u00a0 \u00a0 \u00a0 \u00a0 \u00a0 \u00a0 \u00a0 \u00a0 \u00a0 \u00a0 \u00a0 \u00a0 \u00a0 \u00a0 \u00a0<a href=\"https:\/\/serlinguagem.wordpress.com\/\">Ser Linguagem<\/a><\/p>\n<p><a href=\"https:\/\/medium.com\/membrana-lingu%C3%ADstica\">Membrana Lingu\u00edstica<\/a>\u00a0 \u00a0 \u00a0 \u00a0 \u00a0 \u00a0 \u00a0 \u00a0 \u00a0 \u00a0 \u00a0 \u00a0 \u00a0 \u00a0 \u00a0 \u00a0 \u00a0 \u00a0 \u00a0 \u00a0 \u00a0 \u00a0 \u00a0 \u00a0 \u00a0 \u00a0 \u00a0 \u00a0 \u00a0 \u00a0 \u00a0 \u00a0 \u00a0 \u00a0 \u00a0 <a href=\"https:\/\/www.blogs.unicamp.br\/linguistica\/\">UNICAMP<\/a><\/p>\n<p><a href=\"https:\/\/olinguisticao.blogspot.com\/\">O Linguistic\u00e3o<\/a><\/p>\n<p>&nbsp;<\/p>\n<p><strong><img data-recalc-dims=\"1\" loading=\"lazy\" decoding=\"async\" class=\"alignnone wp-image-459\" src=\"https:\/\/i0.wp.com\/wp.ufpel.edu.br\/tesouro-linguistico\/files\/2020\/10\/Google_Play_Arrow_logo.svg_.png?resize=40%2C40&#038;ssl=1\" alt=\"\" width=\"40\" height=\"40\" srcset=\"https:\/\/i0.wp.com\/wp.ufpel.edu.br\/tesouro-linguistico\/files\/2020\/10\/Google_Play_Arrow_logo.svg_.png?resize=200%2C200&amp;ssl=1 200w, https:\/\/i0.wp.com\/wp.ufpel.edu.br\/tesouro-linguistico\/files\/2020\/10\/Google_Play_Arrow_logo.svg_.png?zoom=2&amp;resize=40%2C40&amp;ssl=1 80w, https:\/\/i0.wp.com\/wp.ufpel.edu.br\/tesouro-linguistico\/files\/2020\/10\/Google_Play_Arrow_logo.svg_.png?zoom=3&amp;resize=40%2C40&amp;ssl=1 120w\" sizes=\"auto, (max-width: 40px) 100vw, 40px\" \/>\u00a0 APLICATIVOS<\/strong><\/p>\n<p><a href=\"https:\/\/play.google.com\/store\/apps\/details?id=isso.nao.e.uma.gramatica.ling&amp;fbclid=IwAR1qqk8tUurnGXBmkll6t-94Jfz0QpT0kBMNKSnxJHtiQzHCYh8EJh12zkw\">Isso n\u00e3o \u00e9 uma gram\u00e1tica<\/a><\/p>\n<p>&nbsp;<\/p>\n","protected":false},"excerpt":{"rendered":"<p>Em constru\u00e7\u00e3o. Envie-nos a sua iniciativa! \u00a0 CANAIS NO YOUTUBE Com a palavra, Lingu\u00edstica\u00a0 \u00a0 \u00a0 \u00a0 \u00a0 \u00a0 \u00a0 \u00a0 \u00a0 \u00a0 \u00a0 \u00a0 \u00a0 \u00a0 \u00a0 \u00a0 \u00a0 \u00a0 \u00a0 \u00a0 \u00a0 \u00a0 \u00a0 \u00a0 \u00a0 \u00a0 \u00a0 \u00a0 \u00a0 \u00a0 Parafraseando Enchendo Lingu\u00edstica\u00a0 \u00a0 \u00a0 \u00a0 \u00a0 \u00a0 \u00a0 \u00a0 \u00a0 \u00a0 &hellip; <a href=\"https:\/\/wp.ufpel.edu.br\/tesouro-linguistico\/blogs-paginas-e-canais-afins\/\" class=\"more-link\">Continue lendo <span class=\"screen-reader-text\">Blogs, p\u00e1ginas e canais afins<\/span> <span class=\"meta-nav\">&rarr;<\/span><\/a><\/p>\n","protected":false},"author":916,"featured_media":0,"parent":0,"menu_order":0,"comment_status":"closed","ping_status":"closed","template":"","meta":{"jetpack_post_was_ever_published":false,"footnotes":""},"class_list":["post-341","page","type-page","status-publish","hentry"],"jetpack_sharing_enabled":true,"_links":{"self":[{"href":"https:\/\/wp.ufpel.edu.br\/tesouro-linguistico\/wp-json\/wp\/v2\/pages\/341","targetHints":{"allow":["GET"]}}],"collection":[{"href":"https:\/\/wp.ufpel.edu.br\/tesouro-linguistico\/wp-json\/wp\/v2\/pages"}],"about":[{"href":"https:\/\/wp.ufpel.edu.br\/tesouro-linguistico\/wp-json\/wp\/v2\/types\/page"}],"author":[{"embeddable":true,"href":"https:\/\/wp.ufpel.edu.br\/tesouro-linguistico\/wp-json\/wp\/v2\/users\/916"}],"replies":[{"embeddable":true,"href":"https:\/\/wp.ufpel.edu.br\/tesouro-linguistico\/wp-json\/wp\/v2\/comments?post=341"}],"version-history":[{"count":6,"href":"https:\/\/wp.ufpel.edu.br\/tesouro-linguistico\/wp-json\/wp\/v2\/pages\/341\/revisions"}],"predecessor-version":[{"id":461,"href":"https:\/\/wp.ufpel.edu.br\/tesouro-linguistico\/wp-json\/wp\/v2\/pages\/341\/revisions\/461"}],"wp:attachment":[{"href":"https:\/\/wp.ufpel.edu.br\/tesouro-linguistico\/wp-json\/wp\/v2\/media?parent=341"}],"curies":[{"name":"wp","href":"https:\/\/api.w.org\/{rel}","templated":true}]}}