{"id":328,"date":"2020-06-22T20:43:25","date_gmt":"2020-06-22T23:43:25","guid":{"rendered":"https:\/\/wp.ufpel.edu.br\/tesouro-linguistico\/?page_id=328"},"modified":"2024-04-30T11:39:18","modified_gmt":"2024-04-30T14:39:18","slug":"orientacoes-de-escrita-de-textos","status":"publish","type":"page","link":"https:\/\/wp.ufpel.edu.br\/tesouro-linguistico\/orientacoes-de-escrita-de-textos\/","title":{"rendered":"Orienta\u00e7\u00f5es de escrita de textos"},"content":{"rendered":"<p>\u25cf O texto n\u00e3o deve ser longo (no m\u00e1ximo, 2000 caracteres sem espa\u00e7os);<br \/>\n\u25cf O texto n\u00e3o deve ter termos t\u00e9cnicos e deve ser compreens\u00edvel por quem n\u00e3o sabe sobre Lingu\u00edstica (sugest\u00e3o: pedir para um leigo ler o texto antes de enviar);<br \/>\n\u25cf O texto deve estar inserido no escopo do blog;<br \/>\n\u25cf O texto deve ser enviado em Google docs ou Word para o e-mail laplimm.ufpel@gmail.com;<br \/>\n\u25cf Figuras e imagens devem ser enviadas separadamente;\u00a0 incentivamos fortemente o uso de recursos midi\u00e1ticos que chamem a aten\u00e7\u00e3o do leitor;<br \/>\n\u25cf O texto ser\u00e1 avaliado e revisado pela equipe do blog;<br \/>\n\u25cf O texto deve ser acompanhado de uma breve descri\u00e7\u00e3o do(s) autor(es), que deve seguir as outras descri\u00e7\u00f5es que constam no blog;<br \/>\n\u25cf Se houver cita\u00e7\u00e3o, o texto deve apresentar as respectivas refer\u00eancias, que devem ser citadas no texto, de forma que o leitor leigo entenda, por exemplo:<br \/>\n&#8211; Segundo o\/a pesquisador\/a Nome Sobrenome,<br \/>\n&#8211; Conforme o\/a professor\/a Nome Sobrenome,<br \/>\n&#8211; O professor\/a Nome Sobrenome explica\/descreve\/diz&#8230;<br \/>\n\u25cf O autor pode indicar\u00a0<em>sites<\/em>\u00a0para\u00a0<em>hiperlinks<\/em>.<\/p>\n","protected":false},"excerpt":{"rendered":"<p>\u25cf O texto n\u00e3o deve ser longo (no m\u00e1ximo, 2000 caracteres sem espa\u00e7os); \u25cf O texto n\u00e3o deve ter termos t\u00e9cnicos e deve ser compreens\u00edvel por quem n\u00e3o sabe sobre Lingu\u00edstica (sugest\u00e3o: pedir para um leigo ler o texto antes de enviar); \u25cf O texto deve estar inserido no escopo do blog; \u25cf O texto &hellip; <a href=\"https:\/\/wp.ufpel.edu.br\/tesouro-linguistico\/orientacoes-de-escrita-de-textos\/\" class=\"more-link\">Continue lendo <span class=\"screen-reader-text\">Orienta\u00e7\u00f5es de escrita de textos<\/span> <span class=\"meta-nav\">&rarr;<\/span><\/a><\/p>\n","protected":false},"author":916,"featured_media":0,"parent":0,"menu_order":0,"comment_status":"closed","ping_status":"closed","template":"","meta":{"jetpack_post_was_ever_published":false,"footnotes":""},"class_list":["post-328","page","type-page","status-publish","hentry"],"jetpack_sharing_enabled":true,"_links":{"self":[{"href":"https:\/\/wp.ufpel.edu.br\/tesouro-linguistico\/wp-json\/wp\/v2\/pages\/328","targetHints":{"allow":["GET"]}}],"collection":[{"href":"https:\/\/wp.ufpel.edu.br\/tesouro-linguistico\/wp-json\/wp\/v2\/pages"}],"about":[{"href":"https:\/\/wp.ufpel.edu.br\/tesouro-linguistico\/wp-json\/wp\/v2\/types\/page"}],"author":[{"embeddable":true,"href":"https:\/\/wp.ufpel.edu.br\/tesouro-linguistico\/wp-json\/wp\/v2\/users\/916"}],"replies":[{"embeddable":true,"href":"https:\/\/wp.ufpel.edu.br\/tesouro-linguistico\/wp-json\/wp\/v2\/comments?post=328"}],"version-history":[{"count":4,"href":"https:\/\/wp.ufpel.edu.br\/tesouro-linguistico\/wp-json\/wp\/v2\/pages\/328\/revisions"}],"predecessor-version":[{"id":944,"href":"https:\/\/wp.ufpel.edu.br\/tesouro-linguistico\/wp-json\/wp\/v2\/pages\/328\/revisions\/944"}],"wp:attachment":[{"href":"https:\/\/wp.ufpel.edu.br\/tesouro-linguistico\/wp-json\/wp\/v2\/media?parent=328"}],"curies":[{"name":"wp","href":"https:\/\/api.w.org\/{rel}","templated":true}]}}