{"id":74,"date":"2022-07-29T16:16:27","date_gmt":"2022-07-29T19:16:27","guid":{"rendered":"https:\/\/wp.ufpel.edu.br\/territorios\/?page_id=74"},"modified":"2023-08-24T10:58:03","modified_gmt":"2023-08-24T13:58:03","slug":"grupos-de-trabalho-coplan","status":"publish","type":"page","link":"https:\/\/wp.ufpel.edu.br\/territorios\/grupos-de-trabalho-coplan\/","title":{"rendered":"Grupos de Trabalho COPLAN"},"content":{"rendered":"<p>Acolhimento e an\u00e1lise de pertin\u00eancia das propostas provenientes da comunidade.<\/p>\n<p>Apoio \u00e0 reda\u00e7\u00e3o da minuta do Plano Diretor e da Pol\u00edtica Ambiental.<\/p>\n","protected":false},"excerpt":{"rendered":"<p>Acolhimento e an\u00e1lise de pertin\u00eancia das propostas provenientes da comunidade. Apoio \u00e0 reda\u00e7\u00e3o da minuta do Plano Diretor e da Pol\u00edtica Ambiental.<\/p>\n","protected":false},"author":773,"featured_media":0,"parent":0,"menu_order":0,"comment_status":"closed","ping_status":"closed","template":"","meta":{"footnotes":""},"class_list":["post-74","page","type-page","status-publish","hentry"],"_links":{"self":[{"href":"https:\/\/wp.ufpel.edu.br\/territorios\/wp-json\/wp\/v2\/pages\/74","targetHints":{"allow":["GET"]}}],"collection":[{"href":"https:\/\/wp.ufpel.edu.br\/territorios\/wp-json\/wp\/v2\/pages"}],"about":[{"href":"https:\/\/wp.ufpel.edu.br\/territorios\/wp-json\/wp\/v2\/types\/page"}],"author":[{"embeddable":true,"href":"https:\/\/wp.ufpel.edu.br\/territorios\/wp-json\/wp\/v2\/users\/773"}],"replies":[{"embeddable":true,"href":"https:\/\/wp.ufpel.edu.br\/territorios\/wp-json\/wp\/v2\/comments?post=74"}],"version-history":[{"count":4,"href":"https:\/\/wp.ufpel.edu.br\/territorios\/wp-json\/wp\/v2\/pages\/74\/revisions"}],"predecessor-version":[{"id":1026,"href":"https:\/\/wp.ufpel.edu.br\/territorios\/wp-json\/wp\/v2\/pages\/74\/revisions\/1026"}],"wp:attachment":[{"href":"https:\/\/wp.ufpel.edu.br\/territorios\/wp-json\/wp\/v2\/media?parent=74"}],"curies":[{"name":"wp","href":"https:\/\/api.w.org\/{rel}","templated":true}]}}