{"id":72,"date":"2022-07-29T16:15:50","date_gmt":"2022-07-29T19:15:50","guid":{"rendered":"https:\/\/wp.ufpel.edu.br\/territorios\/?page_id=72"},"modified":"2023-08-08T08:19:16","modified_gmt":"2023-08-08T11:19:16","slug":"consulta-publica","status":"publish","type":"page","link":"https:\/\/wp.ufpel.edu.br\/territorios\/consulta-publica\/","title":{"rendered":"Consulta P\u00fablica"},"content":{"rendered":"<p>A Consulta P\u00fablica aconteceu entre os dias 26 de junho e 24 de julho de 2023. Ao final do per\u00edodo foram registradas 1041 respostas. Desse total, 732 foram respostas de estudantes, 193 de docentes e 116 de servidores t\u00e9cnico-administrativos. 59% dos respondentes est\u00e1 lotado em unidades administrativas e 41% em acad\u00eamicas. Entre as unidades acad\u00eamicas, o CCQFA foi o que mais contribuiu com respostas (13,87%) e em seguida o ICH (10,17%). J\u00e1 nas unidades administrativas PROPLAN e PRA foram as unidades mais participativas, com 22,06% e 17,65% do total de respostas, respectivamente.<\/p>\n<p><a href=\"https:\/\/wp.ufpel.edu.br\/territorios\/files\/2023\/08\/GRAFICO-ENQUADRAMENTO.png\" target=\"_blank\" rel=\"noopener\"><img class=\"aligncenter wp-image-1004 size-medium\" src=\"https:\/\/wp.ufpel.edu.br\/territorios\/files\/2023\/08\/GRAFICO-ENQUADRAMENTO-400x225.png\" alt=\"\" width=\"400\" height=\"225\" srcset=\"https:\/\/wp.ufpel.edu.br\/territorios\/files\/2023\/08\/GRAFICO-ENQUADRAMENTO-400x225.png 400w, https:\/\/wp.ufpel.edu.br\/territorios\/files\/2023\/08\/GRAFICO-ENQUADRAMENTO.png 605w\" sizes=\"(max-width: 400px) 100vw, 400px\" \/><\/a> <a href=\"https:\/\/wp.ufpel.edu.br\/territorios\/files\/2023\/08\/GRAFICO-UNIDADE-ADMINISTRATIVA.png\" target=\"_blank\" rel=\"noopener\"><img class=\"aligncenter wp-image-1006 size-medium\" src=\"https:\/\/wp.ufpel.edu.br\/territorios\/files\/2023\/08\/GRAFICO-UNIDADE-ADMINISTRATIVA-400x230.png\" alt=\"\" width=\"400\" height=\"230\" srcset=\"https:\/\/wp.ufpel.edu.br\/territorios\/files\/2023\/08\/GRAFICO-UNIDADE-ADMINISTRATIVA-400x230.png 400w, https:\/\/wp.ufpel.edu.br\/territorios\/files\/2023\/08\/GRAFICO-UNIDADE-ADMINISTRATIVA-768x442.png 768w, https:\/\/wp.ufpel.edu.br\/territorios\/files\/2023\/08\/GRAFICO-UNIDADE-ADMINISTRATIVA.png 815w\" sizes=\"(max-width: 400px) 100vw, 400px\" \/><\/a><a href=\"https:\/\/wp.ufpel.edu.br\/territorios\/files\/2023\/08\/GRAFICO-UNIDADE-ACADEMICA.png\" target=\"_blank\" rel=\"noopener\"><img class=\"aligncenter wp-image-1005 size-medium\" src=\"https:\/\/wp.ufpel.edu.br\/territorios\/files\/2023\/08\/GRAFICO-UNIDADE-ACADEMICA-400x261.png\" alt=\"\" width=\"400\" height=\"261\" srcset=\"https:\/\/wp.ufpel.edu.br\/territorios\/files\/2023\/08\/GRAFICO-UNIDADE-ACADEMICA-400x261.png 400w, https:\/\/wp.ufpel.edu.br\/territorios\/files\/2023\/08\/GRAFICO-UNIDADE-ACADEMICA-768x500.png 768w, https:\/\/wp.ufpel.edu.br\/territorios\/files\/2023\/08\/GRAFICO-UNIDADE-ACADEMICA.png 849w\" sizes=\"(max-width: 400px) 100vw, 400px\" \/><\/a><\/p>\n","protected":false},"excerpt":{"rendered":"<p>A Consulta P\u00fablica aconteceu entre os dias 26 de junho e 24 de julho de 2023. Ao final do per\u00edodo foram registradas 1041 respostas. Desse total, 732 foram respostas de estudantes, 193 de docentes e 116 de servidores t\u00e9cnico-administrativos. 59% dos respondentes est\u00e1 lotado em unidades administrativas e 41% em acad\u00eamicas. Entre as unidades acad\u00eamicas, [&hellip;]<\/p>\n","protected":false},"author":773,"featured_media":0,"parent":0,"menu_order":0,"comment_status":"closed","ping_status":"closed","template":"","meta":{"footnotes":""},"class_list":["post-72","page","type-page","status-publish","hentry"],"_links":{"self":[{"href":"https:\/\/wp.ufpel.edu.br\/territorios\/wp-json\/wp\/v2\/pages\/72","targetHints":{"allow":["GET"]}}],"collection":[{"href":"https:\/\/wp.ufpel.edu.br\/territorios\/wp-json\/wp\/v2\/pages"}],"about":[{"href":"https:\/\/wp.ufpel.edu.br\/territorios\/wp-json\/wp\/v2\/types\/page"}],"author":[{"embeddable":true,"href":"https:\/\/wp.ufpel.edu.br\/territorios\/wp-json\/wp\/v2\/users\/773"}],"replies":[{"embeddable":true,"href":"https:\/\/wp.ufpel.edu.br\/territorios\/wp-json\/wp\/v2\/comments?post=72"}],"version-history":[{"count":7,"href":"https:\/\/wp.ufpel.edu.br\/territorios\/wp-json\/wp\/v2\/pages\/72\/revisions"}],"predecessor-version":[{"id":1013,"href":"https:\/\/wp.ufpel.edu.br\/territorios\/wp-json\/wp\/v2\/pages\/72\/revisions\/1013"}],"wp:attachment":[{"href":"https:\/\/wp.ufpel.edu.br\/territorios\/wp-json\/wp\/v2\/media?parent=72"}],"curies":[{"name":"wp","href":"https:\/\/api.w.org\/{rel}","templated":true}]}}