{"id":70,"date":"2022-07-29T15:44:36","date_gmt":"2022-07-29T18:44:36","guid":{"rendered":"https:\/\/wp.ufpel.edu.br\/territorios\/?page_id=70"},"modified":"2022-09-12T10:17:09","modified_gmt":"2022-09-12T13:17:09","slug":"eventos-setoriais","status":"publish","type":"page","link":"https:\/\/wp.ufpel.edu.br\/territorios\/eventos-setoriais\/","title":{"rendered":"Eventos Setoriais"},"content":{"rendered":"<p>O Evento Setorial \u00e9 a modalidade de participa\u00e7\u00e3o da comunidade acad\u00eamica no Processo de Planejamento Integrado Territ\u00f3rios, que ocorre no pr\u00f3prio territ\u00f3rio, ou seja, com atividades in loco, realizadas em cada uma das <a href=\"https:\/\/wp.ufpel.edu.br\/territorios\/zonas-de-planejamento\/\" target=\"_blank\" rel=\"noopener\">zonas de planejamento<\/a>.<\/p>\n<p>O evento prop\u00f5e que a comunidade perceba o seu ambiente universit\u00e1rio, identificando aspectos positivos e negativos, e sendo com isso capaz de descrever o cen\u00e1rio atual da sua zona de planejamento, que seja representativo da vis\u00e3o coletiva da referida comunidade. Al\u00e9m disso, o evento pretende conhecer as aspira\u00e7\u00f5es da comunidade para o futuro e lan\u00e7ar propostas com vistas \u00e0 elabora\u00e7\u00e3o do Plano Diretor e da Pol\u00edtica Ambiental.<\/p>\n<p>Ele ser\u00e1 realizado em dois dias, com atividades diferentes e encadeadas em cada um deles.<\/p>\n<p><strong>Primeiro dia: Cen\u00e1rio atual<\/strong><\/p>\n<ul>\n<li aria-level=\"1\">apresenta\u00e7\u00e3o das fotos obtidas na caminhada de reconhecimento (atividade proposta no ato da inscri\u00e7\u00e3o no evento)<\/li>\n<li aria-level=\"1\">cartografia do cen\u00e1rio atual: aspectos positivos e negativos atuais da zona<\/li>\n<li aria-level=\"1\">question\u00e1rio<\/li>\n<\/ul>\n<p><strong>Segundo dia: Cen\u00e1rio futuro e cria\u00e7\u00e3o de propostas<\/strong><\/p>\n<ul>\n<li aria-level=\"1\">apresenta\u00e7\u00e3o do resultado do question\u00e1rio do primeiro dia<\/li>\n<li aria-level=\"1\">cartografia do cen\u00e1rio de futuro<\/li>\n<li aria-level=\"1\">sistematiza\u00e7\u00e3o de propostas em grupo e apresenta\u00e7\u00e3o para o grande grupo<\/li>\n<li aria-level=\"1\">debate de propostas para pactua\u00e7\u00e3o final<\/li>\n<\/ul>\n<p><strong>Cronograma dos Eventos Setoriais e das inscri\u00e7\u00f5es<\/strong><\/p>\n<p><a href=\"https:\/\/wp.ufpel.edu.br\/territorios\/files\/2022\/09\/sugestao-de-cronograma-eventos-setoriais.png\" target=\"_blank\" rel=\"noopener\"><img class=\"alignnone wp-image-381 size-medium\" src=\"https:\/\/wp.ufpel.edu.br\/territorios\/files\/2022\/09\/sugestao-de-cronograma-eventos-setoriais-400x300.png\" alt=\"\" width=\"400\" height=\"300\" srcset=\"https:\/\/wp.ufpel.edu.br\/territorios\/files\/2022\/09\/sugestao-de-cronograma-eventos-setoriais-400x300.png 400w, https:\/\/wp.ufpel.edu.br\/territorios\/files\/2022\/09\/sugestao-de-cronograma-eventos-setoriais-768x576.png 768w, https:\/\/wp.ufpel.edu.br\/territorios\/files\/2022\/09\/sugestao-de-cronograma-eventos-setoriais.png 1024w\" sizes=\"(max-width: 400px) 100vw, 400px\" \/><\/a><\/p>\n<p>Imagens do Evento Setorial Piloto realizado na PROPLAN nos dias 12, 14 e 15 de julho de 2022:<\/p>\n<p><img class=\"alignnone wp-image-31 size-medium\" src=\"https:\/\/wp.ufpel.edu.br\/territorios\/files\/2022\/07\/IMG_6604-400x300.jpg\" alt=\"\" width=\"400\" height=\"300\" srcset=\"https:\/\/wp.ufpel.edu.br\/territorios\/files\/2022\/07\/IMG_6604-400x300.jpg 400w, https:\/\/wp.ufpel.edu.br\/territorios\/files\/2022\/07\/IMG_6604-1024x768.jpg 1024w, https:\/\/wp.ufpel.edu.br\/territorios\/files\/2022\/07\/IMG_6604-768x576.jpg 768w, https:\/\/wp.ufpel.edu.br\/territorios\/files\/2022\/07\/IMG_6604-1536x1152.jpg 1536w, https:\/\/wp.ufpel.edu.br\/territorios\/files\/2022\/07\/IMG_6604-2048x1536.jpg 2048w\" sizes=\"(max-width: 400px) 100vw, 400px\" \/><\/p>\n<p><img class=\"alignnone size-medium wp-image-33\" src=\"https:\/\/wp.ufpel.edu.br\/territorios\/files\/2022\/07\/PHOTO-2022-07-12-17-17-34-400x300.jpg\" alt=\"\" width=\"400\" height=\"300\" srcset=\"https:\/\/wp.ufpel.edu.br\/territorios\/files\/2022\/07\/PHOTO-2022-07-12-17-17-34-400x300.jpg 400w, https:\/\/wp.ufpel.edu.br\/territorios\/files\/2022\/07\/PHOTO-2022-07-12-17-17-34-1024x768.jpg 1024w, https:\/\/wp.ufpel.edu.br\/territorios\/files\/2022\/07\/PHOTO-2022-07-12-17-17-34-768x576.jpg 768w, https:\/\/wp.ufpel.edu.br\/territorios\/files\/2022\/07\/PHOTO-2022-07-12-17-17-34-1536x1152.jpg 1536w, https:\/\/wp.ufpel.edu.br\/territorios\/files\/2022\/07\/PHOTO-2022-07-12-17-17-34.jpg 1600w\" sizes=\"(max-width: 400px) 100vw, 400px\" \/><\/p>\n<p><img class=\"alignnone size-medium wp-image-32\" src=\"https:\/\/wp.ufpel.edu.br\/territorios\/files\/2022\/07\/IMG_6609-400x300.jpg\" alt=\"\" width=\"400\" height=\"300\" srcset=\"https:\/\/wp.ufpel.edu.br\/territorios\/files\/2022\/07\/IMG_6609-400x300.jpg 400w, https:\/\/wp.ufpel.edu.br\/territorios\/files\/2022\/07\/IMG_6609-1024x768.jpg 1024w, https:\/\/wp.ufpel.edu.br\/territorios\/files\/2022\/07\/IMG_6609-768x576.jpg 768w, https:\/\/wp.ufpel.edu.br\/territorios\/files\/2022\/07\/IMG_6609-1536x1152.jpg 1536w, https:\/\/wp.ufpel.edu.br\/territorios\/files\/2022\/07\/IMG_6609-2048x1536.jpg 2048w\" sizes=\"(max-width: 400px) 100vw, 400px\" \/><\/p>\n<p>&nbsp;<\/p>\n<h5><\/h5>\n<p>&nbsp;<\/p>\n","protected":false},"excerpt":{"rendered":"<p>O Evento Setorial \u00e9 a modalidade de participa\u00e7\u00e3o da comunidade acad\u00eamica no Processo de Planejamento Integrado Territ\u00f3rios, que ocorre no pr\u00f3prio territ\u00f3rio, ou seja, com atividades in loco, realizadas em cada uma das zonas de planejamento. O evento prop\u00f5e que a comunidade perceba o seu ambiente universit\u00e1rio, identificando aspectos positivos e negativos, e sendo com [&hellip;]<\/p>\n","protected":false},"author":773,"featured_media":0,"parent":0,"menu_order":0,"comment_status":"closed","ping_status":"closed","template":"","meta":{"footnotes":""},"class_list":["post-70","page","type-page","status-publish","hentry"],"_links":{"self":[{"href":"https:\/\/wp.ufpel.edu.br\/territorios\/wp-json\/wp\/v2\/pages\/70","targetHints":{"allow":["GET"]}}],"collection":[{"href":"https:\/\/wp.ufpel.edu.br\/territorios\/wp-json\/wp\/v2\/pages"}],"about":[{"href":"https:\/\/wp.ufpel.edu.br\/territorios\/wp-json\/wp\/v2\/types\/page"}],"author":[{"embeddable":true,"href":"https:\/\/wp.ufpel.edu.br\/territorios\/wp-json\/wp\/v2\/users\/773"}],"replies":[{"embeddable":true,"href":"https:\/\/wp.ufpel.edu.br\/territorios\/wp-json\/wp\/v2\/comments?post=70"}],"version-history":[{"count":9,"href":"https:\/\/wp.ufpel.edu.br\/territorios\/wp-json\/wp\/v2\/pages\/70\/revisions"}],"predecessor-version":[{"id":388,"href":"https:\/\/wp.ufpel.edu.br\/territorios\/wp-json\/wp\/v2\/pages\/70\/revisions\/388"}],"wp:attachment":[{"href":"https:\/\/wp.ufpel.edu.br\/territorios\/wp-json\/wp\/v2\/media?parent=70"}],"curies":[{"name":"wp","href":"https:\/\/api.w.org\/{rel}","templated":true}]}}