{"id":68,"date":"2022-07-29T14:39:39","date_gmt":"2022-07-29T17:39:39","guid":{"rendered":"https:\/\/wp.ufpel.edu.br\/territorios\/?page_id=68"},"modified":"2022-09-05T14:45:36","modified_gmt":"2022-09-05T17:45:36","slug":"comissoes-setoriais-de-apoio","status":"publish","type":"page","link":"https:\/\/wp.ufpel.edu.br\/territorios\/comissoes-setoriais-de-apoio\/","title":{"rendered":"Comiss\u00f5es Setoriais de Apoio"},"content":{"rendered":"<p style=\"text-align: justify;\">Cada zona de planejamento ter\u00e1 uma comiss\u00e3o setorial formada por representantes de unidades acad\u00eamicas e administrativas e de funcion\u00e1rios terceirizados. O papel das comiss\u00f5es \u00e9 apoiar a organiza\u00e7\u00e3o dos eventos setoriais, sensibilizar a comunidade de sua unidade a participar dos eventos, ser interlocutora entre a organiza\u00e7\u00e3o do evento e a comunidade durante as atividades, e posteriormente auxiliar na an\u00e1lise dos resultados e elabora\u00e7\u00e3o das diretrizes.<\/p>\n<p style=\"text-align: justify;\"><b> <a href=\"https:\/\/wp.ufpel.edu.br\/territorios\/files\/2022\/07\/Edital-09.2022.pdf\">EDITAL PROPLAN n\u00ba 09\/2022<\/a><\/b><b> \u2013 Sele\u00e7\u00e3o de Representantes para Composi\u00e7\u00e3o das Comiss\u00f5es Setoriais de Apoio ao Processo de Planejamento Integrado TERRIT\u00d3RIOS<\/b><b><\/b><\/p>\n<p>&nbsp;<\/p>\n<p><img class=\"alignnone wp-image-317 size-large\" src=\"https:\/\/wp.ufpel.edu.br\/territorios\/files\/2022\/09\/zonas-de-planejamento-1024x724.png\" alt=\"\" width=\"1024\" height=\"724\" srcset=\"https:\/\/wp.ufpel.edu.br\/territorios\/files\/2022\/09\/zonas-de-planejamento-1024x724.png 1024w, https:\/\/wp.ufpel.edu.br\/territorios\/files\/2022\/09\/zonas-de-planejamento-400x283.png 400w, https:\/\/wp.ufpel.edu.br\/territorios\/files\/2022\/09\/zonas-de-planejamento-768x543.png 768w, https:\/\/wp.ufpel.edu.br\/territorios\/files\/2022\/09\/zonas-de-planejamento-1536x1086.png 1536w, https:\/\/wp.ufpel.edu.br\/territorios\/files\/2022\/09\/zonas-de-planejamento-2048x1448.png 2048w\" sizes=\"(max-width: 1024px) 100vw, 1024px\" \/><\/p>\n<p dir=\"ltr\">Composi\u00e7\u00e3o das Comiss\u00f5es Setoriais de Apoio de acordo com a <a href=\"https:\/\/sei.ufpel.edu.br\/sei\/publicacoes\/controlador_publicacoes.php?acao=publicacao_visualizar&amp;id_documento=2079726&amp;id_orgao_publicacao=0\">Portaria 1800\/22<\/a>:<\/p>\n<p class=\"Texto_Justificado_Recuo_Primeira_Linha\" dir=\"ltr\"><strong>Zona Anglo<\/strong>\u00a0(CCSO, CDTEC, CLC, FE, FN, GR, GVR, PRA, PRE, PREC, PROGEP, PRPPG, PROPLAN, Curso de Matem\u00e1tica noturno, Depto. de Economia, Terceirizados)<\/p>\n<p class=\"Texto_Justificado_Recuo_Primeira_Linha\" dir=\"ltr\"><em>Alaize Drose Machado (TAE &#8211; PROPLAN)\u00a0<\/em><\/p>\n<p class=\"Texto_Justificado_Recuo_Primeira_Linha\" dir=\"ltr\"><em>Alexandre Furtado Corr\u00eaa (TAE &#8211; FN)\u00a0<\/em><\/p>\n<p class=\"Texto_Justificado_Recuo_Primeira_Linha\" dir=\"ltr\"><em>Biolange Oliveira Piegas (TAE &#8211; GR)\u00a0<\/em><\/p>\n<p class=\"Texto_Justificado_Recuo_Primeira_Linha\" dir=\"ltr\"><em>Carolina Andersson Bunde (TAE &#8211; PROGEP)\u00a0<\/em><\/p>\n<p class=\"Texto_Justificado_Recuo_Primeira_Linha\" dir=\"ltr\"><em>Daniela da Silva Pieper (TAE &#8211; PREC)\u00a0<\/em><\/p>\n<p class=\"Texto_Justificado_Recuo_Primeira_Linha\" dir=\"ltr\"><em>Eder Gilnei Amaro de Castro (Terceirizado)<\/em><\/p>\n<p class=\"Texto_Justificado_Recuo_Primeira_Linha\" dir=\"ltr\"><em>Jacqueline Roschildt Alves (TAE &#8211; PRA)\u00a0<\/em><\/p>\n<p class=\"Texto_Justificado_Recuo_Primeira_Linha\" dir=\"ltr\"><em>Jo\u00e3o Gabriel Dias Nunes (TAE &#8211; PRA)\u00a0<\/em><\/p>\n<p class=\"Texto_Justificado_Recuo_Primeira_Linha\" dir=\"ltr\"><em>Jonathan Dias Hardt (TAE &#8211; FE)\u00a0<\/em><\/p>\n<p class=\"Texto_Justificado_Recuo_Primeira_Linha\" dir=\"ltr\"><em>Leandra Fagundes da Silva (TAE &#8211; GVR)\u00a0<\/em><\/p>\n<p class=\"Texto_Justificado_Recuo_Primeira_Linha\" dir=\"ltr\"><em>Lizandro Hartwig M\u00fclling (TAE &#8211; FN)\u00a0<\/em><\/p>\n<p class=\"Texto_Justificado_Recuo_Primeira_Linha\" dir=\"ltr\"><em>Marta da Rosa e Silva (Discente &#8211; CLC)\u00a0<\/em><\/p>\n<p class=\"Texto_Justificado_Recuo_Primeira_Linha\" dir=\"ltr\"><em>Patr\u00edcia da Concei\u00e7\u00e3o Fantinel (Docente &#8211; Matem\u00e1tica noturno)<\/em><\/p>\n<p class=\"Texto_Justificado_Recuo_Primeira_Linha\" dir=\"ltr\"><em>Patricia de Borba Pereira (TAE &#8211; GVR)\u00a0<\/em><\/p>\n<p class=\"Texto_Justificado_Recuo_Primeira_Linha\" dir=\"ltr\"><em>Rafael Pachon Elias (TAE &#8211; PRPPG)\u00a0<\/em><\/p>\n<p class=\"Texto_Justificado_Recuo_Primeira_Linha\" dir=\"ltr\"><em>Rodrigo Martins Hollenbach (Discente &#8211; CCSO)\u00a0<\/em><\/p>\n<p class=\"Texto_Justificado_Recuo_Primeira_Linha\" dir=\"ltr\"><em>Rosana \u00c1vila Pereira Chollet (TAE &#8211; PROPLAN)\u00a0<\/em><\/p>\n<p class=\"Texto_Justificado_Recuo_Primeira_Linha\" dir=\"ltr\"><em>Tiago Thompsen Primo (Docente &#8211; PRE)\u00a0<\/em><\/p>\n<p class=\"Texto_Justificado_Recuo_Primeira_Linha\" dir=\"ltr\"><em>Viviane G\u00f6bel Marques (Discente &#8211; CDTEC)\u00a0<\/em><\/p>\n<p dir=\"ltr\">::<\/p>\n<p class=\"Texto_Justificado_Recuo_Primeira_Linha\" dir=\"ltr\"><strong>Zona Cap\u00e3o do Le\u00e3o<\/strong>\u00a0(CCQFA, FAEM, FAMET, FV, IB, IFM, Biot\u00e9rio Central, CDTEC, CENG, SUINFRA, UALMOX, Terceirizados)<\/p>\n<p class=\"Texto_Justificado_Recuo_Primeira_Linha\" dir=\"ltr\"><em>Ana Maria Rui (Docente &#8211; IB)\u00a0<\/em><\/p>\n<p class=\"Texto_Justificado_Recuo_Primeira_Linha\" dir=\"ltr\"><em>Antonio Marcos Lopes Sanchez (Terceirizado)<\/em><\/p>\n<p class=\"Texto_Justificado_Recuo_Primeira_Linha\" dir=\"ltr\"><em>Fernanda Hernandes Figueira (Docente &#8211; IB)\u00a0<\/em><\/p>\n<p class=\"Texto_Justificado_Recuo_Primeira_Linha\" dir=\"ltr\"><em>Fernando da Silva Bandeira (Docente &#8211; FV)<\/em><\/p>\n<p class=\"Texto_Justificado_Recuo_Primeira_Linha\" dir=\"ltr\"><em>Greici Maia Behling (TAE &#8211; IB)\u00a0<\/em><\/p>\n<p class=\"Texto_Justificado_Recuo_Primeira_Linha\" dir=\"ltr\"><em>Helena Pieper Behling (Discente &#8211; CCQFA)\u00a0<\/em><\/p>\n<p class=\"Texto_Justificado_Recuo_Primeira_Linha\" dir=\"ltr\"><em>Jessica Roberta da Silva Gomes (TAE &#8211; UALMOX)\u00a0<\/em><\/p>\n<p class=\"Texto_Justificado_Recuo_Primeira_Linha\" dir=\"ltr\"><em>Lucio Flavio Gon\u00e7alves (TAE &#8211; SUINFRA)\u00a0<\/em><\/p>\n<p class=\"Texto_Justificado_Recuo_Primeira_Linha\" dir=\"ltr\"><em>Marcelo Felix Alonso (Docente &#8211; FAMET)\u00a0<\/em><\/p>\n<p class=\"Texto_Justificado_Recuo_Primeira_Linha\" dir=\"ltr\"><em>Mariane Rosenthal (TAE &#8211; FAEM)\u00a0<\/em><\/p>\n<p class=\"Texto_Justificado_Recuo_Primeira_Linha\" dir=\"ltr\"><em>Mateus Tavares Kutter (TAE &#8211; IB)\u00a0<\/em><\/p>\n<p class=\"Texto_Justificado_Recuo_Primeira_Linha\" dir=\"ltr\"><em>Neide Pizzolato Angelo (Docente &#8211; IFM)<\/em><\/p>\n<p class=\"Texto_Justificado_Recuo_Primeira_Linha\" dir=\"ltr\"><em>Nils\u00e9ia Feij\u00f3 da Silva (Discente &#8211; IB)\u00a0<\/em><\/p>\n<p class=\"Texto_Justificado_Recuo_Primeira_Linha\" dir=\"ltr\"><em>Pedro Nizolli da Rosa (Discente &#8211; FAEM)\u00a0<\/em><\/p>\n<p class=\"Texto_Justificado_Recuo_Primeira_Linha\" dir=\"ltr\"><em>Rogers Ademir Drunn Pereira (Docente &#8211; FAEM)\u00a0<\/em><\/p>\n<p class=\"Texto_Justificado_Recuo_Primeira_Linha\" dir=\"ltr\"><em>Rosiane Schwantz do Couto (TAE &#8211; FAEM)\u00a0<\/em><\/p>\n<p dir=\"ltr\">::<\/p>\n<p class=\"Texto_Justificado_Recuo_Primeira_Linha\" dir=\"ltr\"><strong>Zona Centro<\/strong>\u00a0(CIM, Conservat\u00f3rio de M\u00fasica, FD, FO, Museus, Cine UFPel, LAMINA, LINSE, R\u00e1dio Federal FM, INOVA, Terceirizados)<\/p>\n<p class=\"Texto_Justificado_Recuo_Primeira_Linha\" dir=\"ltr\"><em>Annelise da Costa Montone (Docente &#8211; Museus)\u00a0<\/em><\/p>\n<p class=\"Texto_Justificado_Recuo_Primeira_Linha\" dir=\"ltr\"><em>Candido Felipe Mendonca Fernandes (Discente &#8211; FO)\u00a0<\/em><\/p>\n<p class=\"Texto_Justificado_Recuo_Primeira_Linha\" dir=\"ltr\"><em>Daniel Melo Barreto (Discente &#8211; CIM)\u00a0<\/em><\/p>\n<p class=\"Texto_Justificado_Recuo_Primeira_Linha\" dir=\"ltr\"><em>Felipe Marques Couto (TAE &#8211; R\u00e1dio Federal FM)\u00a0<\/em><\/p>\n<p class=\"Texto_Justificado_Recuo_Primeira_Linha\" dir=\"ltr\"><em>Iris Elena Barcellos Garcia (Discente &#8211; CIM)\u00a0<\/em><\/p>\n<p class=\"Texto_Justificado_Recuo_Primeira_Linha\" dir=\"ltr\"><em>Jaqueline da Silva Scheneider (Discente &#8211; CIM)\u00a0<\/em><\/p>\n<p class=\"Texto_Justificado_Recuo_Primeira_Linha\" dir=\"ltr\"><em>Javier Eduardo Silveira Luzardo (Docente &#8211; CIM)<\/em><\/p>\n<p class=\"Texto_Justificado_Recuo_Primeira_Linha\" dir=\"ltr\"><em>Liara da Rosa Garcia (Terceirizado)<\/em><\/p>\n<p class=\"Texto_Justificado_Recuo_Primeira_Linha\" dir=\"ltr\"><em>Marcia Morales Klee (TAE &#8211; INOVA)\u00a0<\/em><\/p>\n<p class=\"Texto_Justificado_Recuo_Primeira_Linha\" dir=\"ltr\"><em>Pablo Abelaira de Souza (Discente &#8211; CIM)\u00a0<\/em><\/p>\n<p class=\"Texto_Justificado_Recuo_Primeira_Linha\" dir=\"ltr\"><em>Paulo Roberto Silva Siqueira (Discente &#8211; FD)\u00a0<\/em><\/p>\n<p class=\"Texto_Justificado_Recuo_Primeira_Linha\" dir=\"ltr\"><em>Pedro Luis Machado Sanches (Docente &#8211; LAMINA)\u00a0<\/em><\/p>\n<p class=\"Texto_Justificado_Recuo_Primeira_Linha\" dir=\"ltr\"><em>Ronald Oliveira Souza (Discente &#8211; FD)\u00a0<\/em><\/p>\n<p class=\"Texto_Justificado_Recuo_Primeira_Linha\" dir=\"ltr\"><em>Thiago Heinemann Rodeghiero\u00a0(TAE &#8211; Cine UFPel)\u00a0<\/em><\/p>\n<p dir=\"ltr\">::<\/p>\n<p class=\"Texto_Justificado_Recuo_Primeira_Linha\" dir=\"ltr\"><strong>Zona Fragata<\/strong>\u00a0(FAMED, Depto. de Morfologia &#8211; IB, Terceirizados)<\/p>\n<p class=\"Texto_Justificado_Recuo_Primeira_Linha\" dir=\"ltr\"><em>Eliane Freire Anthonisen (TAE- Morfologia &#8211; IB)<\/em><\/p>\n<p class=\"Texto_Justificado_Recuo_Primeira_Linha\" dir=\"ltr\"><em>Jacqueline Dias dos Santos (Discente &#8211; FAMED)\u00a0<\/em><\/p>\n<p class=\"Texto_Justificado_Recuo_Primeira_Linha\" dir=\"ltr\"><em>Ricardo Netto Goulart (Discente &#8211; FAMED)\u00a0<\/em><\/p>\n<p class=\"Texto_Justificado_Recuo_Primeira_Linha\" dir=\"ltr\"><em>Sabrina Britto (Terceirizado)<\/em><\/p>\n<p dir=\"ltr\">::<\/p>\n<p class=\"Texto_Justificado_Recuo_Primeira_Linha\" dir=\"ltr\"><strong>Zona Norte<\/strong>\u00a0(ESEF, Terceirizados)<\/p>\n<p class=\"Texto_Justificado_Recuo_Primeira_Linha\" dir=\"ltr\"><em>Cleomar de Lima Ferreira (Terceirizado)<\/em><\/p>\n<p class=\"Texto_Justificado_Recuo_Primeira_Linha\" dir=\"ltr\"><em>Daniela Macedo Popping (TAE &#8211; ESEF)\u00a0<\/em><\/p>\n<p class=\"Texto_Justificado_Recuo_Primeira_Linha\" dir=\"ltr\"><em>Gabriel Gustavo Bergmann (Docente &#8211; ESEF)\u00a0<\/em><\/p>\n<p dir=\"ltr\">::<\/p>\n<p class=\"Texto_Justificado_Recuo_Primeira_Linha\" dir=\"ltr\"><strong>Zona Porto<\/strong>\u00a0(CENG, CA, FAURB, ICH, FaE, IFISP, PRAE, NELU, NUTRANS, Dep. de Receb. de Bens Permanentes, Terceirizados)<\/p>\n<p class=\"Texto_Justificado_Recuo_Primeira_Linha\" dir=\"ltr\"><em>Adriana Gon\u00e7alves da Silva Manetti (Docente &#8211; CENG)\u00a0<\/em><\/p>\n<p class=\"Texto_Justificado_Recuo_Primeira_Linha\" dir=\"ltr\"><em>Aline Tabarelli (Docente &#8211; CENG)<\/em><\/p>\n<p class=\"Texto_Justificado_Recuo_Primeira_Linha\" dir=\"ltr\"><em>Ana Paula Claudio de Freitas (Discente &#8211; FAURB)\u00a0<\/em><\/p>\n<p class=\"Texto_Justificado_Recuo_Primeira_Linha\" dir=\"ltr\"><em>Antonio C\u00e9sar Silveira Baptista da Silva (Docente &#8211; FAURB)\u00a0<\/em><\/p>\n<p class=\"Texto_Justificado_Recuo_Primeira_Linha\" dir=\"ltr\"><em>Bruna Azambuja Cardoso (TAE &#8211; Dep. de Receb. de Bens Permanentes)\u00a0<\/em><\/p>\n<p class=\"Texto_Justificado_Recuo_Primeira_Linha\" dir=\"ltr\"><em>Darlan Teixeira de Moura (Terceirizado)<\/em><\/p>\n<p class=\"Texto_Justificado_Recuo_Primeira_Linha\" dir=\"ltr\"><em>Diuliana Leandro (Docente &#8211; CENG)\u00a0<\/em><\/p>\n<p class=\"Texto_Justificado_Recuo_Primeira_Linha\" dir=\"ltr\"><em>Eduardo Montagna da SIlveira (TAE &#8211; CA)\u00a0<\/em><\/p>\n<p class=\"Texto_Justificado_Recuo_Primeira_Linha\" dir=\"ltr\"><em>Eliana Peter Braz (TAE &#8211; NELU)\u00a0<\/em><\/p>\n<p class=\"Texto_Justificado_Recuo_Primeira_Linha\" dir=\"ltr\"><em>Gl\u00e1ucio Fernando Marins Gon\u00e7alves (TAE &#8211; NUTRANS)\u00a0<\/em><\/p>\n<p class=\"Texto_Justificado_Recuo_Primeira_Linha\" dir=\"ltr\"><em>Henrique Granzotto dos Santos (Discente &#8211; FAURB)\u00a0<\/em><\/p>\n<p class=\"Texto_Justificado_Recuo_Primeira_Linha\" dir=\"ltr\"><em>Ivana Costa dos Santos (Discente &#8211; FaE)\u00a0<\/em><\/p>\n<p class=\"Texto_Justificado_Recuo_Primeira_Linha\" dir=\"ltr\"><em>Jordana da Silva Berchon (Discente &#8211; FAURB)\u00a0<\/em><\/p>\n<p class=\"Texto_Justificado_Recuo_Primeira_Linha\" dir=\"ltr\"><em>Leandra da Luz Ferreira (Discente &#8211; FaE)\u00a0<\/em><\/p>\n<p class=\"Texto_Justificado_Recuo_Primeira_Linha\" dir=\"ltr\"><em>Leonardo Pinto Manetti (TAE &#8211; CENG)<\/em><\/p>\n<p class=\"Texto_Justificado_Recuo_Primeira_Linha\" dir=\"ltr\"><em>Marcelo Fonseca Vargas (Discente &#8211; CENG)\u00a0<\/em><\/p>\n<p class=\"Texto_Justificado_Recuo_Primeira_Linha\" dir=\"ltr\"><em>Mauro Cesar Araujo Geri (Discente &#8211; IFISP)\u00a0<\/em><\/p>\n<p class=\"Texto_Justificado_Recuo_Primeira_Linha\" dir=\"ltr\"><em>Nirce Saffer Medvedovdski (Docente &#8211; FAURB)\u00a0<\/em><\/p>\n<p class=\"Texto_Justificado_Recuo_Primeira_Linha\" dir=\"ltr\"><em>Stefany Solari Maciel (Discente &#8211; ICH)\u00a0<\/em><\/p>\n<p class=\"Texto_Justificado_Recuo_Primeira_Linha\" dir=\"ltr\"><em>William Ara\u00fajo Medeiros (Discente &#8211; CA)\u00a0<\/em><\/p>\n","protected":false},"excerpt":{"rendered":"<p>Cada zona de planejamento ter\u00e1 uma comiss\u00e3o setorial formada por representantes de unidades acad\u00eamicas e administrativas e de funcion\u00e1rios terceirizados. O papel das comiss\u00f5es \u00e9 apoiar a organiza\u00e7\u00e3o dos eventos setoriais, sensibilizar a comunidade de sua unidade a participar dos eventos, ser interlocutora entre a organiza\u00e7\u00e3o do evento e a comunidade durante as atividades, e [&hellip;]<\/p>\n","protected":false},"author":773,"featured_media":0,"parent":0,"menu_order":0,"comment_status":"closed","ping_status":"closed","template":"","meta":{"footnotes":""},"class_list":["post-68","page","type-page","status-publish","hentry"],"_links":{"self":[{"href":"https:\/\/wp.ufpel.edu.br\/territorios\/wp-json\/wp\/v2\/pages\/68","targetHints":{"allow":["GET"]}}],"collection":[{"href":"https:\/\/wp.ufpel.edu.br\/territorios\/wp-json\/wp\/v2\/pages"}],"about":[{"href":"https:\/\/wp.ufpel.edu.br\/territorios\/wp-json\/wp\/v2\/types\/page"}],"author":[{"embeddable":true,"href":"https:\/\/wp.ufpel.edu.br\/territorios\/wp-json\/wp\/v2\/users\/773"}],"replies":[{"embeddable":true,"href":"https:\/\/wp.ufpel.edu.br\/territorios\/wp-json\/wp\/v2\/comments?post=68"}],"version-history":[{"count":21,"href":"https:\/\/wp.ufpel.edu.br\/territorios\/wp-json\/wp\/v2\/pages\/68\/revisions"}],"predecessor-version":[{"id":346,"href":"https:\/\/wp.ufpel.edu.br\/territorios\/wp-json\/wp\/v2\/pages\/68\/revisions\/346"}],"wp:attachment":[{"href":"https:\/\/wp.ufpel.edu.br\/territorios\/wp-json\/wp\/v2\/media?parent=68"}],"curies":[{"name":"wp","href":"https:\/\/api.w.org\/{rel}","templated":true}]}}