{"id":675,"date":"2023-02-06T09:51:57","date_gmt":"2023-02-06T12:51:57","guid":{"rendered":"https:\/\/wp.ufpel.edu.br\/territorios\/?page_id=675"},"modified":"2025-06-23T08:46:59","modified_gmt":"2025-06-23T11:46:59","slug":"material-do-evento-setorial-zona-anglo","status":"publish","type":"page","link":"https:\/\/wp.ufpel.edu.br\/territorios\/material-do-evento-setorial-zona-anglo\/","title":{"rendered":"MATERIAL DO EVENTO SETORIAL ZONA ANGLO"},"content":{"rendered":"<p><a href=\"https:\/\/wp.ufpel.edu.br\/territorios\/files\/2023\/02\/1-apresenta-TERRITORIOS-EVENTO-SETORIAL.pdf\">Apresenta\u00e7\u00e3o inicial Territ\u00f3rios<\/a><\/p>\n<p><a href=\"https:\/\/www.google.com\/maps\/d\/viewer?hl=pt-BR&amp;mid=1zPQXHd4GamuqDlb9Ysgp6VCxUfePFiQ&amp;ll=-31.779674174457423%2C-52.32450775990234&amp;z=18\" target=\"_blank\" rel=\"noopener\">Fotos da Caminhada de reconhecimento<\/a><\/p>\n<p><a href=\"https:\/\/wp.ufpel.edu.br\/territorios\/files\/2023\/02\/nuvens-zona-anglo-1_compressed-1.pdf\">Nuvens de palavras<\/a><\/p>\n","protected":false},"excerpt":{"rendered":"<p>Apresenta\u00e7\u00e3o inicial Territ\u00f3rios Fotos da Caminhada de reconhecimento Nuvens de palavras<\/p>\n","protected":false},"author":773,"featured_media":0,"parent":0,"menu_order":0,"comment_status":"closed","ping_status":"closed","template":"","meta":{"footnotes":""},"class_list":["post-675","page","type-page","status-publish","hentry"],"_links":{"self":[{"href":"https:\/\/wp.ufpel.edu.br\/territorios\/wp-json\/wp\/v2\/pages\/675","targetHints":{"allow":["GET"]}}],"collection":[{"href":"https:\/\/wp.ufpel.edu.br\/territorios\/wp-json\/wp\/v2\/pages"}],"about":[{"href":"https:\/\/wp.ufpel.edu.br\/territorios\/wp-json\/wp\/v2\/types\/page"}],"author":[{"embeddable":true,"href":"https:\/\/wp.ufpel.edu.br\/territorios\/wp-json\/wp\/v2\/users\/773"}],"replies":[{"embeddable":true,"href":"https:\/\/wp.ufpel.edu.br\/territorios\/wp-json\/wp\/v2\/comments?post=675"}],"version-history":[{"count":4,"href":"https:\/\/wp.ufpel.edu.br\/territorios\/wp-json\/wp\/v2\/pages\/675\/revisions"}],"predecessor-version":[{"id":1107,"href":"https:\/\/wp.ufpel.edu.br\/territorios\/wp-json\/wp\/v2\/pages\/675\/revisions\/1107"}],"wp:attachment":[{"href":"https:\/\/wp.ufpel.edu.br\/territorios\/wp-json\/wp\/v2\/media?parent=675"}],"curies":[{"name":"wp","href":"https:\/\/api.w.org\/{rel}","templated":true}]}}