{"id":673,"date":"2023-02-06T09:51:49","date_gmt":"2023-02-06T12:51:49","guid":{"rendered":"https:\/\/wp.ufpel.edu.br\/territorios\/?page_id=673"},"modified":"2025-06-23T08:47:30","modified_gmt":"2025-06-23T11:47:30","slug":"material-do-evento-setorial-zona-campus-capao-do-leao","status":"publish","type":"page","link":"https:\/\/wp.ufpel.edu.br\/territorios\/material-do-evento-setorial-zona-campus-capao-do-leao\/","title":{"rendered":"MATERIAL DO EVENTO SETORIAL ZONA CAMPUS CAP\u00c3O DO LE\u00c3O"},"content":{"rendered":"<p><a href=\"https:\/\/wp.ufpel.edu.br\/territorios\/files\/2023\/02\/1-apresenta-TERRITORIOS-EVENTO-SETORIAL.pdf\">Apresenta\u00e7\u00e3o inicial Territ\u00f3rios<\/a><\/p>\n<p><a href=\"https:\/\/www.google.com\/maps\/d\/viewer?mid=1OcvVTLCf-PMvcdGkjdSCn6iJ45gRFt8&amp;ll=-31.802676717058755%2C-52.41408215000001&amp;z=17\" target=\"_blank\" rel=\"noopener\">Fotos da Caminhada de reconhecimento<\/a><\/p>\n<p><a href=\"https:\/\/wp.ufpel.edu.br\/territorios\/files\/2023\/02\/nuvens-zona-capao-1_compressed.pdf\">Nuvens de palavras<\/a><\/p>\n","protected":false},"excerpt":{"rendered":"<p>Apresenta\u00e7\u00e3o inicial Territ\u00f3rios Fotos da Caminhada de reconhecimento Nuvens de palavras<\/p>\n","protected":false},"author":773,"featured_media":0,"parent":0,"menu_order":0,"comment_status":"closed","ping_status":"closed","template":"","meta":{"footnotes":""},"class_list":["post-673","page","type-page","status-publish","hentry"],"_links":{"self":[{"href":"https:\/\/wp.ufpel.edu.br\/territorios\/wp-json\/wp\/v2\/pages\/673","targetHints":{"allow":["GET"]}}],"collection":[{"href":"https:\/\/wp.ufpel.edu.br\/territorios\/wp-json\/wp\/v2\/pages"}],"about":[{"href":"https:\/\/wp.ufpel.edu.br\/territorios\/wp-json\/wp\/v2\/types\/page"}],"author":[{"embeddable":true,"href":"https:\/\/wp.ufpel.edu.br\/territorios\/wp-json\/wp\/v2\/users\/773"}],"replies":[{"embeddable":true,"href":"https:\/\/wp.ufpel.edu.br\/territorios\/wp-json\/wp\/v2\/comments?post=673"}],"version-history":[{"count":4,"href":"https:\/\/wp.ufpel.edu.br\/territorios\/wp-json\/wp\/v2\/pages\/673\/revisions"}],"predecessor-version":[{"id":1108,"href":"https:\/\/wp.ufpel.edu.br\/territorios\/wp-json\/wp\/v2\/pages\/673\/revisions\/1108"}],"wp:attachment":[{"href":"https:\/\/wp.ufpel.edu.br\/territorios\/wp-json\/wp\/v2\/media?parent=673"}],"curies":[{"name":"wp","href":"https:\/\/api.w.org\/{rel}","templated":true}]}}