{"id":669,"date":"2023-02-06T09:51:32","date_gmt":"2023-02-06T12:51:32","guid":{"rendered":"https:\/\/wp.ufpel.edu.br\/territorios\/?page_id=669"},"modified":"2025-06-23T08:49:31","modified_gmt":"2025-06-23T11:49:31","slug":"material-do-evento-setorial-zona-porto","status":"publish","type":"page","link":"https:\/\/wp.ufpel.edu.br\/territorios\/material-do-evento-setorial-zona-porto\/","title":{"rendered":"MATERIAL DO EVENTO SETORIAL ZONA PORTO"},"content":{"rendered":"<p><a href=\"https:\/\/wp.ufpel.edu.br\/territorios\/files\/2023\/02\/1-apresenta-TERRITORIOS-EVENTO-SETORIAL.pdf\" target=\"_blank\" rel=\"noopener\">Apresenta\u00e7\u00e3o inicial Territ\u00f3rios<\/a><\/p>\n<p><a href=\"https:\/\/www.google.com\/maps\/d\/viewer?mid=15nvATvWvKzECy1pMxD0FIsaww5Vbz58&amp;ll=-31.779054562082504%2C-52.34213349999999&amp;z=16\" target=\"_blank\" rel=\"noopener\">Fotos da Caminhada de reconhecimento<\/a><\/p>\n<p><a href=\"https:\/\/wp.ufpel.edu.br\/territorios\/files\/2023\/02\/nuvens-zona-porto-1_compressed.pdf\" target=\"_blank\" rel=\"noopener\">Nuvens de palavras<\/a><\/p>\n<p>&nbsp;<\/p>\n<p>&nbsp;<\/p>\n<p>&nbsp;<\/p>\n","protected":false},"excerpt":{"rendered":"<p>Apresenta\u00e7\u00e3o inicial Territ\u00f3rios Fotos da Caminhada de reconhecimento Nuvens de palavras &nbsp; &nbsp; &nbsp;<\/p>\n","protected":false},"author":773,"featured_media":0,"parent":0,"menu_order":0,"comment_status":"closed","ping_status":"closed","template":"","meta":{"footnotes":""},"class_list":["post-669","page","type-page","status-publish","hentry"],"_links":{"self":[{"href":"https:\/\/wp.ufpel.edu.br\/territorios\/wp-json\/wp\/v2\/pages\/669","targetHints":{"allow":["GET"]}}],"collection":[{"href":"https:\/\/wp.ufpel.edu.br\/territorios\/wp-json\/wp\/v2\/pages"}],"about":[{"href":"https:\/\/wp.ufpel.edu.br\/territorios\/wp-json\/wp\/v2\/types\/page"}],"author":[{"embeddable":true,"href":"https:\/\/wp.ufpel.edu.br\/territorios\/wp-json\/wp\/v2\/users\/773"}],"replies":[{"embeddable":true,"href":"https:\/\/wp.ufpel.edu.br\/territorios\/wp-json\/wp\/v2\/comments?post=669"}],"version-history":[{"count":8,"href":"https:\/\/wp.ufpel.edu.br\/territorios\/wp-json\/wp\/v2\/pages\/669\/revisions"}],"predecessor-version":[{"id":1112,"href":"https:\/\/wp.ufpel.edu.br\/territorios\/wp-json\/wp\/v2\/pages\/669\/revisions\/1112"}],"wp:attachment":[{"href":"https:\/\/wp.ufpel.edu.br\/territorios\/wp-json\/wp\/v2\/media?parent=669"}],"curies":[{"name":"wp","href":"https:\/\/api.w.org\/{rel}","templated":true}]}}